{"id":1749,"date":"2017-11-18T20:18:33","date_gmt":"2017-11-18T20:18:33","guid":{"rendered":"http:\/\/biblian.is\/1981\/sidari-kronikubok-36-kafli\/"},"modified":"2021-06-06T11:10:39","modified_gmt":"2021-06-06T11:10:39","slug":"sidari-kronikubok-36-kafli","status":"publish","type":"page","link":"https:\/\/biblian.is\/1981\/sidari-kronikubok-36-kafli\/","title":{"rendered":"S\u00ed\u00f0ari kron\u00edkub\u00f3k 36. kafli"},"content":{"rendered":"<p><a name=\"1\"><span class=\"versanumer\">1<\/span><\/a>Landsl\u00fd\u00f0urinn t\u00f3k J\u00f3ahas J\u00f3s\u00edason og gj\u00f6r\u00f0i hann a\u00f0 konungi \u00ed Jer\u00fasalem eftir f\u00f6\u00f0ur hans.<a name=\"2\"><span class=\"versanumer\">2<\/span><\/a>J\u00f3ahas var tuttugu og \u00feriggja \u00e1ra a\u00f0 aldri, \u00fe\u00e1 er hann var\u00f0 konungur, og \u00ferj\u00e1 m\u00e1nu\u00f0i r\u00edkti hann \u00ed Jer\u00fasalem.<a name=\"3\"><span class=\"versanumer\">3<\/span><\/a>En Egyptalandskonungur rak hann fr\u00e1 r\u00edki, til \u00feess a\u00f0 hann skyldi eigi framar r\u00edkja \u00ed Jer\u00fasalem, og lag\u00f0i skattgjald \u00e1 landi\u00f0, hundra\u00f0 talentur silfurs og t\u00edu talentur gulls.<a name=\"4\"><span class=\"versanumer\">4<\/span><\/a>Og Egyptalandskonungur gj\u00f6r\u00f0i Eljak\u00edm br\u00f3\u00f0ur hans a\u00f0 konungi yfir J\u00fada og Jer\u00fasalem, og breytti nafni hans \u00ed J\u00f3jak\u00edm. En J\u00f3ahas br\u00f3\u00f0ur hans t\u00f3k Nek\u00f3 og flutti til Egyptalands.<a name=\"5\"><span class=\"versanumer\">5<\/span><\/a>J\u00f3jak\u00edm var tuttugu og fimm \u00e1ra a\u00f0 aldri, \u00fe\u00e1 er hann var\u00f0 konungur, og ellefu \u00e1r r\u00edkti hann \u00ed Jer\u00fasalem. Hann gj\u00f6r\u00f0i \u00fea\u00f0, sem illt var \u00ed augum Drottins, Gu\u00f0s s\u00edns.<a name=\"6\"><span class=\"versanumer\">6<\/span><\/a>Gegn honum f\u00f3r Neb\u00fakadnesar konungur \u00ed Bab\u00fdlon herf\u00f6r og batt hann eirfj\u00f6trum til \u00feess a\u00f0 flytja hann til Bab\u00fdlon.<a name=\"7\"><span class=\"versanumer\">7<\/span><\/a>Af \u00e1h\u00f6ldum musteris Drottins flutti Neb\u00fakadnesar og nokku\u00f0 til Bab\u00fdlon og l\u00e9t \u00feau \u00ed h\u00f6ll s\u00edna \u00ed Bab\u00fdlon.<a name=\"8\"><span class=\"versanumer\">8<\/span><\/a>En \u00fea\u00f0 sem meira er a\u00f0 segja um J\u00f3jak\u00edm og sv\u00edvir\u00f0ingar hans, er hann a\u00f0haf\u00f0ist, og anna\u00f0 illt, er fannst \u00ed fari hans, \u00fea\u00f0 er rita\u00f0 \u00ed b\u00f3k \u00cdsraels- og J\u00fadakonunga. Og J\u00f3jak\u00edn sonur hans t\u00f3k r\u00edki eftir hann.<a name=\"9\"><span class=\"versanumer\">9<\/span><\/a>J\u00f3jak\u00edn var \u00e1tta vetra gamall, \u00fe\u00e1 er hann var\u00f0 konungur, og \u00ferj\u00e1 m\u00e1nu\u00f0i og t\u00edu daga r\u00edkti hann \u00ed Jer\u00fasalem. Hann gj\u00f6r\u00f0i \u00fea\u00f0, sem illt var \u00ed augum Drottins.<a name=\"10\"><span class=\"versanumer\">10<\/span><\/a>En a\u00f0 \u00e1ri li\u00f0nu sendi Neb\u00fakadnesar konungur og l\u00e9t flytja hann til Bab\u00fdlon, \u00e1samt ver\u00f0m\u00e6tum \u00e1h\u00f6ldum \u00far musteri Drottins, en gj\u00f6r\u00f0i Sedek\u00eda br\u00f3\u00f0ur hans a\u00f0 konungi yfir J\u00fada og Jer\u00fasalem.<a name=\"11\"><span class=\"versanumer\">11<\/span><\/a>Sedek\u00eda var tuttugu og eins \u00e1rs a\u00f0 aldri, \u00fe\u00e1 er hann var\u00f0 konungur, og ellefu \u00e1r r\u00edkti hann \u00ed Jer\u00fasalem.<a name=\"12\"><span class=\"versanumer\">12<\/span><\/a>Hann gj\u00f6r\u00f0i \u00fea\u00f0, sem illt var \u00ed augum Drottins, Gu\u00f0s s\u00edns, hann au\u00f0m\u00fdkti sig eigi fyrir Jerem\u00eda sp\u00e1manni, er tala\u00f0i \u00ed nafni Drottins.<a name=\"13\"><span class=\"versanumer\">13<\/span><\/a>Sedek\u00eda rauf \u00fe\u00e1 tr\u00fana\u00f0arei\u00f0a, er Neb\u00fakadnesar konungur haf\u00f0i l\u00e1ti\u00f0 hann vinna s\u00e9r vi\u00f0 Gu\u00f0. En hann \u00feverskalla\u00f0ist og herti hjarta sitt, svo a\u00f0 hann sneri s\u00e9r eigi til Drottins, Gu\u00f0s \u00cdsraels.<a name=\"14\"><span class=\"versanumer\">14<\/span><\/a>\u00de\u00e1 s\u00fdndu og allir h\u00f6f\u00f0ingjar prestanna og l\u00fd\u00f0sins mikla \u00f3tr\u00famennsku me\u00f0 \u00fev\u00ed a\u00f0 dr\u00fdgja allar s\u00f6mu sv\u00edvir\u00f0ingarnar og hei\u00f0ingjarnir, og saurgu\u00f0u svo musteri Drottins, \u00fea\u00f0 er hann haf\u00f0i helga\u00f0 \u00ed Jer\u00fasalem.<a name=\"15\"><span class=\"versanumer\">15<\/span><\/a>Og Drottinn, Gu\u00f0 fe\u00f0ra \u00feeirra, sendi \u00feeim st\u00f6\u00f0ugt \u00e1minningar fyrir sendibo\u00f0a s\u00edna, \u00fev\u00ed a\u00f0 hann vildi \u00feyrma l\u00fd\u00f0 s\u00ednum og b\u00fasta\u00f0 s\u00ednum.<a name=\"16\"><span class=\"versanumer\">16<\/span><\/a>En \u00feeir sm\u00e1nu\u00f0u sendibo\u00f0a Gu\u00f0s, fyrirlitu or\u00f0 hans og gj\u00f6r\u00f0u gys a\u00f0 sp\u00e1m\u00f6nnum hans, uns rei\u00f0i Drottins vi\u00f0 l\u00fd\u00f0 hans var or\u00f0in svo mikil, a\u00f0 eigi m\u00e1tti vi\u00f0 gj\u00f6ra.<a name=\"17\"><span class=\"versanumer\">17<\/span><\/a>Hann l\u00e9t Kaldeakonung fara herf\u00f6r gegn \u00feeim, og drap hann \u00e6skumenn \u00feeirra me\u00f0 sver\u00f0i \u00ed helgid\u00f3mi \u00feeirra. \u00deyrmdi hann hvorki \u00e6skum\u00f6nnum n\u00e9 ungmeyjum, \u00f6ldru\u00f0um n\u00e9 \u00f6rvasa allt gaf Gu\u00f0 honum \u00e1 vald.<a name=\"18\"><span class=\"versanumer\">18<\/span><\/a>Og \u00f6ll \u00e1h\u00f6ld Gu\u00f0s h\u00fass, st\u00f3r og sm\u00e1, svo og fj\u00e1rsj\u00f3\u00f0u Drottins h\u00fass og fj\u00e1rsj\u00f3\u00f0u konungs og h\u00f6f\u00f0ingja hans allt flutti hann til Bab\u00fdlon.<a name=\"19\"><span class=\"versanumer\">19<\/span><\/a>\u00deeir brenndu musteri Gu\u00f0s, rifu ni\u00f0ur Jer\u00fasalem-m\u00fara, l\u00f6g\u00f0u eld \u00ed allar hallir \u00ed henni, svo a\u00f0 allt ver\u00f0m\u00e6tt \u00ed henni t\u00fdndist.<a name=\"20\"><span class=\"versanumer\">20<\/span><\/a>Og \u00fe\u00e1 sem komist h\u00f6f\u00f0u undan sver\u00f0inu, herleiddi hann til Bab\u00fdlon\u00edu, og ur\u00f0u \u00feeir \u00fej\u00f3nar hans og sona hans, uns Persar\u00edki n\u00e1\u00f0i yfirr\u00e1\u00f0um,<a name=\"21\"><span class=\"versanumer\">21<\/span><\/a>til \u00feess a\u00f0 r\u00e6tast skyldi or\u00f0 Drottins fyrir munn Jerem\u00eda: \u00dear til er landi\u00f0 hefir fengi\u00f0 hv\u00edldar\u00e1r s\u00edn b\u00e6tt upp, alla \u00fe\u00e1 stund, sem \u00fea\u00f0 var \u00ed ey\u00f0i, naut \u00fea\u00f0 hv\u00edldar, uns sj\u00f6t\u00edu \u00e1r voru li\u00f0in.<a name=\"22\"><span class=\"versanumer\">22<\/span><\/a>En \u00e1 fyrsta r\u00edkis\u00e1ri K\u00fdrusar Persakonungs bl\u00e9s Drottinn K\u00fdrusi Persakonungi \u00fev\u00ed \u00ed brj\u00f3st til \u00feess a\u00f0 or\u00f0 Drottins fyrir munn Jerem\u00eda r\u00e6ttust, a\u00f0 l\u00e1ta bo\u00f0 \u00fat ganga um allt r\u00edki sitt, og \u00fea\u00f0 \u00ed konungsbr\u00e9fi, svol\u00e1tandi bo\u00f0skap:<a name=\"23\"><span class=\"versanumer\">23<\/span><\/a>Svo segir K\u00fdrus Persakonungur: \u00d6ll konungsr\u00edki jar\u00f0arinnar hefir Drottinn, Gu\u00f0 himnanna, gefi\u00f0 m\u00e9r, og hann hefir skipa\u00f0 m\u00e9r a\u00f0 reisa s\u00e9r musteri \u00ed Jer\u00fasalem \u00ed J\u00fada. Hver sem n\u00fa er me\u00f0al y\u00f0ar af \u00f6llu hans f\u00f3lki, me\u00f0 honum s\u00e9 Drottinn, Gu\u00f0 hans, og hann fari heim.<\/p>\n<div class=\"footnote1981\"><b>36.1-10<\/b> sbr 2Kon 23.30-24.17<br \/>\n<b>36.11-21<\/b> sbr 2Kon 24.18-25.21; Jer 39.1-10; 52.1-27<br \/>\n<b>36.12<\/b> L\u00e9t ekki undan Jer 37-39<br \/>\n<b>36.22-23<\/b> sbr Esr 1.1-3<\/div>\n","protected":false},"excerpt":{"rendered":"<p>1Landsl\u00fd\u00f0urinn t\u00f3k J\u00f3ahas J\u00f3s\u00edason og gj\u00f6r\u00f0i hann a\u00f0 konungi \u00ed Jer\u00fasalem eftir f\u00f6\u00f0ur hans.2J\u00f3ahas var tuttugu og \u00feriggja \u00e1ra a\u00f0 aldri, \u00fe\u00e1 er hann var\u00f0 konungur, og \u00ferj\u00e1 m\u00e1nu\u00f0i r\u00edkti hann \u00ed Jer\u00fasalem.3En Egyptalandskonungur rak hann fr\u00e1 r\u00edki, til \u00feess a\u00f0 hann skyldi eigi framar r\u00edkja \u00ed Jer\u00fasalem, og lag\u00f0i skattgjald \u00e1 landi\u00f0, hundra\u00f0 talentur silfurs og t\u00edu talentur gulls.4Og Egyptalandskonungur gj\u00f6r\u00f0i Eljak\u00edm br\u00f3\u00f0ur hans a\u00f0 konungi yfir J\u00fada og Jer\u00fasalem, og breytti nafni hans \u00ed J\u00f3jak\u00edm. En J\u00f3ahas br\u00f3\u00f0ur hans t\u00f3k Nek\u00f3 og flutti til Egyptalands.5J\u00f3jak\u00edm var tuttugu og fimm \u00e1ra a\u00f0 aldri, \u00fe\u00e1 er hann var\u00f0 konungur, og <a href=\"https:\/\/biblian.is\/1981\/sidari-kronikubok-36-kafli\/\"> [&#8230;]<\/a><\/p>\n","protected":false},"author":1,"featured_media":0,"parent":0,"menu_order":0,"comment_status":"open","ping_status":"open","template":"bibliukaflar.php","meta":{"footnotes":""},"class_list":["post-1749","page","type-page","status-publish","hentry"],"_links":{"self":[{"href":"https:\/\/biblian.is\/1981\/wp-json\/wp\/v2\/pages\/1749","targetHints":{"allow":["GET"]}}],"collection":[{"href":"https:\/\/biblian.is\/1981\/wp-json\/wp\/v2\/pages"}],"about":[{"href":"https:\/\/biblian.is\/1981\/wp-json\/wp\/v2\/types\/page"}],"author":[{"embeddable":true,"href":"https:\/\/biblian.is\/1981\/wp-json\/wp\/v2\/users\/1"}],"replies":[{"embeddable":true,"href":"https:\/\/biblian.is\/1981\/wp-json\/wp\/v2\/comments?post=1749"}],"version-history":[{"count":0,"href":"https:\/\/biblian.is\/1981\/wp-json\/wp\/v2\/pages\/1749\/revisions"}],"wp:attachment":[{"href":"https:\/\/biblian.is\/1981\/wp-json\/wp\/v2\/media?parent=1749"}],"curies":[{"name":"wp","href":"https:\/\/api.w.org\/{rel}","templated":true}]}}