{"id":1748,"date":"2017-11-18T20:18:33","date_gmt":"2017-11-18T20:18:33","guid":{"rendered":"http:\/\/biblian.is\/1981\/sidari-kronikubok-35-kafli\/"},"modified":"2021-06-06T11:10:39","modified_gmt":"2021-06-06T11:10:39","slug":"sidari-kronikubok-35-kafli","status":"publish","type":"page","link":"https:\/\/biblian.is\/1981\/sidari-kronikubok-35-kafli\/","title":{"rendered":"S\u00ed\u00f0ari kron\u00edkub\u00f3k 35. kafli"},"content":{"rendered":"<p><a name=\"1\"><span class=\"versanumer\">1<\/span><\/a>S\u00ed\u00f0an h\u00e9lt J\u00f3s\u00eda Drottni p\u00e1ska \u00ed Jer\u00fasalem, og var p\u00e1skalambinu sl\u00e1tra\u00f0 hinn fj\u00f3rt\u00e1nda fyrsta m\u00e1na\u00f0ar.<a name=\"2\"><span class=\"versanumer\">2<\/span><\/a>\u00de\u00e1 setti hann prestana til starfa \u00feeirra og taldi hug \u00ed \u00fe\u00e1 til \u00fej\u00f3nustu vi\u00f0 musteri Drottins.<a name=\"3\"><span class=\"versanumer\">3<\/span><\/a>En vi\u00f0 lev\u00edtana, er fr\u00e6ddu allan \u00cdsrael og helga\u00f0ir voru Drottni, sag\u00f0i hann: Setji\u00f0 \u00f6rkina helgu \u00ed musteri\u00f0, \u00fea\u00f0 er Sal\u00f3mon, sonur Dav\u00ed\u00f0s, \u00cdsraelskonungur, l\u00e9t reisa. \u00de\u00e9r \u00feurfi\u00f0 eigi framar a\u00f0 bera hana \u00e1 \u00f6xlunum. \u00dej\u00f3ni\u00f0 n\u00fa Drottni Gu\u00f0i y\u00f0ar og l\u00fd\u00f0 hans \u00cdsrael.<a name=\"4\"><span class=\"versanumer\">4<\/span><\/a>Veri\u00f0 \u00fe\u00e1 rei\u00f0ub\u00fanir eftir \u00e6ttum y\u00f0ar \u00ed flokkum y\u00f0ar, samkv\u00e6mt reglugj\u00f6r\u00f0 Dav\u00ed\u00f0s \u00cdsraelskonungs og samkv\u00e6mt konungsbr\u00e9fi Sal\u00f3mons sonar hans.<a name=\"5\"><span class=\"versanumer\">5<\/span><\/a>Skipi\u00f0 y\u00f0ur \u00ed helgid\u00f3minn eftir \u00e6ttflokkum fr\u00e6nda y\u00f0ar, leikmannanna, og fyrir hvern flokk skal vera ein sveit af lev\u00edta\u00e6ttum.<a name=\"6\"><span class=\"versanumer\">6<\/span><\/a>Sl\u00e1tri\u00f0 s\u00ed\u00f0an p\u00e1skalambinu og helgi\u00f0 y\u00f0ur og tilrei\u00f0i\u00f0 \u00fea\u00f0 fyrir fr\u00e6ndur y\u00f0ar, svo a\u00f0 \u00fe\u00e9r breyti\u00f0 samkv\u00e6mt bo\u00f0i Drottins fyrir M\u00f3se.<a name=\"7\"><span class=\"versanumer\">7<\/span><\/a>J\u00f3s\u00eda f\u00e9kk leikm\u00f6nnunum sau\u00f0i og l\u00f6mb og ki\u00f0, allt til p\u00e1skaf\u00f3rnar fyrir alla, er \u00fear voru, \u00ferj\u00e1t\u00edu \u00fe\u00fasund a\u00f0 t\u00f6lu, og \u00ferj\u00fa \u00fe\u00fasund naut. Voru \u00feau \u00far eign konungs.<a name=\"8\"><span class=\"versanumer\">8<\/span><\/a>En h\u00f6fu\u00f0smenn hans f\u00e6r\u00f0u sj\u00e1lfviljagjafir handa l\u00fd\u00f0num og prestunum og lev\u00edtunum. Hilk\u00eda, Sakar\u00eda og Jeh\u00edel, h\u00f6fu\u00f0smenn yfir musteri Gu\u00f0s, g\u00e1fu prestunum \u00ed p\u00e1skaf\u00f3rn tv\u00f6 \u00fe\u00fasund og sex hundru\u00f0 l\u00f6mb og \u00ferj\u00fa hundru\u00f0 naut.<a name=\"9\"><span class=\"versanumer\">9<\/span><\/a>En Kananja og Semaja og Netaneel, br\u00e6\u00f0ur hans, svo og Hasabja, Je\u00edel og J\u00f3sabad, h\u00f6f\u00f0ingjar lev\u00edta, g\u00e1fu lev\u00edtum til p\u00e1skaf\u00f3rnar fimm \u00fe\u00fasund l\u00f6mb og fimm hundru\u00f0 naut.<a name=\"10\"><span class=\"versanumer\">10<\/span><\/a>Var svo \u00fej\u00f3nustunni fyrir komi\u00f0, og gengu prestarnir \u00e1 sinn sta\u00f0, svo og lev\u00edtar eftir flokkum s\u00ednum samkv\u00e6mt bo\u00f0i konungs.<a name=\"11\"><span class=\"versanumer\">11<\/span><\/a>Var s\u00ed\u00f0an p\u00e1skalambinu sl\u00e1tra\u00f0, og st\u00f6kktu prestarnir bl\u00f3\u00f0inu \u00far hendi sinni, en lev\u00edtarnir fl\u00f3gu.<a name=\"12\"><span class=\"versanumer\">12<\/span><\/a>Og \u00feeir t\u00f3ku brennif\u00f3rnina fr\u00e1 til \u00feess a\u00f0 f\u00e1 hana \u00e6ttflokkum leikmannanna, til \u00feess a\u00f0 \u00feeir skyldu f\u00e6ra hana Drottni, svo sem fyrir er m\u00e6lt \u00ed M\u00f3seb\u00f3k, og svo gj\u00f6r\u00f0u \u00feeir og vi\u00f0 nautin.<a name=\"13\"><span class=\"versanumer\">13<\/span><\/a>S\u00ed\u00f0an steiktu \u00feeir p\u00e1skalambi\u00f0 vi\u00f0 eld, svo sem l\u00f6g st\u00f3\u00f0u til, su\u00f0u helgigjafirnar \u00ed pottum og k\u00f6tlum og sk\u00e1lum, og f\u00e6r\u00f0u tafarlaust hverjum leikmanni.<a name=\"14\"><span class=\"versanumer\">14<\/span><\/a>En s\u00ed\u00f0an matreiddu \u00feeir handa s\u00e9r og prestunum, \u00fev\u00ed a\u00f0 prestarnir, ni\u00f0jar Arons, voru a\u00f0 f\u00e6ra brennif\u00f3rnir og feit stykki fram \u00e1 n\u00f3tt, og matreiddu lev\u00edtarnir \u00fev\u00ed handa s\u00e9r og prestunum, ni\u00f0jum Arons.<a name=\"15\"><span class=\"versanumer\">15<\/span><\/a>Og s\u00f6ngvararnir, ni\u00f0jar Asafs, voru \u00e1 s\u00ednum sta\u00f0 eftir bo\u00f0i Dav\u00ed\u00f0s, Asafs, Hemans og Jed\u00fat\u00fans, sj\u00e1anda konungs, og hli\u00f0ver\u00f0ir voru vi\u00f0 hvert hli\u00f0. \u00deurftu \u00feeir eigi a\u00f0 fara fr\u00e1 starfi s\u00ednu, \u00fev\u00ed a\u00f0 fr\u00e6ndur \u00feeirra, lev\u00edtarnir, matbjuggu fyrir \u00fe\u00e1.<a name=\"16\"><span class=\"versanumer\">16<\/span><\/a>Var \u00feannig allri \u00fej\u00f3nustu Drottins komi\u00f0 fyrir \u00feann dag, er menn h\u00e9ldu p\u00e1ska og f\u00e6r\u00f0u brennif\u00f3rnir \u00e1 altari Drottins, a\u00f0 bo\u00f0i J\u00f3s\u00eda konungs.<a name=\"17\"><span class=\"versanumer\">17<\/span><\/a>\u00deannig h\u00e9ldu \u00cdsraelsmenn, \u00feeir er vi\u00f0staddir voru, p\u00e1ska \u00ed \u00feann t\u00edma, svo og h\u00e1t\u00ed\u00f0 hinna \u00f3s\u00fdr\u00f0u brau\u00f0a \u00ed sj\u00f6 daga.<a name=\"18\"><span class=\"versanumer\">18<\/span><\/a>En engir sl\u00edkir p\u00e1skar h\u00f6f\u00f0u haldnir veri\u00f0 \u00ed \u00cdsrael fr\u00e1 \u00fev\u00ed \u00e1 d\u00f6gum Sam\u00faels sp\u00e1manns, og engir af \u00cdsraelskonungum h\u00f6f\u00f0u haldi\u00f0 p\u00e1ska, svo sem J\u00f3s\u00eda konungur gj\u00f6r\u00f0i og prestarnir og lev\u00edtarnir og allir J\u00fada- og \u00cdsraelsmenn, \u00feeir er vi\u00f0staddir voru, og Jer\u00fasalemb\u00faar.<a name=\"19\"><span class=\"versanumer\">19<\/span><\/a>\u00c1 \u00e1tj\u00e1nda r\u00edkis\u00e1ri J\u00f3s\u00eda voru p\u00e1skar \u00feessir haldnir.<a name=\"20\"><span class=\"versanumer\">20<\/span><\/a>Eftir allt \u00feetta, er J\u00f3s\u00eda haf\u00f0i komi\u00f0 musterinu aftur \u00ed lag, f\u00f3r Nek\u00f3 Egyptalandskonungur herf\u00f6r til \u00feess a\u00f0 heyja orustu hj\u00e1 Karkemis vi\u00f0 Efrat. \u00de\u00e1 f\u00f3r J\u00f3s\u00eda \u00fat \u00ed m\u00f3ti honum.<a name=\"21\"><span class=\"versanumer\">21<\/span><\/a>En hann gj\u00f6r\u00f0i menn \u00e1 fund hans og l\u00e9t segja honum: Hva\u00f0 \u00feurfum vi\u00f0 a\u00f0 eigast vi\u00f0, J\u00fadakonungur? N\u00fa kem \u00e9g eigi \u00ed m\u00f3ti \u00fe\u00e9r, heldur \u00ed m\u00f3ti m\u00ednum forna fjanda, og Gu\u00f0 hefir bo\u00f0i\u00f0 m\u00e9r a\u00f0 fl\u00fdta m\u00e9r. Freista \u00fe\u00fa eigi fangs vi\u00f0 gu\u00f0inn, sem me\u00f0 m\u00e9r er, svo a\u00f0 hann tort\u00edmi \u00fe\u00e9r ekki.<a name=\"22\"><span class=\"versanumer\">22<\/span><\/a>En J\u00f3s\u00eda vildi eigi h\u00f6rfa undan honum, heldur kl\u00e6ddist dularb\u00faningi til \u00feess a\u00f0 berjast vi\u00f0 hann, og hl\u00fdddi eigi \u00e1 or\u00f0 Nek\u00f3s, er \u00fe\u00f3 voru af Gu\u00f0s munni, og f\u00f3r til bardaga \u00e1 Megidd\u00f3v\u00f6llum.<a name=\"23\"><span class=\"versanumer\">23<\/span><\/a>En bogmennirnir skutu \u00e1 J\u00f3s\u00eda konung. \u00de\u00e1 m\u00e6lti konungur vi\u00f0 \u00fej\u00f3na s\u00edna: Komi\u00f0 m\u00e9r burt h\u00e9\u00f0an, \u00fev\u00ed a\u00f0 \u00e9g er s\u00e1r mj\u00f6g.<a name=\"24\"><span class=\"versanumer\">24<\/span><\/a>T\u00f3ku \u00fe\u00e1 \u00fej\u00f3nar hans hann af vagninum og \u00f3ku honum \u00e1 n\u00e6sta vagni hans, og er \u00feeir komu me\u00f0 hann til Jer\u00fasalem, \u00fe\u00e1 d\u00f3 hann og var grafinn \u00ed gr\u00f6fum fe\u00f0ra sinna. Allir J\u00fadamenn og Jer\u00fasalemb\u00faar h\u00f6rmu\u00f0u J\u00f3s\u00eda,<a name=\"25\"><span class=\"versanumer\">25<\/span><\/a>og Jerem\u00eda orti harmlj\u00f3\u00f0 eftir J\u00f3s\u00eda, og allir s\u00f6ngmenn og s\u00f6ngkonur hafa tala\u00f0 um J\u00f3s\u00eda \u00ed harmlj\u00f3\u00f0um s\u00ednum fram \u00e1 \u00feennan dag. Og menn gj\u00f6r\u00f0u \u00feau a\u00f0 \u00e1kv\u00e6\u00f0i fyrir \u00cdsrael, og eru \u00feau ritu\u00f0 \u00ed harmlj\u00f3\u00f0unum.<a name=\"26\"><span class=\"versanumer\">26<\/span><\/a>\u00dea\u00f0 sem meira er a\u00f0 segja um J\u00f3s\u00eda og g\u00f3\u00f0verk hans, er voru samkv\u00e6m \u00fev\u00ed, sem rita\u00f0 er \u00ed l\u00f6gm\u00e1li Drottins,<a name=\"27\"><span class=\"versanumer\">27<\/span><\/a>svo og saga hans fr\u00e1 upphafi til enda, \u00fea\u00f0 er rita\u00f0 \u00ed b\u00f3k \u00cdsraels- og J\u00fadakonunga.<\/p>\n<div class=\"footnote1981\"><b>35.7<\/b> Konungur lag\u00f0i til f\u00f3rnard\u00fdr 2Kro 31.3<br \/>\n<b>35.23<\/b> \u00c9g er s\u00e6r\u00f0ur 1Kon 22.34; sbr 1Sam 31.3-4<\/div>\n","protected":false},"excerpt":{"rendered":"<p>1S\u00ed\u00f0an h\u00e9lt J\u00f3s\u00eda Drottni p\u00e1ska \u00ed Jer\u00fasalem, og var p\u00e1skalambinu sl\u00e1tra\u00f0 hinn fj\u00f3rt\u00e1nda fyrsta m\u00e1na\u00f0ar.2\u00de\u00e1 setti hann prestana til starfa \u00feeirra og taldi hug \u00ed \u00fe\u00e1 til \u00fej\u00f3nustu vi\u00f0 musteri Drottins.3En vi\u00f0 lev\u00edtana, er fr\u00e6ddu allan \u00cdsrael og helga\u00f0ir voru Drottni, sag\u00f0i hann: Setji\u00f0 \u00f6rkina helgu \u00ed musteri\u00f0, \u00fea\u00f0 er Sal\u00f3mon, sonur Dav\u00ed\u00f0s, \u00cdsraelskonungur, l\u00e9t reisa. \u00de\u00e9r \u00feurfi\u00f0 eigi framar a\u00f0 bera hana \u00e1 \u00f6xlunum. \u00dej\u00f3ni\u00f0 n\u00fa Drottni Gu\u00f0i y\u00f0ar og l\u00fd\u00f0 hans \u00cdsrael.4Veri\u00f0 \u00fe\u00e1 rei\u00f0ub\u00fanir eftir \u00e6ttum y\u00f0ar \u00ed flokkum y\u00f0ar, samkv\u00e6mt reglugj\u00f6r\u00f0 Dav\u00ed\u00f0s \u00cdsraelskonungs og samkv\u00e6mt konungsbr\u00e9fi Sal\u00f3mons sonar hans.5Skipi\u00f0 y\u00f0ur \u00ed helgid\u00f3minn eftir \u00e6ttflokkum fr\u00e6nda y\u00f0ar, leikmannanna, <a href=\"https:\/\/biblian.is\/1981\/sidari-kronikubok-35-kafli\/\"> [&#8230;]<\/a><\/p>\n","protected":false},"author":1,"featured_media":0,"parent":0,"menu_order":0,"comment_status":"open","ping_status":"open","template":"bibliukaflar.php","meta":{"footnotes":""},"class_list":["post-1748","page","type-page","status-publish","hentry"],"_links":{"self":[{"href":"https:\/\/biblian.is\/1981\/wp-json\/wp\/v2\/pages\/1748","targetHints":{"allow":["GET"]}}],"collection":[{"href":"https:\/\/biblian.is\/1981\/wp-json\/wp\/v2\/pages"}],"about":[{"href":"https:\/\/biblian.is\/1981\/wp-json\/wp\/v2\/types\/page"}],"author":[{"embeddable":true,"href":"https:\/\/biblian.is\/1981\/wp-json\/wp\/v2\/users\/1"}],"replies":[{"embeddable":true,"href":"https:\/\/biblian.is\/1981\/wp-json\/wp\/v2\/comments?post=1748"}],"version-history":[{"count":0,"href":"https:\/\/biblian.is\/1981\/wp-json\/wp\/v2\/pages\/1748\/revisions"}],"wp:attachment":[{"href":"https:\/\/biblian.is\/1981\/wp-json\/wp\/v2\/media?parent=1748"}],"curies":[{"name":"wp","href":"https:\/\/api.w.org\/{rel}","templated":true}]}}