{"id":1747,"date":"2017-11-18T20:18:33","date_gmt":"2017-11-18T20:18:33","guid":{"rendered":"http:\/\/biblian.is\/1981\/sidari-kronikubok-34-kafli\/"},"modified":"2021-06-06T11:10:38","modified_gmt":"2021-06-06T11:10:38","slug":"sidari-kronikubok-34-kafli","status":"publish","type":"page","link":"https:\/\/biblian.is\/1981\/sidari-kronikubok-34-kafli\/","title":{"rendered":"S\u00ed\u00f0ari kron\u00edkub\u00f3k 34. kafli"},"content":{"rendered":"<p><a name=\"1\"><span class=\"versanumer\">1<\/span><\/a>J\u00f3s\u00eda var \u00e1tta vetra gamall, \u00fe\u00e1 er hann var\u00f0 konungur, og \u00ferj\u00e1t\u00edu og eitt \u00e1r r\u00edkti hann \u00ed Jer\u00fasalem.<a name=\"2\"><span class=\"versanumer\">2<\/span><\/a>Hann gj\u00f6r\u00f0i \u00fea\u00f0, sem r\u00e9tt var \u00ed augum Drottins, og feta\u00f0i \u00ed f\u00f3tspor Dav\u00ed\u00f0s forf\u00f6\u00f0ur s\u00edns og veik hvorki af til h\u00e6gri n\u00e9 vinstri.<a name=\"3\"><span class=\"versanumer\">3<\/span><\/a>\u00c1 \u00e1ttunda r\u00edkis\u00e1ri s\u00ednu, er hann sj\u00e1lfur var enn ungur a\u00f0 aldri, t\u00f3k hann a\u00f0 leita Gu\u00f0s Dav\u00ed\u00f0s, forf\u00f6\u00f0ur s\u00edns, og \u00e1 t\u00f3lfta \u00e1ri t\u00f3k hann a\u00f0 r\u00fdma burt \u00far J\u00fada og Jer\u00fasalem f\u00f3rnarh\u00e6\u00f0um og as\u00e9rum, skur\u00f0go\u00f0um og l\u00edkneskjum.<a name=\"4\"><span class=\"versanumer\">4<\/span><\/a>\u00d6lturu Baalanna voru rifin ni\u00f0ur a\u00f0 honum \u00e1sj\u00e1andi, og s\u00f3ls\u00falurnar, er \u00e1 \u00feeim voru, hj\u00f3 hann sundur, og as\u00e9rurnar og skur\u00f0go\u00f0in og l\u00edkneskin braut hann sundur og muldi \u00feau, og str\u00e1\u00f0i duftinu \u00e1 grafir \u00feeirra, er h\u00f6f\u00f0u f\u00e6rt \u00feeim f\u00f3rnir.<a name=\"5\"><span class=\"versanumer\">5<\/span><\/a>Og bein prestanna brenndi hann \u00e1 \u00f6lturum \u00feeirra, og hreinsa\u00f0i svo J\u00fada og Jer\u00fasalem.<a name=\"6\"><span class=\"versanumer\">6<\/span><\/a>Og \u00ed borgum Manasse og Efra\u00edms og S\u00edmeons og allt til Naftal\u00ed, allt um kring \u00ed ey\u00f0iborgum \u00feeirra,<a name=\"7\"><span class=\"versanumer\">7<\/span><\/a>reif hann ni\u00f0ur \u00f6lturun, m\u00f6lva\u00f0i og muldi as\u00e9rurnar og skur\u00f0go\u00f0in, og hj\u00f3 sundur s\u00f3ls\u00falurnar \u00ed \u00f6llu \u00cdsraelslandi. S\u00ed\u00f0an sneri hann heim aftur til Jer\u00fasalem.<a name=\"8\"><span class=\"versanumer\">8<\/span><\/a>\u00c1 \u00e1tj\u00e1nda r\u00edkis\u00e1ri hans, me\u00f0an hann var a\u00f0 hreinsa landi\u00f0 og musteri\u00f0, sendi hann Safan Asaljason og Maaseja borgarstj\u00f3ra og J\u00f3ak J\u00f3ahasson r\u00edkisritara til \u00feess a\u00f0 l\u00e1ta gj\u00f6ra vi\u00f0 musteri Drottins, Gu\u00f0s s\u00edns.<a name=\"9\"><span class=\"versanumer\">9<\/span><\/a>Og er \u00feeir komu til Hilk\u00eda \u00e6\u00f0sta prests, afhentu \u00feeir f\u00e9 \u00fea\u00f0, er f\u00e6rt haf\u00f0i veri\u00f0 musteri Gu\u00f0s, \u00fea\u00f0 er lev\u00edtarnir, \u00fer\u00f6skuldsver\u00f0irnir, h\u00f6f\u00f0u safna\u00f0 af Manasse, Efra\u00edm og \u00f6llum \u00f6\u00f0rum \u00cdsraelsm\u00f6nnum, og \u00f6llum J\u00fada og Benjam\u00edn og Jer\u00fasalemb\u00faum.<a name=\"10\"><span class=\"versanumer\">10<\/span><\/a>Fengu \u00feeir \u00fea\u00f0 \u00ed hendur verkstj\u00f3runum, \u00feeim er umsj\u00f3n h\u00f6f\u00f0u me\u00f0 musteri Drottins, en \u00feeir fengu \u00fea\u00f0 \u00ed hendur verkam\u00f6nnunum, er unnu a\u00f0 \u00fev\u00ed \u00ed musteri Drottins a\u00f0 b\u00e6ta skemmdir og gj\u00f6ra vi\u00f0 musteri\u00f0.<a name=\"11\"><span class=\"versanumer\">11<\/span><\/a>Fengu \u00feeir \u00fea\u00f0 \u00ed hendur tr\u00e9smi\u00f0unum og byggingam\u00f6nnunum til \u00feess a\u00f0 kaupa fyrir h\u00f6ggna steina og vi\u00f0u \u00ed tengibj\u00e1lka, svo og til a\u00f0 f\u00e1 vi\u00f0u \u00ed h\u00fas \u00feau, er J\u00fadakonungar h\u00f6f\u00f0u l\u00e1ti\u00f0 falla.<a name=\"12\"><span class=\"versanumer\">12<\/span><\/a>Unnu mennirnir a\u00f0 verkinu upp \u00e1 \u00e6ru og tr\u00fa, en yfir \u00fe\u00e1 voru settir til umsj\u00f3nar \u00feeir Jahat og \u00d3bad\u00eda, lev\u00edtar af Merar\u00edni\u00f0jum, og Sakar\u00eda og Mes\u00fallam af Kahat\u00edtani\u00f0jum. Og lev\u00edtarnir hver s\u00e1, er kunni \u00e1 hlj\u00f3\u00f0f\u00e6ri<a name=\"13\"><span class=\"versanumer\">13<\/span><\/a>voru settir yfir bur\u00f0armennina, og umsj\u00f3narmenn voru yfir \u00f6llum \u00feeim, er nokkurt starf h\u00f6f\u00f0u \u00e1 hendi. Nokkrir af lev\u00edtunum voru og ritarar og tilsj\u00f3narmenn og hli\u00f0ver\u00f0ir.<a name=\"14\"><span class=\"versanumer\">14<\/span><\/a>En er \u00feeir reiddu fram f\u00e9\u00f0, er bori\u00f0 var \u00ed musteri Drottins, fann Hilk\u00eda prestur l\u00f6gm\u00e1lsb\u00f3k Drottins, er gefin var fyrir M\u00f3se.<a name=\"15\"><span class=\"versanumer\">15<\/span><\/a>\u00de\u00e1 t\u00f3k Hilk\u00eda til m\u00e1ls og m\u00e6lti vi\u00f0 Safan kanslara: \u00c9g hefi fundi\u00f0 l\u00f6gm\u00e1lsb\u00f3kina \u00ed musteri Drottins. Og Hilk\u00eda f\u00e9kk Safan b\u00f3kina.<a name=\"16\"><span class=\"versanumer\">16<\/span><\/a>F\u00f3r \u00fe\u00e1 Safan me\u00f0 b\u00f3kina til konungs og sk\u00fdr\u00f0i honum jafnframt fr\u00e1 erindislokum og m\u00e6lti: \u00dej\u00f3nar \u00fe\u00ednir hafa gj\u00f6rt allt \u00fea\u00f0, er \u00feeim var fali\u00f0 \u00e1 hendur.<a name=\"17\"><span class=\"versanumer\">17<\/span><\/a>\u00deeir hafa og afhent f\u00e9 \u00fea\u00f0, er var \u00ed musteri Drottins, og fengi\u00f0 \u00ed hendur umsj\u00f3narm\u00f6nnunum og verkstj\u00f3runum.<a name=\"18\"><span class=\"versanumer\">18<\/span><\/a>Og Safan kanslari sag\u00f0i konungi fr\u00e1 og m\u00e6lti: Hilk\u00eda prestur f\u00e9kk m\u00e9r b\u00f3k. Og Safan las \u00ed henni fyrir konungi.<a name=\"19\"><span class=\"versanumer\">19<\/span><\/a>En er konungur heyr\u00f0i l\u00f6gm\u00e1lsor\u00f0in, reif hann kl\u00e6\u00f0i s\u00edn.<a name=\"20\"><span class=\"versanumer\">20<\/span><\/a>Og konungur bau\u00f0 \u00feeim Hilk\u00eda, Ah\u00edkam Safanssyni, Abd\u00f3n M\u00edkajasyni, Safan kanslara og Asaja konungs\u00fej\u00f3ni \u00e1 \u00feessa lei\u00f0:<a name=\"21\"><span class=\"versanumer\">21<\/span><\/a>Fari\u00f0 og gangi\u00f0 til fr\u00e9tta vi\u00f0 Drottin fyrir mig og fyrir leifarnar af \u00cdsrael og J\u00fada um b\u00f3kina, sem fundin er, \u00fev\u00ed a\u00f0 mikil er heift Drottins, er hann hefir \u00fathellt yfir oss, af \u00fev\u00ed a\u00f0 fe\u00f0ur vorir hafa eigi gefi\u00f0 g\u00e6tur a\u00f0 bo\u00f0i Drottins me\u00f0 \u00fev\u00ed a\u00f0 gj\u00f6ra a\u00f0 \u00f6llu svo sem skrifa\u00f0 er \u00ed b\u00f3k \u00feessari.<a name=\"22\"><span class=\"versanumer\">22<\/span><\/a>F\u00f3r \u00fe\u00e1 Hilk\u00eda me\u00f0 \u00feeim, er konungur haf\u00f0i til \u00feess kvatt, til Huldu sp\u00e1konu, konu Sall\u00fams T\u00f3khatssonar, Hasrasonar, kl\u00e6\u00f0ageymis. Bj\u00f3 h\u00fan \u00ed Jer\u00fasalem \u00ed \u00f6\u00f0ru borgarhverfi, og t\u00f6lu\u00f0u \u00feeir vi\u00f0 hana um \u00feetta.<a name=\"23\"><span class=\"versanumer\">23<\/span><\/a>H\u00fan m\u00e6lti vi\u00f0 \u00fe\u00e1: Svo segir Drottinn, Gu\u00f0 \u00cdsraels: Segi\u00f0 manninum, er sendi y\u00f0ur til m\u00edn:<a name=\"24\"><span class=\"versanumer\">24<\/span><\/a>Svo segir Drottinn: Sj\u00e1, \u00e9g lei\u00f0i \u00f3g\u00e6fu yfir \u00feennan sta\u00f0 og \u00edb\u00faa hans, allar \u00fe\u00e6r form\u00e6lingar, er rita\u00f0ar eru \u00ed b\u00f3kinni, er lesin var fyrir J\u00fadakonungi,<a name=\"25\"><span class=\"versanumer\">25<\/span><\/a>fyrir \u00fev\u00ed a\u00f0 \u00feeir hafa yfirgefi\u00f0 mig og f\u00e6rt \u00f6\u00f0rum gu\u00f0um reykelsisf\u00f3rnir og egnt mig til rei\u00f0i me\u00f0 \u00f6llum handaverkum s\u00ednum, \u00feess vegna \u00fathellti \u00e9g rei\u00f0i minni yfir \u00feennan sta\u00f0, og h\u00fan skal eigi slokkna.<a name=\"26\"><span class=\"versanumer\">26<\/span><\/a>En segi\u00f0 svo J\u00fadakonungi, \u00feeim er sendi y\u00f0ur til \u00feess a\u00f0 ganga til fr\u00e9tta vi\u00f0 Drottin: Svo segir Drottinn, Gu\u00f0 \u00cdsraels:<a name=\"27\"><span class=\"versanumer\">27<\/span><\/a>Af \u00fev\u00ed a\u00f0 hjarta \u00feitt hefir komist vi\u00f0 og \u00fe\u00fa hefir au\u00f0m\u00fdkt \u00feig fyrir Gu\u00f0i, er \u00fe\u00fa heyr\u00f0ir or\u00f0 hans gegn \u00feessum sta\u00f0 og \u00edb\u00faum hans, og af \u00fev\u00ed a\u00f0 \u00fe\u00fa au\u00f0m\u00fdktir \u00feig fyrir m\u00e9r og reifst kl\u00e6\u00f0i \u00fe\u00edn og gr\u00e9st frammi fyrir m\u00e9r, \u00fe\u00e1 hefi \u00e9g b\u00e6nheyrt \u00feig, segir Drottinn.<a name=\"28\"><span class=\"versanumer\">28<\/span><\/a>Sj\u00e1, \u00e9g vil l\u00e1ta \u00feig safnast til fe\u00f0ra \u00feinna, a\u00f0 \u00fe\u00fa megir komast me\u00f0 fri\u00f0i \u00ed gr\u00f6f \u00fe\u00edna, og augu \u00fe\u00edn \u00feurfi ekki a\u00f0 horfa upp \u00e1 alla \u00fe\u00e1 \u00f3g\u00e6fu, er \u00e9g lei\u00f0i yfir \u00feennan sta\u00f0. Fluttu \u00feeir konungi svari\u00f0.<a name=\"29\"><span class=\"versanumer\">29<\/span><\/a>\u00de\u00e1 sendi konungur og safna\u00f0i saman \u00f6llum \u00f6ldungum \u00ed J\u00fada og Jer\u00fasalem.<a name=\"30\"><span class=\"versanumer\">30<\/span><\/a>Og konungur gekk upp \u00ed musteri Drottins og me\u00f0 honum allir J\u00fadamenn og Jer\u00fasalemb\u00faar, svo og prestarnir og lev\u00edtarnir og allur l\u00fd\u00f0urinn, b\u00e6\u00f0i gamlir og ungir, og hann las \u00ed \u00e1heyrn \u00feeirra \u00f6ll or\u00f0 s\u00e1ttm\u00e1lsb\u00f3karinnar, er fundist haf\u00f0i \u00ed musteri Drottins.<a name=\"31\"><span class=\"versanumer\">31<\/span><\/a>Og konungur gekk \u00e1 sinn sta\u00f0 og gj\u00f6r\u00f0i \u00feann s\u00e1ttm\u00e1la frammi fyrir Drottni, a\u00f0 fylgja Drottni og var\u00f0veita skipanir hans, fyrirm\u00e6li og l\u00f6g af \u00f6llu hjarta s\u00ednu og allri s\u00e1lu sinni, til \u00feess a\u00f0 breyta \u00feannig eftir or\u00f0um s\u00e1ttm\u00e1lans, \u00feeim er ritu\u00f0 voru \u00ed \u00feessari b\u00f3k.<a name=\"32\"><span class=\"versanumer\">32<\/span><\/a>Og hann l\u00e9t alla \u00fe\u00e1, er voru \u00ed Jer\u00fasalem og Benjam\u00edn, gangast undir s\u00e1ttm\u00e1lann, og Jer\u00fasalemb\u00faar breyttu samkv\u00e6mt s\u00e1ttm\u00e1la Gu\u00f0s, Gu\u00f0s fe\u00f0ra \u00feeirra.<a name=\"33\"><span class=\"versanumer\">33<\/span><\/a>En J\u00f3s\u00eda afnam allar sv\u00edvir\u00f0ingar \u00far \u00f6llum h\u00e9ru\u00f0um \u00cdsraelsmanna, og \u00fer\u00f6ngva\u00f0i \u00f6llum \u00feeim, er voru \u00ed \u00cdsrael, til \u00feess a\u00f0 \u00fej\u00f3na Drottni Gu\u00f0i s\u00ednum. Me\u00f0an hann var \u00e1 l\u00edfi, viku \u00feeir eigi fr\u00e1 \u00fev\u00ed a\u00f0 fylgja Drottni, Gu\u00f0i fe\u00f0ra sinna.<\/p>\n<div class=\"footnote1981\"><b>34.1-35.37<\/b> sbr 2Kon 22.1-23.30<\/div>\n","protected":false},"excerpt":{"rendered":"<p>1J\u00f3s\u00eda var \u00e1tta vetra gamall, \u00fe\u00e1 er hann var\u00f0 konungur, og \u00ferj\u00e1t\u00edu og eitt \u00e1r r\u00edkti hann \u00ed Jer\u00fasalem.2Hann gj\u00f6r\u00f0i \u00fea\u00f0, sem r\u00e9tt var \u00ed augum Drottins, og feta\u00f0i \u00ed f\u00f3tspor Dav\u00ed\u00f0s forf\u00f6\u00f0ur s\u00edns og veik hvorki af til h\u00e6gri n\u00e9 vinstri.3\u00c1 \u00e1ttunda r\u00edkis\u00e1ri s\u00ednu, er hann sj\u00e1lfur var enn ungur a\u00f0 aldri, t\u00f3k hann a\u00f0 leita Gu\u00f0s Dav\u00ed\u00f0s, forf\u00f6\u00f0ur s\u00edns, og \u00e1 t\u00f3lfta \u00e1ri t\u00f3k hann a\u00f0 r\u00fdma burt \u00far J\u00fada og Jer\u00fasalem f\u00f3rnarh\u00e6\u00f0um og as\u00e9rum, skur\u00f0go\u00f0um og l\u00edkneskjum.4\u00d6lturu Baalanna voru rifin ni\u00f0ur a\u00f0 honum \u00e1sj\u00e1andi, og s\u00f3ls\u00falurnar, er \u00e1 \u00feeim voru, hj\u00f3 hann sundur, og as\u00e9rurnar og skur\u00f0go\u00f0in <a href=\"https:\/\/biblian.is\/1981\/sidari-kronikubok-34-kafli\/\"> [&#8230;]<\/a><\/p>\n","protected":false},"author":1,"featured_media":0,"parent":0,"menu_order":0,"comment_status":"open","ping_status":"open","template":"bibliukaflar.php","meta":{"footnotes":""},"class_list":["post-1747","page","type-page","status-publish","hentry"],"_links":{"self":[{"href":"https:\/\/biblian.is\/1981\/wp-json\/wp\/v2\/pages\/1747","targetHints":{"allow":["GET"]}}],"collection":[{"href":"https:\/\/biblian.is\/1981\/wp-json\/wp\/v2\/pages"}],"about":[{"href":"https:\/\/biblian.is\/1981\/wp-json\/wp\/v2\/types\/page"}],"author":[{"embeddable":true,"href":"https:\/\/biblian.is\/1981\/wp-json\/wp\/v2\/users\/1"}],"replies":[{"embeddable":true,"href":"https:\/\/biblian.is\/1981\/wp-json\/wp\/v2\/comments?post=1747"}],"version-history":[{"count":0,"href":"https:\/\/biblian.is\/1981\/wp-json\/wp\/v2\/pages\/1747\/revisions"}],"wp:attachment":[{"href":"https:\/\/biblian.is\/1981\/wp-json\/wp\/v2\/media?parent=1747"}],"curies":[{"name":"wp","href":"https:\/\/api.w.org\/{rel}","templated":true}]}}