{"id":1746,"date":"2017-11-18T20:18:28","date_gmt":"2017-11-18T20:18:28","guid":{"rendered":"http:\/\/biblian.is\/1981\/sidari-kronikubok-33-kafli\/"},"modified":"2021-06-06T11:10:38","modified_gmt":"2021-06-06T11:10:38","slug":"sidari-kronikubok-33-kafli","status":"publish","type":"page","link":"https:\/\/biblian.is\/1981\/sidari-kronikubok-33-kafli\/","title":{"rendered":"S\u00ed\u00f0ari kron\u00edkub\u00f3k 33. kafli"},"content":{"rendered":"<p><a name=\"1\"><span class=\"versanumer\">1<\/span><\/a>Manasse var t\u00f3lf \u00e1ra gamall, \u00fe\u00e1 er hann var\u00f0 konungur, og fimmt\u00edu og fimm \u00e1r r\u00edkti hann \u00ed Jer\u00fasalem.<a name=\"2\"><span class=\"versanumer\">2<\/span><\/a>Hann gj\u00f6r\u00f0i \u00fea\u00f0, sem illt var \u00ed augum Drottins, og dr\u00fdg\u00f0i \u00feannig s\u00f6mu sv\u00edvir\u00f0ingarnar sem \u00fe\u00e6r \u00fej\u00f3\u00f0ir, er Drottinn haf\u00f0i st\u00f6kkt burt undan \u00cdsraelsm\u00f6nnum.<a name=\"3\"><span class=\"versanumer\">3<\/span><\/a>Hann reisti af n\u00fdju f\u00f3rnarh\u00e6\u00f0irnar, er Hisk\u00eda fa\u00f0ir hans haf\u00f0i r\u00edfa l\u00e1ti\u00f0, reisti Ba\u00f6lunum \u00f6lturu og l\u00e9t gj\u00f6ra as\u00e9rur, d\u00fdrka\u00f0i allan himinsins her og \u00fej\u00f3na\u00f0i \u00feeim.<a name=\"4\"><span class=\"versanumer\">4<\/span><\/a>Hann reisti og \u00f6lturu \u00ed musteri Drottins, \u00fev\u00ed er Drottinn haf\u00f0i um sagt: \u00cd Jer\u00fasalem skal nafn mitt b\u00faa a\u00f0 eil\u00edfu!<a name=\"5\"><span class=\"versanumer\">5<\/span><\/a>Og hann reisti \u00f6lturu fyrir allan himinsins her \u00ed b\u00e1\u00f0um forg\u00f6r\u00f0um musteris Drottins.<a name=\"6\"><span class=\"versanumer\">6<\/span><\/a>Hann l\u00e9t og sonu s\u00edna ganga gegnum eldinn \u00ed Hinnomssonardal, f\u00f3r me\u00f0 sp\u00e1r og fj\u00f6lkynngi og t\u00f6fra og skipa\u00f0i s\u00e6ringamenn og sp\u00e1sagna. Hann a\u00f0haf\u00f0ist margt \u00fea\u00f0, sem illt var \u00ed augum Drottins og egndi hann til rei\u00f0i.<a name=\"7\"><span class=\"versanumer\">7<\/span><\/a>Hann setti skur\u00f0go\u00f0i\u00f0, er hann haf\u00f0i gj\u00f6ra l\u00e1ti\u00f0, \u00ed musteri Gu\u00f0s, er Gu\u00f0 haf\u00f0i sagt um vi\u00f0 Dav\u00ed\u00f0 og Sal\u00f3mon son hans: \u00cd \u00feessu h\u00fasi og \u00ed Jer\u00fasalem, sem \u00e9g hefi \u00fatvali\u00f0 af \u00f6llum \u00e6ttkv\u00edslum \u00cdsraels, vil \u00e9g l\u00e1ta nafn mitt b\u00faa a\u00f0 eil\u00edfu.<a name=\"8\"><span class=\"versanumer\">8<\/span><\/a>Og \u00e9g vil eigi framar l\u00e1ta \u00cdsrael fara landfl\u00f3tta \u00far landi \u00fev\u00ed, er \u00e9g gaf fe\u00f0rum \u00feeirra, svo framarlega sem \u00feeir g\u00e6ta \u00feess a\u00f0 breyta a\u00f0 \u00f6llu svo sem \u00e9g hefi bo\u00f0i\u00f0 \u00feeim, a\u00f0 \u00f6llu eftir l\u00f6gm\u00e1li \u00fev\u00ed og l\u00f6gum og \u00e1kv\u00e6\u00f0um, er gefin voru fyrir M\u00f3se.<a name=\"9\"><span class=\"versanumer\">9<\/span><\/a>En Manasse leiddi J\u00fada og Jer\u00fasalemb\u00faa afvega, svo a\u00f0 \u00feeir breyttu verr en \u00fe\u00e6r \u00fej\u00f3\u00f0ir, er Drottinn haf\u00f0i eytt fyrir \u00cdsraelsm\u00f6nnum.<a name=\"10\"><span class=\"versanumer\">10<\/span><\/a>Og Drottinn tala\u00f0i til Manasse og til l\u00fd\u00f0s hans, en \u00feeir g\u00e1fu \u00fev\u00ed engan gaum.<a name=\"11\"><span class=\"versanumer\">11<\/span><\/a>&#8222;\u00de\u00e1 l\u00e9t Drottinn hersh\u00f6f\u00f0ingja Ass\u00fdr\u00edukonungs r\u00e1\u00f0ast a\u00f0 \u00feeim; \u00feeir t\u00f3ku Manasse h\u00f6ndum me\u00f0 kr\u00f3kum, bundu hann eirfj\u00f6trum og fluttu hann til Bab\u00fdlon.&#8220;<a name=\"12\"><span class=\"versanumer\">12<\/span><\/a>En er hann var \u00ed nau\u00f0um staddur, reyndi hann a\u00f0 bl\u00ed\u00f0ka Drottin, Gu\u00f0 sinn, og l\u00e6g\u00f0i sig mj\u00f6g fyrir Gu\u00f0i fe\u00f0ra sinna.<a name=\"13\"><span class=\"versanumer\">13<\/span><\/a>Og er hann ba\u00f0 hann, \u00fe\u00e1 b\u00e6nheyr\u00f0i Drottinn hann. Hann heyr\u00f0i gr\u00e1tbei\u00f0ni hans og l\u00e9t hann hverfa heim aftur til Jer\u00fasalem \u00ed r\u00edki sitt. Komst \u00fe\u00e1 Manasse a\u00f0 raun um, a\u00f0 Drottinn er Gu\u00f0.<a name=\"14\"><span class=\"versanumer\">14<\/span><\/a>Eftir \u00feetta reisti hann ytri m\u00far fyrir Dav\u00ed\u00f0sborg a\u00f0 vestanver\u00f0u vi\u00f0 G\u00edhon \u00ed dalnum, og \u00feanga\u00f0 a\u00f0, er gengi\u00f0 er inn \u00ed Fiskhli\u00f0i\u00f0, reisti hann \u00ed kringum \u00d3fel, og gj\u00f6r\u00f0i hann mj\u00f6g h\u00e1an. Hann setti og herforingja \u00ed allar kastalaborgir \u00ed J\u00fada.<a name=\"15\"><span class=\"versanumer\">15<\/span><\/a>\u00de\u00e1 \u00fatr\u00fdmdi hann og \u00fatlendu gu\u00f0unum og l\u00edkneskinu \u00far musteri Drottins, svo og \u00f6llum \u00f6lturunum, er hann haf\u00f0i reisa l\u00e1ti\u00f0 \u00e1 musterisfjalli Drottins og \u00ed Jer\u00fasalem, og fleyg\u00f0i \u00feeim \u00fat fyrir borgina.<a name=\"16\"><span class=\"versanumer\">16<\/span><\/a>En altari Drottins reisti hann vi\u00f0, og f\u00e6r\u00f0i \u00e1 \u00fev\u00ed heillaf\u00f3rnir og \u00feakkarf\u00f3rnir, og J\u00fadam\u00f6nnum bau\u00f0 hann a\u00f0 \u00fej\u00f3na Drottni, Gu\u00f0i \u00cdsraels.<a name=\"17\"><span class=\"versanumer\">17<\/span><\/a>En \u00fe\u00f3 f\u00e6r\u00f0i l\u00fd\u00f0urinn enn \u00fe\u00e1 f\u00f3rnir \u00e1 h\u00e6\u00f0unum, en samt a\u00f0eins Drottni, Gu\u00f0i s\u00ednum.<a name=\"18\"><span class=\"versanumer\">18<\/span><\/a>\u00dea\u00f0 sem meira er a\u00f0 segja um Manasse og b\u00e6n hans til Gu\u00f0s hans, svo og or\u00f0 sj\u00e1andanna, er t\u00f6lu\u00f0u til hans \u00ed nafni Drottins, Gu\u00f0s \u00cdsraels, \u00fea\u00f0 er rita\u00f0 \u00ed S\u00f6gu \u00cdsraelskonunga.<a name=\"19\"><span class=\"versanumer\">19<\/span><\/a>En um b\u00e6n hans og hvernig hann var b\u00e6nheyr\u00f0ur, og um allar syndir hans og \u00f3tr\u00famennsku, svo og um sta\u00f0ina, \u00fear sem hann reisti f\u00f3rnarh\u00e6\u00f0ir og setti as\u00e9rur og l\u00edkneski, \u00e1\u00f0ur en hann l\u00e6g\u00f0i sig, um \u00fea\u00f0 er rita\u00f0 \u00ed s\u00f6gu sj\u00e1andanna.<a name=\"20\"><span class=\"versanumer\">20<\/span><\/a>Og Manasse lag\u00f0ist til hv\u00edldar hj\u00e1 fe\u00f0rum s\u00ednum og var jar\u00f0a\u00f0ur \u00ed h\u00f6ll sinni. Og Am\u00f3n sonur hans t\u00f3k r\u00edki eftir hann.<a name=\"21\"><span class=\"versanumer\">21<\/span><\/a>Am\u00f3n haf\u00f0i tvo um tv\u00edtugt, \u00fe\u00e1 er hann var\u00f0 konungur, og tv\u00f6 \u00e1r r\u00edkti hann \u00ed Jer\u00fasalem.<a name=\"22\"><span class=\"versanumer\">22<\/span><\/a>Hann gj\u00f6r\u00f0i \u00fea\u00f0, sem illt var \u00ed augum Drottins, svo sem gj\u00f6rt haf\u00f0i Manasse fa\u00f0ir hans. \u00d6llum skur\u00f0go\u00f0unum, er Manasse fa\u00f0ir hans haf\u00f0i gj\u00f6ra l\u00e1ti\u00f0, f\u00e6r\u00f0i Am\u00f3n margar f\u00f3rnir og \u00fej\u00f3na\u00f0i \u00feeim.<a name=\"23\"><span class=\"versanumer\">23<\/span><\/a>En hann l\u00e6g\u00f0i sig eigi fyrir Drottni, svo sem gj\u00f6rt haf\u00f0i Manasse fa\u00f0ir hans, heldur j\u00f3k hann \u00e1 s\u00f6k s\u00edna.<a name=\"24\"><span class=\"versanumer\">24<\/span><\/a>\u00dej\u00f3nar hans gj\u00f6r\u00f0u sams\u00e6ri \u00ed gegn honum, og dr\u00e1pu hann \u00ed h\u00f6ll hans.<a name=\"25\"><span class=\"versanumer\">25<\/span><\/a>En landsl\u00fd\u00f0urinn drap alla mennina, er gj\u00f6rt h\u00f6f\u00f0u sams\u00e6ri gegn Am\u00f3n konungi. S\u00ed\u00f0an t\u00f3k landsl\u00fd\u00f0urinn J\u00f3s\u00eda son hans til konungs eftir hann.<\/p>\n<div class=\"footnote1981\"><b>33.1-20<\/b> sbr 2Kon 21.1-18<br \/>\n<b>33.11<\/b> Me\u00f0 kr\u00f3kum Esk 19.4,9<br \/>\n<b>33.15<\/b> \u00datr\u00fdmdi hj\u00e1gu\u00f0um 2M\u00f3s 23.24+<br \/>\n<b>33.21-25<\/b> sbr 2Kon 21.19-26<\/div>\n","protected":false},"excerpt":{"rendered":"<p>1Manasse var t\u00f3lf \u00e1ra gamall, \u00fe\u00e1 er hann var\u00f0 konungur, og fimmt\u00edu og fimm \u00e1r r\u00edkti hann \u00ed Jer\u00fasalem.2Hann gj\u00f6r\u00f0i \u00fea\u00f0, sem illt var \u00ed augum Drottins, og dr\u00fdg\u00f0i \u00feannig s\u00f6mu sv\u00edvir\u00f0ingarnar sem \u00fe\u00e6r \u00fej\u00f3\u00f0ir, er Drottinn haf\u00f0i st\u00f6kkt burt undan \u00cdsraelsm\u00f6nnum.3Hann reisti af n\u00fdju f\u00f3rnarh\u00e6\u00f0irnar, er Hisk\u00eda fa\u00f0ir hans haf\u00f0i r\u00edfa l\u00e1ti\u00f0, reisti Ba\u00f6lunum \u00f6lturu og l\u00e9t gj\u00f6ra as\u00e9rur, d\u00fdrka\u00f0i allan himinsins her og \u00fej\u00f3na\u00f0i \u00feeim.4Hann reisti og \u00f6lturu \u00ed musteri Drottins, \u00fev\u00ed er Drottinn haf\u00f0i um sagt: \u00cd Jer\u00fasalem skal nafn mitt b\u00faa a\u00f0 eil\u00edfu!5Og hann reisti \u00f6lturu fyrir allan himinsins her \u00ed b\u00e1\u00f0um forg\u00f6r\u00f0um musteris Drottins.6Hann l\u00e9t <a href=\"https:\/\/biblian.is\/1981\/sidari-kronikubok-33-kafli\/\"> [&#8230;]<\/a><\/p>\n","protected":false},"author":1,"featured_media":0,"parent":0,"menu_order":0,"comment_status":"open","ping_status":"open","template":"bibliukaflar.php","meta":{"footnotes":""},"class_list":["post-1746","page","type-page","status-publish","hentry"],"_links":{"self":[{"href":"https:\/\/biblian.is\/1981\/wp-json\/wp\/v2\/pages\/1746","targetHints":{"allow":["GET"]}}],"collection":[{"href":"https:\/\/biblian.is\/1981\/wp-json\/wp\/v2\/pages"}],"about":[{"href":"https:\/\/biblian.is\/1981\/wp-json\/wp\/v2\/types\/page"}],"author":[{"embeddable":true,"href":"https:\/\/biblian.is\/1981\/wp-json\/wp\/v2\/users\/1"}],"replies":[{"embeddable":true,"href":"https:\/\/biblian.is\/1981\/wp-json\/wp\/v2\/comments?post=1746"}],"version-history":[{"count":0,"href":"https:\/\/biblian.is\/1981\/wp-json\/wp\/v2\/pages\/1746\/revisions"}],"wp:attachment":[{"href":"https:\/\/biblian.is\/1981\/wp-json\/wp\/v2\/media?parent=1746"}],"curies":[{"name":"wp","href":"https:\/\/api.w.org\/{rel}","templated":true}]}}