{"id":1745,"date":"2017-11-18T20:18:28","date_gmt":"2017-11-18T20:18:28","guid":{"rendered":"http:\/\/biblian.is\/1981\/sidari-kronikubok-32-kafli\/"},"modified":"2021-06-06T11:10:38","modified_gmt":"2021-06-06T11:10:38","slug":"sidari-kronikubok-32-kafli","status":"publish","type":"page","link":"https:\/\/biblian.is\/1981\/sidari-kronikubok-32-kafli\/","title":{"rendered":"S\u00ed\u00f0ari kron\u00edkub\u00f3k 32. kafli"},"content":{"rendered":"<p><a name=\"1\"><span class=\"versanumer\">1<\/span><\/a>Eftir \u00feessa atbur\u00f0i og eftir a\u00f0 hann haf\u00f0i s\u00fdnt tr\u00famennsku \u00feessa, kom Sanher\u00edb Ass\u00fdr\u00edukonungur. Hann r\u00e9\u00f0st inn \u00ed J\u00fada, settist um v\u00edggirtar borgir og hug\u00f0ist n\u00e1 \u00feeim \u00e1 sitt vald.<a name=\"2\"><span class=\"versanumer\">2<\/span><\/a>Og er Hisk\u00eda var\u00f0 \u00feess v\u00eds, a\u00f0 Sanher\u00edb k\u00e6mi og \u00e6tla\u00f0i s\u00e9r a\u00f0 r\u00e1\u00f0a \u00e1 Jer\u00fasalem,<a name=\"3\"><span class=\"versanumer\">3<\/span><\/a>\u00fe\u00e1 r\u00e9\u00f0st hann um vi\u00f0 h\u00f6fu\u00f0smenn s\u00edna og kappa a\u00f0 stemma vatnslindirnar utanborgar, og veittu \u00feeir honum stu\u00f0ning.<a name=\"4\"><span class=\"versanumer\">4<\/span><\/a>Kom \u00fe\u00e1 saman fj\u00f6ldi f\u00f3lks og stemmdu allar lindir og l\u00e6kinn, er rann um mitt landi\u00f0, og s\u00f6g\u00f0u: Hvers vegna \u00e6ttu Ass\u00fdr\u00edukonungar a\u00f0 finna gn\u00f3ttir vatns, er \u00feeir koma?<a name=\"5\"><span class=\"versanumer\">5<\/span><\/a>Hann herti \u00fev\u00ed upp hugann, gj\u00f6r\u00f0i alls sta\u00f0ar vi\u00f0 m\u00farinn, \u00fear sem hann var brotinn ni\u00f0ur, gekk upp \u00e1 turnana og ytri m\u00farinn \u00fati fyrir, v\u00edggirti Mill\u00f3 \u00ed Dav\u00ed\u00f0sborg og l\u00e9t gj\u00f6ra afar miki\u00f0 af skotvopnum og skj\u00f6ldum.<a name=\"6\"><span class=\"versanumer\">6<\/span><\/a>S\u00ed\u00f0an skipa\u00f0i hann herforingja yfir l\u00fd\u00f0inn og stefndi \u00feeim til s\u00edn \u00e1 torginu vi\u00f0 borgarhli\u00f0i\u00f0, tala\u00f0i vinsamlega til \u00feeirra og m\u00e6lti:<a name=\"7\"><span class=\"versanumer\">7<\/span><\/a>Veri\u00f0 hughraustir og \u00f6ruggir, \u00f3ttist eigi n\u00e9 hr\u00e6\u00f0ist Ass\u00fdr\u00edukonung og allan \u00feann manngr\u00faa, sem me\u00f0 honum er, \u00fev\u00ed a\u00f0 s\u00e1 er meiri, sem me\u00f0 oss er, en me\u00f0 honum.<a name=\"8\"><span class=\"versanumer\">8<\/span><\/a>\u00dev\u00ed a\u00f0 hann sty\u00f0ur mannlegur m\u00e1ttur, en me\u00f0 oss er Drottinn, Gu\u00f0 vor, til \u00feess a\u00f0 hj\u00e1lpa oss og heyja orustur vorar. Og l\u00fd\u00f0urinn treysti \u00e1 or\u00f0 Hisk\u00eda J\u00fadakonungs.<a name=\"9\"><span class=\"versanumer\">9<\/span><\/a>Eftir \u00feetta sendi Sanher\u00edb Ass\u00fdr\u00edukonungur \u00fej\u00f3na s\u00edna til Jer\u00fasalem en sj\u00e1lfur var hann hj\u00e1 Lak\u00eds og allt li\u00f0 hans hj\u00e1 honum \u00e1 fund Hisk\u00eda J\u00fadakonungs og allra J\u00fadamanna, \u00feeirra er voru \u00ed Jer\u00fasalem, me\u00f0 svol\u00e1tandi or\u00f0sending:<a name=\"10\"><span class=\"versanumer\">10<\/span><\/a>Svo segir Sanher\u00edb Ass\u00fdr\u00edukonungur: \u00c1 hva\u00f0 treysti\u00f0 \u00fe\u00e9r, er \u00fe\u00e9r sitji\u00f0 innikrepptir \u00ed Jer\u00fasalem?<a name=\"11\"><span class=\"versanumer\">11<\/span><\/a>Vissulega ginnir Hisk\u00eda y\u00f0ur til \u00feess a\u00f0 l\u00e1ta y\u00f0ur deyja \u00far hungri og \u00feorsta, er hann segir: Drottinn, Gu\u00f0 vor, mun frelsa oss af hendi Ass\u00fdr\u00edukonungs!<a name=\"12\"><span class=\"versanumer\">12<\/span><\/a>Hefir \u00fe\u00e1 ekki Hisk\u00eda \u00feessi afnumi\u00f0 f\u00f3rnarh\u00e6\u00f0ir hans og \u00f6lturu, er hann bau\u00f0 J\u00fadam\u00f6nnum og Jer\u00fasalemb\u00faum \u00e1 \u00feessa lei\u00f0: \u00de\u00e9r eigi\u00f0 a\u00f0 falla fram fyrir einu altari, og \u00e1 \u00fev\u00ed einu megi\u00f0 \u00fe\u00e9r brenna reykelsi?<a name=\"13\"><span class=\"versanumer\">13<\/span><\/a>Viti\u00f0 \u00fe\u00e9r eigi hva\u00f0 \u00e9g hefi gj\u00f6rt og fe\u00f0ur m\u00ednir vi\u00f0 allar \u00fej\u00f3\u00f0ir \u00ed l\u00f6ndunum? G\u00e1tu \u00fej\u00f3\u00f0gu\u00f0ir landanna frelsa\u00f0 l\u00f6nd \u00feeirra af hendi minni?<a name=\"14\"><span class=\"versanumer\">14<\/span><\/a>Hver er s\u00e1 af \u00f6llum gu\u00f0um \u00feessara \u00fej\u00f3\u00f0a, sem fe\u00f0ur m\u00ednir hafa gj\u00f6reytt, er hafi geta\u00f0 frelsa\u00f0 l\u00fd\u00f0 sinn af hendi minni, svo a\u00f0 y\u00f0ar Gu\u00f0 geti frelsa\u00f0 y\u00f0ur af hendi minni?<a name=\"15\"><span class=\"versanumer\">15<\/span><\/a>L\u00e1ti\u00f0 \u00fev\u00ed eigi Hisk\u00eda t\u00e6la y\u00f0ur n\u00e9 ginna \u00e1 sl\u00edkan h\u00e1tt. Tr\u00fai\u00f0 honum eigi! \u00dev\u00ed a\u00f0 eigi hefir neinn gu\u00f0 nokkurrar \u00fej\u00f3\u00f0ar e\u00f0a r\u00edkis geta\u00f0 frelsa\u00f0 l\u00fd\u00f0 sinn af hendi minni e\u00f0a fe\u00f0ra minna. Hve miklu s\u00ed\u00f0ur mun \u00fe\u00e1 y\u00f0ar Gu\u00f0 frelsa y\u00f0ur af hendi minni?<a name=\"16\"><span class=\"versanumer\">16<\/span><\/a>Og enn fleira t\u00f6lu\u00f0u \u00fej\u00f3nar hans gegn Drottni Gu\u00f0i og gegn Hisk\u00eda \u00fej\u00f3ni hans.<a name=\"17\"><span class=\"versanumer\">17<\/span><\/a>Hann rita\u00f0i og br\u00e9f til \u00feess a\u00f0 sm\u00e1na Drottin, Gu\u00f0 \u00cdsraels, og tala gegn honum, \u00e1 \u00feessa lei\u00f0: Eins og \u00fej\u00f3\u00f0gu\u00f0ir landanna eigi frelsu\u00f0u \u00fej\u00f3\u00f0ir s\u00ednar af hendi minni, svo mun og Gu\u00f0 Hisk\u00eda eigi frelsa sinn l\u00fd\u00f0 af hendi minni.<a name=\"18\"><span class=\"versanumer\">18<\/span><\/a>Og \u00feeir k\u00f6llu\u00f0u me\u00f0 h\u00e1rri r\u00f6ddu \u00e1 J\u00fada tungu til l\u00fd\u00f0sins \u00ed Jer\u00fasalem, er var \u00e1 m\u00farunum, til \u00feess a\u00f0 gj\u00f6ra \u00fe\u00e1 hr\u00e6dda og felmtsfulla, svo a\u00f0 \u00feeir g\u00e6tu n\u00e1\u00f0 borginni,<a name=\"19\"><span class=\"versanumer\">19<\/span><\/a>og t\u00f6lu\u00f0u um Gu\u00f0 Jer\u00fasalemborgar eins og um gu\u00f0i hei\u00f0nu \u00fej\u00f3\u00f0anna, sem eru handaverk manna.<a name=\"20\"><span class=\"versanumer\">20<\/span><\/a>\u00de\u00e1 er Hisk\u00eda konungur og Jesaja sp\u00e1ma\u00f0ur Amozson b\u00e1\u00f0ust fyrir \u00fat af \u00feessu, og hr\u00f3pu\u00f0u til himins,<a name=\"21\"><span class=\"versanumer\">21<\/span><\/a>\u00fe\u00e1 sendi Drottinn engil, og drap hann alla kappa, h\u00f6fu\u00f0smenn og herforingja \u00ed herb\u00fa\u00f0um Ass\u00fdr\u00edukonungs, svo a\u00f0 hann sneri aftur me\u00f0 sneypu heim \u00ed land sitt. En er hann kom \u00ed hof gu\u00f0s s\u00edns, \u00fe\u00e1 felldu hans eigin synir hann \u00fear me\u00f0 sver\u00f0i.<a name=\"22\"><span class=\"versanumer\">22<\/span><\/a>\u00deannig frelsa\u00f0i Drottinn Hisk\u00eda og Jer\u00fasalemb\u00faa af hendi Sanher\u00edbs Ass\u00fdr\u00edukonungs og af hendi allra annarra, og veitti \u00feeim fri\u00f0 allt um kring.<a name=\"23\"><span class=\"versanumer\">23<\/span><\/a>Og margir f\u00e6r\u00f0u Drottni gjafir til Jer\u00fasalem, og Hisk\u00eda J\u00fadakonungi gersemar, og eftir \u00feetta var hann fr\u00e6gur talinn me\u00f0al allra \u00fej\u00f3\u00f0a.<a name=\"24\"><span class=\"versanumer\">24<\/span><\/a>Um \u00feessar mundir t\u00f3k Hisk\u00eda s\u00f3tt og var a\u00f0 dau\u00f0a kominn. \u00de\u00e1 ba\u00f0 hann til Drottins, og tala\u00f0i hann til hans og gaf honum t\u00e1kn.<a name=\"25\"><span class=\"versanumer\">25<\/span><\/a>En Hisk\u00eda endurgalt eigi velgj\u00f6r\u00f0 \u00fe\u00e1, er honum var s\u00fdnd, heldur var\u00f0 drembil\u00e1tur, og kom \u00fev\u00ed rei\u00f0i yfir hann og yfir J\u00fada og Jer\u00fasalem.<a name=\"26\"><span class=\"versanumer\">26<\/span><\/a>\u00de\u00e1 l\u00e6g\u00f0i Hisk\u00eda dramb sitt, b\u00e6\u00f0i hann og Jer\u00fasalemb\u00faar, og kom \u00fev\u00ed rei\u00f0i Drottins eigi yfir \u00fe\u00e1 me\u00f0an Hisk\u00eda lif\u00f0i.<a name=\"27\"><span class=\"versanumer\">27<\/span><\/a>Og Hisk\u00eda bj\u00f3 vi\u00f0 afar mikinn au\u00f0 og s\u00e6md. Hann l\u00e9t gj\u00f6ra f\u00e9hirslur handa s\u00e9r fyrir silfur og gull og d\u00fdra steina, svo og fyrir kryddjurtir, skj\u00f6ldu og alls konar ver\u00f0m\u00e6ta muni,<a name=\"28\"><span class=\"versanumer\">28<\/span><\/a>for\u00f0ab\u00far fyrir korn-, aldinlagar- og ol\u00edu-afur\u00f0irnar, svo og h\u00fas fyrir alls konar kvikf\u00e9na\u00f0 og fj\u00e1rborgir fyrir hjar\u00f0irnar.<a name=\"29\"><span class=\"versanumer\">29<\/span><\/a>Og hann l\u00e9t gj\u00f6ra borgir handa s\u00e9r og afla\u00f0i s\u00e9r fj\u00f6lda hjar\u00f0a af sau\u00f0um og nautum, \u00fev\u00ed a\u00f0 Gu\u00f0 veitti honum afar miklar eignir.<a name=\"30\"><span class=\"versanumer\">30<\/span><\/a>Hisk\u00eda \u00feessi stemmdi og efri uppsprettur G\u00edhonlindar, og veitti vatninu ni\u00f0ur eftir a\u00f0 Dav\u00ed\u00f0sborg vestanver\u00f0ri, og Hisk\u00eda var\u00f0 au\u00f0numa\u00f0ur \u00ed \u00f6llu \u00fev\u00ed, er hann t\u00f3k s\u00e9r fyrir hendur.<a name=\"31\"><span class=\"versanumer\">31<\/span><\/a>\u00deess vegna gaf Gu\u00f0 hann \u00ed hendur sendimanna Babelh\u00f6f\u00f0ingjanna, er sendir voru til hans til \u00feess a\u00f0 fr\u00e9tta um t\u00e1kni\u00f0, er or\u00f0i\u00f0 haf\u00f0i \u00ed landinu, a\u00f0eins til \u00feess a\u00f0 reyna hann, svo a\u00f0 hann m\u00e6tti f\u00e1 a\u00f0 vita um allt \u00fea\u00f0, er honum bj\u00f3 \u00ed huga.<a name=\"32\"><span class=\"versanumer\">32<\/span><\/a>\u00dea\u00f0 sem meira er a\u00f0 segja um Hisk\u00eda og g\u00f3\u00f0verk hans, \u00fea\u00f0 er rita\u00f0 \u00ed vitrun Jesaja Amozsonar sp\u00e1manns, \u00ed b\u00f3k J\u00fada- og \u00cdsraelskonunga.<a name=\"33\"><span class=\"versanumer\">33<\/span><\/a>Og Hisk\u00eda lag\u00f0ist til hv\u00edldar hj\u00e1 fe\u00f0rum s\u00ednum, og var grafinn \u00fear sem gengi\u00f0 er upp a\u00f0 gr\u00f6fum Dav\u00ed\u00f0sni\u00f0ja, og allur J\u00fada og Jer\u00fasalemb\u00faar s\u00fdndu honum s\u00e6md, er hann anda\u00f0ist. Og Manasse sonur hans t\u00f3k r\u00edki eftir hann.<\/p>\n<div class=\"footnote1981\"><b>32.1-8<\/b> sbr 2Kon 18.13; Jes 36.1<br \/>\n<b>32.8<\/b> Me\u00f0 \u00feeim, me\u00f0 okkur 2Kon 6.16<br \/>\n<b>32.9-19<\/b> sbr 2Kon 18.17-37; 19.9-19; Jes 36.2-22; 37.9-20<br \/>\n<b>32.20-23<\/b> sbr 2Kon 19.1, 35-37; Jes 37.1,36-38<br \/>\n<b>32.24-33<\/b> sbr 2Kon 20.1-21; Jes 38.1-8; 39<\/div>\n","protected":false},"excerpt":{"rendered":"<p>1Eftir \u00feessa atbur\u00f0i og eftir a\u00f0 hann haf\u00f0i s\u00fdnt tr\u00famennsku \u00feessa, kom Sanher\u00edb Ass\u00fdr\u00edukonungur. Hann r\u00e9\u00f0st inn \u00ed J\u00fada, settist um v\u00edggirtar borgir og hug\u00f0ist n\u00e1 \u00feeim \u00e1 sitt vald.2Og er Hisk\u00eda var\u00f0 \u00feess v\u00eds, a\u00f0 Sanher\u00edb k\u00e6mi og \u00e6tla\u00f0i s\u00e9r a\u00f0 r\u00e1\u00f0a \u00e1 Jer\u00fasalem,3\u00fe\u00e1 r\u00e9\u00f0st hann um vi\u00f0 h\u00f6fu\u00f0smenn s\u00edna og kappa a\u00f0 stemma vatnslindirnar utanborgar, og veittu \u00feeir honum stu\u00f0ning.4Kom \u00fe\u00e1 saman fj\u00f6ldi f\u00f3lks og stemmdu allar lindir og l\u00e6kinn, er rann um mitt landi\u00f0, og s\u00f6g\u00f0u: Hvers vegna \u00e6ttu Ass\u00fdr\u00edukonungar a\u00f0 finna gn\u00f3ttir vatns, er \u00feeir koma?5Hann herti \u00fev\u00ed upp hugann, gj\u00f6r\u00f0i alls sta\u00f0ar vi\u00f0 m\u00farinn, \u00fear <a href=\"https:\/\/biblian.is\/1981\/sidari-kronikubok-32-kafli\/\"> [&#8230;]<\/a><\/p>\n","protected":false},"author":1,"featured_media":0,"parent":0,"menu_order":0,"comment_status":"open","ping_status":"open","template":"bibliukaflar.php","meta":{"footnotes":""},"class_list":["post-1745","page","type-page","status-publish","hentry"],"_links":{"self":[{"href":"https:\/\/biblian.is\/1981\/wp-json\/wp\/v2\/pages\/1745","targetHints":{"allow":["GET"]}}],"collection":[{"href":"https:\/\/biblian.is\/1981\/wp-json\/wp\/v2\/pages"}],"about":[{"href":"https:\/\/biblian.is\/1981\/wp-json\/wp\/v2\/types\/page"}],"author":[{"embeddable":true,"href":"https:\/\/biblian.is\/1981\/wp-json\/wp\/v2\/users\/1"}],"replies":[{"embeddable":true,"href":"https:\/\/biblian.is\/1981\/wp-json\/wp\/v2\/comments?post=1745"}],"version-history":[{"count":0,"href":"https:\/\/biblian.is\/1981\/wp-json\/wp\/v2\/pages\/1745\/revisions"}],"wp:attachment":[{"href":"https:\/\/biblian.is\/1981\/wp-json\/wp\/v2\/media?parent=1745"}],"curies":[{"name":"wp","href":"https:\/\/api.w.org\/{rel}","templated":true}]}}