{"id":1744,"date":"2017-11-18T20:18:28","date_gmt":"2017-11-18T20:18:28","guid":{"rendered":"http:\/\/biblian.is\/1981\/sidari-kronikubok-31-kafli\/"},"modified":"2021-06-06T11:10:37","modified_gmt":"2021-06-06T11:10:37","slug":"sidari-kronikubok-31-kafli","status":"publish","type":"page","link":"https:\/\/biblian.is\/1981\/sidari-kronikubok-31-kafli\/","title":{"rendered":"S\u00ed\u00f0ari kron\u00edkub\u00f3k 31. kafli"},"content":{"rendered":"<p><a name=\"1\"><span class=\"versanumer\">1<\/span><\/a>\u00deegar \u00f6llu \u00feessu var loki\u00f0, f\u00f3ru allir \u00cdsraelsmenn, er \u00fear voru vi\u00f0staddir, til J\u00fada-borga, brutu sundur merkissteinana, hjuggu sundur as\u00e9rurnar og rifu ni\u00f0ur f\u00f3rnarh\u00e6\u00f0irnar og \u00f6lturun \u00ed \u00f6llum J\u00fada, Benjam\u00edn, Efra\u00edm og Manasse, uns \u00feeim var gj\u00f6reytt. F\u00f3ru s\u00ed\u00f0an allir \u00cdsraelsmenn aftur til borga sinna, hver til s\u00edns \u00f3\u00f0als.<a name=\"2\"><span class=\"versanumer\">2<\/span><\/a>Hisk\u00eda setti presta- og lev\u00edtaflokkana, eftir flokkaskipun \u00feeirra hvern eftir sinni presta- e\u00f0a lev\u00edta-\u00fej\u00f3nustu vi\u00f0 brennif\u00f3rnir e\u00f0a heillaf\u00f3rnir til \u00feess a\u00f0 \u00fej\u00f3na og syngja lof og \u00feakkargj\u00f6r\u00f0 \u00ed herb\u00fa\u00f0ahli\u00f0um Drottins.<a name=\"3\"><span class=\"versanumer\">3<\/span><\/a>Og skerfur s\u00e1, er konungur lag\u00f0i til af eigum s\u00ednum, gekk til brennif\u00f3rnanna, til brennif\u00f3rnanna kvelds og morgna, svo og til brennif\u00f3rnanna \u00e1 hv\u00edldard\u00f6gunum, tunglkomud\u00f6gunum og l\u00f6gh\u00e1t\u00ed\u00f0unum, samkv\u00e6mt \u00fev\u00ed sem rita\u00f0 er \u00ed l\u00f6gm\u00e1li Drottins.<a name=\"4\"><span class=\"versanumer\">4<\/span><\/a>Og hann bau\u00f0 l\u00fd\u00f0num, Jer\u00fasalemb\u00faum, a\u00f0 gefa prestunum og lev\u00edtunum \u00feeirra skerf, svo a\u00f0 \u00feeir m\u00e6ttu halda fast vi\u00f0 l\u00f6gm\u00e1l Drottins.<a name=\"5\"><span class=\"versanumer\">5<\/span><\/a>Og er \u00feetta bo\u00f0 barst \u00fat, reiddu \u00cdsraelsmenn fram r\u00edkulega frumgr\u00f3\u00f0a af korni, aldinlegi, ol\u00edu, hunangi og \u00f6llum jar\u00f0argr\u00f3\u00f0a, og f\u00e6r\u00f0u t\u00edundir af \u00f6llu.<a name=\"6\"><span class=\"versanumer\">6<\/span><\/a>En \u00cdsraelsmenn og J\u00fadamenn, er bjuggu \u00ed J\u00fadaborgum, \u00feeir f\u00e6r\u00f0u og t\u00edundir af nautum og sau\u00f0um og t\u00edundir af helgigj\u00f6funum, er helga\u00f0ar voru Drottni, Gu\u00f0i \u00feeirra, og l\u00f6g\u00f0u bing vi\u00f0 bing.<a name=\"7\"><span class=\"versanumer\">7<\/span><\/a>T\u00f3ku \u00feeir a\u00f0 hr\u00faga upp bingjunum \u00ed \u00feri\u00f0ja m\u00e1nu\u00f0i og luku vi\u00f0 \u00fea\u00f0 \u00ed sj\u00f6unda m\u00e1nu\u00f0i.<a name=\"8\"><span class=\"versanumer\">8<\/span><\/a>Kom \u00fe\u00e1 Hisk\u00eda og h\u00f6fu\u00f0smennirnir, litu \u00e1 bingina og lofu\u00f0u Drottin og l\u00fd\u00f0 hans \u00cdsrael.<a name=\"9\"><span class=\"versanumer\">9<\/span><\/a>Og er Hisk\u00eda spur\u00f0i prestana og lev\u00edtana um bingina,<a name=\"10\"><span class=\"versanumer\">10<\/span><\/a>\u00fe\u00e1 svara\u00f0i honum Asarja, h\u00f6fu\u00f0prestur af \u00e6tt Sad\u00f3ks, og sag\u00f0i: Fr\u00e1 \u00fev\u00ed er byrja\u00f0 var \u00e1 a\u00f0 f\u00e6ra gjafir \u00ed musteri Drottins, h\u00f6fum v\u00e9r eti\u00f0 oss sadda og haft \u00fe\u00f3 afar miki\u00f0 afgangs, \u00fev\u00ed a\u00f0 Drottinn hefir blessa\u00f0 l\u00fd\u00f0 sinn, svo a\u00f0 v\u00e9r h\u00f6fum \u00feessi kynstur afgangs.<a name=\"11\"><span class=\"versanumer\">11<\/span><\/a>\u00de\u00e1 bau\u00f0 Hisk\u00eda, a\u00f0 gj\u00f6ra skyldi klefa \u00ed musteri Drottins, og er svo var gj\u00f6rt,<a name=\"12\"><span class=\"versanumer\">12<\/span><\/a>f\u00e6r\u00f0u menn \u00feanga\u00f0 r\u00e1\u00f0vandlega gjafirnar og t\u00edundirnar og helgigjafirnar. Var Kananja lev\u00edti umsj\u00f3narma\u00f0ur yfir \u00feeim, og S\u00edme\u00ed br\u00f3\u00f0ir hans n\u00e6stur honum,<a name=\"13\"><span class=\"versanumer\">13<\/span><\/a>en Jeh\u00edel, Asasja, Nahat, Asahel, Jer\u00edm\u00f3t, J\u00f3sabad, El\u00edel, Jismakja, Mahat og Benaja voru skipa\u00f0ir Kananja og S\u00edme\u00ed br\u00f3\u00f0ur hans til a\u00f0sto\u00f0ar vi\u00f0 umsj\u00f3nina, eftir bo\u00f0i Hisk\u00eda konungs og Asarja, h\u00f6fu\u00f0smanns yfir musteri Gu\u00f0s.<a name=\"14\"><span class=\"versanumer\">14<\/span><\/a>Og K\u00f3re Jimnason lev\u00edti, hli\u00f0v\u00f6r\u00f0ur a\u00f0 austanver\u00f0u, haf\u00f0i umsj\u00f3n me\u00f0 sj\u00e1lfviljagj\u00f6funum, er f\u00e6r\u00f0ar voru Gu\u00f0i, til \u00feess a\u00f0 afhenda gjafir Drottins og hinar h\u00e1helgu gjafir.<a name=\"15\"><span class=\"versanumer\">15<\/span><\/a>En undir honum st\u00f3\u00f0u Eden, Minjam\u00edn, Jes\u00faa, Semaja, Amarja og Sekanja, og skyldu \u00feeir me\u00f0 samviskusemi skipta me\u00f0 fr\u00e6ndum s\u00ednum \u00ed prestaborgunum, b\u00e6\u00f0i eldri og yngri, eftir flokkum \u00feeirra,<a name=\"16\"><span class=\"versanumer\">16<\/span><\/a>auk \u00feeirra af karlkyni, er skr\u00e1\u00f0ir voru \u00ed \u00e6ttart\u00f6lur, \u00ferevetrum og \u00fea\u00f0an af eldri, \u00f6llum \u00feeim, er komu \u00ed musteri Drottins, svo sem \u00e1 \u00feurfti a\u00f0 halda dag hvern, til \u00feess a\u00f0 r\u00e6kja st\u00f6rf s\u00edn eftir flokkum samkv\u00e6mt \u00fej\u00f3nustu sinni.<a name=\"17\"><span class=\"versanumer\">17<\/span><\/a>Og prestarnir voru skr\u00e1\u00f0ir \u00ed \u00e6ttart\u00f6lur eftir \u00e6ttum, svo og lev\u00edtarnir, tv\u00edtugir og \u00fea\u00f0an af eldri, samkv\u00e6mt \u00fej\u00f3nustu \u00feeirra og flokkaskipun.<a name=\"18\"><span class=\"versanumer\">18<\/span><\/a>Voru \u00feeir skr\u00e1\u00f0ir \u00ed \u00e6ttart\u00f6lur \u00e1samt b\u00f6rnum \u00feeirra, konum, sonum og d\u00e6trum \u00far allri st\u00e9ttinni, \u00fev\u00ed a\u00f0 hinum helgu hlutum \u00e1tti a\u00f0 skipta r\u00e1\u00f0vandlega.<a name=\"19\"><span class=\"versanumer\">19<\/span><\/a>Auk \u00feess h\u00f6f\u00f0u prestarnir, ni\u00f0jar Arons, menn \u00e1 lendum \u00feeim, er voru \u00e1 beitil\u00f6ndunum, er l\u00e1gu undir borgir \u00feeirra, \u00ed s\u00e9rhverri borg menn er skr\u00e1\u00f0ir voru me\u00f0 nafni og skyldu \u00feeir f\u00e1 \u00f6llum karlm\u00f6nnum af prestunum og \u00f6llum lev\u00edtunum, er skr\u00e1\u00f0ir voru \u00ed \u00e6ttart\u00f6lur, sinn skerf.<a name=\"20\"><span class=\"versanumer\">20<\/span><\/a>Svo gj\u00f6r\u00f0i Hisk\u00eda \u00ed \u00f6llum J\u00fada, og hann gj\u00f6r\u00f0i \u00fea\u00f0, sem gott var og r\u00e9tt og r\u00e1\u00f0vandlegt fyrir Drottni, Gu\u00f0i hans.<a name=\"21\"><span class=\"versanumer\">21<\/span><\/a>Og \u00ed hverju \u00fev\u00ed verki, er hann t\u00f3k s\u00e9r fyrir hendur vi\u00f0v\u00edkjandi \u00fej\u00f3nustunni vi\u00f0 musteri Gu\u00f0s, og l\u00f6gm\u00e1linu og bo\u00f0inu um a\u00f0 leita Gu\u00f0s s\u00edns, breytti hann af heilum hug og var\u00f0 au\u00f0numa\u00f0ur.<\/p>\n<div class=\"footnote1981\"><b>31.1<\/b> Hjuggu, ey\u00f0il\u00f6g\u00f0u 2M\u00f3s 23.24+<br \/>\n<b>31.4<\/b> Hlutur lev\u00edta og presta 4M\u00f3s 18.8-24+<\/div>\n","protected":false},"excerpt":{"rendered":"<p>1\u00deegar \u00f6llu \u00feessu var loki\u00f0, f\u00f3ru allir \u00cdsraelsmenn, er \u00fear voru vi\u00f0staddir, til J\u00fada-borga, brutu sundur merkissteinana, hjuggu sundur as\u00e9rurnar og rifu ni\u00f0ur f\u00f3rnarh\u00e6\u00f0irnar og \u00f6lturun \u00ed \u00f6llum J\u00fada, Benjam\u00edn, Efra\u00edm og Manasse, uns \u00feeim var gj\u00f6reytt. F\u00f3ru s\u00ed\u00f0an allir \u00cdsraelsmenn aftur til borga sinna, hver til s\u00edns \u00f3\u00f0als.2Hisk\u00eda setti presta- og lev\u00edtaflokkana, eftir flokkaskipun \u00feeirra hvern eftir sinni presta- e\u00f0a lev\u00edta-\u00fej\u00f3nustu vi\u00f0 brennif\u00f3rnir e\u00f0a heillaf\u00f3rnir til \u00feess a\u00f0 \u00fej\u00f3na og syngja lof og \u00feakkargj\u00f6r\u00f0 \u00ed herb\u00fa\u00f0ahli\u00f0um Drottins.3Og skerfur s\u00e1, er konungur lag\u00f0i til af eigum s\u00ednum, gekk til brennif\u00f3rnanna, til brennif\u00f3rnanna kvelds og morgna, svo og til brennif\u00f3rnanna \u00e1 <a href=\"https:\/\/biblian.is\/1981\/sidari-kronikubok-31-kafli\/\"> [&#8230;]<\/a><\/p>\n","protected":false},"author":1,"featured_media":0,"parent":0,"menu_order":0,"comment_status":"open","ping_status":"open","template":"bibliukaflar.php","meta":{"footnotes":""},"class_list":["post-1744","page","type-page","status-publish","hentry"],"_links":{"self":[{"href":"https:\/\/biblian.is\/1981\/wp-json\/wp\/v2\/pages\/1744","targetHints":{"allow":["GET"]}}],"collection":[{"href":"https:\/\/biblian.is\/1981\/wp-json\/wp\/v2\/pages"}],"about":[{"href":"https:\/\/biblian.is\/1981\/wp-json\/wp\/v2\/types\/page"}],"author":[{"embeddable":true,"href":"https:\/\/biblian.is\/1981\/wp-json\/wp\/v2\/users\/1"}],"replies":[{"embeddable":true,"href":"https:\/\/biblian.is\/1981\/wp-json\/wp\/v2\/comments?post=1744"}],"version-history":[{"count":0,"href":"https:\/\/biblian.is\/1981\/wp-json\/wp\/v2\/pages\/1744\/revisions"}],"wp:attachment":[{"href":"https:\/\/biblian.is\/1981\/wp-json\/wp\/v2\/media?parent=1744"}],"curies":[{"name":"wp","href":"https:\/\/api.w.org\/{rel}","templated":true}]}}