{"id":1743,"date":"2017-11-18T20:18:28","date_gmt":"2017-11-18T20:18:28","guid":{"rendered":"http:\/\/biblian.is\/1981\/sidari-kronikubok-30-kafli\/"},"modified":"2021-06-06T11:10:37","modified_gmt":"2021-06-06T11:10:37","slug":"sidari-kronikubok-30-kafli","status":"publish","type":"page","link":"https:\/\/biblian.is\/1981\/sidari-kronikubok-30-kafli\/","title":{"rendered":"S\u00ed\u00f0ari kron\u00edkub\u00f3k 30. kafli"},"content":{"rendered":"<p><a name=\"1\"><span class=\"versanumer\">1<\/span><\/a>S\u00ed\u00f0an sendi Hisk\u00eda menn til alls \u00cdsraels og J\u00fada og rita\u00f0i einnig br\u00e9f til Efra\u00edms og Manasse um a\u00f0 koma til musteris Drottins \u00ed Jer\u00fasalem til \u00feess a\u00f0 halda Drottni, Gu\u00f0i \u00cdsraels, p\u00e1ska.<a name=\"2\"><span class=\"versanumer\">2<\/span><\/a>R\u00e9\u00f0 konungur \u00fea\u00f0 af og h\u00f6fu\u00f0smenn hans og allur s\u00f6fnu\u00f0urinn \u00ed Jer\u00fasalem, a\u00f0 halda p\u00e1ska \u00ed \u00f6\u00f0rum m\u00e1nu\u00f0inum.<a name=\"3\"><span class=\"versanumer\">3<\/span><\/a>\u00dev\u00ed a\u00f0 um \u00feetta leyti g\u00e1tu \u00feeir eigi haldi\u00f0 \u00fe\u00e1, sakir \u00feess a\u00f0 eigi h\u00f6f\u00f0u n\u00e6gilega margir prestar helga\u00f0 sig og l\u00fd\u00f0num var eigi enn stefnt saman til Jer\u00fasalem.<a name=\"4\"><span class=\"versanumer\">4<\/span><\/a>Leist konungi og s\u00f6fnu\u00f0inum \u00f6llum \u00feetta r\u00e9tt,<a name=\"5\"><span class=\"versanumer\">5<\/span><\/a>og kv\u00e1\u00f0u \u00fev\u00ed svo \u00e1, a\u00f0 bo\u00f0a skyldi um allan \u00cdsrael fr\u00e1 Beerseba til Dan, a\u00f0 menn skyldu koma til \u00feess a\u00f0 halda Drottni, Gu\u00f0i \u00cdsraels, p\u00e1ska \u00ed Jer\u00fasalem, \u00fev\u00ed a\u00f0 \u00feeir h\u00f6f\u00f0u eigi haldi\u00f0 \u00fe\u00e1 eins fj\u00f6lmennir og fyrir var m\u00e6lt.<a name=\"6\"><span class=\"versanumer\">6<\/span><\/a>\u00de\u00e1 f\u00f3ru hra\u00f0bo\u00f0arnir me\u00f0 br\u00e9f fr\u00e1 konungi og h\u00f6fu\u00f0sm\u00f6nnum hans um allan \u00cdsrael og J\u00fada, og m\u00e6ltu svo eftir bo\u00f0i konungs: \u00de\u00e9r \u00cdsraelsmenn! Sn\u00fai\u00f0 aftur til Drottins, Gu\u00f0s Abrahams, \u00cdsaks og \u00cdsraels, til \u00feess a\u00f0 hann sn\u00fai s\u00e9r a\u00f0 leifunum, er komist hafa undan af y\u00f0ur \u00far hendi Ass\u00fdr\u00edukonungs.<a name=\"7\"><span class=\"versanumer\">7<\/span><\/a>Veri\u00f0 eigi sem fe\u00f0ur y\u00f0ar og fr\u00e6ndur, er s\u00fdndu \u00f3tr\u00famennsku Drottni, Gu\u00f0i fe\u00f0ra sinna, svo a\u00f0 hann ofurseldi \u00fe\u00e1 ey\u00f0ileggingunni, svo sem \u00fe\u00e9r sj\u00e1i\u00f0.<a name=\"8\"><span class=\"versanumer\">8<\/span><\/a>\u00deverskallist \u00fev\u00ed eigi svo sem fe\u00f0ur y\u00f0ar, r\u00e9tti\u00f0 Drottni h\u00f6ndina og komi\u00f0 til helgid\u00f3ms hans, er hann hefir helga\u00f0 a\u00f0 eil\u00edfu, og \u00fej\u00f3ni\u00f0 Drottni, Gu\u00f0i y\u00f0ar, svo a\u00f0 hin brennandi rei\u00f0i hans megi hverfa fr\u00e1 y\u00f0ur.<a name=\"9\"><span class=\"versanumer\">9<\/span><\/a>\u00dev\u00ed a\u00f0 ef \u00fe\u00e9r sn\u00fai\u00f0 y\u00f0ur til Drottins, \u00fe\u00e1 munu br\u00e6\u00f0ur y\u00f0ar og synir finna miskunn hj\u00e1 \u00feeim, er hafa flutt \u00fe\u00e1 burt hernumda, svo a\u00f0 \u00feeir megi hverfa heim aftur til \u00feessa lands. \u00dev\u00ed a\u00f0 n\u00e1\u00f0ugur og miskunnsamur er Drottinn, Gu\u00f0 y\u00f0ar, og hann mun eigi sn\u00faa augliti s\u00ednu fr\u00e1 y\u00f0ur, ef \u00fe\u00e9r sn\u00fai\u00f0 y\u00f0ur aftur til hans.<a name=\"10\"><span class=\"versanumer\">10<\/span><\/a>Og hra\u00f0bo\u00f0arnir f\u00f3ru \u00far einni borginni \u00ed a\u00f0ra \u00ed Efra\u00edm- og Manasselandi og allt til Seb\u00falons, en menn hl\u00f3gu a\u00f0 \u00feeim og gj\u00f6r\u00f0u gys a\u00f0 \u00feeim.<a name=\"11\"><span class=\"versanumer\">11<\/span><\/a>\u00de\u00f3 l\u00e6g\u00f0u sig nokkrir menn af Asser, Manasse og Seb\u00falon, og komu til Jer\u00fasalem.<a name=\"12\"><span class=\"versanumer\">12<\/span><\/a>Einnig \u00ed J\u00fada r\u00e9\u00f0 h\u00f6nd Gu\u00f0s, svo a\u00f0 hann gaf \u00feeim eindr\u00e6gni til \u00feess a\u00f0 fylgja bo\u00f0i \u00fev\u00ed, er konungur og h\u00f6fu\u00f0smennirnir h\u00f6f\u00f0u l\u00e1ti\u00f0 \u00fat ganga a\u00f0 bo\u00f0i Drottins.<a name=\"13\"><span class=\"versanumer\">13<\/span><\/a>S\u00ed\u00f0an safna\u00f0ist fj\u00f6ldi f\u00f3lks saman \u00ed Jer\u00fasalem til \u00feess a\u00f0 halda h\u00e1t\u00ed\u00f0 hinna \u00f3s\u00fdr\u00f0u brau\u00f0a \u00ed \u00f6\u00f0rum m\u00e1nu\u00f0i. Var \u00fea\u00f0 afar mikill s\u00f6fnu\u00f0ur.<a name=\"14\"><span class=\"versanumer\">14<\/span><\/a>H\u00f3fust \u00feeir \u00fe\u00e1 handa og afn\u00e1mu \u00f6lturun, er voru \u00ed Jer\u00fasalem, svo afn\u00e1mu \u00feeir og \u00f6ll reykelsis\u00f6lturun og fleyg\u00f0u \u00ed K\u00eddronl\u00e6k.<a name=\"15\"><span class=\"versanumer\">15<\/span><\/a>S\u00ed\u00f0an sl\u00e1tru\u00f0u \u00feeir p\u00e1skalambinu \u00e1 fj\u00f3rt\u00e1nda degi hins annars m\u00e1na\u00f0ar, og prestarnir og lev\u00edtarnir blyg\u00f0u\u00f0ust s\u00edn og f\u00e6r\u00f0u brennif\u00f3rnir \u00ed musteri Drottins.<a name=\"16\"><span class=\"versanumer\">16<\/span><\/a>Og \u00feeir gengu fram \u00e1 sinn \u00e1kve\u00f0na sta\u00f0, eins og \u00feeim var fyrir sett samkv\u00e6mt l\u00f6gm\u00e1li gu\u00f0smannsins M\u00f3se. St\u00f6kktu prestarnir bl\u00f3\u00f0inu, er \u00feeir h\u00f6f\u00f0u teki\u00f0 vi\u00f0 \u00fev\u00ed hj\u00e1 lev\u00edtunum.<a name=\"17\"><span class=\"versanumer\">17<\/span><\/a>\u00dev\u00ed a\u00f0 margir voru \u00feeir \u00ed s\u00f6fnu\u00f0inum, er eigi h\u00f6f\u00f0u helga\u00f0 sig, en lev\u00edtarnir s\u00e1u um sl\u00e1trun \u00e1 p\u00e1skal\u00f6mbunum fyrir alla \u00fe\u00e1, er eigi voru hreinir, til \u00feess a\u00f0 helga \u00feau Drottni.<a name=\"18\"><span class=\"versanumer\">18<\/span><\/a>\u00dev\u00ed a\u00f0 fj\u00f6ldi l\u00fd\u00f0sins, margir \u00far Efra\u00edm, Manasse, \u00cdssakar og Seb\u00falon h\u00f6f\u00f0u eigi hreinsa\u00f0 sig, og neyttu eigi p\u00e1skalambsins \u00e1 \u00feann h\u00e1tt, sem fyrir er m\u00e6lt, en Hisk\u00eda ba\u00f0 fyrir \u00feeim og sag\u00f0i: Drottinn, sem er g\u00f3\u00f0ur, fyrirgefi<a name=\"19\"><span class=\"versanumer\">19<\/span><\/a>hverjum er leggur hug \u00e1 a\u00f0 leita Gu\u00f0s, Drottins, Gu\u00f0s fe\u00f0ra sinna, enda \u00fe\u00f3tt hann eigi s\u00e9 svo hreinn sem s\u00e6mir helgid\u00f3minum.<a name=\"20\"><span class=\"versanumer\">20<\/span><\/a>Og Drottinn b\u00e6nheyr\u00f0i Hisk\u00eda og \u00feyrmdi l\u00fd\u00f0num.<a name=\"21\"><span class=\"versanumer\">21<\/span><\/a>Svo h\u00e9ldu \u00fe\u00e1 \u00cdsraelsmenn, \u00feeir er voru \u00ed Jer\u00fasalem, h\u00e1t\u00ed\u00f0 hinna \u00f3s\u00fdr\u00f0u brau\u00f0a \u00ed sj\u00f6 daga me\u00f0 miklum f\u00f6gnu\u00f0i, og prestarnir og lev\u00edtarnir lofu\u00f0u Drottin dag eftir dag af \u00f6llum m\u00e6tti.<a name=\"22\"><span class=\"versanumer\">22<\/span><\/a>Og Hisk\u00eda tala\u00f0i vinsamlega vi\u00f0 alla lev\u00edtana, er s\u00fdndu g\u00f3\u00f0an skilning \u00e1 \u00fej\u00f3nustu Drottins. \u00c1tu \u00feeir s\u00ed\u00f0an h\u00e1t\u00ed\u00f0arf\u00f3rnina \u00ed sj\u00f6 daga og sl\u00e1tru\u00f0u heillaf\u00f3rnum og lofu\u00f0u Drottin, Gu\u00f0 fe\u00f0ra sinna.<a name=\"23\"><span class=\"versanumer\">23<\/span><\/a>Og allur s\u00f6fnu\u00f0urinn r\u00e9\u00f0 \u00fea\u00f0 af a\u00f0 halda h\u00e1t\u00ed\u00f0 a\u00f0ra sj\u00f6 daga, og h\u00e9ldu \u00feeir svo fagna\u00f0arh\u00e1t\u00ed\u00f0 \u00ed sj\u00f6 daga.<a name=\"24\"><span class=\"versanumer\">24<\/span><\/a>\u00dev\u00ed a\u00f0 Hisk\u00eda J\u00fadakonungur haf\u00f0i gefi\u00f0 s\u00f6fnu\u00f0inum \u00fe\u00fasund naut og sj\u00f6 \u00fe\u00fasund sau\u00f0i, og h\u00f6fu\u00f0smennirnir h\u00f6f\u00f0u gefi\u00f0 s\u00f6fnu\u00f0inum \u00fe\u00fasund naut og t\u00edu \u00fe\u00fasund sau\u00f0i. Og fj\u00f6ldi presta helga\u00f0i sig.<a name=\"25\"><span class=\"versanumer\">25<\/span><\/a>Svo fagna\u00f0i \u00fe\u00e1 allur J\u00fadas\u00f6fnu\u00f0ur og prestarnir og lev\u00edtarnir og allur s\u00f6fnu\u00f0ur \u00feeirra, er komnir voru \u00far \u00cdsrael, og \u00fatlendingarnir, er komnir voru \u00far \u00cdsraelslandi, og \u00feeir er bjuggu \u00ed J\u00fada.<a name=\"26\"><span class=\"versanumer\">26<\/span><\/a>Og mikill f\u00f6gnu\u00f0ur var \u00ed Jer\u00fasalem, \u00fev\u00ed a\u00f0 s\u00ed\u00f0an \u00e1 d\u00f6gum Sal\u00f3mons, sonar Dav\u00ed\u00f0s \u00cdsraelskonungs, haf\u00f0i sl\u00edkt eigi bori\u00f0 vi\u00f0 \u00ed Jer\u00fasalem.<a name=\"27\"><span class=\"versanumer\">27<\/span><\/a>Og lev\u00edtaprestarnir st\u00f3\u00f0u upp og blessu\u00f0u l\u00fd\u00f0inn, og hr\u00f3p \u00feeirra var heyrt og b\u00e6n \u00feeirra komst til hins heilaga b\u00fasta\u00f0ar hans, til himins.<\/p>\n<div class=\"footnote1981\"><b>30.6<\/b> Gu\u00f0 Abrahams, \u00cdsaks og \u00cdsraels 2M\u00f3s 3.6+<br \/>\n<b>30.9<\/b> N\u00e1\u00f0ugur og miskunnsamur 2M\u00f3s 34.6-7+<br \/>\n<b>30.14<\/b> \u00d6ll \u00f6lturun 2Kro 28.24<br \/>\n<b>30.15<\/b> Blyg\u00f0u\u00f0ust s\u00edn Esr 9.6<br \/>\n<b>30.25<\/b> A\u00f0komumenn 2Kro 11.16-17; 15.9<br \/>\n<b>30.26<\/b> \u00c1 d\u00f6gum Sal\u00f3mons 1Kon 8.66<br \/>\n<b>30.27<\/b> Blessu\u00f0u f\u00f3lki\u00f0 3M\u00f3s 9.22-23+<\/div>\n","protected":false},"excerpt":{"rendered":"<p>1S\u00ed\u00f0an sendi Hisk\u00eda menn til alls \u00cdsraels og J\u00fada og rita\u00f0i einnig br\u00e9f til Efra\u00edms og Manasse um a\u00f0 koma til musteris Drottins \u00ed Jer\u00fasalem til \u00feess a\u00f0 halda Drottni, Gu\u00f0i \u00cdsraels, p\u00e1ska.2R\u00e9\u00f0 konungur \u00fea\u00f0 af og h\u00f6fu\u00f0smenn hans og allur s\u00f6fnu\u00f0urinn \u00ed Jer\u00fasalem, a\u00f0 halda p\u00e1ska \u00ed \u00f6\u00f0rum m\u00e1nu\u00f0inum.3\u00dev\u00ed a\u00f0 um \u00feetta leyti g\u00e1tu \u00feeir eigi haldi\u00f0 \u00fe\u00e1, sakir \u00feess a\u00f0 eigi h\u00f6f\u00f0u n\u00e6gilega margir prestar helga\u00f0 sig og l\u00fd\u00f0num var eigi enn stefnt saman til Jer\u00fasalem.4Leist konungi og s\u00f6fnu\u00f0inum \u00f6llum \u00feetta r\u00e9tt,5og kv\u00e1\u00f0u \u00fev\u00ed svo \u00e1, a\u00f0 bo\u00f0a skyldi um allan \u00cdsrael fr\u00e1 Beerseba til Dan, a\u00f0 menn <a href=\"https:\/\/biblian.is\/1981\/sidari-kronikubok-30-kafli\/\"> [&#8230;]<\/a><\/p>\n","protected":false},"author":1,"featured_media":0,"parent":0,"menu_order":0,"comment_status":"open","ping_status":"open","template":"bibliukaflar.php","meta":{"footnotes":""},"class_list":["post-1743","page","type-page","status-publish","hentry"],"_links":{"self":[{"href":"https:\/\/biblian.is\/1981\/wp-json\/wp\/v2\/pages\/1743","targetHints":{"allow":["GET"]}}],"collection":[{"href":"https:\/\/biblian.is\/1981\/wp-json\/wp\/v2\/pages"}],"about":[{"href":"https:\/\/biblian.is\/1981\/wp-json\/wp\/v2\/types\/page"}],"author":[{"embeddable":true,"href":"https:\/\/biblian.is\/1981\/wp-json\/wp\/v2\/users\/1"}],"replies":[{"embeddable":true,"href":"https:\/\/biblian.is\/1981\/wp-json\/wp\/v2\/comments?post=1743"}],"version-history":[{"count":0,"href":"https:\/\/biblian.is\/1981\/wp-json\/wp\/v2\/pages\/1743\/revisions"}],"wp:attachment":[{"href":"https:\/\/biblian.is\/1981\/wp-json\/wp\/v2\/media?parent=1743"}],"curies":[{"name":"wp","href":"https:\/\/api.w.org\/{rel}","templated":true}]}}