{"id":1742,"date":"2017-11-18T20:18:28","date_gmt":"2017-11-18T20:18:28","guid":{"rendered":"http:\/\/biblian.is\/1981\/sidari-kronikubok-29-kafli\/"},"modified":"2021-06-06T11:10:36","modified_gmt":"2021-06-06T11:10:36","slug":"sidari-kronikubok-29-kafli","status":"publish","type":"page","link":"https:\/\/biblian.is\/1981\/sidari-kronikubok-29-kafli\/","title":{"rendered":"S\u00ed\u00f0ari kron\u00edkub\u00f3k 29. kafli"},"content":{"rendered":"<p><a name=\"1\"><span class=\"versanumer\">1<\/span><\/a>Hisk\u00eda var\u00f0 konungur, \u00fe\u00e1 er hann var tuttugu og fimm \u00e1ra gamall og tuttugu og n\u00edu \u00e1r r\u00edkti hann \u00ed Jer\u00fasalem. M\u00f3\u00f0ir hans h\u00e9t Ab\u00eda Sakar\u00edad\u00f3ttir.<a name=\"2\"><span class=\"versanumer\">2<\/span><\/a>Hann gj\u00f6r\u00f0i \u00fea\u00f0, sem r\u00e9tt var \u00ed augum Drottins, a\u00f0 \u00f6llu svo sem gj\u00f6rt haf\u00f0i Dav\u00ed\u00f0 forfa\u00f0ir hans.<a name=\"3\"><span class=\"versanumer\">3<\/span><\/a>\u00cd fyrsta m\u00e1nu\u00f0i \u00e1 fyrsta r\u00edkis\u00e1ri s\u00ednu opna\u00f0i hann dyrnar a\u00f0 musteri Drottins, og gj\u00f6r\u00f0i vi\u00f0 \u00fe\u00e6r.<a name=\"4\"><span class=\"versanumer\">4<\/span><\/a>S\u00ed\u00f0an l\u00e9t hann prestana og lev\u00edtana koma og stefndi \u00feeim saman \u00e1 au\u00f0a sv\u00e6\u00f0inu austan til.<a name=\"5\"><span class=\"versanumer\">5<\/span><\/a>Og hann sag\u00f0i vi\u00f0 \u00fe\u00e1: Hl\u00fd\u00f0i\u00f0 \u00e1 mig, \u00fe\u00e9r lev\u00edtar! Helgi\u00f0 n\u00fa sj\u00e1lfa y\u00f0ur og helgi\u00f0 musteri Drottins, Gu\u00f0s fe\u00f0ra y\u00f0ar, og \u00fatr\u00fdmi\u00f0 vi\u00f0urstygg\u00f0inni \u00far helgid\u00f3minum.<a name=\"6\"><span class=\"versanumer\">6<\/span><\/a>\u00dev\u00ed a\u00f0 fe\u00f0ur vorir hafa s\u00fdnt \u00f3tr\u00famennsku og gj\u00f6rt \u00fea\u00f0, sem illt var \u00ed augum Drottins, Gu\u00f0s vors, og yfirgefi\u00f0 hann. \u00deeir sneru augliti s\u00ednu burt fr\u00e1 b\u00fasta\u00f0 Drottins og sneru vi\u00f0 honum bakinu.<a name=\"7\"><span class=\"versanumer\">7<\/span><\/a>\u00de\u00e1 hafa \u00feeir og l\u00e6st dyrunum a\u00f0 forsalnum, sl\u00f6kkt \u00e1 l\u00f6mpunum, eigi brennt reykelsi og eigi f\u00e6rt Gu\u00f0i \u00cdsraels brennif\u00f3rn \u00ed helgid\u00f3minum.<a name=\"8\"><span class=\"versanumer\">8<\/span><\/a>Fyrir \u00fev\u00ed kom rei\u00f0i Drottins yfir J\u00fada og Jer\u00fasalem, og hann l\u00e9t \u00fe\u00e1 s\u00e6ta mis\u00feyrmingu og gj\u00f6r\u00f0i \u00fe\u00e1 a\u00f0 undri og athl\u00e6gi, svo sem \u00fe\u00e9r sj\u00e1i\u00f0 me\u00f0 eigin augum.<a name=\"9\"><span class=\"versanumer\">9<\/span><\/a>N\u00fa eru \u00fe\u00e1 fe\u00f0ur vorir fallnir fyrir sver\u00f0seggjum, og synir vorir og d\u00e6tur og konur eru hernumdar fyrir \u00feetta.<a name=\"10\"><span class=\"versanumer\">10<\/span><\/a>N\u00fa hefi \u00e9g einsett m\u00e9r a\u00f0 gj\u00f6ra s\u00e1ttm\u00e1la vi\u00f0 Drottin, Gu\u00f0 \u00cdsraels, til \u00feess a\u00f0 hin brennandi rei\u00f0i hans megi hverfa fr\u00e1 oss.<a name=\"11\"><span class=\"versanumer\">11<\/span><\/a>Veri\u00f0 \u00fe\u00e1 eigi skeytingarlausir, synir m\u00ednir! \u00dev\u00ed a\u00f0 y\u00f0ur hefir Drottinn \u00fatvali\u00f0 til \u00feess a\u00f0 standa frammi fyrir s\u00e9r, til \u00feess a\u00f0 \u00fej\u00f3na s\u00e9r, og til \u00feess a\u00f0 \u00fe\u00e9r skulu\u00f0 vera \u00fej\u00f3nustumenn hans og brenna reykelsi honum til handa.<a name=\"12\"><span class=\"versanumer\">12<\/span><\/a>\u00de\u00e1 gengu fram lev\u00edtarnir: Mahat Amasa\u00edson og J\u00f3el Asarjason af Kahat\u00edtani\u00f0jum. Af Merar\u00edni\u00f0jum: K\u00eds Abd\u00edson og Asarja Jehallelelsson. Af Gerson\u00edtum: J\u00f3a Simmason og Eden J\u00f3ason.<a name=\"13\"><span class=\"versanumer\">13<\/span><\/a>Af El\u00edsafsni\u00f0jum: Simr\u00ed og Je\u00edel. Af Asafsni\u00f0jum: Sakar\u00eda og Mattanja.<a name=\"14\"><span class=\"versanumer\">14<\/span><\/a>Af Hemansni\u00f0jum: Jeh\u00edel og S\u00edme\u00ed. Af Jed\u00fat\u00fansni\u00f0jum: Semaja og \u00dass\u00edel.<a name=\"15\"><span class=\"versanumer\">15<\/span><\/a>Stefndu \u00feeir saman fr\u00e6ndum s\u00ednum, helgu\u00f0u sig og komu a\u00f0 bo\u00f0i konungs til \u00feess a\u00f0 hreinsa musteri Drottins eftir fyrirm\u00e6lum Drottins.<a name=\"16\"><span class=\"versanumer\">16<\/span><\/a>Og prestarnir f\u00f3ru inn \u00ed musteri Drottins til \u00feess a\u00f0 hreinsa \u00fea\u00f0, og f\u00f3ru me\u00f0 allt \u00f3hreint, er \u00feeir fundu \u00ed musteri Drottins, \u00fat \u00ed forgar\u00f0 musteris Drottins. T\u00f3ku lev\u00edtarnir vi\u00f0 \u00fev\u00ed til \u00feess a\u00f0 fara me\u00f0 \u00fea\u00f0 \u00fat \u00ed K\u00eddronl\u00e6k.<a name=\"17\"><span class=\"versanumer\">17<\/span><\/a>H\u00f3fu \u00feeir helgunina hinn fyrsta dag hins fyrsta m\u00e1na\u00f0ar, og \u00e1 \u00e1ttunda degi m\u00e1na\u00f0arins voru \u00feeir komnir a\u00f0 forsal Drottins. Helgu\u00f0u \u00feeir s\u00ed\u00f0an musteri Drottins \u00e1 \u00e1tta d\u00f6gum, og \u00e1 sext\u00e1nda degi hins fyrsta m\u00e1na\u00f0ar var verkinu loki\u00f0.<a name=\"18\"><span class=\"versanumer\">18<\/span><\/a>Gengu \u00feeir \u00fe\u00e1 inn fyrir Hisk\u00eda konung og s\u00f6g\u00f0u: V\u00e9r h\u00f6fum hreinsa\u00f0 allt musteri Drottins og brennif\u00f3rnaraltari\u00f0 og \u00f6ll \u00e1h\u00f6ld \u00feess, svo og bor\u00f0i\u00f0 fyrir ra\u00f0abrau\u00f0in og \u00f6ll \u00e1h\u00f6ld \u00feess.<a name=\"19\"><span class=\"versanumer\">19<\/span><\/a>Og \u00f6ll \u00feau \u00e1h\u00f6ld, er Akas konungur sm\u00e1\u00f0i af \u00f3tr\u00famennsku sinni, h\u00f6fum v\u00e9r sett fram og helga\u00f0. Standa \u00feau n\u00fa frammi fyrir altari Drottins.<a name=\"20\"><span class=\"versanumer\">20<\/span><\/a>N\u00e6sta morgun snemma stefndi Hisk\u00eda konungur saman h\u00f6fu\u00f0sm\u00f6nnum borgarinnar og f\u00f3r upp \u00ed musteri Drottins.<a name=\"21\"><span class=\"versanumer\">21<\/span><\/a>F\u00e6r\u00f0u \u00feeir \u00fe\u00e1 sj\u00f6 naut, sj\u00f6 hr\u00fata, sj\u00f6 l\u00f6mb og sj\u00f6 geithafra \u00ed syndaf\u00f3rn fyrir r\u00edki\u00f0 og fyrir helgid\u00f3minn og fyrir J\u00fada. Og hann bau\u00f0 ni\u00f0jum Arons, prestunum, a\u00f0 f\u00e6ra hana \u00e1 altari Drottins.<a name=\"22\"><span class=\"versanumer\">22<\/span><\/a>Sl\u00e1tru\u00f0u \u00feeir \u00fe\u00e1 nautunum, og t\u00f3ku prestarnir vi\u00f0 bl\u00f3\u00f0inu og st\u00f6kktu \u00e1 altari\u00f0. S\u00ed\u00f0an sl\u00e1tru\u00f0u \u00feeir hr\u00fatunum og st\u00f6kktu bl\u00f3\u00f0inu \u00e1 altari\u00f0. \u00de\u00e1 sl\u00e1tru\u00f0u \u00feeir l\u00f6mbunum og st\u00f6kktu bl\u00f3\u00f0inu \u00e1 altari\u00f0.<a name=\"23\"><span class=\"versanumer\">23<\/span><\/a>S\u00ed\u00f0an f\u00e6r\u00f0u \u00feeir syndaf\u00f3rnarhafrana fram fyrir konung og s\u00f6fnu\u00f0inn, og l\u00f6g\u00f0u \u00feeir hendur s\u00ednar \u00e1 \u00fe\u00e1.<a name=\"24\"><span class=\"versanumer\">24<\/span><\/a>S\u00ed\u00f0an sl\u00e1tru\u00f0u prestarnir \u00feeim og f\u00e6r\u00f0u bl\u00f3\u00f0 \u00feeirra \u00ed syndaf\u00f3rn \u00e1 altarinu til \u00feess a\u00f0 fri\u00f0\u00fe\u00e6gja fyrir allan \u00cdsrael, \u00fev\u00ed a\u00f0 konungur haf\u00f0i fyrirskipa\u00f0 brennif\u00f3rnina og syndaf\u00f3rnina fyrir allan \u00cdsrael.<a name=\"25\"><span class=\"versanumer\">25<\/span><\/a>Og hann setti lev\u00edtana \u00ed musteri Drottins me\u00f0 sk\u00e1labumbur, h\u00f6rpur og g\u00edgjur, samkv\u00e6mt fyrirm\u00e6lum Dav\u00ed\u00f0s og Ga\u00f0s, sj\u00e1anda konungs, og Natans sp\u00e1manns. \u00dev\u00ed a\u00f0 \u00feessi fyrirm\u00e6li voru a\u00f0 tilstilli Drottins, fyrir munn sp\u00e1manna hans.<a name=\"26\"><span class=\"versanumer\">26<\/span><\/a>St\u00f3\u00f0u \u00fe\u00e1 lev\u00edtarnir me\u00f0 hlj\u00f3\u00f0f\u00e6ri Dav\u00ed\u00f0s, og prestarnir me\u00f0 l\u00fa\u00f0ra.<a name=\"27\"><span class=\"versanumer\">27<\/span><\/a>\u00de\u00e1 bau\u00f0 Hisk\u00eda a\u00f0 l\u00e1ta brennif\u00f3rnina \u00e1 altari\u00f0 og er brennif\u00f3rnin var hafin, h\u00f3fst og s\u00f6ngur Drottins og l\u00fa\u00f0rarnir kv\u00e1\u00f0u vi\u00f0 undir forustu hlj\u00f3\u00f0f\u00e6ra Dav\u00ed\u00f0s \u00cdsraelskonungs.<a name=\"28\"><span class=\"versanumer\">28<\/span><\/a>\u00de\u00e1 f\u00e9ll allur s\u00f6fnu\u00f0urinn fram, s\u00f6ngurinn kva\u00f0 vi\u00f0 og l\u00fa\u00f0rarnir gullu, allt \u00feetta, \u00fear til er brennif\u00f3rninni var loki\u00f0.<a name=\"29\"><span class=\"versanumer\">29<\/span><\/a>Og er f\u00f3rnf\u00e6ringunni var loki\u00f0, beyg\u00f0i konungur kn\u00e9 s\u00edn og allir \u00feeir, er me\u00f0 honum voru, og f\u00e9llu fram.<a name=\"30\"><span class=\"versanumer\">30<\/span><\/a>Bau\u00f0 \u00fe\u00e1 Hisk\u00eda konungur og h\u00f6fu\u00f0smennirnir lev\u00edtunum a\u00f0 syngja Drottni lofs\u00f6ng me\u00f0 or\u00f0um Dav\u00ed\u00f0s og Asafs sj\u00e1anda, og sungu \u00feeir lofs\u00f6nginn me\u00f0 gle\u00f0i, hneig\u00f0u sig og f\u00e9llu fram.<a name=\"31\"><span class=\"versanumer\">31<\/span><\/a>\u00de\u00e1 t\u00f3k Hisk\u00eda til m\u00e1ls og sag\u00f0i: N\u00fa hafi\u00f0 \u00fe\u00e9r v\u00edgt y\u00f0ur Drottni. Gangi\u00f0 n\u00fa fram og fari\u00f0 me\u00f0 sl\u00e1turf\u00f3rnir og \u00feakkarf\u00f3rnir \u00ed musteri Drottins. F\u00e6r\u00f0i \u00fe\u00e1 s\u00f6fnu\u00f0urinn sl\u00e1turf\u00f3rnir og \u00feakkarf\u00f3rnir, og hver, sem til \u00feess var f\u00fas, f\u00e6r\u00f0i brennif\u00f3rnir.<a name=\"32\"><span class=\"versanumer\">32<\/span><\/a>En talan \u00e1 brennif\u00f3rnunum, er s\u00f6fnu\u00f0urinn f\u00e6r\u00f0i, var: sj\u00f6t\u00edu naut, hundra\u00f0 hr\u00fatar og tv\u00f6 hundru\u00f0 l\u00f6mb. Var allt \u00feetta \u00e6tla\u00f0 til brennif\u00f3rnar Drottni til handa.<a name=\"33\"><span class=\"versanumer\">33<\/span><\/a>Og \u00feakkarf\u00f3rnirnar voru sex hundru\u00f0 naut og \u00ferj\u00fa \u00fe\u00fasund sau\u00f0ir.<a name=\"34\"><span class=\"versanumer\">34<\/span><\/a>En prestarnir voru of f\u00e1ir, svo a\u00f0 \u00feeir g\u00e1tu ekki flegi\u00f0 \u00f6ll brennif\u00f3rnard\u00fdrin. Hj\u00e1lpu\u00f0u \u00fe\u00e1 fr\u00e6ndur \u00feeirra, lev\u00edtarnir, \u00feeim, uns starfinu var loki\u00f0 og prestarnir helgu\u00f0u sig, \u00fev\u00ed a\u00f0 lev\u00edtarnir h\u00f6f\u00f0u einl\u00e6gari \u00e1huga \u00e1 \u00fev\u00ed a\u00f0 helga sig en prestarnir.<a name=\"35\"><span class=\"versanumer\">35<\/span><\/a>Auk \u00feessa voru f\u00e6r\u00f0ar margar brennif\u00f3rnir, \u00e1samt hinum feitu stykkjum heillaf\u00f3rnanna og dreypif\u00f3rnum \u00feeim, er brennif\u00f3rnunum fylgdu. \u00deannig var \u00fej\u00f3nustunni vi\u00f0 musteri Drottins komi\u00f0 \u00ed lag.<a name=\"36\"><span class=\"versanumer\">36<\/span><\/a>En Hisk\u00eda og allur l\u00fd\u00f0urinn gladdist yfir \u00fev\u00ed, er Gu\u00f0 haf\u00f0i b\u00fai\u00f0 l\u00fd\u00f0num, \u00fev\u00ed a\u00f0 \u00feessu var komi\u00f0 \u00ed kring samstundis.<\/p>\n<div class=\"footnote1981\"><b>29.1-2<\/b> sbr 2Kon 18.1-3<br \/>\n<b>29.3<\/b> Opna\u00f0i hli\u00f0in 2Kro 28.24<br \/>\n<b>29.8<\/b> Or\u00f0i\u00f0 til h\u00e1\u00f0ungar 1Kon 9.7+<br \/>\n<b>29.11<\/b> F\u00e6ra reykelsisf\u00f3rnir 4M\u00f3s 3.10<br \/>\n<b>29.15<\/b> Hreinsa h\u00fas Drottins 1Makk 4.36-61; 2Makk 10.1-8; Matt 21.12-13<br \/>\n<b>29.24<\/b> Brennif\u00f3rn, syndaf\u00f3rn 3M\u00f3s 1; 4<br \/>\n<b>29.26<\/b> Hlj\u00f3\u00f0fri lev\u00edtanna Esr 3.10+<\/div>\n","protected":false},"excerpt":{"rendered":"<p>1Hisk\u00eda var\u00f0 konungur, \u00fe\u00e1 er hann var tuttugu og fimm \u00e1ra gamall og tuttugu og n\u00edu \u00e1r r\u00edkti hann \u00ed Jer\u00fasalem. M\u00f3\u00f0ir hans h\u00e9t Ab\u00eda Sakar\u00edad\u00f3ttir.2Hann gj\u00f6r\u00f0i \u00fea\u00f0, sem r\u00e9tt var \u00ed augum Drottins, a\u00f0 \u00f6llu svo sem gj\u00f6rt haf\u00f0i Dav\u00ed\u00f0 forfa\u00f0ir hans.3\u00cd fyrsta m\u00e1nu\u00f0i \u00e1 fyrsta r\u00edkis\u00e1ri s\u00ednu opna\u00f0i hann dyrnar a\u00f0 musteri Drottins, og gj\u00f6r\u00f0i vi\u00f0 \u00fe\u00e6r.4S\u00ed\u00f0an l\u00e9t hann prestana og lev\u00edtana koma og stefndi \u00feeim saman \u00e1 au\u00f0a sv\u00e6\u00f0inu austan til.5Og hann sag\u00f0i vi\u00f0 \u00fe\u00e1: Hl\u00fd\u00f0i\u00f0 \u00e1 mig, \u00fe\u00e9r lev\u00edtar! Helgi\u00f0 n\u00fa sj\u00e1lfa y\u00f0ur og helgi\u00f0 musteri Drottins, Gu\u00f0s fe\u00f0ra y\u00f0ar, og \u00fatr\u00fdmi\u00f0 vi\u00f0urstygg\u00f0inni \u00far helgid\u00f3minum.6\u00dev\u00ed a\u00f0 <a href=\"https:\/\/biblian.is\/1981\/sidari-kronikubok-29-kafli\/\"> [&#8230;]<\/a><\/p>\n","protected":false},"author":1,"featured_media":0,"parent":0,"menu_order":0,"comment_status":"open","ping_status":"open","template":"bibliukaflar.php","meta":{"footnotes":""},"class_list":["post-1742","page","type-page","status-publish","hentry"],"_links":{"self":[{"href":"https:\/\/biblian.is\/1981\/wp-json\/wp\/v2\/pages\/1742","targetHints":{"allow":["GET"]}}],"collection":[{"href":"https:\/\/biblian.is\/1981\/wp-json\/wp\/v2\/pages"}],"about":[{"href":"https:\/\/biblian.is\/1981\/wp-json\/wp\/v2\/types\/page"}],"author":[{"embeddable":true,"href":"https:\/\/biblian.is\/1981\/wp-json\/wp\/v2\/users\/1"}],"replies":[{"embeddable":true,"href":"https:\/\/biblian.is\/1981\/wp-json\/wp\/v2\/comments?post=1742"}],"version-history":[{"count":0,"href":"https:\/\/biblian.is\/1981\/wp-json\/wp\/v2\/pages\/1742\/revisions"}],"wp:attachment":[{"href":"https:\/\/biblian.is\/1981\/wp-json\/wp\/v2\/media?parent=1742"}],"curies":[{"name":"wp","href":"https:\/\/api.w.org\/{rel}","templated":true}]}}