{"id":1741,"date":"2017-11-18T20:18:28","date_gmt":"2017-11-18T20:18:28","guid":{"rendered":"http:\/\/biblian.is\/1981\/sidari-kronikubok-28-kafli\/"},"modified":"2021-06-06T11:10:35","modified_gmt":"2021-06-06T11:10:35","slug":"sidari-kronikubok-28-kafli","status":"publish","type":"page","link":"https:\/\/biblian.is\/1981\/sidari-kronikubok-28-kafli\/","title":{"rendered":"S\u00ed\u00f0ari kron\u00edkub\u00f3k 28. kafli"},"content":{"rendered":"<p><a name=\"1\"><span class=\"versanumer\">1<\/span><\/a>Akas var tv\u00edtugur a\u00f0 aldri, \u00fe\u00e1 er hann var\u00f0 konungur, og sext\u00e1n \u00e1r r\u00edkti hann \u00ed Jer\u00fasalem. Hann gj\u00f6r\u00f0i ekki \u00fea\u00f0, sem r\u00e9tt var \u00ed augum Drottins, svo sem Dav\u00ed\u00f0 forfa\u00f0ir hans,<a name=\"2\"><span class=\"versanumer\">2<\/span><\/a>heldur feta\u00f0i hann \u00ed f\u00f3tspor \u00cdsraelskonunga, og l\u00e9t auk \u00feess gj\u00f6ra steypt l\u00edkneski, Ba\u00f6lunum til handa.<a name=\"3\"><span class=\"versanumer\">3<\/span><\/a>Hann brenndi og reykelsi \u00ed Hinnomssonardal, l\u00e9t sonu s\u00edna ganga gegnum eldinn, og dr\u00fdg\u00f0i \u00feannig s\u00f6mu sv\u00edvir\u00f0ingarnar og \u00fe\u00e6r \u00fej\u00f3\u00f0ir, er Drottinn haf\u00f0i st\u00f6kkt burt undan \u00cdsraelsm\u00f6nnum.<a name=\"4\"><span class=\"versanumer\">4<\/span><\/a>Hann f\u00f3rna\u00f0i og sl\u00e1turf\u00f3rnum og reykelsisf\u00f3rnum \u00e1 h\u00e6\u00f0unum og h\u00f3lunum og undir hverju gr\u00e6nu tr\u00e9.<a name=\"5\"><span class=\"versanumer\">5<\/span><\/a>\u00de\u00e1 gaf Drottinn, Gu\u00f0 hans, hann \u00e1 vald S\u00fdrlandskonungi, og unnu \u00feeir sigur \u00e1 honum og h\u00f6f\u00f0u burt me\u00f0 s\u00e9r hernumda fj\u00f6ldamarga af m\u00f6nnum hans, og fluttu til Damaskus. Auk \u00feessa var hann og gefinn \u00cdsraelskonungi \u00e1 vald, og vann hann mikinn sigur \u00e1 honum.<a name=\"6\"><span class=\"versanumer\">6<\/span><\/a>Og Peka Remaljason drap \u00e1 einum degi \u00ed J\u00fada hundra\u00f0 og tuttugu \u00fe\u00fasundir, allt hrausta menn, af \u00fev\u00ed a\u00f0 \u00feeir h\u00f6f\u00f0u yfirgefi\u00f0 Drottin, Gu\u00f0 fe\u00f0ra sinna.<a name=\"7\"><span class=\"versanumer\">7<\/span><\/a>En S\u00edkr\u00ed, kappi \u00far Efra\u00edm, drap Maaseja konungsson og Asr\u00edkam hallarstj\u00f3ra og Elkana, er n\u00e6stur gekk konungi.<a name=\"8\"><span class=\"versanumer\">8<\/span><\/a>Og \u00cdsraelsmenn h\u00f6f\u00f0u burt me\u00f0 s\u00e9r tv\u00f6 hundru\u00f0 \u00fe\u00fasund af herteknu f\u00f3lki fr\u00e1 fr\u00e6ndum s\u00ednum, konur, sonu og d\u00e6tur, t\u00f3k af \u00feeim afar miki\u00f0 herfang og f\u00f3ru me\u00f0 herfangi\u00f0 til Samar\u00edu.<a name=\"9\"><span class=\"versanumer\">9<\/span><\/a>En \u00fear var sp\u00e1ma\u00f0ur Drottins, er \u00d3de\u00f0 h\u00e9t. Hann f\u00f3r \u00fat, gekk fram fyrir herinn, er kom til Samar\u00edu, og m\u00e6lti til \u00feeirra: Sj\u00e1, af \u00fev\u00ed a\u00f0 Drottinn, Gu\u00f0 fe\u00f0ra y\u00f0ar, var rei\u00f0ur J\u00fadam\u00f6nnum, gaf hann \u00fe\u00e1 y\u00f0ur \u00e1 vald, svo a\u00f0 \u00fe\u00e9r g\u00e1tu\u00f0 drepi\u00f0 \u00fe\u00e1 ni\u00f0ur me\u00f0 \u00feeirri rei\u00f0i, er n\u00e6r til himins.<a name=\"10\"><span class=\"versanumer\">10<\/span><\/a>Og n\u00fa hyggi\u00f0 \u00fe\u00e9r a\u00f0 gj\u00f6ra \u00feessa J\u00fadamenn og Jer\u00fasalemb\u00faa a\u00f0 \u00fer\u00e6lum y\u00f0ar og amb\u00e1ttum. En eru\u00f0 \u00fe\u00e9r \u00fe\u00e1 eigi sj\u00e1lfir sekir vi\u00f0 Drottin, Gu\u00f0 y\u00f0ar?<a name=\"11\"><span class=\"versanumer\">11<\/span><\/a>Hl\u00fd\u00f0i\u00f0 \u00fev\u00ed \u00e1 mig og sendi\u00f0 aftur fangana, er \u00fe\u00e9r hafi\u00f0 haft burt hernumda fr\u00e1 fr\u00e6ndum y\u00f0ar, \u00fev\u00ed a\u00f0 hin brennandi rei\u00f0i Drottins vofir yfir y\u00f0ur.<a name=\"12\"><span class=\"versanumer\">12<\/span><\/a>\u00de\u00e1 risu nokkrir af h\u00f6f\u00f0ingjum Efra\u00edm\u00edta, \u00feeir Asarja J\u00f3hanansson, Berek\u00eda Mesillem\u00f3tsson, Hisk\u00eda Sall\u00famsson og Amasa Hadla\u00edson upp \u00ed gegn \u00feeim, er komu \u00far herf\u00f6rinni,<a name=\"13\"><span class=\"versanumer\">13<\/span><\/a>og s\u00f6g\u00f0u vi\u00f0 \u00fe\u00e1: \u00de\u00e9r skulu\u00f0 eigi fara me\u00f0 fangana hinga\u00f0, \u00fev\u00ed a\u00f0 \u00fe\u00e9r \u00e6tli\u00f0 a\u00f0 auka vi\u00f0 syndir vorar og sekt, \u00ed vi\u00f0b\u00f3t vi\u00f0 sekt \u00fe\u00e1 vi\u00f0 Drottin, er \u00e1 oss hv\u00edlir. \u00dev\u00ed a\u00f0 sekt vor er mikil, og brennandi rei\u00f0i vofir yfir \u00cdsrael.<a name=\"14\"><span class=\"versanumer\">14<\/span><\/a>\u00de\u00e1 slepptu hermennirnir f\u00f6ngunum og herfanginu \u00ed vi\u00f0urvist h\u00f6fu\u00f0smannanna og alls safna\u00f0arins.<a name=\"15\"><span class=\"versanumer\">15<\/span><\/a>Gengu \u00fe\u00e1 til menn \u00feeir, er til \u00feess voru kvaddir me\u00f0 nafni, og \u00f6nnu\u00f0ust fangana. Kl\u00e6ddu \u00feeir af herfanginu alla \u00fe\u00e1, er naktir voru me\u00f0al \u00feeirra, g\u00e1fu \u00feeim kl\u00e6\u00f0i og sk\u00f3 og a\u00f0 eta og drekka og smur\u00f0u \u00fe\u00e1, settu alla \u00fe\u00e1 \u00e1 asna, er uppgefnir voru, og fluttu \u00fe\u00e1 til Jer\u00edk\u00f3, p\u00e1lmaborgarinnar, til fr\u00e6nda \u00feeirra, og sneru s\u00ed\u00f0an heim aftur til Samar\u00edu.<a name=\"16\"><span class=\"versanumer\">16<\/span><\/a>Um \u00feessar mundir sendi Akas konungur til Ass\u00fdr\u00edukonunga til \u00feess a\u00f0 bi\u00f0ja s\u00e9r li\u00f0veislu.<a name=\"17\"><span class=\"versanumer\">17<\/span><\/a>\u00de\u00e1 komu og Ed\u00f3m\u00edtar, unnu sigur \u00e1 J\u00fadam\u00f6nnum og f\u00e6r\u00f0u burt bandingja.<a name=\"18\"><span class=\"versanumer\">18<\/span><\/a>En Filistar r\u00e9\u00f0ust inn \u00ed borgirnar \u00e1 l\u00e1glendinu og \u00ed J\u00fada sunnanver\u00f0u, t\u00f3ku Bet Semes, Ajalon, Geder\u00f3t og S\u00f3k\u00f3 og \u00feorpin umhverfis hana, Timna og \u00feorpin umhverfis hana og Gims\u00f3 og \u00feorpin umhverfis hana, og settust \u00fear a\u00f0.<a name=\"19\"><span class=\"versanumer\">19<\/span><\/a>\u00dev\u00ed a\u00f0 Drottinn l\u00e6g\u00f0i J\u00fada sakir Akasar \u00cdsraelskonungs, \u00fev\u00ed a\u00f0 hann haf\u00f0i frami\u00f0 gegndarlausa \u00f3h\u00e6fu \u00ed J\u00fada og s\u00fdnt Drottni mikla \u00f3tr\u00famennsku.<a name=\"20\"><span class=\"versanumer\">20<\/span><\/a>\u00de\u00e1 f\u00f3r T\u00edlgat-Pilneser Ass\u00fdr\u00edukonungur \u00ed m\u00f3ti honum og kreppti a\u00f0 honum, en veitti honum eigi li\u00f0.<a name=\"21\"><span class=\"versanumer\">21<\/span><\/a>\u00dev\u00ed a\u00f0 Akas rupla\u00f0i musteri Drottins og konungsh\u00f6llina og h\u00f6fu\u00f0smennina, og gaf Ass\u00fdr\u00edukonungi, en \u00fea\u00f0 kom honum a\u00f0 engu haldi.<a name=\"22\"><span class=\"versanumer\">22<\/span><\/a>Og um \u00fe\u00e6r mundir, sem hann kreppti a\u00f0 honum, s\u00fdndi hann, Akas konungur, Drottni \u00f3tr\u00famennsku enn a\u00f0 n\u00fdju.<a name=\"23\"><span class=\"versanumer\">23<\/span><\/a>Hann f\u00e6r\u00f0i f\u00f3rnir gu\u00f0unum \u00ed Damaskus, \u00feeim er h\u00f6f\u00f0u unni\u00f0 sigur \u00e1 honum, og m\u00e6ltu: \u00dea\u00f0 eru gu\u00f0ir S\u00fdrlandskonunga, er hafa hj\u00e1lpa\u00f0 \u00feeim. \u00deeim vil \u00e9g f\u00e6ra f\u00f3rnir, til \u00feess a\u00f0 \u00feeir hj\u00e1lpi m\u00e9r. En \u00feeir ur\u00f0u honum og \u00f6llum \u00cdsrael til falls.<a name=\"24\"><span class=\"versanumer\">24<\/span><\/a>Og Akas safna\u00f0i saman \u00e1h\u00f6ldum Gu\u00f0s h\u00fass og braut sundur \u00e1h\u00f6ld Gu\u00f0s h\u00fass. Hann loka\u00f0i og dyrunum \u00e1 musteri Drottins, en gj\u00f6r\u00f0i s\u00e9r \u00f6lturu \u00ed hverju horni \u00ed Jer\u00fasalem.<a name=\"25\"><span class=\"versanumer\">25<\/span><\/a>Og \u00ed s\u00e9rhverri J\u00fadaborg gj\u00f6r\u00f0i hann f\u00f3rnarh\u00e6\u00f0ir til \u00feess a\u00f0 brenna reykelsi fyrir \u00f6\u00f0rum gu\u00f0um, og egndi \u00feannig Drottin, Gu\u00f0 fe\u00f0ra sinna, til rei\u00f0i.<a name=\"26\"><span class=\"versanumer\">26<\/span><\/a>\u00dea\u00f0 sem meira er a\u00f0 segja um hann og \u00f6ll fyrirt\u00e6ki hans, b\u00e6\u00f0i fyrr og s\u00ed\u00f0ar, \u00fea\u00f0 er rita\u00f0 \u00ed b\u00f3k J\u00fada- og \u00cdsraelskonunga.<a name=\"27\"><span class=\"versanumer\">27<\/span><\/a>Og Akas lag\u00f0ist til hv\u00edldar hj\u00e1 fe\u00f0rum s\u00ednum og var grafinn \u00ed borginni, \u00ed Jer\u00fasalem, \u00fev\u00ed a\u00f0 eigi var hann f\u00e6r\u00f0ur \u00ed grafir \u00cdsraelskonunga. Og Hisk\u00eda sonur hans t\u00f3k r\u00edki eftir hann.<\/p>\n<div class=\"footnote1981\"><b>28.1-4<\/b> sbr 2Kon 16.1-4<br \/>\n<b>28.16-27<\/b> sbr 2Kon 16.7-20<br \/>\n<b>28.23<\/b> F\u00f3rna \u00fatlendum gu\u00f0um Jes 10.20<br \/>\n<b>28.24<\/b> \u00d6lturu \u00ed hverju horni Post 17.23<\/div>\n","protected":false},"excerpt":{"rendered":"<p>1Akas var tv\u00edtugur a\u00f0 aldri, \u00fe\u00e1 er hann var\u00f0 konungur, og sext\u00e1n \u00e1r r\u00edkti hann \u00ed Jer\u00fasalem. Hann gj\u00f6r\u00f0i ekki \u00fea\u00f0, sem r\u00e9tt var \u00ed augum Drottins, svo sem Dav\u00ed\u00f0 forfa\u00f0ir hans,2heldur feta\u00f0i hann \u00ed f\u00f3tspor \u00cdsraelskonunga, og l\u00e9t auk \u00feess gj\u00f6ra steypt l\u00edkneski, Ba\u00f6lunum til handa.3Hann brenndi og reykelsi \u00ed Hinnomssonardal, l\u00e9t sonu s\u00edna ganga gegnum eldinn, og dr\u00fdg\u00f0i \u00feannig s\u00f6mu sv\u00edvir\u00f0ingarnar og \u00fe\u00e6r \u00fej\u00f3\u00f0ir, er Drottinn haf\u00f0i st\u00f6kkt burt undan \u00cdsraelsm\u00f6nnum.4Hann f\u00f3rna\u00f0i og sl\u00e1turf\u00f3rnum og reykelsisf\u00f3rnum \u00e1 h\u00e6\u00f0unum og h\u00f3lunum og undir hverju gr\u00e6nu tr\u00e9.5\u00de\u00e1 gaf Drottinn, Gu\u00f0 hans, hann \u00e1 vald S\u00fdrlandskonungi, og unnu \u00feeir sigur \u00e1 <a href=\"https:\/\/biblian.is\/1981\/sidari-kronikubok-28-kafli\/\"> [&#8230;]<\/a><\/p>\n","protected":false},"author":1,"featured_media":0,"parent":0,"menu_order":0,"comment_status":"open","ping_status":"open","template":"bibliukaflar.php","meta":{"footnotes":""},"class_list":["post-1741","page","type-page","status-publish","hentry"],"_links":{"self":[{"href":"https:\/\/biblian.is\/1981\/wp-json\/wp\/v2\/pages\/1741","targetHints":{"allow":["GET"]}}],"collection":[{"href":"https:\/\/biblian.is\/1981\/wp-json\/wp\/v2\/pages"}],"about":[{"href":"https:\/\/biblian.is\/1981\/wp-json\/wp\/v2\/types\/page"}],"author":[{"embeddable":true,"href":"https:\/\/biblian.is\/1981\/wp-json\/wp\/v2\/users\/1"}],"replies":[{"embeddable":true,"href":"https:\/\/biblian.is\/1981\/wp-json\/wp\/v2\/comments?post=1741"}],"version-history":[{"count":0,"href":"https:\/\/biblian.is\/1981\/wp-json\/wp\/v2\/pages\/1741\/revisions"}],"wp:attachment":[{"href":"https:\/\/biblian.is\/1981\/wp-json\/wp\/v2\/media?parent=1741"}],"curies":[{"name":"wp","href":"https:\/\/api.w.org\/{rel}","templated":true}]}}