{"id":1740,"date":"2017-11-18T20:18:28","date_gmt":"2017-11-18T20:18:28","guid":{"rendered":"http:\/\/biblian.is\/1981\/sidari-kronikubok-27-kafli\/"},"modified":"2021-06-06T11:10:35","modified_gmt":"2021-06-06T11:10:35","slug":"sidari-kronikubok-27-kafli","status":"publish","type":"page","link":"https:\/\/biblian.is\/1981\/sidari-kronikubok-27-kafli\/","title":{"rendered":"S\u00ed\u00f0ari kron\u00edkub\u00f3k 27. kafli"},"content":{"rendered":"<p><a name=\"1\"><span class=\"versanumer\">1<\/span><\/a>J\u00f3tam var tuttugu og fimm \u00e1ra gamall, \u00fe\u00e1 er hann var\u00f0 konungur, og sext\u00e1n \u00e1r r\u00edkti hann \u00ed Jer\u00fasalem. M\u00f3\u00f0ir hans h\u00e9t Jer\u00fasa Sad\u00f3ksd\u00f3ttir.<a name=\"2\"><span class=\"versanumer\">2<\/span><\/a>Hann gj\u00f6r\u00f0i \u00fea\u00f0, sem r\u00e9tt var \u00ed augum Drottins, me\u00f0 \u00f6llu svo sem gj\u00f6rt haf\u00f0i \u00dass\u00eda fa\u00f0ir hans. \u00de\u00f3 f\u00f3r hann eigi inn \u00ed musteri Drottins. En l\u00fd\u00f0urinn a\u00f0haf\u00f0ist enn \u00f3h\u00e6fu.<a name=\"3\"><span class=\"versanumer\">3<\/span><\/a>Hann reisti efra hli\u00f0i\u00f0 \u00e1 musteri Drottins, og af \u00d3felm\u00far bygg\u00f0i hann miki\u00f0.<a name=\"4\"><span class=\"versanumer\">4<\/span><\/a>\u00de\u00e1 reisti hann og borgir \u00ed J\u00fadafj\u00f6llum, og \u00ed sk\u00f3gunum reisti hann hallir og turna.<a name=\"5\"><span class=\"versanumer\">5<\/span><\/a>Hann \u00e1tti og \u00ed \u00f3fri\u00f0i vi\u00f0 konunga Amm\u00f3n\u00edta og vann sigur \u00e1 \u00feeim. Guldu Amm\u00f3n\u00edtar honum \u00fea\u00f0 \u00e1r hundra\u00f0 talentur silfurs, t\u00edu \u00fe\u00fasund k\u00f3r hveitis og t\u00edu \u00fe\u00fasund k\u00f3r byggs. F\u00e6r\u00f0u Amm\u00f3n\u00edtar honum \u00feetta einnig anna\u00f0 og \u00feri\u00f0ja \u00e1ri\u00f0.<a name=\"6\"><span class=\"versanumer\">6<\/span><\/a>Var\u00f0 J\u00f3tam \u00feannig \u00e6 voldugri, \u00fev\u00ed a\u00f0 hann gekk veg sinn fyrir augliti Drottins, Gu\u00f0s s\u00edns.<a name=\"7\"><span class=\"versanumer\">7<\/span><\/a>\u00dea\u00f0 sem meira er a\u00f0 segja um J\u00f3tam og um alla bardaga hans og fyrirt\u00e6ki, \u00fea\u00f0 er rita\u00f0 \u00ed b\u00f3k \u00cdsraels- og J\u00fadakonunga.<a name=\"8\"><span class=\"versanumer\">8<\/span><\/a>Hann var tuttugu og fimm \u00e1ra gamall, \u00fe\u00e1 er hann var\u00f0 konungur, og sext\u00e1n \u00e1r r\u00edkti hann \u00ed Jer\u00fasalem.<a name=\"9\"><span class=\"versanumer\">9<\/span><\/a>Og J\u00f3tam lag\u00f0ist til hv\u00edldar hj\u00e1 fe\u00f0rum s\u00ednum, og var grafinn \u00ed Dav\u00ed\u00f0sborg. Og Akas sonur hans t\u00f3k r\u00edki eftir hann.<\/p>\n<div class=\"footnote1981\"><b>27.1-9<\/b> sbr 2Kon 15.32-38<\/div>\n","protected":false},"excerpt":{"rendered":"<p>1J\u00f3tam var tuttugu og fimm \u00e1ra gamall, \u00fe\u00e1 er hann var\u00f0 konungur, og sext\u00e1n \u00e1r r\u00edkti hann \u00ed Jer\u00fasalem. M\u00f3\u00f0ir hans h\u00e9t Jer\u00fasa Sad\u00f3ksd\u00f3ttir.2Hann gj\u00f6r\u00f0i \u00fea\u00f0, sem r\u00e9tt var \u00ed augum Drottins, me\u00f0 \u00f6llu svo sem gj\u00f6rt haf\u00f0i \u00dass\u00eda fa\u00f0ir hans. \u00de\u00f3 f\u00f3r hann eigi inn \u00ed musteri Drottins. En l\u00fd\u00f0urinn a\u00f0haf\u00f0ist enn \u00f3h\u00e6fu.3Hann reisti efra hli\u00f0i\u00f0 \u00e1 musteri Drottins, og af \u00d3felm\u00far bygg\u00f0i hann miki\u00f0.4\u00de\u00e1 reisti hann og borgir \u00ed J\u00fadafj\u00f6llum, og \u00ed sk\u00f3gunum reisti hann hallir og turna.5Hann \u00e1tti og \u00ed \u00f3fri\u00f0i vi\u00f0 konunga Amm\u00f3n\u00edta og vann sigur \u00e1 \u00feeim. Guldu Amm\u00f3n\u00edtar honum \u00fea\u00f0 \u00e1r hundra\u00f0 talentur silfurs, <a href=\"https:\/\/biblian.is\/1981\/sidari-kronikubok-27-kafli\/\"> [&#8230;]<\/a><\/p>\n","protected":false},"author":1,"featured_media":0,"parent":0,"menu_order":0,"comment_status":"open","ping_status":"open","template":"bibliukaflar.php","meta":{"footnotes":""},"class_list":["post-1740","page","type-page","status-publish","hentry"],"_links":{"self":[{"href":"https:\/\/biblian.is\/1981\/wp-json\/wp\/v2\/pages\/1740","targetHints":{"allow":["GET"]}}],"collection":[{"href":"https:\/\/biblian.is\/1981\/wp-json\/wp\/v2\/pages"}],"about":[{"href":"https:\/\/biblian.is\/1981\/wp-json\/wp\/v2\/types\/page"}],"author":[{"embeddable":true,"href":"https:\/\/biblian.is\/1981\/wp-json\/wp\/v2\/users\/1"}],"replies":[{"embeddable":true,"href":"https:\/\/biblian.is\/1981\/wp-json\/wp\/v2\/comments?post=1740"}],"version-history":[{"count":0,"href":"https:\/\/biblian.is\/1981\/wp-json\/wp\/v2\/pages\/1740\/revisions"}],"wp:attachment":[{"href":"https:\/\/biblian.is\/1981\/wp-json\/wp\/v2\/media?parent=1740"}],"curies":[{"name":"wp","href":"https:\/\/api.w.org\/{rel}","templated":true}]}}