{"id":1739,"date":"2017-11-18T20:18:28","date_gmt":"2017-11-18T20:18:28","guid":{"rendered":"http:\/\/biblian.is\/1981\/sidari-kronikubok-26-kafli\/"},"modified":"2021-06-06T11:10:35","modified_gmt":"2021-06-06T11:10:35","slug":"sidari-kronikubok-26-kafli","status":"publish","type":"page","link":"https:\/\/biblian.is\/1981\/sidari-kronikubok-26-kafli\/","title":{"rendered":"S\u00ed\u00f0ari kron\u00edkub\u00f3k 26. kafli"},"content":{"rendered":"<p><a name=\"1\"><span class=\"versanumer\">1<\/span><\/a>\u00de\u00e1 t\u00f3k allur J\u00fadal\u00fd\u00f0ur \u00dass\u00eda, \u00fe\u00f3tt hann v\u00e6ri eigi nema sext\u00e1n vetra gamall, og gj\u00f6r\u00f0i hann a\u00f0 konungi \u00ed sta\u00f0 Amas\u00eda f\u00f6\u00f0ur hans.<a name=\"2\"><span class=\"versanumer\">2<\/span><\/a>Hann v\u00edggirti El\u00f3t og vann hana aftur undir J\u00fada, eftir a\u00f0 konungurinn var lagstur til hv\u00edldar hj\u00e1 fe\u00f0rum s\u00ednum.<a name=\"3\"><span class=\"versanumer\">3<\/span><\/a>\u00dass\u00eda var sext\u00e1n vetra gamall, \u00fe\u00e1 er hann var\u00f0 konungur, og fimmt\u00edu og tv\u00f6 \u00e1r r\u00edkti hann \u00ed Jer\u00fasalem. M\u00f3\u00f0ir hans h\u00e9t Jekolja og var fr\u00e1 Jer\u00fasalem.<a name=\"4\"><span class=\"versanumer\">4<\/span><\/a>Hann gj\u00f6r\u00f0i \u00fea\u00f0, sem r\u00e9tt var \u00ed augum Drottins, me\u00f0 \u00f6llu svo sem gj\u00f6rt haf\u00f0i Amas\u00eda fa\u00f0ir hans.<a name=\"5\"><span class=\"versanumer\">5<\/span><\/a>Hann leita\u00f0i Gu\u00f0s kostg\u00e6filega, me\u00f0an Sakar\u00eda var \u00e1 l\u00edfi, er fr\u00e6ddi hann \u00ed gu\u00f0s\u00f3tta, og me\u00f0an hann leita\u00f0i Drottins, veitti Gu\u00f0 honum gengi.<a name=\"6\"><span class=\"versanumer\">6<\/span><\/a>Hann f\u00f3r \u00ed herna\u00f0 og herja\u00f0i \u00e1 Filista, reif ni\u00f0ur m\u00farana \u00ed Gat og m\u00farana \u00ed Jabne og m\u00farana \u00ed Asdod, og reisti borgir \u00ed Asdodh\u00e9ra\u00f0i og Filistalandi.<a name=\"7\"><span class=\"versanumer\">7<\/span><\/a>Og Gu\u00f0 veitti honum gegn Filistum og Ar\u00f6bum, \u00feeim er bjuggu \u00ed G\u00far Baal, og gegn Me\u00fan\u00edtum.<a name=\"8\"><span class=\"versanumer\">8<\/span><\/a>Amm\u00f3n\u00edtar f\u00e6r\u00f0u og \u00dass\u00eda skatt, og fr\u00e6g\u00f0 hans barst allt til Egyptalands, \u00fev\u00ed a\u00f0 hann var\u00f0 mj\u00f6g voldugur.<a name=\"9\"><span class=\"versanumer\">9<\/span><\/a>Og \u00dass\u00eda reisti turna \u00ed Jer\u00fasalem, \u00e1 hornhli\u00f0inu, \u00e1 dalhli\u00f0inu og \u00ed kr\u00f3knum og v\u00edggirti \u00fe\u00e1.<a name=\"10\"><span class=\"versanumer\">10<\/span><\/a>Hann reisti og turna \u00ed ey\u00f0im\u00f6rkinni, og l\u00e9t h\u00f6ggva \u00fat fj\u00f6lda af brunnum, \u00fev\u00ed a\u00f0 hann \u00e1tti st\u00f3rar hjar\u00f0ir, b\u00e6\u00f0i \u00e1 l\u00e1glendinu og \u00e1 sl\u00e9ttunni, svo og akurmenn og v\u00edngar\u00f0smenn \u00ed fj\u00f6llunum og \u00e1 Karmel, \u00fev\u00ed a\u00f0 hann haf\u00f0i m\u00e6tur \u00e1 landb\u00fana\u00f0i.<a name=\"11\"><span class=\"versanumer\">11<\/span><\/a>\u00dass\u00eda haf\u00f0i og her, er gegndi her\u00fej\u00f3nustu og f\u00f3r \u00ed herna\u00f0 \u00ed flokkum, allir \u00feeir, er Je\u00edel ritari og Maaseja tilsj\u00f3narma\u00f0ur h\u00f6f\u00f0u kanna\u00f0 undir umsj\u00f3n Hananja, eins af h\u00f6fu\u00f0sm\u00f6nnum konungs.<a name=\"12\"><span class=\"versanumer\">12<\/span><\/a>\u00c6tth\u00f6f\u00f0ingjarnir, kapparnir, voru alls tv\u00f6 \u00fe\u00fasund og sex hundru\u00f0 a\u00f0 t\u00f6lu.<a name=\"13\"><span class=\"versanumer\">13<\/span><\/a>En undir \u00feeim st\u00f3\u00f0 her, er \u00ed voru \u00ferj\u00fa hundru\u00f0 og sj\u00f6 \u00fe\u00fasund og fimm hundru\u00f0 manns, er inntu her\u00fej\u00f3nustu af hendi af mestu hreysti, til \u00feess a\u00f0 veita konungi gegn fjandm\u00f6nnunum.<a name=\"14\"><span class=\"versanumer\">14<\/span><\/a>F\u00e9kk \u00dass\u00eda \u00feeim, \u00f6llum hernum, skj\u00f6ldu, spj\u00f3t, hj\u00e1lma, pansara, boga og sl\u00f6ngusteina.<a name=\"15\"><span class=\"versanumer\">15<\/span><\/a>\u00de\u00e1 l\u00e9t hann og gj\u00f6ra \u00ed Jer\u00fasalem v\u00e9lar me\u00f0 miklum hagleik. Skyldu \u00fe\u00e6r vera \u00ed turnunum og hornunum til a\u00f0 skj\u00f3ta me\u00f0 \u00f6rvum og st\u00f3rum steinum. Og fr\u00e6g\u00f0 hans barst til fjarl\u00e6gra landa, \u00fev\u00ed a\u00f0 honum hlotna\u00f0ist d\u00e1samlegt li\u00f0sinni, uns hann var voldugur or\u00f0inn.<a name=\"16\"><span class=\"versanumer\">16<\/span><\/a>En er hann var voldugur or\u00f0inn, var\u00f0 hann drembil\u00e1tur, og \u00fea\u00f0 svo, a\u00f0 hann a\u00f0haf\u00f0ist \u00f3h\u00e6fu og braut \u00e1 m\u00f3ti Drottni, Gu\u00f0i s\u00ednum, er hann gekk inn \u00ed musteri Drottins til \u00feess a\u00f0 brenna reykelsi \u00e1 reykelsisaltarinu.<a name=\"17\"><span class=\"versanumer\">17<\/span><\/a>Gekk \u00fe\u00e1 Asarja prestur \u00e1 eftir honum og me\u00f0 honum \u00e1ttat\u00edu duglegir prestar Drottins.<a name=\"18\"><span class=\"versanumer\">18<\/span><\/a>\u00deeir st\u00f3\u00f0u \u00ed m\u00f3ti \u00dass\u00eda konungi og s\u00f6g\u00f0u vi\u00f0 hann: \u00dea\u00f0 er eigi \u00feitt, \u00dass\u00eda, a\u00f0 brenna reykelsi fyrir Drottni, heldur prestanna, ni\u00f0ja Arons, er v\u00edg\u00f0ir eru til \u00feess a\u00f0 f\u00e6ra reykelsisf\u00f3rnir. Far \u00fe\u00fa \u00fat \u00far helgid\u00f3minum, \u00fev\u00ed a\u00f0 \u00fe\u00fa ert brotlegur or\u00f0inn, og ver\u00f0ur \u00fe\u00e9r \u00fea\u00f0 eigi til s\u00e6mdar fyrir Drottni Gu\u00f0i.<a name=\"19\"><span class=\"versanumer\">19<\/span><\/a>En \u00dass\u00eda reiddist, \u00fear sem hann h\u00e9lt \u00e1 reykelsiskerinu \u00ed hendinni til \u00feess a\u00f0 f\u00e6ra reykelsisf\u00f3rn, og er hann reiddist prestunum, braust l\u00edk\u00fer\u00e1 \u00fat \u00e1 enni honum a\u00f0 prestunum \u00e1sj\u00e1andi \u00ed musteri Drottins, vi\u00f0 reykelsisaltari\u00f0.<a name=\"20\"><span class=\"versanumer\">20<\/span><\/a>Og er Asarja h\u00f6fu\u00f0prestur og allir prestarnir litu \u00e1 hann, \u00fe\u00e1 var hann l\u00edk\u00fer\u00e1r \u00e1 enninu. R\u00e1ku \u00feeir hann \u00fe\u00e1 \u00fat \u00fea\u00f0an, og sj\u00e1lfur fl\u00fdtti hann s\u00e9r og \u00ed burt, \u00fev\u00ed a\u00f0 Drottinn haf\u00f0i losti\u00f0 hann.<a name=\"21\"><span class=\"versanumer\">21<\/span><\/a>\u00deannig var\u00f0 \u00dass\u00eda konungur l\u00edk\u00fer\u00e1r til dau\u00f0adags. Bj\u00f3 hann kyrr \u00ed h\u00f6ll sinni sem l\u00edk\u00fer\u00e1r, \u00fev\u00ed a\u00f0 hann var \u00fatiloka\u00f0ur fr\u00e1 musteri Drottins, en J\u00f3tam sonur hans veitti forst\u00f6\u00f0u konungsh\u00f6llinni og d\u00e6mdi m\u00e1l landsmanna.<a name=\"22\"><span class=\"versanumer\">22<\/span><\/a>En \u00fea\u00f0, sem meira er a\u00f0 segja um \u00dass\u00eda, hefir Jesaja Amozson sp\u00e1ma\u00f0ur rita\u00f0 fr\u00e1 upphafi til enda.<a name=\"23\"><span class=\"versanumer\">23<\/span><\/a>Og \u00dass\u00eda lag\u00f0ist til hv\u00edldar hj\u00e1 fe\u00f0rum s\u00ednum, og var grafinn hj\u00e1 fe\u00f0rum s\u00ednum \u00e1 bersv\u00e6\u00f0i hj\u00e1 konungagr\u00f6funum, \u00fev\u00ed a\u00f0 menn s\u00f6g\u00f0u: Hann er l\u00edk\u00fer\u00e1r! Og J\u00f3tam sonur hans t\u00f3k r\u00edki eftir hann.<\/p>\n<div class=\"footnote1981\"><b>26.1-4<\/b> sbr 2Kon 14.21-22; 15.1-3<br \/>\n<b>26.18<\/b> \u00de\u00e9r ekki \u00e6tla\u00f0 4M\u00f3s 3.10<br \/>\n<b>26.21-23<\/b> sbr 2Kon 15.5-7<\/div>\n","protected":false},"excerpt":{"rendered":"<p>1\u00de\u00e1 t\u00f3k allur J\u00fadal\u00fd\u00f0ur \u00dass\u00eda, \u00fe\u00f3tt hann v\u00e6ri eigi nema sext\u00e1n vetra gamall, og gj\u00f6r\u00f0i hann a\u00f0 konungi \u00ed sta\u00f0 Amas\u00eda f\u00f6\u00f0ur hans.2Hann v\u00edggirti El\u00f3t og vann hana aftur undir J\u00fada, eftir a\u00f0 konungurinn var lagstur til hv\u00edldar hj\u00e1 fe\u00f0rum s\u00ednum.3\u00dass\u00eda var sext\u00e1n vetra gamall, \u00fe\u00e1 er hann var\u00f0 konungur, og fimmt\u00edu og tv\u00f6 \u00e1r r\u00edkti hann \u00ed Jer\u00fasalem. M\u00f3\u00f0ir hans h\u00e9t Jekolja og var fr\u00e1 Jer\u00fasalem.4Hann gj\u00f6r\u00f0i \u00fea\u00f0, sem r\u00e9tt var \u00ed augum Drottins, me\u00f0 \u00f6llu svo sem gj\u00f6rt haf\u00f0i Amas\u00eda fa\u00f0ir hans.5Hann leita\u00f0i Gu\u00f0s kostg\u00e6filega, me\u00f0an Sakar\u00eda var \u00e1 l\u00edfi, er fr\u00e6ddi hann \u00ed gu\u00f0s\u00f3tta, og me\u00f0an hann <a href=\"https:\/\/biblian.is\/1981\/sidari-kronikubok-26-kafli\/\"> [&#8230;]<\/a><\/p>\n","protected":false},"author":1,"featured_media":0,"parent":0,"menu_order":0,"comment_status":"open","ping_status":"open","template":"bibliukaflar.php","meta":{"footnotes":""},"class_list":["post-1739","page","type-page","status-publish","hentry"],"_links":{"self":[{"href":"https:\/\/biblian.is\/1981\/wp-json\/wp\/v2\/pages\/1739","targetHints":{"allow":["GET"]}}],"collection":[{"href":"https:\/\/biblian.is\/1981\/wp-json\/wp\/v2\/pages"}],"about":[{"href":"https:\/\/biblian.is\/1981\/wp-json\/wp\/v2\/types\/page"}],"author":[{"embeddable":true,"href":"https:\/\/biblian.is\/1981\/wp-json\/wp\/v2\/users\/1"}],"replies":[{"embeddable":true,"href":"https:\/\/biblian.is\/1981\/wp-json\/wp\/v2\/comments?post=1739"}],"version-history":[{"count":0,"href":"https:\/\/biblian.is\/1981\/wp-json\/wp\/v2\/pages\/1739\/revisions"}],"wp:attachment":[{"href":"https:\/\/biblian.is\/1981\/wp-json\/wp\/v2\/media?parent=1739"}],"curies":[{"name":"wp","href":"https:\/\/api.w.org\/{rel}","templated":true}]}}