{"id":1738,"date":"2017-11-18T20:18:28","date_gmt":"2017-11-18T20:18:28","guid":{"rendered":"http:\/\/biblian.is\/1981\/sidari-kronikubok-25-kafli\/"},"modified":"2021-06-06T11:10:34","modified_gmt":"2021-06-06T11:10:34","slug":"sidari-kronikubok-25-kafli","status":"publish","type":"page","link":"https:\/\/biblian.is\/1981\/sidari-kronikubok-25-kafli\/","title":{"rendered":"S\u00ed\u00f0ari kron\u00edkub\u00f3k 25. kafli"},"content":{"rendered":"<p><a name=\"1\"><span class=\"versanumer\">1<\/span><\/a>Amas\u00eda t\u00f3k r\u00edki, \u00fe\u00e1 er hann var tuttugu og fimm \u00e1ra gamall, og tuttugu og n\u00edu \u00e1r r\u00edkti hann \u00ed Jer\u00fasalem. M\u00f3\u00f0ir hans h\u00e9t J\u00f3addan og var fr\u00e1 Jer\u00fasalem.<a name=\"2\"><span class=\"versanumer\">2<\/span><\/a>Hann gj\u00f6r\u00f0i \u00fea\u00f0, sem r\u00e9tt var \u00ed augum Drottins, \u00fe\u00f3 eigi me\u00f0 \u00f3skiptu hjarta.<a name=\"3\"><span class=\"versanumer\">3<\/span><\/a>En er hann var or\u00f0inn fastur \u00ed sessi, l\u00e9t hann drepa \u00fe\u00e1 menn s\u00edna, er drepi\u00f0 h\u00f6f\u00f0u konunginn f\u00f6\u00f0ur hans.<a name=\"4\"><span class=\"versanumer\">4<\/span><\/a>En b\u00f6rn \u00feeirra l\u00e9t hann ekki af l\u00edfi taka, heldur f\u00f3r eftir \u00fev\u00ed, sem rita\u00f0 er \u00ed l\u00f6gm\u00e1linu, \u00ed M\u00f3seb\u00f3k, \u00fear sem Drottinn m\u00e6lir svo fyrir: Fe\u00f0ur skulu ekki l\u00e1ta l\u00edfi\u00f0 \u00e1samt b\u00f6rnunum, og b\u00f6rn skulu ekki l\u00e1ta l\u00edfi\u00f0 \u00e1samt fe\u00f0runum, heldur skal hver l\u00e1ta l\u00edfi\u00f0 fyrir s\u00edna eigin synd.<a name=\"5\"><span class=\"versanumer\">5<\/span><\/a>Og Amas\u00eda stefndi J\u00fadam\u00f6nnum saman og skipa\u00f0i \u00feeim ni\u00f0ur eftir \u00e6ttum, eftir \u00fe\u00fasundh\u00f6f\u00f0ingjum og hundra\u00f0sh\u00f6f\u00f0ingjum \u00far \u00f6llum J\u00fada og Benjam\u00edn. S\u00ed\u00f0an kanna\u00f0i hann \u00fe\u00e1, tv\u00edtuga og \u00fea\u00f0an af eldri, og komst a\u00f0 raun um, a\u00f0 \u00feeir voru \u00ferj\u00fa hundru\u00f0 \u00fe\u00fasund einvalali\u00f0s, herf\u00e6rir menn, er bori\u00f0 g\u00e1tu spj\u00f3t og skj\u00f6ld.<a name=\"6\"><span class=\"versanumer\">6<\/span><\/a>Hann t\u00f3k og \u00e1 m\u00e1la hundra\u00f0 \u00fe\u00fasund kappa af \u00cdsrael fyrir hundra\u00f0 talentur silfurs.<a name=\"7\"><span class=\"versanumer\">7<\/span><\/a>En gu\u00f0sma\u00f0ur nokkur kom til hans og m\u00e6lti: \u00de\u00fa konungur! Eigi skyldi \u00cdsraelsher fara me\u00f0 \u00fe\u00e9r, \u00fev\u00ed a\u00f0 Drottinn er eigi me\u00f0 \u00cdsrael, me\u00f0 neinum af Efra\u00edmsni\u00f0jum,<a name=\"8\"><span class=\"versanumer\">8<\/span><\/a>heldur skalt \u00fe\u00fa fara einn saman. Gakk \u00fe\u00fa \u00f6ruggur til bardaga, annars kann Gu\u00f0 a\u00f0 l\u00e1ta \u00fe\u00e9r veita mi\u00f0ur fyrir \u00f3vinum \u00fe\u00ednum, \u00fev\u00ed a\u00f0 \u00fea\u00f0 er \u00e1 Gu\u00f0s valdi a\u00f0 veita fulltingi og l\u00e1ta veita mi\u00f0ur.<a name=\"9\"><span class=\"versanumer\">9<\/span><\/a>Amas\u00eda svara\u00f0i gu\u00f0smanninum: Hvernig \u00e1 \u00fe\u00e1 a\u00f0 fara me\u00f0 \u00feessar hundra\u00f0 talentur, er \u00e9g hefi gefi\u00f0 \u00cdsraelshersveitinni? Gu\u00f0sma\u00f0urinn svara\u00f0i: \u00dea\u00f0 er \u00e1 valdi Drottins a\u00f0 gefa \u00fe\u00e9r miklu meira en \u00fea\u00f0.<a name=\"10\"><span class=\"versanumer\">10<\/span><\/a>\u00de\u00e1 skildi Amas\u00eda fr\u00e1 hersveitina, er komin var til hans \u00far Efra\u00edm, til \u00feess a\u00f0 \u00feeir skyldu halda heimlei\u00f0is. Ur\u00f0u \u00feeir \u00fe\u00e1 s\u00e1rrei\u00f0ir J\u00fadam\u00f6nnum og sneru heimlei\u00f0is ofsarei\u00f0ir.<a name=\"11\"><span class=\"versanumer\">11<\/span><\/a>En Amas\u00eda herti upp hugann, f\u00f3r me\u00f0 menn s\u00edna, h\u00e9lt til Saltdals og vann sigur \u00e1 Se\u00edr\u00edtum, t\u00edu \u00fe\u00fasundum manns.<a name=\"12\"><span class=\"versanumer\">12<\/span><\/a>En a\u00f0ra t\u00edu \u00fe\u00fasund handt\u00f3ku J\u00fadamenn lifandi. F\u00f3ru \u00feeir me\u00f0 \u00fe\u00e1 fram \u00e1 klettasn\u00f6s og hrundu \u00feeim ofan af klettasn\u00f6sinni, svo a\u00f0 brotna\u00f0i \u00ed \u00feeim hvert bein.<a name=\"13\"><span class=\"versanumer\">13<\/span><\/a>\u00deeir af hersveitinni, er Amas\u00eda haf\u00f0i l\u00e1ti\u00f0 aftur hverfa, svo a\u00f0 \u00feeir eigi m\u00e1ttu fara me\u00f0 honum til bardagans, \u00feeir r\u00e9\u00f0ust inn \u00ed J\u00fadaborgir, fr\u00e1 Samar\u00edu til Bet H\u00f3ron, dr\u00e1pu \u00fear \u00ferj\u00fa \u00fe\u00fasund manns og r\u00e6ndu miklu herfangi.<a name=\"14\"><span class=\"versanumer\">14<\/span><\/a>En er Amas\u00eda var kominn heim eftir sigurinn yfir Ed\u00f3m\u00edtum, \u00fe\u00e1 haf\u00f0i hann me\u00f0 s\u00e9r gu\u00f0i Se\u00edr\u00edta og setti \u00fe\u00e1 upp hj\u00e1 s\u00e9r svo sem gu\u00f0i. Laut hann \u00feeim og brenndi reykelsi \u00feeim til handa.<a name=\"15\"><span class=\"versanumer\">15<\/span><\/a>\u00de\u00e1 var\u00f0 Drottinn rei\u00f0ur Amas\u00eda og hann sendi sp\u00e1mann til hans. Hann m\u00e6lti til hans: Hvers vegna leitar \u00fe\u00fa gu\u00f0a \u00fej\u00f3\u00f0ar \u00feessarar, er eigi g\u00e1tu frelsa\u00f0 \u00fej\u00f3\u00f0 s\u00edna \u00far hendi \u00feinni?<a name=\"16\"><span class=\"versanumer\">16<\/span><\/a>En er hann tala\u00f0i til hans, \u00fe\u00e1 m\u00e6lti konungur vi\u00f0 hann: H\u00f6fum v\u00e9r gj\u00f6rt \u00feig a\u00f0 r\u00e1\u00f0gjafa konungs? H\u00e6ttu, e\u00f0a \u00fe\u00fa ver\u00f0ur barinn. \u00de\u00e1 h\u00e6tti sp\u00e1ma\u00f0urinn og m\u00e6lti: N\u00fa veit \u00e9g, a\u00f0 Gu\u00f0 hefir afr\u00e1\u00f0i\u00f0 a\u00f0 tort\u00edma \u00fe\u00e9r, fyrst \u00fe\u00fa breyttir svo og vilt eigi hl\u00fd\u00f0a \u00e1 r\u00e1\u00f0 mitt.<a name=\"17\"><span class=\"versanumer\">17<\/span><\/a>S\u00ed\u00f0an r\u00e9\u00f0 Amas\u00eda J\u00fadakonungur r\u00e1\u00f0um s\u00ednum og gj\u00f6r\u00f0i menn \u00e1 fund J\u00f3asar J\u00f3ahassonar, Jeh\u00fasonar, \u00cdsraelskonungs, me\u00f0 svol\u00e1tandi or\u00f0sending: N\u00fa skulum vi\u00f0 reyna me\u00f0 okkur.<a name=\"18\"><span class=\"versanumer\">18<\/span><\/a>\u00de\u00e1 sendi J\u00f3as \u00cdsraelskonungur Amas\u00eda J\u00fadakonungi \u00feau andsv\u00f6r: \u00deistillinn \u00e1 L\u00edbanon gj\u00f6r\u00f0i sedrustr\u00e9nu \u00e1 L\u00edbanon svol\u00e1tandi or\u00f0sending: Gef \u00fe\u00fa syni m\u00ednum d\u00f3ttur \u00fe\u00edna a\u00f0 konu. En villid\u00fdrin \u00e1 L\u00edbanon gengu yfir \u00feistilinn og tr\u00f3\u00f0u hann sundur.<a name=\"19\"><span class=\"versanumer\">19<\/span><\/a>\u00de\u00fa hugsar: \u00c9g hefi unni\u00f0 mikinn sigur \u00e1 Ed\u00f3m\u00edtum og \u00fe\u00fa hefir fyllst ofmetna\u00f0i. Sit \u00fe\u00fa n\u00fa kyrr heima! Hv\u00ed vilt \u00fe\u00fa egna \u00f3g\u00e6funa sj\u00e1lfum \u00fe\u00e9r og J\u00fada til falls?<a name=\"20\"><span class=\"versanumer\">20<\/span><\/a>En Amas\u00eda gaf \u00feessu engan gaum, \u00fev\u00ed a\u00f0 svo var til stillt af Gu\u00f0i til \u00feess a\u00f0 ofurselja \u00fe\u00e1 fjandm\u00f6nnunum, af \u00fev\u00ed a\u00f0 \u00feeir h\u00f6f\u00f0u leita\u00f0 Ed\u00f3msgu\u00f0a.<a name=\"21\"><span class=\"versanumer\">21<\/span><\/a>\u00de\u00e1 f\u00f3r J\u00f3as \u00cdsraelskonungur af sta\u00f0, og var\u00f0 fundur \u00feeirra, hans og Amas\u00eda J\u00fadakonungs, \u00ed Bet Semes, er liggur undir J\u00fada.<a name=\"22\"><span class=\"versanumer\">22<\/span><\/a>Bei\u00f0 J\u00fada \u00fear \u00f3sigur fyrir \u00cdsrael, og fl\u00fd\u00f0u \u00feeir hver til s\u00edns heima.<a name=\"23\"><span class=\"versanumer\">23<\/span><\/a>En J\u00f3as \u00cdsraelskonungur t\u00f3k h\u00f6ndum Amas\u00eda J\u00fadakonung, son J\u00f3asar J\u00f3ahassonar, \u00ed Bet Semes, og f\u00f3r me\u00f0 hann til Jer\u00fasalem. Hann braut ni\u00f0ur m\u00fara Jer\u00fasalem, fr\u00e1 Efra\u00edmhli\u00f0i allt a\u00f0 hornhli\u00f0inu, fj\u00f6gur hundru\u00f0 \u00e1lnir.<a name=\"24\"><span class=\"versanumer\">24<\/span><\/a>\u00dev\u00ed n\u00e6st t\u00f3k hann allt gull og silfur og \u00f6ll \u00e1h\u00f6ld, er fundust \u00ed musteri Gu\u00f0s hj\u00e1 \u00d3be\u00f0 Ed\u00f3m, svo og fj\u00e1rsj\u00f3\u00f0u konungshallarinnar og g\u00edslana, og sneri s\u00ed\u00f0an aftur heim til Samar\u00edu.<a name=\"25\"><span class=\"versanumer\">25<\/span><\/a>Amas\u00eda J\u00f3asson J\u00fadakonungur lif\u00f0i fimmt\u00e1n \u00e1r eftir dau\u00f0a J\u00f3asar J\u00f3ahassonar \u00cdsraelskonungs.<a name=\"26\"><span class=\"versanumer\">26<\/span><\/a>En \u00fea\u00f0 sem meira er a\u00f0 segja um Amas\u00eda, er fr\u00e1 upphafi til enda rita\u00f0 \u00ed b\u00f3k J\u00fada- og \u00cdsraelskonunga.<a name=\"27\"><span class=\"versanumer\">27<\/span><\/a>Og upp fr\u00e1 \u00fev\u00ed, er Amas\u00eda veik fr\u00e1 Drottni, gj\u00f6r\u00f0u menn sams\u00e6ri gegn honum \u00ed Jer\u00fasalem. Fl\u00fd\u00f0i hann \u00fe\u00e1 til Lak\u00eds, en \u00feeir sendu \u00e1 eftir honum til Lak\u00eds og l\u00e9tu drepa hann \u00fear.<a name=\"28\"><span class=\"versanumer\">28<\/span><\/a>Fluttu \u00feeir hann s\u00ed\u00f0an \u00e1 hestum, og var hann grafinn hj\u00e1 fe\u00f0rum s\u00ednum \u00ed Dav\u00ed\u00f0sborg.<\/p>\n<div class=\"footnote1981\"><b>25.1-13<\/b> sbr 2Kon 14.1-7<br \/>\n<b>25.12<\/b> Klettan\u00f6s L\u00fak 4.29<br \/>\n<b>25.14-24<\/b> sbr 2Kon 14.8-14<br \/>\n<b>25.24<\/b> \u00d3be\u00f0 Ed\u00f3m 2Sam 6.10-11; 1Kro 26.4-15<br \/>\n<b>25.25-28<\/b> sbr 2Kon 14.17-20<\/div>\n","protected":false},"excerpt":{"rendered":"<p>1Amas\u00eda t\u00f3k r\u00edki, \u00fe\u00e1 er hann var tuttugu og fimm \u00e1ra gamall, og tuttugu og n\u00edu \u00e1r r\u00edkti hann \u00ed Jer\u00fasalem. M\u00f3\u00f0ir hans h\u00e9t J\u00f3addan og var fr\u00e1 Jer\u00fasalem.2Hann gj\u00f6r\u00f0i \u00fea\u00f0, sem r\u00e9tt var \u00ed augum Drottins, \u00fe\u00f3 eigi me\u00f0 \u00f3skiptu hjarta.3En er hann var or\u00f0inn fastur \u00ed sessi, l\u00e9t hann drepa \u00fe\u00e1 menn s\u00edna, er drepi\u00f0 h\u00f6f\u00f0u konunginn f\u00f6\u00f0ur hans.4En b\u00f6rn \u00feeirra l\u00e9t hann ekki af l\u00edfi taka, heldur f\u00f3r eftir \u00fev\u00ed, sem rita\u00f0 er \u00ed l\u00f6gm\u00e1linu, \u00ed M\u00f3seb\u00f3k, \u00fear sem Drottinn m\u00e6lir svo fyrir: Fe\u00f0ur skulu ekki l\u00e1ta l\u00edfi\u00f0 \u00e1samt b\u00f6rnunum, og b\u00f6rn skulu ekki l\u00e1ta l\u00edfi\u00f0 \u00e1samt <a href=\"https:\/\/biblian.is\/1981\/sidari-kronikubok-25-kafli\/\"> [&#8230;]<\/a><\/p>\n","protected":false},"author":1,"featured_media":0,"parent":0,"menu_order":0,"comment_status":"open","ping_status":"open","template":"bibliukaflar.php","meta":{"footnotes":""},"class_list":["post-1738","page","type-page","status-publish","hentry"],"_links":{"self":[{"href":"https:\/\/biblian.is\/1981\/wp-json\/wp\/v2\/pages\/1738","targetHints":{"allow":["GET"]}}],"collection":[{"href":"https:\/\/biblian.is\/1981\/wp-json\/wp\/v2\/pages"}],"about":[{"href":"https:\/\/biblian.is\/1981\/wp-json\/wp\/v2\/types\/page"}],"author":[{"embeddable":true,"href":"https:\/\/biblian.is\/1981\/wp-json\/wp\/v2\/users\/1"}],"replies":[{"embeddable":true,"href":"https:\/\/biblian.is\/1981\/wp-json\/wp\/v2\/comments?post=1738"}],"version-history":[{"count":0,"href":"https:\/\/biblian.is\/1981\/wp-json\/wp\/v2\/pages\/1738\/revisions"}],"wp:attachment":[{"href":"https:\/\/biblian.is\/1981\/wp-json\/wp\/v2\/media?parent=1738"}],"curies":[{"name":"wp","href":"https:\/\/api.w.org\/{rel}","templated":true}]}}