{"id":1737,"date":"2017-11-18T20:18:28","date_gmt":"2017-11-18T20:18:28","guid":{"rendered":"http:\/\/biblian.is\/1981\/sidari-kronikubok-24-kafli\/"},"modified":"2021-06-06T11:10:34","modified_gmt":"2021-06-06T11:10:34","slug":"sidari-kronikubok-24-kafli","status":"publish","type":"page","link":"https:\/\/biblian.is\/1981\/sidari-kronikubok-24-kafli\/","title":{"rendered":"S\u00ed\u00f0ari kron\u00edkub\u00f3k 24. kafli"},"content":{"rendered":"<p><a name=\"1\"><span class=\"versanumer\">1<\/span><\/a>J\u00f3as var sj\u00f6 vetra gamall, \u00fe\u00e1 er hann var\u00f0 konungur, og fj\u00f6rut\u00edu \u00e1r r\u00edkti hann \u00ed Jer\u00fasalem. M\u00f3\u00f0ir hans h\u00e9t Sibja og var fr\u00e1 Beerseba.<a name=\"2\"><span class=\"versanumer\">2<\/span><\/a>J\u00f3as gj\u00f6r\u00f0i \u00fea\u00f0, sem r\u00e9tt var \u00ed augum Drottins, me\u00f0an J\u00f3jada prestur lif\u00f0i.<a name=\"3\"><span class=\"versanumer\">3<\/span><\/a>Og J\u00f3jada t\u00f3k tv\u00e6r konur honum til handa, og hann gat sonu og d\u00e6tur.<a name=\"4\"><span class=\"versanumer\">4<\/span><\/a>S\u00ed\u00f0an \u00e1setti J\u00f3as s\u00e9r a\u00f0 reisa vi\u00f0 musteri Drottins.<a name=\"5\"><span class=\"versanumer\">5<\/span><\/a>Stefndi hann \u00fe\u00e1 saman prestunum og lev\u00edtunum og sag\u00f0i vi\u00f0 \u00fe\u00e1: Fari\u00f0 um J\u00fadaborgir og safni\u00f0 f\u00e9 \u00far \u00f6llum \u00cdsrael til \u00feess a\u00f0 gj\u00f6ra vi\u00f0 musteri Gu\u00f0s y\u00f0ar, og skulu\u00f0 \u00fe\u00e9r vinda br\u00e1\u00f0an bug a\u00f0 erindi \u00feessu. En lev\u00edtarnir f\u00f3ru a\u00f0 engu \u00f3tt.<a name=\"6\"><span class=\"versanumer\">6<\/span><\/a>\u00de\u00e1 kalla\u00f0i konungur J\u00f3jada \u00e6\u00f0sta prest og sag\u00f0i vi\u00f0 hann: Hvers vegna hefir \u00fe\u00fa eigi annast um a\u00f0 lev\u00edtarnir heimti inn \u00far J\u00fada og Jer\u00fasalem skatta \u00fe\u00e1, er M\u00f3se, \u00fej\u00f3nn Drottins, lag\u00f0i \u00e1 \u00cdsraelss\u00f6fnu\u00f0 til l\u00f6gm\u00e1lstjaldsins?<a name=\"7\"><span class=\"versanumer\">7<\/span><\/a>\u00dev\u00ed a\u00f0 illkvendi\u00f0 Atal\u00eda og synir hennar hafa brotist inn \u00ed musteri Gu\u00f0s og \u00fear \u00e1 ofan eytt \u00f6llum helgigj\u00f6fum musteris Drottins \u00ed Baalana.<a name=\"8\"><span class=\"versanumer\">8<\/span><\/a>S\u00ed\u00f0an gj\u00f6r\u00f0u menn kistu a\u00f0 bo\u00f0i konungs og settu hana fyrir utan hli\u00f0i\u00f0 \u00e1 musteri Drottins.<a name=\"9\"><span class=\"versanumer\">9<\/span><\/a>Var \u00fe\u00e1 kunngj\u00f6rt \u00ed J\u00fada og Jer\u00fasalem, a\u00f0 f\u00e6ra skyldi Drottni skatt \u00feann, er M\u00f3se, \u00fej\u00f3nn Gu\u00f0s, haf\u00f0i lagt \u00e1 \u00cdsrael \u00ed ey\u00f0im\u00f6rkinni.<a name=\"10\"><span class=\"versanumer\">10<\/span><\/a>F\u00f6gnu\u00f0u \u00fe\u00e1 allir h\u00f6fu\u00f0smennirnir og allur l\u00fd\u00f0urinn og komu me\u00f0 skattinn og l\u00f6g\u00f0u \u00ed kistuna, uns h\u00fan var full.<a name=\"11\"><span class=\"versanumer\">11<\/span><\/a>Og \u00ed hvert sinn, er hann l\u00e9t lev\u00edtana fara me\u00f0 kistuna til umsj\u00f3narmanns konungs, \u00feegar \u00feeir s\u00e1u a\u00f0 f\u00e9\u00f0 var miki\u00f0 or\u00f0i\u00f0, \u00fe\u00e1 kom kanslari konungs og umbo\u00f0sma\u00f0ur \u00e6\u00f0sta prestsins. T\u00e6mdu \u00feeir kistuna og f\u00f3ru s\u00ed\u00f0an aftur me\u00f0 hana \u00e1 sinn sta\u00f0. Gj\u00f6r\u00f0u \u00feeir svo dag eftir dag og s\u00f6fnu\u00f0u \u00f3grynni fj\u00e1r.<a name=\"12\"><span class=\"versanumer\">12<\/span><\/a>Og konungur og J\u00f3jada fengu \u00fea\u00f0 verkstj\u00f3runum, er st\u00f3\u00f0u fyrir vinnunni vi\u00f0 musteri Drottins, en \u00feeir leig\u00f0u steinh\u00f6ggvara og tr\u00e9smi\u00f0i til \u00feess a\u00f0 reisa vi\u00f0 musteri Drottins, svo og j\u00e1rnsmi\u00f0i og eirsmi\u00f0i til \u00feess a\u00f0 gj\u00f6ra vi\u00f0 musteri Drottins.<a name=\"13\"><span class=\"versanumer\">13<\/span><\/a>Og verkstj\u00f3rarnir unnu, svo a\u00f0 vi\u00f0gj\u00f6r\u00f0inni mi\u00f0a\u00f0i \u00e1fram hj\u00e1 \u00feeim, og f\u00e6r\u00f0u \u00feeir musteri Gu\u00f0s aftur \u00ed gott lag eftir \u00e1kve\u00f0nu m\u00e1li og gengu vel fr\u00e1 \u00fev\u00ed.<a name=\"14\"><span class=\"versanumer\">14<\/span><\/a>Og er \u00feeir h\u00f6f\u00f0u loki\u00f0 \u00fev\u00ed, f\u00e6r\u00f0u \u00feeir konungi og J\u00f3jada afganginn af f\u00e9nu, og voru af \u00fev\u00ed gj\u00f6r\u00f0 \u00e1h\u00f6ld fyrir h\u00fas Drottins \u00e1h\u00f6ld til gu\u00f0s\u00fej\u00f3nustu og f\u00f3rnf\u00e6ringa, sk\u00e1lar og gull- og silfur\u00e1h\u00f6ld. Brennif\u00f3rnir voru f\u00e6r\u00f0ar \u00ed musteri Drottins alla \u00e6vi J\u00f3jada.<a name=\"15\"><span class=\"versanumer\">15<\/span><\/a>En J\u00f3jada var\u00f0 gamall og saddur l\u00edfdaga, og hann d\u00f3. Var hann hundra\u00f0 og \u00ferj\u00e1t\u00edu \u00e1ra gamall, er hann d\u00f3.<a name=\"16\"><span class=\"versanumer\">16<\/span><\/a>Og hann var grafinn \u00ed Dav\u00ed\u00f0sborg hj\u00e1 konungunum, \u00fev\u00ed a\u00f0 hann haf\u00f0i breytt vel \u00ed \u00cdsrael, svo og gagnvart Gu\u00f0i og musteri hans.<a name=\"17\"><span class=\"versanumer\">17<\/span><\/a>En eftir andl\u00e1t J\u00f3jada komu h\u00f6fu\u00f0smenn J\u00fada og lutu konungi, og hl\u00fdddi \u00fe\u00e1 konungur \u00e1 \u00fe\u00e1.<a name=\"18\"><span class=\"versanumer\">18<\/span><\/a>Og \u00feeir yfirg\u00e1fu musteri Drottins, Gu\u00f0s fe\u00f0ra sinna, og \u00fej\u00f3nu\u00f0u as\u00e9runum og l\u00edkneskjunum. Kom \u00fe\u00e1 rei\u00f0i yfir J\u00fada og Jer\u00fasalem fyrir \u00feessa s\u00f6k \u00feeirra.<a name=\"19\"><span class=\"versanumer\">19<\/span><\/a>Og hann sendi sp\u00e1menn me\u00f0al \u00feeirra, til \u00feess a\u00f0 sn\u00faa \u00feeim aftur til Drottins. \u00deeir \u00e1minntu \u00fe\u00e1, en \u00feeir g\u00e1fu \u00fev\u00ed engan gaum.<a name=\"20\"><span class=\"versanumer\">20<\/span><\/a>En andi Gu\u00f0s hreif Sakar\u00eda, son J\u00f3jada prests, svo a\u00f0 hann gekk fyrir l\u00fd\u00f0inn og m\u00e6lti til \u00feeirra: Svo segir Gu\u00f0: Hvers vegna rj\u00fafi\u00f0 \u00fe\u00e9r bo\u00f0or\u00f0 Drottins og svipti\u00f0 y\u00f0ur allri hamingju? Sakir \u00feess a\u00f0 \u00fe\u00e9r hafi\u00f0 yfirgefi\u00f0 Drottin, \u00fe\u00e1 yfirgefur hann y\u00f0ur.<a name=\"21\"><span class=\"versanumer\">21<\/span><\/a>\u00de\u00e1 s\u00f3rust \u00feeir saman gegn honum og l\u00f6mdu hann grj\u00f3ti a\u00f0 bo\u00f0i konungs \u00ed forgar\u00f0i musteris Drottins.<a name=\"22\"><span class=\"versanumer\">22<\/span><\/a>Og J\u00f3as konungur minntist eigi \u00e1star \u00feeirrar, er J\u00f3jada fa\u00f0ir hans haf\u00f0i s\u00fdnt honum, heldur l\u00e9t drepa son hans. En hann m\u00e6lti \u00ed andarslitrunum: Drottinn s\u00e9r \u00fea\u00f0 og mun hegna!<a name=\"23\"><span class=\"versanumer\">23<\/span><\/a>\u00de\u00e1 er \u00e1r var li\u00f0i\u00f0, f\u00f3r her S\u00fdrlendinga \u00ed m\u00f3ti honum. En er \u00feeir komu til J\u00fada og Jer\u00fasalem, dr\u00e1pu \u00feeir alla \u00fej\u00f3\u00f0h\u00f6f\u00f0ingja me\u00f0al l\u00fd\u00f0sins, og sendu allt herfangi\u00f0 til konungsins \u00ed Damaskus.<a name=\"24\"><span class=\"versanumer\">24<\/span><\/a>\u00de\u00f3tt her S\u00fdrlendinga v\u00e6ri f\u00e1mennur, er \u00feeir komu, gaf Drottinn samt afar mikinn her \u00e1 vald \u00feeirra, af \u00fev\u00ed a\u00f0 \u00feeir h\u00f6f\u00f0u yfirgefi\u00f0 Drottin, Gu\u00f0 fe\u00f0ra sinna, og yfir J\u00f3as l\u00e9tu \u00feeir ganga refsid\u00f3ma.<a name=\"25\"><span class=\"versanumer\">25<\/span><\/a>En er \u00feeir h\u00e9ldu burt fr\u00e1 honum \u00feeir l\u00e9tu hann eftir f\u00e1rsj\u00fakan, \u00fe\u00e1 gj\u00f6r\u00f0u \u00fej\u00f3nar hans sams\u00e6ri gegn honum vegna bl\u00f3\u00f0sakarinnar \u00e1 syni J\u00f3jada prests og dr\u00e1pu hann \u00ed rekkju hans. L\u00e9t hann \u00feannig l\u00edf sitt, og var hann grafinn \u00ed Dav\u00ed\u00f0sborg, en eigi var hann grafinn \u00ed konungagr\u00f6funum.<a name=\"26\"><span class=\"versanumer\">26<\/span><\/a>\u00deessir voru \u00feeir, er sams\u00e6ri gj\u00f6r\u00f0u gegn honum: Sabad, sonur S\u00edmeatar hinnar amm\u00f3nsku, og J\u00f3sabad, sonur Simr\u00edtar hinnar m\u00f3ab\u00edt\u00edsku.<a name=\"27\"><span class=\"versanumer\">27<\/span><\/a>En um sonu hans og upph\u00e6\u00f0 skatts \u00feess, er \u00e1 hann var lag\u00f0ur, og byggingu Gu\u00f0s musteris, er rita\u00f0 \u00ed Sk\u00fdringum konungab\u00f3karinnar. Og Amas\u00eda sonur hans t\u00f3k r\u00edki eftir hann.<\/p>\n<div class=\"footnote1981\"><b>24.1-14<\/b> sbr 2Kon 12.1-17<br \/>\n<b>24.3<\/b> Tv\u00e6r eiginkonur 5M\u00f3s 17.17<br \/>\n<b>24.6<\/b> Musterisgjald 2M\u00f3s 30.11-16; Neh 10.32-33; Matt 17.24<br \/>\n<b>24.20<\/b> Yfirgefa Drottin 2Kro 12.5+<br \/>\n<b>24.21<\/b> Sakar\u00eda Matt 23.35; L\u00fak 11.51<br \/>\n<b>24.23-27<\/b> sbr 2Kon 12.18-21<br \/>\n<b>24.24<\/b> Yfirgefa Drottin 2Kro 12.5+<\/div>\n","protected":false},"excerpt":{"rendered":"<p>1J\u00f3as var sj\u00f6 vetra gamall, \u00fe\u00e1 er hann var\u00f0 konungur, og fj\u00f6rut\u00edu \u00e1r r\u00edkti hann \u00ed Jer\u00fasalem. M\u00f3\u00f0ir hans h\u00e9t Sibja og var fr\u00e1 Beerseba.2J\u00f3as gj\u00f6r\u00f0i \u00fea\u00f0, sem r\u00e9tt var \u00ed augum Drottins, me\u00f0an J\u00f3jada prestur lif\u00f0i.3Og J\u00f3jada t\u00f3k tv\u00e6r konur honum til handa, og hann gat sonu og d\u00e6tur.4S\u00ed\u00f0an \u00e1setti J\u00f3as s\u00e9r a\u00f0 reisa vi\u00f0 musteri Drottins.5Stefndi hann \u00fe\u00e1 saman prestunum og lev\u00edtunum og sag\u00f0i vi\u00f0 \u00fe\u00e1: Fari\u00f0 um J\u00fadaborgir og safni\u00f0 f\u00e9 \u00far \u00f6llum \u00cdsrael til \u00feess a\u00f0 gj\u00f6ra vi\u00f0 musteri Gu\u00f0s y\u00f0ar, og skulu\u00f0 \u00fe\u00e9r vinda br\u00e1\u00f0an bug a\u00f0 erindi \u00feessu. En lev\u00edtarnir f\u00f3ru a\u00f0 engu \u00f3tt.6\u00de\u00e1 <a href=\"https:\/\/biblian.is\/1981\/sidari-kronikubok-24-kafli\/\"> [&#8230;]<\/a><\/p>\n","protected":false},"author":1,"featured_media":0,"parent":0,"menu_order":0,"comment_status":"open","ping_status":"open","template":"bibliukaflar.php","meta":{"footnotes":""},"class_list":["post-1737","page","type-page","status-publish","hentry"],"_links":{"self":[{"href":"https:\/\/biblian.is\/1981\/wp-json\/wp\/v2\/pages\/1737","targetHints":{"allow":["GET"]}}],"collection":[{"href":"https:\/\/biblian.is\/1981\/wp-json\/wp\/v2\/pages"}],"about":[{"href":"https:\/\/biblian.is\/1981\/wp-json\/wp\/v2\/types\/page"}],"author":[{"embeddable":true,"href":"https:\/\/biblian.is\/1981\/wp-json\/wp\/v2\/users\/1"}],"replies":[{"embeddable":true,"href":"https:\/\/biblian.is\/1981\/wp-json\/wp\/v2\/comments?post=1737"}],"version-history":[{"count":0,"href":"https:\/\/biblian.is\/1981\/wp-json\/wp\/v2\/pages\/1737\/revisions"}],"wp:attachment":[{"href":"https:\/\/biblian.is\/1981\/wp-json\/wp\/v2\/media?parent=1737"}],"curies":[{"name":"wp","href":"https:\/\/api.w.org\/{rel}","templated":true}]}}