{"id":1736,"date":"2017-11-18T20:18:28","date_gmt":"2017-11-18T20:18:28","guid":{"rendered":"http:\/\/biblian.is\/1981\/sidari-kronikubok-23-kafli\/"},"modified":"2021-06-06T11:10:33","modified_gmt":"2021-06-06T11:10:33","slug":"sidari-kronikubok-23-kafli","status":"publish","type":"page","link":"https:\/\/biblian.is\/1981\/sidari-kronikubok-23-kafli\/","title":{"rendered":"S\u00ed\u00f0ari kron\u00edkub\u00f3k 23. kafli"},"content":{"rendered":"<p><a name=\"1\"><span class=\"versanumer\">1<\/span><\/a>En \u00e1 sj\u00f6unda \u00e1ri herti J\u00f3jada upp hugann og t\u00f3k hundra\u00f0sh\u00f6f\u00f0ingjana Asarja Jer\u00f3hamsson, \u00cdsmael J\u00f3hanansson, Asarja \u00d3be\u00f0sson, Maaseja Adajason og El\u00edsafat S\u00edkr\u00edson s\u00e9r a\u00f0 bandam\u00f6nnum.<a name=\"2\"><span class=\"versanumer\">2<\/span><\/a>F\u00f3ru \u00feeir um \u00ed J\u00fada og stefndu saman lev\u00edtunum \u00far \u00f6llum J\u00fadaborgum, og \u00e6tth\u00f6f\u00f0ingjum \u00cdsraels, og komu \u00feeir til Jer\u00fasalem.<a name=\"3\"><span class=\"versanumer\">3<\/span><\/a>Og allur s\u00f6fnu\u00f0urinn gj\u00f6r\u00f0i s\u00e1ttm\u00e1la vi\u00f0 konung \u00ed musteri Gu\u00f0s. Og hann m\u00e6lti til \u00feeirra: Sj\u00e1, konungsson skal vera konungur, svo sem Drottinn hefir heiti\u00f0 um ni\u00f0ja Dav\u00ed\u00f0s.<a name=\"4\"><span class=\"versanumer\">4<\/span><\/a>Svo skulu\u00f0 \u00fe\u00e9r gj\u00f6ra: \u00deri\u00f0jungur y\u00f0ar, prestanna og lev\u00edtanna, \u00fe\u00e9r er heim fari\u00f0 hv\u00edldardaginn, skulu\u00f0 vera hli\u00f0ver\u00f0ir.<a name=\"5\"><span class=\"versanumer\">5<\/span><\/a>\u00deri\u00f0jungur skal vera \u00ed konungsh\u00f6llinni og \u00feri\u00f0jungur \u00ed Jes\u00f3d-hli\u00f0i, en alm\u00fagi skal vera \u00ed forg\u00f6r\u00f0um musteris Drottins.<a name=\"6\"><span class=\"versanumer\">6<\/span><\/a>En \u00ed musteri Drottins m\u00e1 enginn st\u00edga f\u00e6ti nema prestarnir og lev\u00edtar \u00feeir, er \u00fej\u00f3nustu gegna, \u00feeir mega inn ganga, \u00fev\u00ed a\u00f0 \u00feeir eru helga\u00f0ir. En allur annar l\u00fd\u00f0ur skal g\u00e6ta fyrirm\u00e6la Drottins.<a name=\"7\"><span class=\"versanumer\">7<\/span><\/a>Og lev\u00edtarnir skulu fylkja s\u00e9r um konung, allir me\u00f0 vopn \u00ed hendi, og hver s\u00e1, er vill brj\u00f3tast inn \u00ed musteri\u00f0, skal drepinn ver\u00f0a. Skulu\u00f0 \u00fe\u00e9r \u00feannig vera me\u00f0 konungi, \u00fe\u00e1 er hann kemur heim og \u00fe\u00e1 er hann fer \u00fat.<a name=\"8\"><span class=\"versanumer\">8<\/span><\/a>Lev\u00edtarnir og allir J\u00fadamenn f\u00f3ru me\u00f0 \u00f6llu svo sem J\u00f3jada prestur haf\u00f0i um bo\u00f0i\u00f0, s\u00f3ttu hver s\u00edna menn, b\u00e6\u00f0i \u00fe\u00e1 er heim f\u00f3ru hv\u00edldardaginn og \u00fe\u00e1 er \u00fat f\u00f3ru hv\u00edldardaginn, \u00fev\u00ed a\u00f0 J\u00f3jada prestur haf\u00f0i eigi l\u00e1ti\u00f0 flokkana burt fara.<a name=\"9\"><span class=\"versanumer\">9<\/span><\/a>Og J\u00f3jada prestur f\u00e9kk hundra\u00f0sh\u00f6f\u00f0ingjunum spj\u00f3tin, buklarana og skj\u00f6lduna, er \u00e1tt haf\u00f0i Dav\u00ed\u00f0 konungur og voru \u00ed musteri Gu\u00f0s.<a name=\"10\"><span class=\"versanumer\">10<\/span><\/a>Og hann fylkti \u00f6llum l\u00fd\u00f0num hver ma\u00f0ur haf\u00f0i skotvopn \u00ed hendi allt \u00ed kringum konung, fr\u00e1 su\u00f0urhli\u00f0 musterisins a\u00f0 nor\u00f0urhli\u00f0 musterisins, frammi fyrir altarinu og frammi fyrir musterinu.<a name=\"11\"><span class=\"versanumer\">11<\/span><\/a>\u00de\u00e1 leiddu menn konungsson fram og settu \u00e1 hann k\u00f3r\u00f3nuna, fengu honum l\u00f6gin og t\u00f3ku hann til konungs, en J\u00f3jada og synir hans smur\u00f0u hann og hr\u00f3pu\u00f0u: Konungurinn lifi!<a name=\"12\"><span class=\"versanumer\">12<\/span><\/a>En er Atal\u00eda heyr\u00f0i \u00f3pi\u00f0 \u00ed l\u00fd\u00f0num og var\u00f0li\u00f0sm\u00f6nnunum, og hversu \u00feeir f\u00f6gnu\u00f0u konungi, \u00fe\u00e1 kom h\u00fan til l\u00fd\u00f0sins \u00ed musteri Drottins.<a name=\"13\"><span class=\"versanumer\">13<\/span><\/a>S\u00e1 h\u00fan \u00fe\u00e1 konung standa vi\u00f0 s\u00falu s\u00edna vi\u00f0 innganginn, og h\u00f6fu\u00f0smennina og l\u00fa\u00f0ursveinana hj\u00e1 konungi, og allan landsl\u00fd\u00f0inn fagnandi og bl\u00e1sandi \u00ed l\u00fa\u00f0rana, og s\u00f6ngvarana me\u00f0 hlj\u00f3\u00f0f\u00e6runum, er g\u00e1fu merki til fagna\u00f0ar\u00f3psins. \u00de\u00e1 reif Atal\u00eda kl\u00e6\u00f0i s\u00edn og m\u00e6lti: Sams\u00e6ri, sams\u00e6ri!<a name=\"14\"><span class=\"versanumer\">14<\/span><\/a>En J\u00f3jada prestur l\u00e9t hundra\u00f0sh\u00f6f\u00f0ingjana, fyrirli\u00f0a hersins, ganga fram og m\u00e6lti til \u00feeirra: Lei\u00f0i\u00f0 hana \u00fat milli ra\u00f0anna, og hver sem fer \u00e1 eftir henni skal drepinn me\u00f0 sver\u00f0i. \u00dev\u00ed a\u00f0 prestur haf\u00f0i sagt: Drepi\u00f0 hana eigi \u00ed musteri Drottins.<a name=\"15\"><span class=\"versanumer\">15<\/span><\/a>S\u00ed\u00f0an l\u00f6g\u00f0u menn hendur \u00e1 hana, og er h\u00fan var komin \u00feanga\u00f0, er lei\u00f0 liggur inn um hrossahli\u00f0i\u00f0 a\u00f0 konungsh\u00f6llinni, \u00fe\u00e1 dr\u00e1pu \u00feeir hana \u00fear.<a name=\"16\"><span class=\"versanumer\">16<\/span><\/a>J\u00f3jada gj\u00f6r\u00f0i s\u00e1ttm\u00e1la milli s\u00edn og alls l\u00fd\u00f0sins og konungs, a\u00f0 \u00feeir skyldu vera l\u00fd\u00f0ur Drottins.<a name=\"17\"><span class=\"versanumer\">17<\/span><\/a>S\u00ed\u00f0an f\u00f3r allur l\u00fd\u00f0urinn inn \u00ed musteri Baals og reif \u00fea\u00f0 ni\u00f0ur. \u00d6lturu hans og l\u00edkneskjur brutu \u00feeir, en Mattan, prest Baals, dr\u00e1pu \u00feeir fyrir \u00f6lturunum.<a name=\"18\"><span class=\"versanumer\">18<\/span><\/a>S\u00ed\u00f0an setti J\u00f3jada var\u00f0flokka vi\u00f0 musteri Drottins, undir forustu lev\u00edtaprestanna, er Dav\u00ed\u00f0 haf\u00f0i skipa\u00f0 \u00ed flokka til \u00fej\u00f3nustu vi\u00f0 musteri Drottins, til \u00feess a\u00f0 bera fram brennif\u00f3rnir Drottins, eftir \u00fev\u00ed sem rita\u00f0 er \u00ed M\u00f3sel\u00f6gm\u00e1li, me\u00f0 f\u00f6gnu\u00f0i og s\u00f6ng, samkv\u00e6mt fyrirm\u00e6lum Dav\u00ed\u00f0s.<a name=\"19\"><span class=\"versanumer\">19<\/span><\/a>\u00de\u00e1 setti hann hli\u00f0ver\u00f0i vi\u00f0 hli\u00f0in \u00e1 musteri Drottins, til \u00feess a\u00f0 enginn skyldi inn komast, er \u00e1 einhvern h\u00e1tt v\u00e6ri \u00f3hreinn.<a name=\"20\"><span class=\"versanumer\">20<\/span><\/a>S\u00ed\u00f0an t\u00f3k hann hundra\u00f0sh\u00f6f\u00f0ingjana, g\u00f6fugmennin og yfirmenn l\u00fd\u00f0sins, svo og landsl\u00fd\u00f0inn allan, og f\u00f3r me\u00f0 konung ofan fr\u00e1 musteri Drottins. Og er \u00feeir voru komnir inn \u00ed konungsh\u00f6llina um efra hli\u00f0i\u00f0, \u00fe\u00e1 settu \u00feeir konung \u00ed konungsh\u00e1s\u00e6ti\u00f0.<a name=\"21\"><span class=\"versanumer\">21<\/span><\/a>Allur landsl\u00fd\u00f0ur fagna\u00f0i og borgin sefa\u00f0ist. En Atal\u00edu dr\u00e1pu \u00feeir me\u00f0 sver\u00f0i.<\/p>\n<div class=\"footnote1981\"><b>23.1-21<\/b> sbr 2Kon 11.4-20<\/div>\n","protected":false},"excerpt":{"rendered":"<p>1En \u00e1 sj\u00f6unda \u00e1ri herti J\u00f3jada upp hugann og t\u00f3k hundra\u00f0sh\u00f6f\u00f0ingjana Asarja Jer\u00f3hamsson, \u00cdsmael J\u00f3hanansson, Asarja \u00d3be\u00f0sson, Maaseja Adajason og El\u00edsafat S\u00edkr\u00edson s\u00e9r a\u00f0 bandam\u00f6nnum.2F\u00f3ru \u00feeir um \u00ed J\u00fada og stefndu saman lev\u00edtunum \u00far \u00f6llum J\u00fadaborgum, og \u00e6tth\u00f6f\u00f0ingjum \u00cdsraels, og komu \u00feeir til Jer\u00fasalem.3Og allur s\u00f6fnu\u00f0urinn gj\u00f6r\u00f0i s\u00e1ttm\u00e1la vi\u00f0 konung \u00ed musteri Gu\u00f0s. Og hann m\u00e6lti til \u00feeirra: Sj\u00e1, konungsson skal vera konungur, svo sem Drottinn hefir heiti\u00f0 um ni\u00f0ja Dav\u00ed\u00f0s.4Svo skulu\u00f0 \u00fe\u00e9r gj\u00f6ra: \u00deri\u00f0jungur y\u00f0ar, prestanna og lev\u00edtanna, \u00fe\u00e9r er heim fari\u00f0 hv\u00edldardaginn, skulu\u00f0 vera hli\u00f0ver\u00f0ir.5\u00deri\u00f0jungur skal vera \u00ed konungsh\u00f6llinni og \u00feri\u00f0jungur \u00ed Jes\u00f3d-hli\u00f0i, en alm\u00fagi skal vera \u00ed <a href=\"https:\/\/biblian.is\/1981\/sidari-kronikubok-23-kafli\/\"> [&#8230;]<\/a><\/p>\n","protected":false},"author":1,"featured_media":0,"parent":0,"menu_order":0,"comment_status":"open","ping_status":"open","template":"bibliukaflar.php","meta":{"footnotes":""},"class_list":["post-1736","page","type-page","status-publish","hentry"],"_links":{"self":[{"href":"https:\/\/biblian.is\/1981\/wp-json\/wp\/v2\/pages\/1736","targetHints":{"allow":["GET"]}}],"collection":[{"href":"https:\/\/biblian.is\/1981\/wp-json\/wp\/v2\/pages"}],"about":[{"href":"https:\/\/biblian.is\/1981\/wp-json\/wp\/v2\/types\/page"}],"author":[{"embeddable":true,"href":"https:\/\/biblian.is\/1981\/wp-json\/wp\/v2\/users\/1"}],"replies":[{"embeddable":true,"href":"https:\/\/biblian.is\/1981\/wp-json\/wp\/v2\/comments?post=1736"}],"version-history":[{"count":0,"href":"https:\/\/biblian.is\/1981\/wp-json\/wp\/v2\/pages\/1736\/revisions"}],"wp:attachment":[{"href":"https:\/\/biblian.is\/1981\/wp-json\/wp\/v2\/media?parent=1736"}],"curies":[{"name":"wp","href":"https:\/\/api.w.org\/{rel}","templated":true}]}}