{"id":1735,"date":"2017-11-18T20:18:28","date_gmt":"2017-11-18T20:18:28","guid":{"rendered":"http:\/\/biblian.is\/1981\/sidari-kronikubok-22-kafli\/"},"modified":"2021-06-06T11:10:33","modified_gmt":"2021-06-06T11:10:33","slug":"sidari-kronikubok-22-kafli","status":"publish","type":"page","link":"https:\/\/biblian.is\/1981\/sidari-kronikubok-22-kafli\/","title":{"rendered":"S\u00ed\u00f0ari kron\u00edkub\u00f3k 22. kafli"},"content":{"rendered":"<p><a name=\"1\"><span class=\"versanumer\">1<\/span><\/a>S\u00ed\u00f0an t\u00f3ku Jer\u00fasalemb\u00faar Ahas\u00eda, yngsta son hans, til konungs eftir hann, \u00fev\u00ed a\u00f0 r\u00e6ningjaflokkurinn, er komi\u00f0 haf\u00f0i til herb\u00fa\u00f0anna \u00e1samt Ar\u00f6bunum, haf\u00f0i drepi\u00f0 alla \u00fe\u00e1, er eldri voru, og \u00feannig t\u00f3k Ahas\u00eda r\u00edki, sonur J\u00f3rams J\u00fadakonungs.<a name=\"2\"><span class=\"versanumer\">2<\/span><\/a>Ahas\u00eda var fj\u00f6rut\u00edu og tveggja \u00e1ra gamall, \u00fe\u00e1 er hann var\u00f0 konungur, og eitt \u00e1r r\u00edkti hann \u00ed Jer\u00fasalem. M\u00f3\u00f0ir hans h\u00e9t Atal\u00eda, sonard\u00f3ttir Omr\u00ed.<a name=\"3\"><span class=\"versanumer\">3<\/span><\/a>Hann feta\u00f0i l\u00edka \u00ed f\u00f3tspor Akabs\u00e6ttar, \u00fev\u00ed a\u00f0 m\u00f3\u00f0ir hans f\u00e9kk hann til \u00f3gu\u00f0legs ath\u00e6fis me\u00f0 r\u00e1\u00f0um s\u00ednum.<a name=\"4\"><span class=\"versanumer\">4<\/span><\/a>Og hann gj\u00f6r\u00f0i \u00fea\u00f0, sem illt var \u00ed augum Drottins, eins og \u00e6ttmenn Akabs, \u00fev\u00ed a\u00f0 \u00feeir voru r\u00e1\u00f0gjafar hans eftir dau\u00f0a f\u00f6\u00f0ur hans, sj\u00e1lfum honum til tj\u00f3ns.<a name=\"5\"><span class=\"versanumer\">5<\/span><\/a>A\u00f0 \u00feeirra r\u00e1\u00f0um var \u00fea\u00f0 og, a\u00f0 hann f\u00f3r herf\u00f6r me\u00f0 J\u00f3ram Akabssyni \u00cdsraelskonungi \u00ed m\u00f3ti Hasael S\u00fdrlandskonungi, til Ram\u00f3t \u00ed G\u00edlea\u00f0, en S\u00fdrlendingar s\u00e6r\u00f0u J\u00f3ram.<a name=\"6\"><span class=\"versanumer\">6<\/span><\/a>\u00de\u00e1 sneri hann aftur til \u00feess a\u00f0 l\u00e1ta gr\u00e6\u00f0a s\u00e1r s\u00edn \u00ed Jesreel, \u00feau er hann haf\u00f0i fengi\u00f0 vi\u00f0 Rama, \u00fe\u00e1 er hann bar\u00f0ist vi\u00f0 Hasael S\u00fdrlandskonung. En Ahas\u00eda J\u00f3ramsson J\u00fadakonungur f\u00f3r ofan til Jesreel til \u00feess a\u00f0 vitja um J\u00f3ram Akabsson, af \u00fev\u00ed a\u00f0 hann l\u00e1 sj\u00fakur.<a name=\"7\"><span class=\"versanumer\">7<\/span><\/a>En \u00fea\u00f0 var a\u00f0 Gu\u00f0s tilstilli, til hrakfara fyrir Ahas\u00eda, a\u00f0 hann f\u00f3r til J\u00f3rams. \u00deegar hann var \u00feanga\u00f0 kominn, f\u00f3r hann me\u00f0 J\u00f3ram \u00e1 m\u00f3ti Jeh\u00fa Nims\u00edsyni, er Drottinn haf\u00f0i smyrja l\u00e1ti\u00f0 til \u00feess a\u00f0 afm\u00e1 Akabs \u00e6tt.<a name=\"8\"><span class=\"versanumer\">8<\/span><\/a>Og er Jeh\u00fa h\u00e1\u00f0i d\u00f3m yfir Akabs\u00e6tt, hitti hann hersh\u00f6f\u00f0ingja J\u00fadamanna og br\u00e6\u00f0rasonu Ahas\u00eda, er \u00fej\u00f3nu\u00f0u Ahas\u00eda, og l\u00e9t drepa \u00fe\u00e1.<a name=\"9\"><span class=\"versanumer\">9<\/span><\/a>S\u00ed\u00f0an l\u00e9t hann leita Ahas\u00eda, og var hann handtekinn, en hann haf\u00f0i fali\u00f0 sig \u00ed Samar\u00edu. Var hann f\u00e6r\u00f0ur Jeh\u00fa og drepinn. En s\u00ed\u00f0an j\u00f6r\u00f0u\u00f0u menn hann, \u00fev\u00ed a\u00f0 \u00feeir s\u00f6g\u00f0u: Hann er afkomandi J\u00f3safats, \u00feess er leita\u00f0i Drottins af \u00f6llu hjarta s\u00ednu. En enginn var s\u00e1 af \u00e6tt Ahas\u00eda, er f\u00e6r v\u00e6ri um a\u00f0 taka vi\u00f0 konungd\u00f3mi.<a name=\"10\"><span class=\"versanumer\">10<\/span><\/a>\u00deegar Atal\u00eda m\u00f3\u00f0ir Ahas\u00eda s\u00e1, a\u00f0 sonur hennar var dau\u00f0ur, f\u00f3r h\u00fan til og l\u00e9t drepa alla konungs\u00e6tt J\u00fada.<a name=\"11\"><span class=\"versanumer\">11<\/span><\/a>\u00de\u00e1 t\u00f3k J\u00f3sabat, d\u00f3ttir J\u00f3rams konungs, J\u00f3as Ahas\u00edason \u00e1 laun \u00far h\u00f3p konungssonanna, er dey\u00f0a \u00e1tti, og f\u00f3l hann og f\u00f3stru hans \u00ed svefnherberginu. \u00deannig f\u00f3l J\u00f3sabat, d\u00f3ttir J\u00f3rams konungs, kona J\u00f3jada prests, hann \u00fev\u00ed a\u00f0 h\u00fan var systir Ahas\u00eda fyrir Atal\u00edu, svo a\u00f0 h\u00fan l\u00e9t eigi drepa hann.<a name=\"12\"><span class=\"versanumer\">12<\/span><\/a>Og hann var hj\u00e1 \u00feeim \u00e1 laun sex \u00e1r \u00ed musteri Gu\u00f0s, me\u00f0an Atal\u00eda r\u00edkti yfir landinu.<\/p>\n<div class=\"footnote1981\"><b>22.1-9<\/b> sbr 2Kon 8.25-29; 9.27-29<br \/>\n<b>22.7<\/b> Jeh\u00fa smur\u00f0ur 2Kon 9.1-10<br \/>\n<b>22.10-12<\/b> sbr 2Kon 11.1-3<\/div>\n","protected":false},"excerpt":{"rendered":"<p>1S\u00ed\u00f0an t\u00f3ku Jer\u00fasalemb\u00faar Ahas\u00eda, yngsta son hans, til konungs eftir hann, \u00fev\u00ed a\u00f0 r\u00e6ningjaflokkurinn, er komi\u00f0 haf\u00f0i til herb\u00fa\u00f0anna \u00e1samt Ar\u00f6bunum, haf\u00f0i drepi\u00f0 alla \u00fe\u00e1, er eldri voru, og \u00feannig t\u00f3k Ahas\u00eda r\u00edki, sonur J\u00f3rams J\u00fadakonungs.2Ahas\u00eda var fj\u00f6rut\u00edu og tveggja \u00e1ra gamall, \u00fe\u00e1 er hann var\u00f0 konungur, og eitt \u00e1r r\u00edkti hann \u00ed Jer\u00fasalem. M\u00f3\u00f0ir hans h\u00e9t Atal\u00eda, sonard\u00f3ttir Omr\u00ed.3Hann feta\u00f0i l\u00edka \u00ed f\u00f3tspor Akabs\u00e6ttar, \u00fev\u00ed a\u00f0 m\u00f3\u00f0ir hans f\u00e9kk hann til \u00f3gu\u00f0legs ath\u00e6fis me\u00f0 r\u00e1\u00f0um s\u00ednum.4Og hann gj\u00f6r\u00f0i \u00fea\u00f0, sem illt var \u00ed augum Drottins, eins og \u00e6ttmenn Akabs, \u00fev\u00ed a\u00f0 \u00feeir voru r\u00e1\u00f0gjafar hans eftir dau\u00f0a f\u00f6\u00f0ur hans, <a href=\"https:\/\/biblian.is\/1981\/sidari-kronikubok-22-kafli\/\"> [&#8230;]<\/a><\/p>\n","protected":false},"author":1,"featured_media":0,"parent":0,"menu_order":0,"comment_status":"open","ping_status":"open","template":"bibliukaflar.php","meta":{"footnotes":""},"class_list":["post-1735","page","type-page","status-publish","hentry"],"_links":{"self":[{"href":"https:\/\/biblian.is\/1981\/wp-json\/wp\/v2\/pages\/1735","targetHints":{"allow":["GET"]}}],"collection":[{"href":"https:\/\/biblian.is\/1981\/wp-json\/wp\/v2\/pages"}],"about":[{"href":"https:\/\/biblian.is\/1981\/wp-json\/wp\/v2\/types\/page"}],"author":[{"embeddable":true,"href":"https:\/\/biblian.is\/1981\/wp-json\/wp\/v2\/users\/1"}],"replies":[{"embeddable":true,"href":"https:\/\/biblian.is\/1981\/wp-json\/wp\/v2\/comments?post=1735"}],"version-history":[{"count":0,"href":"https:\/\/biblian.is\/1981\/wp-json\/wp\/v2\/pages\/1735\/revisions"}],"wp:attachment":[{"href":"https:\/\/biblian.is\/1981\/wp-json\/wp\/v2\/media?parent=1735"}],"curies":[{"name":"wp","href":"https:\/\/api.w.org\/{rel}","templated":true}]}}