{"id":1734,"date":"2017-11-18T20:18:28","date_gmt":"2017-11-18T20:18:28","guid":{"rendered":"http:\/\/biblian.is\/1981\/sidari-kronikubok-21-kafli\/"},"modified":"2021-06-06T11:10:33","modified_gmt":"2021-06-06T11:10:33","slug":"sidari-kronikubok-21-kafli","status":"publish","type":"page","link":"https:\/\/biblian.is\/1981\/sidari-kronikubok-21-kafli\/","title":{"rendered":"S\u00ed\u00f0ari kron\u00edkub\u00f3k 21. kafli"},"content":{"rendered":"<p><a name=\"1\"><span class=\"versanumer\">1<\/span><\/a>Og J\u00f3safat lag\u00f0ist til hv\u00edldar hj\u00e1 fe\u00f0rum s\u00ednum og var grafinn hj\u00e1 fe\u00f0rum s\u00ednum \u00ed Dav\u00ed\u00f0sborg. Og J\u00f3ram sonur hans t\u00f3k r\u00edki eftir hann.<a name=\"2\"><span class=\"versanumer\">2<\/span><\/a>J\u00f3ram \u00e1tti br\u00e6\u00f0ur, sonu J\u00f3safats: Asarja, Jeh\u00edel, Sakar\u00eda, Asarjah\u00fa, M\u00edkael og Sefatja. Allir \u00feessir voru synir J\u00f3safats \u00cdsraelskonungs.<a name=\"3\"><span class=\"versanumer\">3<\/span><\/a>Og fa\u00f0ir \u00feeirra haf\u00f0i gefi\u00f0 \u00feeim miklar gjafir \u00ed silfri og gulli og skartgripum, svo og kastalaborgir \u00ed J\u00fada, en konungd\u00f3minn f\u00e9kk hann J\u00f3ram \u00ed hendur, \u00fev\u00ed a\u00f0 hann var frumgetningurinn.<a name=\"4\"><span class=\"versanumer\">4<\/span><\/a>En er J\u00f3ram haf\u00f0i n\u00e1\u00f0 v\u00f6ldum yfir r\u00edki f\u00f6\u00f0ur s\u00edns og var or\u00f0inn fastur \u00ed sessi, \u00fe\u00e1 l\u00e9t hann drepa alla br\u00e6\u00f0ur s\u00edna og auk \u00feess nokkra af h\u00f6f\u00f0ingjum \u00cdsraels me\u00f0 sver\u00f0i.<a name=\"5\"><span class=\"versanumer\">5<\/span><\/a>J\u00f3ram var \u00ferj\u00e1t\u00edu og tveggja \u00e1ra gamall, \u00fe\u00e1 er hann var\u00f0 konungur, og \u00e1tta \u00e1r r\u00edkti hann \u00ed Jer\u00fasalem.<a name=\"6\"><span class=\"versanumer\">6<\/span><\/a>Og hann feta\u00f0i \u00ed f\u00f3tspor \u00cdsraelskonunga, eins og Akabs\u00e6tt gj\u00f6r\u00f0i, \u00fev\u00ed a\u00f0 hann var kv\u00e6ntur d\u00f3ttur Akabs. \u00deannig gj\u00f6r\u00f0i hann \u00fea\u00f0, sem illt var \u00ed augum Drottins.<a name=\"7\"><span class=\"versanumer\">7<\/span><\/a>En Drottinn vildi eigi afm\u00e1 \u00e6tt Dav\u00ed\u00f0s, sakir s\u00e1ttm\u00e1la \u00feess, er hann haf\u00f0i gj\u00f6rt vi\u00f0 Dav\u00ed\u00f0, og samkv\u00e6mt \u00fev\u00ed, er hann haf\u00f0i heiti\u00f0, a\u00f0 gefa honum og ni\u00f0jum hans lampa alla daga.<a name=\"8\"><span class=\"versanumer\">8<\/span><\/a>\u00c1 hans d\u00f6gum brutust Ed\u00f3m\u00edtar undan yfirr\u00e1\u00f0um J\u00fada og t\u00f3ku konung yfir sig.<a name=\"9\"><span class=\"versanumer\">9<\/span><\/a>\u00de\u00e1 f\u00f3r J\u00f3ram me\u00f0 h\u00f6f\u00f0ingjum s\u00ednum og \u00f6llu vagnli\u00f0inu yfir til Sa\u00edr. Hann t\u00f3k sig upp um n\u00f3ttina og bar\u00f0i \u00e1 Ed\u00f3m\u00edtum, sem h\u00e9ldu honum \u00ed herkv\u00ed, svo og \u00e1 foringjum vagnli\u00f0sins.<a name=\"10\"><span class=\"versanumer\">10<\/span><\/a>\u00deannig brutust Ed\u00f3m\u00edtar undan yfirr\u00e1\u00f0um J\u00fada og hafa aldrei loti\u00f0 \u00feeim s\u00ed\u00f0an. \u00de\u00e1 braust og L\u00edbna um sama leyti undan yfirr\u00e1\u00f0um hans, af \u00fev\u00ed a\u00f0 hann haf\u00f0i yfirgefi\u00f0 Drottin, Gu\u00f0 fe\u00f0ra sinna.<a name=\"11\"><span class=\"versanumer\">11<\/span><\/a>Einnig hann gj\u00f6r\u00f0i f\u00f3rnarh\u00e6\u00f0ir \u00ed J\u00fadaborgum, ginnti Jer\u00fasalemb\u00faa til skur\u00f0go\u00f0ad\u00fdrkunar og t\u00e6ldi J\u00fada.<a name=\"12\"><span class=\"versanumer\">12<\/span><\/a>\u00de\u00e1 kom til hans br\u00e9f fr\u00e1 El\u00eda sp\u00e1manni, er svo hlj\u00f3\u00f0a\u00f0i: Svo segir Drottinn, Gu\u00f0 Dav\u00ed\u00f0s forf\u00f6\u00f0ur \u00fe\u00edns: Sakir \u00feess a\u00f0 \u00fe\u00fa feta\u00f0ir eigi \u00ed f\u00f3tspor J\u00f3safats f\u00f6\u00f0ur \u00fe\u00edns og Asa J\u00fadakonungs,<a name=\"13\"><span class=\"versanumer\">13<\/span><\/a>heldur feta\u00f0ir \u00ed f\u00f3tspor \u00cdsraelskonunga og ginntir J\u00fada og Jer\u00fasalemb\u00faa til skur\u00f0go\u00f0ad\u00fdrkunar, eins og Akabs\u00e6tt ginnti menn til skur\u00f0go\u00f0ad\u00fdrkunar, og l\u00e9st auk \u00feessa drepa br\u00e6\u00f0ur \u00fe\u00edna, \u00e6ttmenn \u00fe\u00edna, er betri voru en \u00fe\u00fa,<a name=\"14\"><span class=\"versanumer\">14<\/span><\/a>\u00fe\u00e1 mun Drottinn lj\u00f3sta l\u00fd\u00f0 \u00feinn, sonu \u00fe\u00edna og konur og alla eign \u00fe\u00edna \u00e1felli miklu.<a name=\"15\"><span class=\"versanumer\">15<\/span><\/a>En sj\u00e1lfur munt \u00fe\u00fa taka sj\u00fakleik, i\u00f0rakv\u00f6l, uns i\u00f0ur \u00fe\u00edn loks falla \u00fat af sj\u00fakd\u00f3minum.<a name=\"16\"><span class=\"versanumer\">16<\/span><\/a>Og Drottinn \u00e6sti rei\u00f0i Filista og Araba, \u00feeirra er b\u00faa hj\u00e1 Bl\u00e1lendingum, gegn J\u00f3ram,<a name=\"17\"><span class=\"versanumer\">17<\/span><\/a>svo a\u00f0 \u00feeir f\u00f3ru herf\u00f6r gegn J\u00fada, brutust inn og h\u00f6f\u00f0u burt me\u00f0 s\u00e9r a\u00f0 herfangi allt f\u00e9m\u00e6tt, er var \u00ed konungsh\u00f6llinni, og auk \u00feess sonu hans og konur. Var\u00f0 enginn eftir af sonum hans nema J\u00f3ahas, er var yngstur sona hans.<a name=\"18\"><span class=\"versanumer\">18<\/span><\/a>En ofan \u00e1 allt \u00feetta laust Drottinn hann me\u00f0 \u00f3l\u00e6knandi i\u00f0rasj\u00fakleik.<a name=\"19\"><span class=\"versanumer\">19<\/span><\/a>Og eftir alllangan t\u00edma, a\u00f0 li\u00f0num n\u00e6r tveim \u00e1rum, f\u00e9llu i\u00f0ur hans \u00fat af sj\u00fakd\u00f3minum, og d\u00f3 hann eftir miklar \u00fej\u00e1ningar. En \u00fej\u00f3\u00f0 hans gj\u00f6r\u00f0i ekkert b\u00e1l honum til hei\u00f0urs eins og fe\u00f0rum hans.<a name=\"20\"><span class=\"versanumer\">20<\/span><\/a>Hann var \u00ferj\u00e1t\u00edu og tveggja \u00e1ra gamall, \u00fe\u00e1 er hann var\u00f0 konungur, og \u00e1tta \u00e1r r\u00edkti hann \u00ed Jer\u00fasalem. F\u00f3r hann svo, a\u00f0 enginn \u00f3ska\u00f0i hans aftur, og var hann jar\u00f0a\u00f0ur \u00ed Dav\u00ed\u00f0sborg, \u00fe\u00f3 eigi \u00ed konungagr\u00f6funum.<\/p>\n<div class=\"footnote1981\"><b>21.2-20<\/b> sbr 2Kon 8.16-24<br \/>\n<b>21.15<\/b> Innvortis kvalir 2Makk 9.5; Post 1.18<\/div>\n","protected":false},"excerpt":{"rendered":"<p>1Og J\u00f3safat lag\u00f0ist til hv\u00edldar hj\u00e1 fe\u00f0rum s\u00ednum og var grafinn hj\u00e1 fe\u00f0rum s\u00ednum \u00ed Dav\u00ed\u00f0sborg. Og J\u00f3ram sonur hans t\u00f3k r\u00edki eftir hann.2J\u00f3ram \u00e1tti br\u00e6\u00f0ur, sonu J\u00f3safats: Asarja, Jeh\u00edel, Sakar\u00eda, Asarjah\u00fa, M\u00edkael og Sefatja. Allir \u00feessir voru synir J\u00f3safats \u00cdsraelskonungs.3Og fa\u00f0ir \u00feeirra haf\u00f0i gefi\u00f0 \u00feeim miklar gjafir \u00ed silfri og gulli og skartgripum, svo og kastalaborgir \u00ed J\u00fada, en konungd\u00f3minn f\u00e9kk hann J\u00f3ram \u00ed hendur, \u00fev\u00ed a\u00f0 hann var frumgetningurinn.4En er J\u00f3ram haf\u00f0i n\u00e1\u00f0 v\u00f6ldum yfir r\u00edki f\u00f6\u00f0ur s\u00edns og var or\u00f0inn fastur \u00ed sessi, \u00fe\u00e1 l\u00e9t hann drepa alla br\u00e6\u00f0ur s\u00edna og auk \u00feess nokkra af h\u00f6f\u00f0ingjum \u00cdsraels <a href=\"https:\/\/biblian.is\/1981\/sidari-kronikubok-21-kafli\/\"> [&#8230;]<\/a><\/p>\n","protected":false},"author":1,"featured_media":0,"parent":0,"menu_order":0,"comment_status":"open","ping_status":"open","template":"bibliukaflar.php","meta":{"footnotes":""},"class_list":["post-1734","page","type-page","status-publish","hentry"],"_links":{"self":[{"href":"https:\/\/biblian.is\/1981\/wp-json\/wp\/v2\/pages\/1734","targetHints":{"allow":["GET"]}}],"collection":[{"href":"https:\/\/biblian.is\/1981\/wp-json\/wp\/v2\/pages"}],"about":[{"href":"https:\/\/biblian.is\/1981\/wp-json\/wp\/v2\/types\/page"}],"author":[{"embeddable":true,"href":"https:\/\/biblian.is\/1981\/wp-json\/wp\/v2\/users\/1"}],"replies":[{"embeddable":true,"href":"https:\/\/biblian.is\/1981\/wp-json\/wp\/v2\/comments?post=1734"}],"version-history":[{"count":0,"href":"https:\/\/biblian.is\/1981\/wp-json\/wp\/v2\/pages\/1734\/revisions"}],"wp:attachment":[{"href":"https:\/\/biblian.is\/1981\/wp-json\/wp\/v2\/media?parent=1734"}],"curies":[{"name":"wp","href":"https:\/\/api.w.org\/{rel}","templated":true}]}}