{"id":1732,"date":"2017-11-18T20:18:28","date_gmt":"2017-11-18T20:18:28","guid":{"rendered":"http:\/\/biblian.is\/1981\/sidari-kronikubok-19-kafli\/"},"modified":"2021-06-06T11:10:31","modified_gmt":"2021-06-06T11:10:31","slug":"sidari-kronikubok-19-kafli","status":"publish","type":"page","link":"https:\/\/biblian.is\/1981\/sidari-kronikubok-19-kafli\/","title":{"rendered":"S\u00ed\u00f0ari kron\u00edkub\u00f3k 19. kafli"},"content":{"rendered":"<p><a name=\"1\"><span class=\"versanumer\">1<\/span><\/a>J\u00f3safat J\u00fadakonungur sneri vi\u00f0 heim til s\u00edn til Jer\u00fasalem, heill \u00e1 h\u00fafi.<a name=\"2\"><span class=\"versanumer\">2<\/span><\/a>\u00de\u00e1 gekk Jeh\u00fa sj\u00e1andi Hanan\u00edson fyrir hann og m\u00e6lti til J\u00f3safats konungs: Hj\u00e1lpar \u00fe\u00fa hinum \u00f3gu\u00f0legu og elskar \u00fe\u00fa \u00fe\u00e1, er hata Drottin? Sakir \u00feessa liggur \u00e1 \u00fe\u00e9r rei\u00f0i Drottins.<a name=\"3\"><span class=\"versanumer\">3<\/span><\/a>\u00de\u00f3 er nokku\u00f0 gott fundi\u00f0 \u00ed fari \u00fe\u00ednu, \u00fev\u00ed a\u00f0 \u00fe\u00fa hefir \u00fatr\u00fdmt as\u00e9runum \u00far landinu og beint huga \u00fe\u00ednum a\u00f0 \u00fev\u00ed a\u00f0 leita Gu\u00f0s.<a name=\"4\"><span class=\"versanumer\">4<\/span><\/a>En J\u00f3safat dvaldist \u00ed Jer\u00fasalem nokkurn t\u00edma. S\u00ed\u00f0an f\u00f3r hann aftur um me\u00f0al l\u00fd\u00f0sins fr\u00e1 Beerseba allt til Efra\u00edmfjalla og sneri heim til Drottins, Gu\u00f0s fe\u00f0ra \u00feeirra.<a name=\"5\"><span class=\"versanumer\">5<\/span><\/a>Hann skipa\u00f0i og d\u00f3mara \u00ed landinu, \u00ed \u00f6llum v\u00edggirtum borgum \u00ed J\u00fada, \u00ed hverri borg.<a name=\"6\"><span class=\"versanumer\">6<\/span><\/a>Og hann sag\u00f0i vi\u00f0 d\u00f3marana: G\u00e6ti\u00f0 a\u00f0, hva\u00f0 \u00fe\u00e9r gj\u00f6ri\u00f0, \u00fev\u00ed a\u00f0 eigi d\u00e6mi\u00f0 \u00fe\u00e9r \u00ed umbo\u00f0i manna, heldur Drottins, og hann er me\u00f0 y\u00f0ur \u00ed d\u00f3mum.<a name=\"7\"><span class=\"versanumer\">7<\/span><\/a>Veri \u00fe\u00e1 \u00f3tti Drottins yfir y\u00f0ur, hafi\u00f0 g\u00e1t \u00e1 breytni y\u00f0ar, \u00fev\u00ed a\u00f0 hj\u00e1 Drottni, Gu\u00f0i vorum, er ekkert rangl\u00e6ti e\u00f0a manngreinar\u00e1lit, n\u00e9 m\u00fatur \u00feegnar.<a name=\"8\"><span class=\"versanumer\">8<\/span><\/a>En einnig \u00ed Jer\u00fasalem skipa\u00f0i J\u00f3safat menn af lev\u00edtunum og prestunum og \u00e6tth\u00f6f\u00f0ingjum \u00cdsraels til \u00feess a\u00f0 gegna d\u00f3marast\u00f6rfum Drottins og r\u00e9ttar\u00fer\u00e6tum Jer\u00fasalemb\u00faa.<a name=\"9\"><span class=\"versanumer\">9<\/span><\/a>Og hann lag\u00f0i svo fyrir \u00fe\u00e1: Svo skulu\u00f0 \u00fe\u00e9r breyta \u00ed \u00f3tta Drottins, me\u00f0 tr\u00famennsku og af heilum hug.<a name=\"10\"><span class=\"versanumer\">10<\/span><\/a>Og \u00ed hverri \u00fer\u00e6tu, er kemur fyrir y\u00f0ur fr\u00e1 br\u00e6\u00f0rum y\u00f0ar, \u00feeim er b\u00faa \u00ed borgum s\u00ednum, hvort sem \u00fea\u00f0 er v\u00edgs\u00f6k e\u00f0a um l\u00f6gm\u00e1l e\u00f0a bo\u00f0or\u00f0 e\u00f0a l\u00f6g e\u00f0a \u00e1kv\u00e6\u00f0i, \u00fe\u00e1 skulu\u00f0 \u00fe\u00e9r vara \u00fe\u00e1 vi\u00f0, svo a\u00f0 \u00feeir ver\u00f0i ekki sekir vi\u00f0 Drottin, og rei\u00f0i komi yfir y\u00f0ur og br\u00e6\u00f0ur y\u00f0ar. Svo skulu\u00f0 \u00fe\u00e9r breyta, a\u00f0 \u00fe\u00e9r ver\u00f0i\u00f0 ekki sekir.<a name=\"11\"><span class=\"versanumer\">11<\/span><\/a>En Amarja h\u00f6fu\u00f0prestur skal vera fyrir y\u00f0ur \u00ed \u00f6llum m\u00e1lefnum Drottins, og Sebadja \u00cdsmaelsson, h\u00f6f\u00f0ingi J\u00fada \u00e6ttar, \u00ed \u00f6llum m\u00e1lefnum konungs, og lev\u00edtana hafi\u00f0 \u00fe\u00e9r fyrir starfsmenn. Gangi\u00f0 \u00f6ruggir til starfa. Drottinn mun vera me\u00f0 \u00feeim, sem g\u00f3\u00f0ur er.<\/p>\n<div class=\"footnote1981\"><b>19.5-11<\/b> D\u00f3marar skipa\u00f0ir 2M\u00f3s 18.13-26; Esr 7.25<\/div>\n","protected":false},"excerpt":{"rendered":"<p>1J\u00f3safat J\u00fadakonungur sneri vi\u00f0 heim til s\u00edn til Jer\u00fasalem, heill \u00e1 h\u00fafi.2\u00de\u00e1 gekk Jeh\u00fa sj\u00e1andi Hanan\u00edson fyrir hann og m\u00e6lti til J\u00f3safats konungs: Hj\u00e1lpar \u00fe\u00fa hinum \u00f3gu\u00f0legu og elskar \u00fe\u00fa \u00fe\u00e1, er hata Drottin? Sakir \u00feessa liggur \u00e1 \u00fe\u00e9r rei\u00f0i Drottins.3\u00de\u00f3 er nokku\u00f0 gott fundi\u00f0 \u00ed fari \u00fe\u00ednu, \u00fev\u00ed a\u00f0 \u00fe\u00fa hefir \u00fatr\u00fdmt as\u00e9runum \u00far landinu og beint huga \u00fe\u00ednum a\u00f0 \u00fev\u00ed a\u00f0 leita Gu\u00f0s.4En J\u00f3safat dvaldist \u00ed Jer\u00fasalem nokkurn t\u00edma. S\u00ed\u00f0an f\u00f3r hann aftur um me\u00f0al l\u00fd\u00f0sins fr\u00e1 Beerseba allt til Efra\u00edmfjalla og sneri heim til Drottins, Gu\u00f0s fe\u00f0ra \u00feeirra.5Hann skipa\u00f0i og d\u00f3mara \u00ed landinu, \u00ed \u00f6llum v\u00edggirtum borgum <a href=\"https:\/\/biblian.is\/1981\/sidari-kronikubok-19-kafli\/\"> [&#8230;]<\/a><\/p>\n","protected":false},"author":1,"featured_media":0,"parent":0,"menu_order":0,"comment_status":"open","ping_status":"open","template":"bibliukaflar.php","meta":{"footnotes":""},"class_list":["post-1732","page","type-page","status-publish","hentry"],"_links":{"self":[{"href":"https:\/\/biblian.is\/1981\/wp-json\/wp\/v2\/pages\/1732","targetHints":{"allow":["GET"]}}],"collection":[{"href":"https:\/\/biblian.is\/1981\/wp-json\/wp\/v2\/pages"}],"about":[{"href":"https:\/\/biblian.is\/1981\/wp-json\/wp\/v2\/types\/page"}],"author":[{"embeddable":true,"href":"https:\/\/biblian.is\/1981\/wp-json\/wp\/v2\/users\/1"}],"replies":[{"embeddable":true,"href":"https:\/\/biblian.is\/1981\/wp-json\/wp\/v2\/comments?post=1732"}],"version-history":[{"count":0,"href":"https:\/\/biblian.is\/1981\/wp-json\/wp\/v2\/pages\/1732\/revisions"}],"wp:attachment":[{"href":"https:\/\/biblian.is\/1981\/wp-json\/wp\/v2\/media?parent=1732"}],"curies":[{"name":"wp","href":"https:\/\/api.w.org\/{rel}","templated":true}]}}