{"id":1731,"date":"2017-11-18T20:18:28","date_gmt":"2017-11-18T20:18:28","guid":{"rendered":"http:\/\/biblian.is\/1981\/sidari-kronikubok-18-kafli\/"},"modified":"2021-06-06T11:10:31","modified_gmt":"2021-06-06T11:10:31","slug":"sidari-kronikubok-18-kafli","status":"publish","type":"page","link":"https:\/\/biblian.is\/1981\/sidari-kronikubok-18-kafli\/","title":{"rendered":"S\u00ed\u00f0ari kron\u00edkub\u00f3k 18. kafli"},"content":{"rendered":"<p><a name=\"1\"><span class=\"versanumer\">1<\/span><\/a>J\u00f3safat hlotna\u00f0ist afar mikil au\u00f0leg\u00f0 og s\u00e6md, og hann m\u00e6g\u00f0ist vi\u00f0 Akab.<a name=\"2\"><span class=\"versanumer\">2<\/span><\/a>Eftir nokkur \u00e1r f\u00f3r hann \u00e1 fund Akabs til Samar\u00edu. \u00de\u00e1 sl\u00e1tra\u00f0i Akab fj\u00f6lda sau\u00f0a og nauta handa honum og m\u00f6nnum \u00feeim, er me\u00f0 honum voru, og ginnti hann a\u00f0 fara me\u00f0 s\u00e9r til a\u00f0 herja \u00e1 Ram\u00f3t \u00ed G\u00edlea\u00f0.<a name=\"3\"><span class=\"versanumer\">3<\/span><\/a>\u00de\u00e1 m\u00e6lti Akab \u00cdsraelskonungur vi\u00f0 J\u00f3safat J\u00fadakonung: Hvort munt \u00fe\u00fa fara me\u00f0 m\u00e9r til Ram\u00f3t \u00ed G\u00edlea\u00f0? Hann svara\u00f0i honum: Eitt skal yfir b\u00e1\u00f0a ganga, mig og \u00feig, m\u00edna \u00fej\u00f3\u00f0 og \u00fe\u00edna \u00fej\u00f3\u00f0. Skal \u00e9g fara me\u00f0 \u00fe\u00e9r til bardagans.<a name=\"4\"><span class=\"versanumer\">4<\/span><\/a>Og J\u00f3safat sag\u00f0i vi\u00f0 \u00cdsraelskonung: Gakk \u00fe\u00fa fyrst til fr\u00e9tta og vit, hva\u00f0 Drottinn segir.<a name=\"5\"><span class=\"versanumer\">5<\/span><\/a>\u00de\u00e1 stefndi \u00cdsraelskonungur saman sp\u00e1m\u00f6nnunum, fj\u00f6gur hundru\u00f0 manns, og sag\u00f0i vi\u00f0 \u00fe\u00e1: \u00c1 \u00e9g a\u00f0 fara og herja \u00e1 Ram\u00f3t \u00ed G\u00edlea\u00f0, e\u00f0a \u00e1 \u00e9g a\u00f0 h\u00e6tta vi\u00f0 \u00fea\u00f0? \u00deeir sv\u00f6ru\u00f0u: Far \u00fe\u00fa, og Gu\u00f0 mun gefa hana \u00ed hendur konungi.<a name=\"6\"><span class=\"versanumer\">6<\/span><\/a>En J\u00f3safat m\u00e6lti: Er h\u00e9r ekki enn einhver sp\u00e1ma\u00f0ur Drottins, a\u00f0 v\u00e9r m\u00e6ttum leita fr\u00e9tta hj\u00e1 honum?<a name=\"7\"><span class=\"versanumer\">7<\/span><\/a>\u00cdsraelskonungur m\u00e6lti til J\u00f3safats: Enn er einn eftir, er v\u00e9r g\u00e6tum l\u00e1ti\u00f0 ganga til fr\u00e9tta vi\u00f0 Drottin, en m\u00e9r er l\u00edti\u00f0 um hann gefi\u00f0, \u00fev\u00ed a\u00f0 hann sp\u00e1ir m\u00e9r aldrei g\u00f3\u00f0u, heldur \u00e1vallt illu. Hann heitir M\u00edka Jimlason. J\u00f3safat sag\u00f0i: Eigi skyldi konungur svo m\u00e6la.<a name=\"8\"><span class=\"versanumer\">8<\/span><\/a>\u00de\u00e1 kalla\u00f0i \u00cdsraelskonungur einn af hir\u00f0m\u00f6nnunum og m\u00e6lti: S\u00e6k sem skj\u00f3tast M\u00edka Jimlason.<a name=\"9\"><span class=\"versanumer\">9<\/span><\/a>En \u00cdsraelskonungur og J\u00f3safat J\u00fadakonungur s\u00e1tu hvor \u00ed s\u00ednu h\u00e1s\u00e6ti, skr\u00fdddir purpurakl\u00e6\u00f0um \u00fati fyrir borgarhli\u00f0i Samar\u00edu, og allir sp\u00e1mennirnir sp\u00e1\u00f0u frammi fyrir \u00feeim.<a name=\"10\"><span class=\"versanumer\">10<\/span><\/a>\u00de\u00e1 gj\u00f6r\u00f0i Sedek\u00eda Kenaanason s\u00e9r horn \u00far j\u00e1rni og m\u00e6lti: Svo segir Drottinn: Me\u00f0 \u00feessum munt \u00fe\u00fa reka S\u00fdrlendinga undir, uns \u00fe\u00fa hefir gj\u00f6reytt \u00feeim.<a name=\"11\"><span class=\"versanumer\">11<\/span><\/a>Og allir sp\u00e1mennirnir sp\u00e1\u00f0u \u00e1 s\u00f6mu lei\u00f0 og s\u00f6g\u00f0u: Far \u00fe\u00fa til Ram\u00f3t \u00ed G\u00edlea\u00f0. \u00de\u00fa munt giftudrj\u00fagur ver\u00f0a, og Drottinn mun gefa hana \u00ed hendur konungi.<a name=\"12\"><span class=\"versanumer\">12<\/span><\/a>Sendima\u00f0urinn, sem farinn var a\u00f0 s\u00e6kja M\u00edka, m\u00e6lti til hans \u00e1 \u00feessa lei\u00f0: Sj\u00e1, sp\u00e1mennirnir hafa einum munni bo\u00f0a\u00f0 konungi hamingju. M\u00e6l \u00fe\u00fa sem \u00feeir og bo\u00f0a \u00fe\u00fa hamingju.<a name=\"13\"><span class=\"versanumer\">13<\/span><\/a>En M\u00edka m\u00e6lti: Svo sannarlega sem Drottinn lifir: \u00dea\u00f0 sem Gu\u00f0 minn til m\u00edn talar, \u00fea\u00f0 mun \u00e9g m\u00e6la.<a name=\"14\"><span class=\"versanumer\">14<\/span><\/a>\u00deegar hann kom til konungs, m\u00e6lti konungur til hans: M\u00edka, eigum v\u00e9r a\u00f0 fara og herja \u00e1 Ram\u00f3t \u00ed G\u00edlea\u00f0, e\u00f0a eigum v\u00e9r a\u00f0 h\u00e6tta vi\u00f0 \u00fea\u00f0? \u00de\u00e1 sag\u00f0i hann: Fari\u00f0, \u00fe\u00e9r munu\u00f0 giftudrj\u00fagir ver\u00f0a, og \u00feeir munu gefnir ver\u00f0a y\u00f0ur \u00e1 vald!<a name=\"15\"><span class=\"versanumer\">15<\/span><\/a>\u00de\u00e1 sag\u00f0i konungur vi\u00f0 hann: Hversu oft \u00e1 \u00e9g a\u00f0 s\u00e6ra \u00feig um, a\u00f0 \u00fe\u00fa segir m\u00e9r eigi anna\u00f0 en sannleikann \u00ed nafni Drottins?<a name=\"16\"><span class=\"versanumer\">16<\/span><\/a>\u00de\u00e1 m\u00e6lti hann: \u00c9g s\u00e1 allan \u00cdsrael tv\u00edstrast um fj\u00f6llin eins og hir\u00f0islausa sau\u00f0i, og Drottinn sag\u00f0i: \u00deessir hafa engan herra. Fari \u00feeir \u00ed fri\u00f0i hver heim til s\u00edn.<a name=\"17\"><span class=\"versanumer\">17<\/span><\/a>\u00de\u00e1 sag\u00f0i \u00cdsraelskonungur vi\u00f0 J\u00f3safat: Fer n\u00fa eigi sem \u00e9g sag\u00f0i \u00fe\u00e9r: Hann sp\u00e1ir m\u00e9r eigi g\u00f3\u00f0u, heldur illu einu?<a name=\"18\"><span class=\"versanumer\">18<\/span><\/a>\u00de\u00e1 m\u00e6lti hann: Eigi er svo. Heyri\u00f0 or\u00f0 Drottins! \u00c9g s\u00e1 Drottin sitja \u00ed h\u00e1s\u00e6ti s\u00ednu og allan himins her standa \u00e1 tv\u00e6r hendur honum.<a name=\"19\"><span class=\"versanumer\">19<\/span><\/a>Og Drottinn sag\u00f0i: Hver vill ginna Akab \u00cdsraelskonung til \u00feess a\u00f0 fara til Ram\u00f3t \u00ed G\u00edlea\u00f0 og falla \u00fear? Og einn sag\u00f0i \u00feetta og annar hitt.<a name=\"20\"><span class=\"versanumer\">20<\/span><\/a>\u00de\u00e1 gekk fram andi, sta\u00f0n\u00e6mdist frammi fyrir Drottni og m\u00e6lti: \u00c9g skal ginna hann. Og Drottinn sag\u00f0i vi\u00f0 hann: Me\u00f0 hverju?<a name=\"21\"><span class=\"versanumer\">21<\/span><\/a>Hann m\u00e6lti: \u00c9g \u00e6tla a\u00f0 fara og ver\u00f0a lygiandi \u00ed munni allra sp\u00e1manna hans. \u00de\u00e1 m\u00e6lti hann: \u00de\u00fa skalt ginna hann, og \u00fe\u00e9r mun takast \u00fea\u00f0. Far og gj\u00f6r svo!<a name=\"22\"><span class=\"versanumer\">22<\/span><\/a>\u00deannig hefir \u00fe\u00e1 Drottinn lagt lygianda \u00ed munn \u00feessum sp\u00e1m\u00f6nnum \u00fe\u00ednum, \u00fear sem Drottinn hefir \u00fe\u00f3 \u00e1kve\u00f0i\u00f0 a\u00f0 lei\u00f0a yfir \u00feig \u00f3g\u00e6fu.<a name=\"23\"><span class=\"versanumer\">23<\/span><\/a>\u00de\u00e1 gekk a\u00f0 Sedek\u00eda Kenaanason, laust M\u00edka kinnhest og m\u00e6lti: Hva\u00f0a lei\u00f0 hefir andi Drottins fari\u00f0 fr\u00e1 m\u00e9r til \u00feess a\u00f0 tala vi\u00f0 \u00feig?<a name=\"24\"><span class=\"versanumer\">24<\/span><\/a>\u00de\u00e1 m\u00e6lti M\u00edka: \u00dea\u00f0 munt \u00fe\u00fa sj\u00e1 \u00e1 \u00feeim degi, er \u00fe\u00fa fer \u00ed felur \u00far einu herberginu \u00ed anna\u00f0.<a name=\"25\"><span class=\"versanumer\">25<\/span><\/a>\u00de\u00e1 m\u00e6lti \u00cdsraelskonungur: Taki\u00f0 M\u00edka og f\u00e6ri\u00f0 hann Am\u00f3n borgarstj\u00f3ra og J\u00f3as konungssyni<a name=\"26\"><span class=\"versanumer\">26<\/span><\/a>og segi\u00f0: Svo segir konungur: Kasti\u00f0 manni \u00feessum \u00ed d\u00fdflissu og gefi\u00f0 honum brau\u00f0 og vatn af skornum skammti, \u00fear til er \u00e9g kem aftur heill \u00e1 h\u00fafi.<a name=\"27\"><span class=\"versanumer\">27<\/span><\/a>\u00de\u00e1 m\u00e6lti M\u00edka: Komir \u00fe\u00fa aftur heill \u00e1 h\u00fafi, \u00fe\u00e1 hefir Drottinn eigi tala\u00f0 fyrir minn munn. Og hann m\u00e6lti: Heyri \u00fea\u00f0 allir l\u00fd\u00f0ir!<a name=\"28\"><span class=\"versanumer\">28<\/span><\/a>S\u00ed\u00f0an f\u00f3ru \u00feeir \u00cdsraelskonungur og J\u00f3safat J\u00fadakonungur til Ram\u00f3t \u00ed G\u00edlea\u00f0.<a name=\"29\"><span class=\"versanumer\">29<\/span><\/a>Og \u00cdsraelskonungur sag\u00f0i vi\u00f0 J\u00f3safat: \u00c9g mun kl\u00e6\u00f0ast dularb\u00faningi og ganga \u00ed orustuna, en \u00fe\u00fa skalt vera kl\u00e6ddur b\u00faningi \u00fe\u00ednum. Kl\u00e6ddist \u00fe\u00e1 \u00cdsraelskonungur dularb\u00faningi, og gengu \u00feeir \u00ed orustuna.<a name=\"30\"><span class=\"versanumer\">30<\/span><\/a>En S\u00fdrlandskonungur haf\u00f0i bo\u00f0i\u00f0 foringjunum fyrir vagnli\u00f0i s\u00ednu \u00e1 \u00feessa lei\u00f0: \u00de\u00e9r skulu\u00f0 eigi berjast vi\u00f0 neinn, hvorki sm\u00e1an n\u00e9 st\u00f3ran, nema \u00cdsraelskonung einan!<a name=\"31\"><span class=\"versanumer\">31<\/span><\/a>Og er foringjarnir fyrir vagnli\u00f0inu s\u00e1u J\u00f3safat, s\u00f6g\u00f0u \u00feeir: \u00deetta er \u00cdsraelskonungurinn! og umkringdu hann til a\u00f0 berjast vi\u00f0 hann. \u00de\u00e1 kalla\u00f0i J\u00f3safat h\u00e1tt, og Drottinn hj\u00e1lpa\u00f0i honum og Gu\u00f0 ginnti \u00fe\u00e1 burt fr\u00e1 honum.<a name=\"32\"><span class=\"versanumer\">32<\/span><\/a>Og er foringjarnir fyrir vagnli\u00f0inu s\u00e1u, a\u00f0 \u00fea\u00f0 var ekki \u00cdsraelskonungur, \u00fe\u00e1 h\u00e6ttu \u00feeir a\u00f0 elta hann.<a name=\"33\"><span class=\"versanumer\">33<\/span><\/a>En ma\u00f0ur nokkur lag\u00f0i \u00f6r \u00e1 streng og skaut af handah\u00f3fi, og kom \u00e1 \u00cdsraelskonung milli brynbeltis og pansara. \u00de\u00e1 m\u00e6lti hann vi\u00f0 kerrusveininn: Sn\u00fa \u00fe\u00fa vi\u00f0 og kom m\u00e9r burt \u00far bardaganum, \u00fev\u00ed a\u00f0 \u00e9g er s\u00e1r.<a name=\"34\"><span class=\"versanumer\">34<\/span><\/a>Var bardaginn hinn har\u00f0asti um daginn, og \u00cdsraelskonungur st\u00f3\u00f0 \u00ed vagninum andsp\u00e6nis S\u00fdrlendingum allt til kv\u00f6lds, og d\u00f3 hann um s\u00f3lsetur.<\/p>\n<div class=\"footnote1981\"><b>18.1-3<\/b> sbr 1Kon 22.1-4<br \/>\n<b>18.4-11<\/b> sbr 1Kon 22.5-12<br \/>\n<b>18.12-27<\/b> sbr 1Kon 22.13-28<br \/>\n<b>18.28-34<\/b> sbr 1Kon 22.29-40<\/div>\n","protected":false},"excerpt":{"rendered":"<p>1J\u00f3safat hlotna\u00f0ist afar mikil au\u00f0leg\u00f0 og s\u00e6md, og hann m\u00e6g\u00f0ist vi\u00f0 Akab.2Eftir nokkur \u00e1r f\u00f3r hann \u00e1 fund Akabs til Samar\u00edu. \u00de\u00e1 sl\u00e1tra\u00f0i Akab fj\u00f6lda sau\u00f0a og nauta handa honum og m\u00f6nnum \u00feeim, er me\u00f0 honum voru, og ginnti hann a\u00f0 fara me\u00f0 s\u00e9r til a\u00f0 herja \u00e1 Ram\u00f3t \u00ed G\u00edlea\u00f0.3\u00de\u00e1 m\u00e6lti Akab \u00cdsraelskonungur vi\u00f0 J\u00f3safat J\u00fadakonung: Hvort munt \u00fe\u00fa fara me\u00f0 m\u00e9r til Ram\u00f3t \u00ed G\u00edlea\u00f0? Hann svara\u00f0i honum: Eitt skal yfir b\u00e1\u00f0a ganga, mig og \u00feig, m\u00edna \u00fej\u00f3\u00f0 og \u00fe\u00edna \u00fej\u00f3\u00f0. Skal \u00e9g fara me\u00f0 \u00fe\u00e9r til bardagans.4Og J\u00f3safat sag\u00f0i vi\u00f0 \u00cdsraelskonung: Gakk \u00fe\u00fa fyrst til fr\u00e9tta og <a href=\"https:\/\/biblian.is\/1981\/sidari-kronikubok-18-kafli\/\"> [&#8230;]<\/a><\/p>\n","protected":false},"author":1,"featured_media":0,"parent":0,"menu_order":0,"comment_status":"open","ping_status":"open","template":"bibliukaflar.php","meta":{"footnotes":""},"class_list":["post-1731","page","type-page","status-publish","hentry"],"_links":{"self":[{"href":"https:\/\/biblian.is\/1981\/wp-json\/wp\/v2\/pages\/1731","targetHints":{"allow":["GET"]}}],"collection":[{"href":"https:\/\/biblian.is\/1981\/wp-json\/wp\/v2\/pages"}],"about":[{"href":"https:\/\/biblian.is\/1981\/wp-json\/wp\/v2\/types\/page"}],"author":[{"embeddable":true,"href":"https:\/\/biblian.is\/1981\/wp-json\/wp\/v2\/users\/1"}],"replies":[{"embeddable":true,"href":"https:\/\/biblian.is\/1981\/wp-json\/wp\/v2\/comments?post=1731"}],"version-history":[{"count":0,"href":"https:\/\/biblian.is\/1981\/wp-json\/wp\/v2\/pages\/1731\/revisions"}],"wp:attachment":[{"href":"https:\/\/biblian.is\/1981\/wp-json\/wp\/v2\/media?parent=1731"}],"curies":[{"name":"wp","href":"https:\/\/api.w.org\/{rel}","templated":true}]}}