{"id":1730,"date":"2017-11-18T20:18:28","date_gmt":"2017-11-18T20:18:28","guid":{"rendered":"http:\/\/biblian.is\/1981\/sidari-kronikubok-17-kafli\/"},"modified":"2021-06-06T11:10:30","modified_gmt":"2021-06-06T11:10:30","slug":"sidari-kronikubok-17-kafli","status":"publish","type":"page","link":"https:\/\/biblian.is\/1981\/sidari-kronikubok-17-kafli\/","title":{"rendered":"S\u00ed\u00f0ari kron\u00edkub\u00f3k 17. kafli"},"content":{"rendered":"<p><a name=\"1\"><span class=\"versanumer\">1<\/span><\/a>J\u00f3safat sonur hans t\u00f3k r\u00edki eftir hann og efldi sig gegn \u00cdsrael.<a name=\"2\"><span class=\"versanumer\">2<\/span><\/a>Hann setti herli\u00f0 \u00ed allar v\u00edggirtar borgir \u00ed J\u00fada og l\u00e9t f\u00f3geta \u00ed J\u00fadaland og Efra\u00edmborgir, \u00fe\u00e6r er Asa fa\u00f0ir hans haf\u00f0i unni\u00f0.<a name=\"3\"><span class=\"versanumer\">3<\/span><\/a>Og Drottinn var me\u00f0 J\u00f3safat, \u00fev\u00ed a\u00f0 hann gekk \u00e1 hinum fyrri vegum Dav\u00ed\u00f0s forf\u00f6\u00f0ur s\u00edns og leita\u00f0i ekki Baalanna,<a name=\"4\"><span class=\"versanumer\">4<\/span><\/a>heldur leita\u00f0i Gu\u00f0s f\u00f6\u00f0ur s\u00edns og f\u00f3r eftir skipunum hans og breytti ekki sem \u00cdsrael.<a name=\"5\"><span class=\"versanumer\">5<\/span><\/a>\u00deess vegna sta\u00f0festi Drottinn konungd\u00f3minn \u00ed hendi hans, svo a\u00f0 allur J\u00fada f\u00e6r\u00f0i J\u00f3safat gjafir, svo a\u00f0 honum hlotna\u00f0ist afar mikil au\u00f0leg\u00f0 og s\u00e6md.<a name=\"6\"><span class=\"versanumer\">6<\/span><\/a>Og me\u00f0 \u00fev\u00ed a\u00f0 honum \u00f3x hugur \u00e1 vegum Drottins, \u00fe\u00e1 afnam hann og f\u00f3rnarh\u00e6\u00f0irnar og as\u00e9rurnar \u00far J\u00fada.<a name=\"7\"><span class=\"versanumer\">7<\/span><\/a>En \u00e1 \u00feri\u00f0ja r\u00edkis\u00e1ri s\u00ednu sendi hann h\u00f6f\u00f0ingja s\u00edna Benha\u00edl, \u00d3bad\u00eda, Sakar\u00eda, Netaneel og M\u00edkaja til \u00feess a\u00f0 kenna \u00ed J\u00fadaborgum,<a name=\"8\"><span class=\"versanumer\">8<\/span><\/a>og me\u00f0 \u00feeim lev\u00edtana Semaja, Netanja, Sebadja, Asahel, Sem\u00edram\u00f3t, J\u00f3natan, Ad\u00f3n\u00eda, Tob\u00eda og Tob Ad\u00f3n\u00eda lev\u00edta, og \u00e1samt \u00feeim prestana El\u00edsama og J\u00f3ram.<a name=\"9\"><span class=\"versanumer\">9<\/span><\/a>\u00deeir kenndu \u00ed J\u00fada og h\u00f6f\u00f0u me\u00f0 s\u00e9r l\u00f6gb\u00f3k Drottins, og f\u00f3ru um allar borgir \u00ed J\u00fada og kenndu l\u00fd\u00f0num.<a name=\"10\"><span class=\"versanumer\">10<\/span><\/a>Og \u00f3tti vi\u00f0 Drottin kom yfir \u00f6ll hei\u00f0nu r\u00edkin, er voru umhverfis J\u00fada, svo a\u00f0 \u00feau l\u00f6g\u00f0u eigi \u00ed \u00f3fri\u00f0 vi\u00f0 J\u00f3safat.<a name=\"11\"><span class=\"versanumer\">11<\/span><\/a>Og nokkrir af Filistum f\u00e6r\u00f0u J\u00f3safat gjafir og silfur \u00ed skatt. Einnig f\u00e6r\u00f0u Arabar honum f\u00e9na\u00f0: sj\u00f6 \u00fe\u00fasund og sj\u00f6 hundru\u00f0 hr\u00fata og sj\u00f6 \u00fe\u00fasund og sj\u00f6 hundru\u00f0 geithafra.<a name=\"12\"><span class=\"versanumer\">12<\/span><\/a>Og \u00feannig var\u00f0 J\u00f3safat \u00e6 voldugri, svo a\u00f0 yfir t\u00f3k, og hann reisti hallir og vistaborgir \u00ed J\u00fada.<a name=\"13\"><span class=\"versanumer\">13<\/span><\/a>Haf\u00f0i hann afar mikinn vistafor\u00f0a \u00ed J\u00fadaborgum, og hermenn haf\u00f0i hann \u00ed Jer\u00fasalem, hina mestu kappa.<a name=\"14\"><span class=\"versanumer\">14<\/span><\/a>Og \u00feetta er tala \u00feeirra eftir \u00e6ttum \u00feeirra: Af J\u00fada voru \u00fe\u00fasundh\u00f6f\u00f0ingjar: Adna h\u00f6fu\u00f0sma\u00f0ur og \u00ferj\u00fa hundru\u00f0 \u00fe\u00fasund hraustir kappar me\u00f0 honum.<a name=\"15\"><span class=\"versanumer\">15<\/span><\/a>Honum n\u00e6stur gekk J\u00f3hanan h\u00f6fu\u00f0sma\u00f0ur og tv\u00f6 hundru\u00f0 og \u00e1ttat\u00edu \u00fe\u00fasund manns me\u00f0 honum.<a name=\"16\"><span class=\"versanumer\">16<\/span><\/a>Honum n\u00e6stur var Amasja S\u00edkr\u00edson, er sj\u00e1lfviljuglega haf\u00f0i gengi\u00f0 Drottni \u00e1 h\u00f6nd, og tv\u00f6 hundru\u00f0 \u00fe\u00fasund hraustir kappar me\u00f0 honum.<a name=\"17\"><span class=\"versanumer\">17<\/span><\/a>En af Benjam\u00edn voru: Eljada kappi og tv\u00f6 hundru\u00f0 \u00fe\u00fasund manns me\u00f0 honum, vopna\u00f0ir bogum og buklurum,<a name=\"18\"><span class=\"versanumer\">18<\/span><\/a>og honum n\u00e6stur J\u00f3sabad og hundra\u00f0 og \u00e1ttat\u00edu \u00fe\u00fasund herb\u00fainna manna me\u00f0 honum.<a name=\"19\"><span class=\"versanumer\">19<\/span><\/a>\u00deessir voru \u00feeir, er konungi \u00fej\u00f3nu\u00f0u, auk \u00feeirra, er konungur haf\u00f0i sett \u00ed v\u00edggirtar borgir \u00ed \u00f6llu J\u00fadalandi.<\/p>\n<div class=\"footnote1981\"><b>17.1-11<\/b> sbr 1Kon 15.24; 22.41-45<br \/>\n<b>17.6<\/b> Afnam h\u00e6\u00f0ir og as\u00e9rur 2M\u00f3s 23.24+<br \/>\n<b>17.9<\/b> Kenna l\u00f6g Esr 7.25<br \/>\n<b>17.14-18<\/b> Herf\u00e6rir menn 4M\u00f3s 1.1+<\/div>\n","protected":false},"excerpt":{"rendered":"<p>1J\u00f3safat sonur hans t\u00f3k r\u00edki eftir hann og efldi sig gegn \u00cdsrael.2Hann setti herli\u00f0 \u00ed allar v\u00edggirtar borgir \u00ed J\u00fada og l\u00e9t f\u00f3geta \u00ed J\u00fadaland og Efra\u00edmborgir, \u00fe\u00e6r er Asa fa\u00f0ir hans haf\u00f0i unni\u00f0.3Og Drottinn var me\u00f0 J\u00f3safat, \u00fev\u00ed a\u00f0 hann gekk \u00e1 hinum fyrri vegum Dav\u00ed\u00f0s forf\u00f6\u00f0ur s\u00edns og leita\u00f0i ekki Baalanna,4heldur leita\u00f0i Gu\u00f0s f\u00f6\u00f0ur s\u00edns og f\u00f3r eftir skipunum hans og breytti ekki sem \u00cdsrael.5\u00deess vegna sta\u00f0festi Drottinn konungd\u00f3minn \u00ed hendi hans, svo a\u00f0 allur J\u00fada f\u00e6r\u00f0i J\u00f3safat gjafir, svo a\u00f0 honum hlotna\u00f0ist afar mikil au\u00f0leg\u00f0 og s\u00e6md.6Og me\u00f0 \u00fev\u00ed a\u00f0 honum \u00f3x hugur \u00e1 vegum Drottins, \u00fe\u00e1 <a href=\"https:\/\/biblian.is\/1981\/sidari-kronikubok-17-kafli\/\"> [&#8230;]<\/a><\/p>\n","protected":false},"author":1,"featured_media":0,"parent":0,"menu_order":0,"comment_status":"open","ping_status":"open","template":"bibliukaflar.php","meta":{"footnotes":""},"class_list":["post-1730","page","type-page","status-publish","hentry"],"_links":{"self":[{"href":"https:\/\/biblian.is\/1981\/wp-json\/wp\/v2\/pages\/1730","targetHints":{"allow":["GET"]}}],"collection":[{"href":"https:\/\/biblian.is\/1981\/wp-json\/wp\/v2\/pages"}],"about":[{"href":"https:\/\/biblian.is\/1981\/wp-json\/wp\/v2\/types\/page"}],"author":[{"embeddable":true,"href":"https:\/\/biblian.is\/1981\/wp-json\/wp\/v2\/users\/1"}],"replies":[{"embeddable":true,"href":"https:\/\/biblian.is\/1981\/wp-json\/wp\/v2\/comments?post=1730"}],"version-history":[{"count":0,"href":"https:\/\/biblian.is\/1981\/wp-json\/wp\/v2\/pages\/1730\/revisions"}],"wp:attachment":[{"href":"https:\/\/biblian.is\/1981\/wp-json\/wp\/v2\/media?parent=1730"}],"curies":[{"name":"wp","href":"https:\/\/api.w.org\/{rel}","templated":true}]}}