{"id":1729,"date":"2017-11-18T20:18:28","date_gmt":"2017-11-18T20:18:28","guid":{"rendered":"http:\/\/biblian.is\/1981\/sidari-kronikubok-16-kafli\/"},"modified":"2021-06-06T11:10:30","modified_gmt":"2021-06-06T11:10:30","slug":"sidari-kronikubok-16-kafli","status":"publish","type":"page","link":"https:\/\/biblian.is\/1981\/sidari-kronikubok-16-kafli\/","title":{"rendered":"S\u00ed\u00f0ari kron\u00edkub\u00f3k 16. kafli"},"content":{"rendered":"<p><a name=\"1\"><span class=\"versanumer\">1<\/span><\/a>\u00c1 \u00fer\u00edtugasta og sj\u00f6tta r\u00edkis\u00e1ri Asa f\u00f3r Basa \u00cdsraelskonungur herf\u00f6r \u00e1 m\u00f3ti J\u00fada og v\u00edggirti Rama, svo a\u00f0 enginn ma\u00f0ur g\u00e6ti komist \u00fat e\u00f0a inn hj\u00e1 Asa J\u00fadakonungi.<a name=\"2\"><span class=\"versanumer\">2<\/span><\/a>\u00de\u00e1 t\u00f3k Asa silfur og gull \u00far fj\u00e1rhirslum h\u00fass Drottins og konungshallarinnar og sendi Benhadad S\u00fdrlandskonungi, er bj\u00f3 \u00ed Damaskus, me\u00f0 \u00feessari or\u00f0sending:<a name=\"3\"><span class=\"versanumer\">3<\/span><\/a>S\u00e1ttm\u00e1li er milli m\u00edn og \u00fe\u00edn, milli f\u00f6\u00f0ur m\u00edns og f\u00f6\u00f0ur \u00fe\u00edns. Sj\u00e1, \u00e9g sendi \u00fe\u00e9r silfur og gull: Skalt \u00fe\u00fa n\u00fa rj\u00fafa bandalag \u00feitt vi\u00f0 Basa \u00cdsraelskonung, svo a\u00f0 hann hafi sig \u00e1 burt fr\u00e1 m\u00e9r.<a name=\"4\"><span class=\"versanumer\">4<\/span><\/a>Benhadad t\u00f3k vel m\u00e1li Asa konungs og sendi hersh\u00f6f\u00f0ingja s\u00edna m\u00f3ti borgum \u00cdsraels og unnu \u00feeir \u00cdj\u00f3n, Dan og Abel Ma\u00edm og \u00f6ll for\u00f0ab\u00far \u00ed Naftal\u00ed borgum.<a name=\"5\"><span class=\"versanumer\">5<\/span><\/a>\u00deegar Basa spur\u00f0i \u00fea\u00f0, l\u00e9t hann af a\u00f0 v\u00edggir\u00f0a Rama og h\u00e6tti vi\u00f0 starf sitt.<a name=\"6\"><span class=\"versanumer\">6<\/span><\/a>En Asa konungur bau\u00f0 \u00fat \u00f6llum J\u00fadam\u00f6nnum, og fluttu \u00feeir burt steinana og vi\u00f0inn, sem Basa haf\u00f0i v\u00edggirt Rama me\u00f0, og v\u00edggirti hann me\u00f0 \u00feeim Geba og Mispa.<a name=\"7\"><span class=\"versanumer\">7<\/span><\/a>En um \u00feetta leyti kom Hanan\u00ed sj\u00e1andi til Asa J\u00fadakonungs og sag\u00f0i vi\u00f0 hann: Sakir \u00feess a\u00f0 \u00fe\u00fa studdist vi\u00f0 S\u00fdrlandskonung, en studdist ekki vi\u00f0 Drottin, Gu\u00f0 \u00feinn, sakir \u00feess er her S\u00fdrlandskonungs genginn \u00fe\u00e9r \u00far greipum.<a name=\"8\"><span class=\"versanumer\">8<\/span><\/a>Voru ekki Bl\u00e1lendingar og L\u00edb\u00fdumenn mikill her, me\u00f0 afar marga vagna og riddara? En af \u00fev\u00ed \u00fe\u00fa studdist vi\u00f0 Drottin, gaf hann \u00fe\u00e1 \u00fe\u00e9r \u00e1 vald.<a name=\"9\"><span class=\"versanumer\">9<\/span><\/a>\u00dev\u00ed a\u00f0 augu Drottins hvarfla um alla j\u00f6r\u00f0ina, til \u00feess a\u00f0 hann megi s\u00fdna sig m\u00e1ttkan \u00feeim til hj\u00e1lpar, sem eru heils hugar vi\u00f0 hann. \u00de\u00e9r hefir fari\u00f0 heimskulega \u00ed \u00feessu, \u00fev\u00ed a\u00f0 h\u00e9\u00f0an \u00ed fr\u00e1 munu menn st\u00f6\u00f0ugt eiga \u00ed \u00f3fri\u00f0i vi\u00f0 \u00feig.<a name=\"10\"><span class=\"versanumer\">10<\/span><\/a>En Asa rann \u00ed skap vi\u00f0 sj\u00e1andann og setti hann \u00ed stokkh\u00fasi\u00f0, \u00fev\u00ed a\u00f0 hann var honum rei\u00f0ur fyrir \u00feetta. Asa s\u00fdndi og sumum af l\u00fd\u00f0num ofr\u00edki um \u00feessar mundir.<a name=\"11\"><span class=\"versanumer\">11<\/span><\/a>Saga Asa er fr\u00e1 upphafi til enda ritu\u00f0 \u00ed b\u00f3kum J\u00fada- og \u00cdsraelskonunga.<a name=\"12\"><span class=\"versanumer\">12<\/span><\/a>\u00c1 \u00fer\u00edtugasta og n\u00edunda r\u00edkis\u00e1ri s\u00ednu gj\u00f6r\u00f0ist Asa f\u00f3taveikur, og var\u00f0 sj\u00fakleiki hans mj\u00f6g mikill. En einnig \u00ed sj\u00fakleik s\u00ednum leita\u00f0i hann ekki Drottins, heldur l\u00e6knanna.<a name=\"13\"><span class=\"versanumer\">13<\/span><\/a>Og Asa lag\u00f0ist til hv\u00edldar hj\u00e1 fe\u00f0rum s\u00ednum og d\u00f3 \u00e1 fertugasta og fyrsta r\u00edkis\u00e1ri s\u00ednu.<a name=\"14\"><span class=\"versanumer\">14<\/span><\/a>Og hann var grafinn \u00ed gr\u00f6f sinni, er hann haf\u00f0i l\u00e1ti\u00f0 h\u00f6ggva \u00fat handa s\u00e9r \u00ed Dav\u00ed\u00f0sborg. Og hann var lag\u00f0ur \u00e1 l\u00edkbekk, er fylltur var kryddjurtum og alls konar smyrslum, bl\u00f6ndu\u00f0um ilmreykelsi, og afar mikil brenna var gj\u00f6r\u00f0 honum til hei\u00f0urs.<\/p>\n<div class=\"footnote1981\"><b>16.1-6<\/b> sbr 1Kon 15.16-22<br \/>\n<b>16.7-8<\/b> Sty\u00f0jast vi\u00f0 2Kro 13.18+<br \/>\n<b>16.9<\/b> Drottinn s\u00e9r 1M\u00f3s 11.5; Slm 14.2; 33.13<br \/>\n<b>16.10<\/b> \u00cd fangelsi 1Kon 22.26-27; Jer 20.2<br \/>\n<b>16.11-14<\/b> sbr 1Kon 15.23-24<\/div>\n","protected":false},"excerpt":{"rendered":"<p>1\u00c1 \u00fer\u00edtugasta og sj\u00f6tta r\u00edkis\u00e1ri Asa f\u00f3r Basa \u00cdsraelskonungur herf\u00f6r \u00e1 m\u00f3ti J\u00fada og v\u00edggirti Rama, svo a\u00f0 enginn ma\u00f0ur g\u00e6ti komist \u00fat e\u00f0a inn hj\u00e1 Asa J\u00fadakonungi.2\u00de\u00e1 t\u00f3k Asa silfur og gull \u00far fj\u00e1rhirslum h\u00fass Drottins og konungshallarinnar og sendi Benhadad S\u00fdrlandskonungi, er bj\u00f3 \u00ed Damaskus, me\u00f0 \u00feessari or\u00f0sending:3S\u00e1ttm\u00e1li er milli m\u00edn og \u00fe\u00edn, milli f\u00f6\u00f0ur m\u00edns og f\u00f6\u00f0ur \u00fe\u00edns. Sj\u00e1, \u00e9g sendi \u00fe\u00e9r silfur og gull: Skalt \u00fe\u00fa n\u00fa rj\u00fafa bandalag \u00feitt vi\u00f0 Basa \u00cdsraelskonung, svo a\u00f0 hann hafi sig \u00e1 burt fr\u00e1 m\u00e9r.4Benhadad t\u00f3k vel m\u00e1li Asa konungs og sendi hersh\u00f6f\u00f0ingja s\u00edna m\u00f3ti borgum \u00cdsraels og unnu <a href=\"https:\/\/biblian.is\/1981\/sidari-kronikubok-16-kafli\/\"> [&#8230;]<\/a><\/p>\n","protected":false},"author":1,"featured_media":0,"parent":0,"menu_order":0,"comment_status":"open","ping_status":"open","template":"bibliukaflar.php","meta":{"footnotes":""},"class_list":["post-1729","page","type-page","status-publish","hentry"],"_links":{"self":[{"href":"https:\/\/biblian.is\/1981\/wp-json\/wp\/v2\/pages\/1729","targetHints":{"allow":["GET"]}}],"collection":[{"href":"https:\/\/biblian.is\/1981\/wp-json\/wp\/v2\/pages"}],"about":[{"href":"https:\/\/biblian.is\/1981\/wp-json\/wp\/v2\/types\/page"}],"author":[{"embeddable":true,"href":"https:\/\/biblian.is\/1981\/wp-json\/wp\/v2\/users\/1"}],"replies":[{"embeddable":true,"href":"https:\/\/biblian.is\/1981\/wp-json\/wp\/v2\/comments?post=1729"}],"version-history":[{"count":0,"href":"https:\/\/biblian.is\/1981\/wp-json\/wp\/v2\/pages\/1729\/revisions"}],"wp:attachment":[{"href":"https:\/\/biblian.is\/1981\/wp-json\/wp\/v2\/media?parent=1729"}],"curies":[{"name":"wp","href":"https:\/\/api.w.org\/{rel}","templated":true}]}}