{"id":1728,"date":"2017-11-18T20:18:28","date_gmt":"2017-11-18T20:18:28","guid":{"rendered":"http:\/\/biblian.is\/1981\/sidari-kronikubok-15-kafli\/"},"modified":"2021-06-06T11:10:30","modified_gmt":"2021-06-06T11:10:30","slug":"sidari-kronikubok-15-kafli","status":"publish","type":"page","link":"https:\/\/biblian.is\/1981\/sidari-kronikubok-15-kafli\/","title":{"rendered":"S\u00ed\u00f0ari kron\u00edkub\u00f3k 15. kafli"},"content":{"rendered":"<p><a name=\"1\"><span class=\"versanumer\">1<\/span><\/a>\u00de\u00e1 kom andi Gu\u00f0s yfir Asarja \u00d3de\u00f0sson.<a name=\"2\"><span class=\"versanumer\">2<\/span><\/a>Gekk hann fram fyrir Asa og m\u00e6lti til hans: Hl\u00fd\u00f0i\u00f0 \u00e1 mig, \u00fe\u00e9r Asa og allur J\u00fada og Benjam\u00edn. Drottinn er me\u00f0 y\u00f0ur, ef \u00fe\u00e9r eru\u00f0 me\u00f0 honum. Ef \u00fe\u00e9r leiti\u00f0 hans, mun hann gefa y\u00f0ur kost \u00e1 a\u00f0 finna sig, en ef \u00fe\u00e9r yfirgefi\u00f0 hann, mun hann yfirgefa y\u00f0ur.<a name=\"3\"><span class=\"versanumer\">3<\/span><\/a>En langan t\u00edma hefir \u00cdsrael veri\u00f0 \u00e1n hins sanna Gu\u00f0s, \u00e1n presta, er fr\u00e6ddu hann, og \u00e1n l\u00f6gm\u00e1ls.<a name=\"4\"><span class=\"versanumer\">4<\/span><\/a>Og er \u00feeir voru \u00ed nau\u00f0um staddir, sneru \u00feeir s\u00e9r til Drottins, \u00cdsraels Gu\u00f0s, og leitu\u00f0u hans, og hann gaf \u00feeim kost \u00e1 a\u00f0 finna sig.<a name=\"5\"><span class=\"versanumer\">5<\/span><\/a>Um \u00fe\u00e6r mundir voru engar trygg\u00f0ir fyrir \u00fe\u00e1, er f\u00f3ru e\u00f0a komu, heldur var hi\u00f0 mesta gri\u00f0aleysi me\u00f0al allra \u00edb\u00faa h\u00e9ra\u00f0anna.<a name=\"6\"><span class=\"versanumer\">6<\/span><\/a>\u00dej\u00f3\u00f0 rakst \u00e1 \u00fej\u00f3\u00f0 og borg \u00e1 borg, \u00fev\u00ed a\u00f0 Drottinn hr\u00e6ddi \u00fe\u00e1 me\u00f0 hvers konar nau\u00f0um.<a name=\"7\"><span class=\"versanumer\">7<\/span><\/a>En veri\u00f0 \u00fe\u00e9r \u00f6ruggir og l\u00e1ti\u00f0 y\u00f0ur eigi fallast hendur, \u00fev\u00ed a\u00f0 breytni y\u00f0ar mun umbun hlj\u00f3ta.<a name=\"8\"><span class=\"versanumer\">8<\/span><\/a>En er Asa heyr\u00f0i or\u00f0 \u00feessi og sp\u00e1d\u00f3m \u00d3de\u00f0s sp\u00e1manns, \u00fe\u00e1 herti hann upp hugann og \u00fatr\u00fdmdi vi\u00f0urstygg\u00f0unum \u00far \u00f6llu landi J\u00fada og Benjam\u00edns, svo og \u00far borgum \u00feeim, er hann haf\u00f0i unni\u00f0 \u00e1 Efra\u00edmfj\u00f6llum, en endurn\u00fdja\u00f0i altari Drottins, \u00fea\u00f0 er var frammi fyrir forsal Drottins.<a name=\"9\"><span class=\"versanumer\">9<\/span><\/a>S\u00ed\u00f0an stefndi hann saman \u00f6llum J\u00fada og Benjam\u00edn og a\u00f0komum\u00f6nnum \u00feeim, er hj\u00e1 \u00feeim voru af Efra\u00edm, Manasse og S\u00edmeon, \u00fev\u00ed a\u00f0 fj\u00f6ldi manna af \u00cdsrael haf\u00f0i gengi\u00f0 honum \u00e1 h\u00f6nd, er \u00feeir s\u00e1u a\u00f0 Drottinn, Gu\u00f0 hans, var me\u00f0 honum.<a name=\"10\"><span class=\"versanumer\">10<\/span><\/a>Og \u00feeir komu saman \u00ed Jer\u00fasalem \u00ed \u00feri\u00f0ja m\u00e1nu\u00f0i \u00e1 fimmt\u00e1nda r\u00edkis\u00e1ri Asa.<a name=\"11\"><span class=\"versanumer\">11<\/span><\/a>Og \u00e1 \u00feeim degi f\u00e6r\u00f0u \u00feeir Drottni \u00ed sl\u00e1turf\u00f3rn af herfanginu, er \u00feeir h\u00f6f\u00f0u fengi\u00f0: sj\u00f6 hundru\u00f0 naut og sj\u00f6 \u00fe\u00fasund sau\u00f0i.<a name=\"12\"><span class=\"versanumer\">12<\/span><\/a>Og \u00feeir bundust \u00feeim s\u00e1ttm\u00e1la, a\u00f0 leita Drottins, Gu\u00f0s fe\u00f0ra \u00feeirra, af \u00f6llu hjarta s\u00ednu og allri s\u00e1lu sinni,<a name=\"13\"><span class=\"versanumer\">13<\/span><\/a>og skyldi hver s\u00e1, er eigi leita\u00f0i Drottins, Gu\u00f0s \u00cdsraels, l\u00edfl\u00e1tinn, yngri sem eldri, karl e\u00f0a kona.<a name=\"14\"><span class=\"versanumer\">14<\/span><\/a>S\u00f3ru \u00feeir s\u00ed\u00f0an Drottni ei\u00f0a me\u00f0 h\u00e1rri r\u00f6ddu og lustu upp fagna\u00f0ar\u00f3pi, en l\u00fa\u00f0rar og b\u00e1s\u00fanur kv\u00e1\u00f0u vi\u00f0.<a name=\"15\"><span class=\"versanumer\">15<\/span><\/a>Og allur J\u00fada gladdist yfir ei\u00f0num, \u00fev\u00ed a\u00f0 \u00feeir h\u00f6f\u00f0u ei\u00f0 unni\u00f0 af \u00f6llu hjarta s\u00ednu og leita\u00f0 hans af \u00f6llum huga s\u00ednum. Gaf Drottinn \u00feeim \u00fev\u00ed kost \u00e1 a\u00f0 finna sig og veitti \u00feeim fri\u00f0 allt um kring.<a name=\"16\"><span class=\"versanumer\">16<\/span><\/a>Asa konungur svipti jafnvel Ma\u00f6ku, m\u00f3\u00f0ur s\u00edna, drottningartigninni, fyrir \u00fea\u00f0, a\u00f0 h\u00fan haf\u00f0i gj\u00f6ra l\u00e1ti\u00f0 hr\u00e6\u00f0ilegt as\u00e9ru-l\u00edkneski. Og Asa hj\u00f3 sundur \u00feetta hr\u00e6\u00f0ilega l\u00edkneski hennar, muldi \u00fea\u00f0 og brenndi \u00fea\u00f0 \u00ed K\u00eddrondal.<a name=\"17\"><span class=\"versanumer\">17<\/span><\/a>En f\u00f3rnarh\u00e6\u00f0irnar voru ekki afnumdar \u00far \u00cdsrael. \u00de\u00f3 var hjarta Asa \u00f3skipt alla \u00e6vi hans.<a name=\"18\"><span class=\"versanumer\">18<\/span><\/a>Hann l\u00e9t og flytja \u00ed h\u00fas Gu\u00f0s helgigjafir f\u00f6\u00f0ur s\u00edns, svo og helgigjafir s\u00ednar, silfur, gull og \u00e1h\u00f6ld.<a name=\"19\"><span class=\"versanumer\">19<\/span><\/a>Og enginn \u00f3fri\u00f0ur var fram a\u00f0 \u00fer\u00edtugasta og fimmta r\u00edkis\u00e1ri Asa.<\/p>\n<div class=\"footnote1981\"><b>15.1-19<\/b> sbr 1Kon 15.12-15<br \/>\n<b>15.2<\/b> Ef \u00fei\u00f0 &#8230; l\u00e6tur hann 2Kro 12.5+<br \/>\n<b>15.4<\/b> Finna Drottin 5M\u00f3s 4.29-30; D\u00f3m 3.9,15; 6.7-8; 10.10-16; H\u00f3s 3.4-5<\/div>\n","protected":false},"excerpt":{"rendered":"<p>1\u00de\u00e1 kom andi Gu\u00f0s yfir Asarja \u00d3de\u00f0sson.2Gekk hann fram fyrir Asa og m\u00e6lti til hans: Hl\u00fd\u00f0i\u00f0 \u00e1 mig, \u00fe\u00e9r Asa og allur J\u00fada og Benjam\u00edn. Drottinn er me\u00f0 y\u00f0ur, ef \u00fe\u00e9r eru\u00f0 me\u00f0 honum. Ef \u00fe\u00e9r leiti\u00f0 hans, mun hann gefa y\u00f0ur kost \u00e1 a\u00f0 finna sig, en ef \u00fe\u00e9r yfirgefi\u00f0 hann, mun hann yfirgefa y\u00f0ur.3En langan t\u00edma hefir \u00cdsrael veri\u00f0 \u00e1n hins sanna Gu\u00f0s, \u00e1n presta, er fr\u00e6ddu hann, og \u00e1n l\u00f6gm\u00e1ls.4Og er \u00feeir voru \u00ed nau\u00f0um staddir, sneru \u00feeir s\u00e9r til Drottins, \u00cdsraels Gu\u00f0s, og leitu\u00f0u hans, og hann gaf \u00feeim kost \u00e1 a\u00f0 finna sig.5Um \u00fe\u00e6r mundir <a href=\"https:\/\/biblian.is\/1981\/sidari-kronikubok-15-kafli\/\"> [&#8230;]<\/a><\/p>\n","protected":false},"author":1,"featured_media":0,"parent":0,"menu_order":0,"comment_status":"open","ping_status":"open","template":"bibliukaflar.php","meta":{"footnotes":""},"class_list":["post-1728","page","type-page","status-publish","hentry"],"_links":{"self":[{"href":"https:\/\/biblian.is\/1981\/wp-json\/wp\/v2\/pages\/1728","targetHints":{"allow":["GET"]}}],"collection":[{"href":"https:\/\/biblian.is\/1981\/wp-json\/wp\/v2\/pages"}],"about":[{"href":"https:\/\/biblian.is\/1981\/wp-json\/wp\/v2\/types\/page"}],"author":[{"embeddable":true,"href":"https:\/\/biblian.is\/1981\/wp-json\/wp\/v2\/users\/1"}],"replies":[{"embeddable":true,"href":"https:\/\/biblian.is\/1981\/wp-json\/wp\/v2\/comments?post=1728"}],"version-history":[{"count":0,"href":"https:\/\/biblian.is\/1981\/wp-json\/wp\/v2\/pages\/1728\/revisions"}],"wp:attachment":[{"href":"https:\/\/biblian.is\/1981\/wp-json\/wp\/v2\/media?parent=1728"}],"curies":[{"name":"wp","href":"https:\/\/api.w.org\/{rel}","templated":true}]}}