{"id":1727,"date":"2017-11-18T20:18:28","date_gmt":"2017-11-18T20:18:28","guid":{"rendered":"http:\/\/biblian.is\/1981\/sidari-kronikubok-14-kafli\/"},"modified":"2021-06-06T11:10:29","modified_gmt":"2021-06-06T11:10:29","slug":"sidari-kronikubok-14-kafli","status":"publish","type":"page","link":"https:\/\/biblian.is\/1981\/sidari-kronikubok-14-kafli\/","title":{"rendered":"S\u00ed\u00f0ari kron\u00edkub\u00f3k 14. kafli"},"content":{"rendered":"<p><a name=\"1\"><span class=\"versanumer\">1<\/span><\/a>Og Ab\u00eda lag\u00f0ist til hv\u00edldar hj\u00e1 fe\u00f0rum s\u00ednum og var jar\u00f0a\u00f0ur \u00ed Dav\u00ed\u00f0sborg. Og Asa sonur hans t\u00f3k r\u00edki eftir hann. \u00c1 hans d\u00f6gum var fri\u00f0ur \u00ed landi \u00ed t\u00edu \u00e1r.<a name=\"2\"><span class=\"versanumer\">2<\/span><\/a>Asa gj\u00f6r\u00f0i \u00fea\u00f0, sem gott var og r\u00e9tt \u00ed augum Drottins, Gu\u00f0s s\u00edns.<a name=\"3\"><span class=\"versanumer\">3<\/span><\/a>Hann afnam hin \u00fatlendu \u00f6lturu og f\u00f3rnarh\u00e6\u00f0irnar, braut sundur merkissteinana og hj\u00f3 sundur as\u00e9rurnar.<a name=\"4\"><span class=\"versanumer\">4<\/span><\/a>Og hann bau\u00f0 J\u00fadam\u00f6nnum a\u00f0 leita Drottins, Gu\u00f0s fe\u00f0ra \u00feeirra, og breyta eftir l\u00f6gm\u00e1li hans og skipunum.<a name=\"5\"><span class=\"versanumer\">5<\/span><\/a>Hann afnam h\u00e6\u00f0irnar og s\u00f3ls\u00falurnar \u00far \u00f6llum J\u00fadaborgum, og r\u00edki\u00f0 naut fri\u00f0ar um hans daga.<a name=\"6\"><span class=\"versanumer\">6<\/span><\/a>Hann reisti kastala \u00ed J\u00fada, \u00fev\u00ed a\u00f0 fri\u00f0ur var \u00ed landi og enginn \u00e1tti \u00ed \u00f3fri\u00f0i vi\u00f0 hann \u00feau \u00e1rin, \u00fev\u00ed a\u00f0 Drottinn veitti honum fri\u00f0.<a name=\"7\"><span class=\"versanumer\">7<\/span><\/a>Og hann sag\u00f0i vi\u00f0 J\u00fadamenn: L\u00e1tum oss reisa borgir \u00feessar og gir\u00f0a um \u00fe\u00e6r me\u00f0 m\u00farum og turnum, hur\u00f0um og slagbr\u00f6ndum, \u00fev\u00ed a\u00f0 enn \u00fe\u00e1 er landi\u00f0 oss opi\u00f0, af \u00fev\u00ed a\u00f0 v\u00e9r h\u00f6fum leita\u00f0 Drottins, Gu\u00f0s vors. V\u00e9r h\u00f6fum leita\u00f0 hans, og hann hefir veitt oss fri\u00f0 allt um kring. Bygg\u00f0u \u00feeir s\u00ed\u00f0an og gekk \u00fea\u00f0 vel.<a name=\"8\"><span class=\"versanumer\">8<\/span><\/a>Og Asa haf\u00f0i her, er skj\u00f6ld bar og spj\u00f3t, \u00far J\u00fada \u00ferj\u00fa hundru\u00f0 \u00fe\u00fasund og \u00far Benjam\u00edn tv\u00f6 hundru\u00f0 og \u00e1ttat\u00edu \u00fe\u00fasund manna, er buklara b\u00e1ru og boga bentu. Voru \u00feeir allir hinir mestu kappar.<a name=\"9\"><span class=\"versanumer\">9<\/span><\/a>En Sera Bl\u00e1lendingur f\u00f3r \u00ed m\u00f3ti \u00feeim me\u00f0 millj\u00f3n hermanna og \u00ferj\u00fa hundru\u00f0 vagna og komst allt til Maresa.<a name=\"10\"><span class=\"versanumer\">10<\/span><\/a>F\u00f3r Asa \u00fat \u00ed m\u00f3ti honum, og fylktu \u00feeir s\u00e9r til orustu \u00ed Sefatadal hj\u00e1 Maresa.<a name=\"11\"><span class=\"versanumer\">11<\/span><\/a>Og Asa \u00e1kalla\u00f0i Drottin, Gu\u00f0 sinn, og sag\u00f0i: Drottinn, enginn nema \u00fe\u00fa getur hj\u00e1lpa\u00f0 l\u00edtilmagnanum gegn hinum voldugu. Hj\u00e1lpa \u00fe\u00fa oss, Drottinn, Gu\u00f0 vor, \u00fev\u00ed a\u00f0 vi\u00f0 \u00feig sty\u00f0jumst v\u00e9r, og \u00ed \u00fe\u00ednu nafni h\u00f6fum v\u00e9r fari\u00f0 \u00e1 m\u00f3ti \u00feessum mannfj\u00f6lda. Drottinn, \u00fe\u00fa ert vor Gu\u00f0, gagnvart \u00fe\u00e9r er dau\u00f0legur ma\u00f0urinn m\u00e1ttvana.<a name=\"12\"><span class=\"versanumer\">12<\/span><\/a>Og Drottinn l\u00e9t Bl\u00e1lendingana b\u00ed\u00f0a \u00f3sigur fyrir Asa og fyrir J\u00fadam\u00f6nnum, svo a\u00f0 Bl\u00e1lendingar fl\u00fd\u00f0u.<a name=\"13\"><span class=\"versanumer\">13<\/span><\/a>En Asa og li\u00f0 \u00fea\u00f0, er me\u00f0 honum var, veittu \u00feeim eftirf\u00f6r til Gerar, og f\u00e9ll li\u00f0 af Bl\u00e1lendingum, svo a\u00f0 enginn \u00feeirra var eftir \u00e1 l\u00edfi, \u00fev\u00ed a\u00f0 \u00feeir f\u00e9llu unnv\u00f6rpum fyrir Drottni og fyrir her hans. H\u00f6f\u00f0u \u00feeir \u00fea\u00f0an afar miki\u00f0 herfang.<a name=\"14\"><span class=\"versanumer\">14<\/span><\/a>\u00deeir unnu og allar borgir umhverfis Gerar, \u00fev\u00ed a\u00f0 \u00f3tti vi\u00f0 Drottin var kominn yfir \u00fe\u00e6r. R\u00e6ndu \u00feeir s\u00ed\u00f0an allar borgirnar, \u00fev\u00ed a\u00f0 \u00fear var miklu a\u00f0 r\u00e6na.<a name=\"15\"><span class=\"versanumer\">15<\/span><\/a>\u00de\u00e1 n\u00e1\u00f0u \u00feeir og hjar\u00f0tj\u00f6ldunum og h\u00f6f\u00f0u \u00e1 burt me\u00f0 s\u00e9r a\u00f0 herfangi fj\u00f6lda sau\u00f0a og \u00falfalda, og sneru s\u00ed\u00f0an aftur til Jer\u00fasalem.<\/p>\n<div class=\"footnote1981\"><b>14.1-3<\/b> sbr 1Kon 15.9-11<br \/>\n<b>14.2<\/b> Braut sundur 2M\u00f3s 23.24+<br \/>\n<b>14.10<\/b> Sty\u00f0jast vi\u00f0 Drottin 2Kro 13.18+<\/div>\n","protected":false},"excerpt":{"rendered":"<p>1Og Ab\u00eda lag\u00f0ist til hv\u00edldar hj\u00e1 fe\u00f0rum s\u00ednum og var jar\u00f0a\u00f0ur \u00ed Dav\u00ed\u00f0sborg. Og Asa sonur hans t\u00f3k r\u00edki eftir hann. \u00c1 hans d\u00f6gum var fri\u00f0ur \u00ed landi \u00ed t\u00edu \u00e1r.2Asa gj\u00f6r\u00f0i \u00fea\u00f0, sem gott var og r\u00e9tt \u00ed augum Drottins, Gu\u00f0s s\u00edns.3Hann afnam hin \u00fatlendu \u00f6lturu og f\u00f3rnarh\u00e6\u00f0irnar, braut sundur merkissteinana og hj\u00f3 sundur as\u00e9rurnar.4Og hann bau\u00f0 J\u00fadam\u00f6nnum a\u00f0 leita Drottins, Gu\u00f0s fe\u00f0ra \u00feeirra, og breyta eftir l\u00f6gm\u00e1li hans og skipunum.5Hann afnam h\u00e6\u00f0irnar og s\u00f3ls\u00falurnar \u00far \u00f6llum J\u00fadaborgum, og r\u00edki\u00f0 naut fri\u00f0ar um hans daga.6Hann reisti kastala \u00ed J\u00fada, \u00fev\u00ed a\u00f0 fri\u00f0ur var \u00ed landi og enginn \u00e1tti \u00ed <a href=\"https:\/\/biblian.is\/1981\/sidari-kronikubok-14-kafli\/\"> [&#8230;]<\/a><\/p>\n","protected":false},"author":1,"featured_media":0,"parent":0,"menu_order":0,"comment_status":"open","ping_status":"open","template":"bibliukaflar.php","meta":{"footnotes":""},"class_list":["post-1727","page","type-page","status-publish","hentry"],"_links":{"self":[{"href":"https:\/\/biblian.is\/1981\/wp-json\/wp\/v2\/pages\/1727","targetHints":{"allow":["GET"]}}],"collection":[{"href":"https:\/\/biblian.is\/1981\/wp-json\/wp\/v2\/pages"}],"about":[{"href":"https:\/\/biblian.is\/1981\/wp-json\/wp\/v2\/types\/page"}],"author":[{"embeddable":true,"href":"https:\/\/biblian.is\/1981\/wp-json\/wp\/v2\/users\/1"}],"replies":[{"embeddable":true,"href":"https:\/\/biblian.is\/1981\/wp-json\/wp\/v2\/comments?post=1727"}],"version-history":[{"count":0,"href":"https:\/\/biblian.is\/1981\/wp-json\/wp\/v2\/pages\/1727\/revisions"}],"wp:attachment":[{"href":"https:\/\/biblian.is\/1981\/wp-json\/wp\/v2\/media?parent=1727"}],"curies":[{"name":"wp","href":"https:\/\/api.w.org\/{rel}","templated":true}]}}