{"id":1726,"date":"2017-11-18T20:18:23","date_gmt":"2017-11-18T20:18:23","guid":{"rendered":"http:\/\/biblian.is\/1981\/sidari-kronikubok-13-kafli\/"},"modified":"2021-06-06T11:10:29","modified_gmt":"2021-06-06T11:10:29","slug":"sidari-kronikubok-13-kafli","status":"publish","type":"page","link":"https:\/\/biblian.is\/1981\/sidari-kronikubok-13-kafli\/","title":{"rendered":"S\u00ed\u00f0ari kron\u00edkub\u00f3k 13. kafli"},"content":{"rendered":"<p><a name=\"1\"><span class=\"versanumer\">1<\/span><\/a>\u00c1 \u00e1tj\u00e1nda r\u00edkis\u00e1ri Jer\u00f3b\u00f3ams var\u00f0 Ab\u00eda konungur yfir J\u00fada.<a name=\"2\"><span class=\"versanumer\">2<\/span><\/a>\u00derj\u00fa \u00e1r r\u00edkti hann \u00ed Jer\u00fasalem. M\u00f3\u00f0ir hans h\u00e9t Maaka \u00dar\u00edelsd\u00f3ttir fr\u00e1 G\u00edbeu. En \u00feeir \u00e1ttu \u00ed \u00f3fri\u00f0i saman, Ab\u00eda og Jer\u00f3b\u00f3am.<a name=\"3\"><span class=\"versanumer\">3<\/span><\/a>Og Ab\u00eda h\u00f3f \u00f3fri\u00f0inn me\u00f0 hraustu herli\u00f0i, fj\u00f6gur hundru\u00f0 \u00fe\u00fasundum einvalali\u00f0s, en Jer\u00f3b\u00f3am fylkti til orustu \u00e1 m\u00f3ti honum \u00e1tta hundru\u00f0 \u00fe\u00fasundum einvalali\u00f0s, hraustum k\u00f6ppum.<a name=\"4\"><span class=\"versanumer\">4<\/span><\/a>\u00de\u00e1 gekk Ab\u00eda upp \u00e1 Semara\u00edmfjall \u00ed Efra\u00edmfj\u00f6llum og m\u00e6lti: Hl\u00fd\u00f0i\u00f0 \u00e1 mig, Jer\u00f3b\u00f3am og allur \u00cdsrael!<a name=\"5\"><span class=\"versanumer\">5<\/span><\/a>Hvort viti\u00f0 \u00fe\u00e9r eigi a\u00f0 Drottinn, \u00cdsraels Gu\u00f0, veitti Dav\u00ed\u00f0 \u00e6varandi konungd\u00f3m yfir \u00cdsrael, honum og ni\u00f0jum hans, me\u00f0 salts\u00e1ttm\u00e1la?<a name=\"6\"><span class=\"versanumer\">6<\/span><\/a>En Jer\u00f3b\u00f3am Nebatsson, \u00fej\u00f3nn Sal\u00f3mons, sonar Dav\u00ed\u00f0s, h\u00f3fst handa og gj\u00f6r\u00f0i uppreisn gegn herra s\u00ednum.<a name=\"7\"><span class=\"versanumer\">7<\/span><\/a>Og a\u00f0 honum s\u00f6fnu\u00f0ust lausingjar og hrakmenni, og \u00feeir ur\u00f0u yfirsterkari Rehabeam syni Sal\u00f3mons, en Rehabeam var ungur og hugdeigur og f\u00e9kk eigi veitt \u00feeim vi\u00f0n\u00e1m.<a name=\"8\"><span class=\"versanumer\">8<\/span><\/a>Og n\u00fa hyggist \u00fe\u00e9r munu veita vi\u00f0n\u00e1m konungd\u00f3mi Drottins, \u00feeim er ni\u00f0jar Dav\u00ed\u00f0s hafa \u00e1 hendi, af \u00fev\u00ed a\u00f0 \u00fe\u00e9r eru\u00f0 mj\u00f6g fj\u00f6lmennir, og gullk\u00e1lfarnir, \u00feeir er Jer\u00f3b\u00f3am hefir gj\u00f6ra l\u00e1ti\u00f0 y\u00f0ur a\u00f0 gu\u00f0um, eru me\u00f0 y\u00f0ur.<a name=\"9\"><span class=\"versanumer\">9<\/span><\/a>Hafi\u00f0 \u00fe\u00e9r \u00fe\u00e1 eigi reki\u00f0 burt presta Drottins, ni\u00f0ja Arons, og lev\u00edtana, og gj\u00f6rt y\u00f0ur presta a\u00f0 si\u00f0 hei\u00f0inna \u00fej\u00f3\u00f0a? Hver s\u00e1, er kom til \u00feess a\u00f0 l\u00e1ta fylla h\u00f6nd s\u00edna me\u00f0 ungt naut og sj\u00f6 hr\u00fata, hann var\u00f0 prestur falsgu\u00f0anna.<a name=\"10\"><span class=\"versanumer\">10<\/span><\/a>En vor Gu\u00f0 er Drottinn, v\u00e9r h\u00f6fum eigi yfirgefi\u00f0 hann, og ni\u00f0jar Arons hafa \u00e1 hendi prest\u00fej\u00f3nustu fyrir Drottin, og lev\u00edtar hafa st\u00f6rf \u00e1 hendi<a name=\"11\"><span class=\"versanumer\">11<\/span><\/a>og f\u00e6ra Drottni \u00e1 hverjum morgni og hverju kveldi brennif\u00f3rnir og ilmreykelsi og leggja brau\u00f0 \u00ed ra\u00f0ir \u00e1 bor\u00f0i\u00f0 \u00far sk\u00edru gulli og kveikja \u00e1 hverju kveldi \u00e1 gullstjakanum og l\u00f6mpum hans. \u00dev\u00ed a\u00f0 v\u00e9r g\u00e6tum \u00e1kv\u00e6\u00f0a Drottins, Gu\u00f0s vors, en \u00fe\u00e9r hafi\u00f0 yfirgefi\u00f0 hann.<a name=\"12\"><span class=\"versanumer\">12<\/span><\/a>Og sj\u00e1! Gu\u00f0 er me\u00f0 oss \u00ed broddi fylkingar og prestar hans me\u00f0 hvellil\u00fa\u00f0rana til \u00feess a\u00f0 bl\u00e1sa til atl\u00f6gu gegn y\u00f0ur. \u00de\u00e9r \u00cdsraelsmenn! Berjist eigi gegn Drottni, Gu\u00f0i fe\u00f0ra y\u00f0ar, \u00fev\u00ed a\u00f0 \u00fe\u00e9r munu\u00f0 engu f\u00e1 framgengt.<a name=\"13\"><span class=\"versanumer\">13<\/span><\/a>En Jer\u00f3b\u00f3am l\u00e9t \u00fe\u00e1, er l\u00e1gu \u00ed launs\u00e1tri, fara \u00ed kring til \u00feess a\u00f0 koma a\u00f0 baki \u00feeim. Voru \u00feeir gagnvart J\u00fadam\u00f6nnum, en launs\u00e1tursli\u00f0i\u00f0 a\u00f0 baki \u00feeim.<a name=\"14\"><span class=\"versanumer\">14<\/span><\/a>Og er J\u00fadamenn sneru s\u00e9r vi\u00f0, s\u00e1u \u00feeir a\u00f0 \u00feeim var b\u00fainn bardagi b\u00e6\u00f0i a\u00f0 baki og a\u00f0 framan. \u00de\u00e1 hr\u00f3pu\u00f0u \u00feeir til Drottins, og prestarnir \u00feeyttu l\u00fa\u00f0rana,<a name=\"15\"><span class=\"versanumer\">15<\/span><\/a>og J\u00fadamenn \u00e6ptu her\u00f3p, og er J\u00fadamenn \u00e6ptu her\u00f3p, \u00fe\u00e1 laust Gu\u00f0 Jer\u00f3b\u00f3am og allan \u00cdsrael \u00ed augs\u00fdn Ab\u00eda og J\u00fada.<a name=\"16\"><span class=\"versanumer\">16<\/span><\/a>Og \u00cdsraelsmenn fl\u00fd\u00f0u fyrir J\u00fadam\u00f6nnum, og Gu\u00f0 gaf \u00fe\u00e1 \u00feeim \u00e1 vald.<a name=\"17\"><span class=\"versanumer\">17<\/span><\/a>Og Ab\u00eda og li\u00f0 hans felldu \u00fe\u00e1 unnv\u00f6rpum, svo a\u00f0 fimm hundru\u00f0 \u00fe\u00fasund einvalali\u00f0s f\u00e9llu af \u00cdsraelsm\u00f6nnum, vopnum vegnir.<a name=\"18\"><span class=\"versanumer\">18<\/span><\/a>\u00deannig ur\u00f0u \u00cdsraelsmenn a\u00f0 l\u00fata \u00ed l\u00e6gra haldi um \u00fe\u00e6r mundir, og J\u00fadamenn ur\u00f0u yfirsterkari, \u00fev\u00ed a\u00f0 \u00feeir studdust vi\u00f0 Drottin, Gu\u00f0 fe\u00f0ra \u00feeirra.<a name=\"19\"><span class=\"versanumer\">19<\/span><\/a>En Ab\u00eda veitti Jer\u00f3b\u00f3am eftirf\u00f6r og vann af honum borgir: Betel og \u00feorpin umhverfis hana, Jesana og \u00feorpin umhverfis hana og Efron og \u00feorpin umhverfis hana.<a name=\"20\"><span class=\"versanumer\">20<\/span><\/a>Og Jer\u00f3b\u00f3am var m\u00e1ttvana s\u00ed\u00f0an, me\u00f0an Ab\u00eda lif\u00f0i, og Drottinn laust hann, svo a\u00f0 hann d\u00f3.<a name=\"21\"><span class=\"versanumer\">21<\/span><\/a>En Ab\u00eda efldist, og hann t\u00f3k s\u00e9r fj\u00f3rt\u00e1n konur og gat tuttugu og tvo sonu og sext\u00e1n d\u00e6tur.<a name=\"22\"><span class=\"versanumer\">22<\/span><\/a>En \u00fea\u00f0 sem meira er a\u00f0 segja um Ab\u00eda, athafnir hans og or\u00f0, \u00fea\u00f0 er rita\u00f0 \u00ed Sk\u00fdringum \u00cddd\u00f3s sp\u00e1manns.<\/p>\n<div class=\"footnote1981\"><b>13.1-23<\/b> sbr 1Kon 15.1-8<br \/>\n<b>13.7<\/b> Hrakmenni 5M\u00f3s 13.14<br \/>\n<b>13.8<\/b> Gullk\u00e1lfar 1Kon 12.28-30<br \/>\n<b>13.9<\/b> Skipa\u00f0 ykkur presta 1Kon 12.31<br \/>\n<b>13.12<\/b> Berjist ekki gegn Drottni 2Makk 7; SSal 12.13-14; Post 5.39<br \/>\n<b>13.18<\/b> Studdust vi\u00f0 Drottin 2Kro 14.10; 16.7-8; Jes 10.20; 50.10; M\u00edk 3.11<\/div>\n","protected":false},"excerpt":{"rendered":"<p>1\u00c1 \u00e1tj\u00e1nda r\u00edkis\u00e1ri Jer\u00f3b\u00f3ams var\u00f0 Ab\u00eda konungur yfir J\u00fada.2\u00derj\u00fa \u00e1r r\u00edkti hann \u00ed Jer\u00fasalem. M\u00f3\u00f0ir hans h\u00e9t Maaka \u00dar\u00edelsd\u00f3ttir fr\u00e1 G\u00edbeu. En \u00feeir \u00e1ttu \u00ed \u00f3fri\u00f0i saman, Ab\u00eda og Jer\u00f3b\u00f3am.3Og Ab\u00eda h\u00f3f \u00f3fri\u00f0inn me\u00f0 hraustu herli\u00f0i, fj\u00f6gur hundru\u00f0 \u00fe\u00fasundum einvalali\u00f0s, en Jer\u00f3b\u00f3am fylkti til orustu \u00e1 m\u00f3ti honum \u00e1tta hundru\u00f0 \u00fe\u00fasundum einvalali\u00f0s, hraustum k\u00f6ppum.4\u00de\u00e1 gekk Ab\u00eda upp \u00e1 Semara\u00edmfjall \u00ed Efra\u00edmfj\u00f6llum og m\u00e6lti: Hl\u00fd\u00f0i\u00f0 \u00e1 mig, Jer\u00f3b\u00f3am og allur \u00cdsrael!5Hvort viti\u00f0 \u00fe\u00e9r eigi a\u00f0 Drottinn, \u00cdsraels Gu\u00f0, veitti Dav\u00ed\u00f0 \u00e6varandi konungd\u00f3m yfir \u00cdsrael, honum og ni\u00f0jum hans, me\u00f0 salts\u00e1ttm\u00e1la?6En Jer\u00f3b\u00f3am Nebatsson, \u00fej\u00f3nn Sal\u00f3mons, sonar Dav\u00ed\u00f0s, h\u00f3fst handa og gj\u00f6r\u00f0i uppreisn <a href=\"https:\/\/biblian.is\/1981\/sidari-kronikubok-13-kafli\/\"> [&#8230;]<\/a><\/p>\n","protected":false},"author":1,"featured_media":0,"parent":0,"menu_order":0,"comment_status":"open","ping_status":"open","template":"bibliukaflar.php","meta":{"footnotes":""},"class_list":["post-1726","page","type-page","status-publish","hentry"],"_links":{"self":[{"href":"https:\/\/biblian.is\/1981\/wp-json\/wp\/v2\/pages\/1726","targetHints":{"allow":["GET"]}}],"collection":[{"href":"https:\/\/biblian.is\/1981\/wp-json\/wp\/v2\/pages"}],"about":[{"href":"https:\/\/biblian.is\/1981\/wp-json\/wp\/v2\/types\/page"}],"author":[{"embeddable":true,"href":"https:\/\/biblian.is\/1981\/wp-json\/wp\/v2\/users\/1"}],"replies":[{"embeddable":true,"href":"https:\/\/biblian.is\/1981\/wp-json\/wp\/v2\/comments?post=1726"}],"version-history":[{"count":0,"href":"https:\/\/biblian.is\/1981\/wp-json\/wp\/v2\/pages\/1726\/revisions"}],"wp:attachment":[{"href":"https:\/\/biblian.is\/1981\/wp-json\/wp\/v2\/media?parent=1726"}],"curies":[{"name":"wp","href":"https:\/\/api.w.org\/{rel}","templated":true}]}}