{"id":1724,"date":"2017-11-18T20:18:23","date_gmt":"2017-11-18T20:18:23","guid":{"rendered":"http:\/\/biblian.is\/1981\/sidari-kronikubok-11-kafli\/"},"modified":"2021-06-06T11:10:28","modified_gmt":"2021-06-06T11:10:28","slug":"sidari-kronikubok-11-kafli","status":"publish","type":"page","link":"https:\/\/biblian.is\/1981\/sidari-kronikubok-11-kafli\/","title":{"rendered":"S\u00ed\u00f0ari kron\u00edkub\u00f3k 11. kafli"},"content":{"rendered":"<p><a name=\"1\"><span class=\"versanumer\">1<\/span><\/a>En er Rehabeam kom til Jer\u00fasalem, safna\u00f0i hann saman J\u00fadam\u00f6nnum og Benjam\u00edns\u00e6ttkv\u00edsl, hundra\u00f0 og \u00e1ttat\u00edu \u00fe\u00fasundum einvalali\u00f0s, til \u00feess a\u00f0 berjast vi\u00f0 \u00cdsrael og n\u00e1 konungd\u00f3minum aftur undir Rehabeam.<a name=\"2\"><span class=\"versanumer\">2<\/span><\/a>En or\u00f0 Drottins kom til Semaja gu\u00f0smanns, svol\u00e1tandi:<a name=\"3\"><span class=\"versanumer\">3<\/span><\/a>Tala \u00fe\u00fa svo til Rehabeams, sonar Sal\u00f3mons, konungs \u00ed J\u00fada, og til allra \u00cdsraelsmanna \u00ed J\u00fada og Benjam\u00edn:<a name=\"4\"><span class=\"versanumer\">4<\/span><\/a>Svo segir Drottinn: Fari\u00f0 eigi og berjist eigi vi\u00f0 br\u00e6\u00f0ur y\u00f0ar. Fari hver heim til s\u00edn, \u00fev\u00ed a\u00f0 minni tilhlutun er \u00feetta or\u00f0i\u00f0. Og er \u00feeir heyr\u00f0u or\u00f0 Drottins, hurfu \u00feeir aftur og h\u00e6ttu vi\u00f0 a\u00f0 fara \u00e1 m\u00f3ti Jer\u00f3b\u00f3am.<a name=\"5\"><span class=\"versanumer\">5<\/span><\/a>Rehabeam bj\u00f3 s\u00ed\u00f0an \u00ed Jer\u00fasalem. Og hann gj\u00f6r\u00f0i nokkrar borgir \u00ed J\u00fada a\u00f0 k\u00f6stulum,<a name=\"6\"><span class=\"versanumer\">6<\/span><\/a>og hann gj\u00f6r\u00f0i Betlehem, Etam, Tek\u00f3a,<a name=\"7\"><span class=\"versanumer\">7<\/span><\/a>Bet S\u00far, S\u00f3k\u00f3, Ad\u00fallam,<a name=\"8\"><span class=\"versanumer\">8<\/span><\/a>Gat, Maresa, S\u00edf,<a name=\"9\"><span class=\"versanumer\">9<\/span><\/a>Ad\u00f3ra\u00edm, Lak\u00eds, Aseka,<a name=\"10\"><span class=\"versanumer\">10<\/span><\/a>Sorea, Ajalon og Hebron, sem eru \u00ed J\u00fada og Benjam\u00edn, a\u00f0 kastalaborgum.<a name=\"11\"><span class=\"versanumer\">11<\/span><\/a>Gj\u00f6r\u00f0i hann kastalana rammgj\u00f6rva, setti \u00fear h\u00f6f\u00f0ingja fyrir og l\u00e9t \u00fear for\u00f0a vista, ol\u00edu og v\u00edns.<a name=\"12\"><span class=\"versanumer\">12<\/span><\/a>Og \u00ed hverja borg l\u00e9t hann skj\u00f6ldu og spj\u00f3t, og v\u00edggirti \u00fe\u00e6r afar rammlega. Og J\u00fada og Benjam\u00edn lutu honum.<a name=\"13\"><span class=\"versanumer\">13<\/span><\/a>Prestarnir og lev\u00edtarnir, er voru um allan \u00cdsrael, komu \u00far \u00f6llum h\u00e9ru\u00f0um s\u00ednum og gengu honum til handa.<a name=\"14\"><span class=\"versanumer\">14<\/span><\/a>\u00dev\u00ed a\u00f0 lev\u00edtarnir yfirg\u00e1fu beitil\u00f6nd s\u00edn og \u00f3\u00f0ul og f\u00f3ru til J\u00fada og Jer\u00fasalem, \u00fev\u00ed a\u00f0 Jer\u00f3b\u00f3am og synir hans h\u00f6f\u00f0u reki\u00f0 \u00fe\u00e1 \u00far prest\u00fej\u00f3nustu fyrir Drottni,<a name=\"15\"><span class=\"versanumer\">15<\/span><\/a>og haf\u00f0i hann sj\u00e1lfur skipa\u00f0 s\u00e9r presta fyrir f\u00f3rnarh\u00e6\u00f0irnar og sk\u00f3gartr\u00f6llin og k\u00e1lfana, er hann haf\u00f0i gj\u00f6ra l\u00e1ti\u00f0.<a name=\"16\"><span class=\"versanumer\">16<\/span><\/a>Og \u00feeim fylgdu \u00feeir af \u00f6llum \u00e6ttkv\u00edslum \u00cdsraels, er l\u00f6g\u00f0u hug \u00e1 a\u00f0 leita Drottins, Gu\u00f0s \u00cdsraels. Komu \u00feeir til Jer\u00fasalem til \u00feess a\u00f0 f\u00e6ra f\u00f3rnir Drottni, Gu\u00f0i fe\u00f0ra \u00feeirra.<a name=\"17\"><span class=\"versanumer\">17<\/span><\/a>Og \u00feeir efldu J\u00fadar\u00edki og styrktu Rehabeam, son Sal\u00f3mons, \u00ed \u00ferj\u00fa \u00e1r. \u00dev\u00ed a\u00f0 \u00feeir fetu\u00f0u \u00ed f\u00f3tspor Dav\u00ed\u00f0s og Sal\u00f3mons \u00ed \u00ferj\u00fa \u00e1r.<a name=\"18\"><span class=\"versanumer\">18<\/span><\/a>Og Rehabeam t\u00f3k s\u00e9r fyrir konu Mahalat, d\u00f3ttur Jer\u00edm\u00f3ts Dav\u00ed\u00f0ssonar og Ab\u00edha\u00edlar, d\u00f3ttur El\u00edabs \u00cdsa\u00edsonar.<a name=\"19\"><span class=\"versanumer\">19<\/span><\/a>\u00d3l h\u00fan honum sonu: Je\u00fas, Semarja og Saham.<a name=\"20\"><span class=\"versanumer\">20<\/span><\/a>Og eftir hana f\u00e9kk hann Ma\u00f6ku Absalonsd\u00f3ttur. H\u00fan \u00f3l honum Ab\u00eda, Atta\u00ed, S\u00edsa og Sel\u00f3m\u00edt.<a name=\"21\"><span class=\"versanumer\">21<\/span><\/a>Og Rehabeam unni Ma\u00f6ku Absalonsd\u00f3ttur meira en \u00f6llum \u00f6\u00f0rum konum s\u00ednum og hj\u00e1konum, \u00fev\u00ed a\u00f0 hann haf\u00f0i teki\u00f0 s\u00e9r \u00e1tj\u00e1n konur og sext\u00edu hj\u00e1konur, og gat tuttugu og \u00e1tta sonu og sext\u00e1n d\u00e6tur.<a name=\"22\"><span class=\"versanumer\">22<\/span><\/a>Og Rehabeam gj\u00f6r\u00f0i Ab\u00eda, son Ma\u00f6ku, a\u00f0 \u00e6tth\u00f6f\u00f0ingja, a\u00f0 h\u00f6f\u00f0ingja me\u00f0al br\u00e6\u00f0ra sinna, \u00fev\u00ed a\u00f0 hann hug\u00f0ist mundu gj\u00f6ra hann a\u00f0 konungi.<a name=\"23\"><span class=\"versanumer\">23<\/span><\/a>Og hann f\u00f3r hyggilega a\u00f0 r\u00e1\u00f0i s\u00ednu og skipti \u00f6llum sonum s\u00ednum ni\u00f0ur \u00e1 \u00f6ll h\u00e9ru\u00f0 \u00ed J\u00fada og Benjam\u00edn, ni\u00f0ur \u00e1 allar kastalaborgir, f\u00e9kk \u00feeim gn\u00f3ttir vista og ba\u00f0 \u00feeim fj\u00f6lda kvenna.<\/p>\n<div class=\"footnote1981\"><b>11.13<\/b> Fr\u00e1 landsv\u00e6\u00f0um s\u00ednum 4M\u00f3s 35.2<br \/>\n<b>11.15<\/b> Skipa\u00f0i sj\u00e1lfur presta 1Kon 12.31<br \/>\n<b>11.20<\/b> Maaka 1Kon 15.2<\/div>\n","protected":false},"excerpt":{"rendered":"<p>1En er Rehabeam kom til Jer\u00fasalem, safna\u00f0i hann saman J\u00fadam\u00f6nnum og Benjam\u00edns\u00e6ttkv\u00edsl, hundra\u00f0 og \u00e1ttat\u00edu \u00fe\u00fasundum einvalali\u00f0s, til \u00feess a\u00f0 berjast vi\u00f0 \u00cdsrael og n\u00e1 konungd\u00f3minum aftur undir Rehabeam.2En or\u00f0 Drottins kom til Semaja gu\u00f0smanns, svol\u00e1tandi:3Tala \u00fe\u00fa svo til Rehabeams, sonar Sal\u00f3mons, konungs \u00ed J\u00fada, og til allra \u00cdsraelsmanna \u00ed J\u00fada og Benjam\u00edn:4Svo segir Drottinn: Fari\u00f0 eigi og berjist eigi vi\u00f0 br\u00e6\u00f0ur y\u00f0ar. Fari hver heim til s\u00edn, \u00fev\u00ed a\u00f0 minni tilhlutun er \u00feetta or\u00f0i\u00f0. Og er \u00feeir heyr\u00f0u or\u00f0 Drottins, hurfu \u00feeir aftur og h\u00e6ttu vi\u00f0 a\u00f0 fara \u00e1 m\u00f3ti Jer\u00f3b\u00f3am.5Rehabeam bj\u00f3 s\u00ed\u00f0an \u00ed Jer\u00fasalem. Og hann gj\u00f6r\u00f0i nokkrar <a href=\"https:\/\/biblian.is\/1981\/sidari-kronikubok-11-kafli\/\"> [&#8230;]<\/a><\/p>\n","protected":false},"author":1,"featured_media":0,"parent":0,"menu_order":0,"comment_status":"open","ping_status":"open","template":"bibliukaflar.php","meta":{"footnotes":""},"class_list":["post-1724","page","type-page","status-publish","hentry"],"_links":{"self":[{"href":"https:\/\/biblian.is\/1981\/wp-json\/wp\/v2\/pages\/1724","targetHints":{"allow":["GET"]}}],"collection":[{"href":"https:\/\/biblian.is\/1981\/wp-json\/wp\/v2\/pages"}],"about":[{"href":"https:\/\/biblian.is\/1981\/wp-json\/wp\/v2\/types\/page"}],"author":[{"embeddable":true,"href":"https:\/\/biblian.is\/1981\/wp-json\/wp\/v2\/users\/1"}],"replies":[{"embeddable":true,"href":"https:\/\/biblian.is\/1981\/wp-json\/wp\/v2\/comments?post=1724"}],"version-history":[{"count":0,"href":"https:\/\/biblian.is\/1981\/wp-json\/wp\/v2\/pages\/1724\/revisions"}],"wp:attachment":[{"href":"https:\/\/biblian.is\/1981\/wp-json\/wp\/v2\/media?parent=1724"}],"curies":[{"name":"wp","href":"https:\/\/api.w.org\/{rel}","templated":true}]}}