{"id":1723,"date":"2017-11-18T20:18:23","date_gmt":"2017-11-18T20:18:23","guid":{"rendered":"http:\/\/biblian.is\/1981\/sidari-kronikubok-10-kafli\/"},"modified":"2021-06-06T11:10:28","modified_gmt":"2021-06-06T11:10:28","slug":"sidari-kronikubok-10-kafli","status":"publish","type":"page","link":"https:\/\/biblian.is\/1981\/sidari-kronikubok-10-kafli\/","title":{"rendered":"S\u00ed\u00f0ari kron\u00edkub\u00f3k 10. kafli"},"content":{"rendered":"<p><a name=\"1\"><span class=\"versanumer\">1<\/span><\/a>Rehabeam f\u00f3r til S\u00edkem, \u00fev\u00ed a\u00f0 allur \u00cdsrael var kominn \u00feanga\u00f0 til \u00feess a\u00f0 taka hann til konungs.<a name=\"2\"><span class=\"versanumer\">2<\/span><\/a>En er Jer\u00f3b\u00f3am Nebatsson fr\u00e9tti  hann var \u00ed Egyptalandi, \u00feanga\u00f0 sem hann haf\u00f0i fl\u00fai\u00f0 undan Sal\u00f3mon konungi  a\u00f0 Sal\u00f3mon v\u00e6ri d\u00e1inn, sneri Jer\u00f3b\u00f3am heim fr\u00e1 Egyptalandi.<a name=\"3\"><span class=\"versanumer\">3<\/span><\/a>Og \u00feeir sendu bo\u00f0 og l\u00e9tu kalla hann. \u00de\u00e1 kom Jer\u00f3b\u00f3am og allur \u00cdsrael og m\u00e6ltu til Rehabeams \u00e1 \u00feessa lei\u00f0:<a name=\"4\"><span class=\"versanumer\">4<\/span><\/a>Fa\u00f0ir \u00feinn lag\u00f0i \u00e1 oss hart ok, en gj\u00f6r n\u00fa l\u00e9ttari hina h\u00f6r\u00f0u \u00e1nau\u00f0 f\u00f6\u00f0ur \u00fe\u00edns og hi\u00f0 \u00feunga ok, er hann \u00e1 oss lag\u00f0i, og munum v\u00e9r \u00fej\u00f3na \u00fe\u00e9r.<a name=\"5\"><span class=\"versanumer\">5<\/span><\/a>Hann svara\u00f0i \u00feeim: Fari\u00f0 n\u00fa burt og komi\u00f0 aftur til m\u00edn a\u00f0 \u00ferem d\u00f6gum li\u00f0num. Og l\u00fd\u00f0urinn f\u00f3r burt.<a name=\"6\"><span class=\"versanumer\">6<\/span><\/a>\u00de\u00e1 r\u00e1\u00f0ga\u00f0ist Rehabeam konungur vi\u00f0 \u00f6ldungana, sem \u00fej\u00f3na\u00f0 h\u00f6f\u00f0u Sal\u00f3mon f\u00f6\u00f0ur hans me\u00f0an hann lif\u00f0i, og m\u00e6lti: Hver andsv\u00f6r r\u00e1\u00f0i\u00f0 \u00fe\u00e9r m\u00e9r a\u00f0 gefa \u00feessum m\u00f6nnum?<a name=\"7\"><span class=\"versanumer\">7<\/span><\/a>\u00deeir sv\u00f6ru\u00f0u honum og m\u00e6ltu: Ef \u00fe\u00fa \u00ed dag ver\u00f0ur l\u00fd\u00f0 \u00feessum eftirl\u00e1tur, ver\u00f0ur \u00feeim n\u00e1\u00f0ugur og tekur vel m\u00e1li \u00feeirra, munu \u00feeir ver\u00f0a \u00fe\u00e9r eftirl\u00e1tir alla daga.<a name=\"8\"><span class=\"versanumer\">8<\/span><\/a>En hann hafna\u00f0i r\u00e1\u00f0i \u00fev\u00ed, er \u00f6ldungarnir r\u00e9\u00f0u honum, en r\u00e1\u00f0ga\u00f0ist vi\u00f0 unga menn, er vaxi\u00f0 h\u00f6f\u00f0u upp me\u00f0 honum og n\u00fa \u00fej\u00f3nu\u00f0u honum,<a name=\"9\"><span class=\"versanumer\">9<\/span><\/a>og hann sag\u00f0i vi\u00f0 \u00fe\u00e1: Hver r\u00e1\u00f0 gefi\u00f0 \u00fe\u00e9r til, hversu v\u00e9r skulum svara l\u00fd\u00f0 \u00feessum, er tala\u00f0 hefir til m\u00edn \u00e1 \u00feessa lei\u00f0: Gj\u00f6r l\u00e9ttara ok \u00fea\u00f0, er fa\u00f0ir \u00feinn \u00e1 oss lag\u00f0i?<a name=\"10\"><span class=\"versanumer\">10<\/span><\/a>\u00de\u00e1 sv\u00f6ru\u00f0u honum hinir ungu menn, er vaxi\u00f0 h\u00f6f\u00f0u upp me\u00f0 honum: Svo skalt \u00fe\u00fa svara l\u00fd\u00f0num, er sag\u00f0i vi\u00f0 \u00feig: Fa\u00f0ir \u00feinn gj\u00f6r\u00f0i ok vort \u00feungt, en gj\u00f6r \u00fe\u00fa oss \u00fea\u00f0 l\u00e9ttara svo skalt \u00fe\u00fa tala til \u00feeirra: Litlifingur minn er digrari en lendar f\u00f6\u00f0ur m\u00edns.<a name=\"11\"><span class=\"versanumer\">11<\/span><\/a>Hafi fa\u00f0ir minn lagt \u00e1 y\u00f0ur \u00feungt ok, mun \u00e9g gj\u00f6ra ok y\u00f0ar enn \u00feyngra. Fa\u00f0ir minn refsa\u00f0i y\u00f0ur me\u00f0 keyrum, en \u00e9g mun refsa y\u00f0ur me\u00f0 gaddasvipum.<a name=\"12\"><span class=\"versanumer\">12<\/span><\/a>Og Jer\u00f3b\u00f3am og allur l\u00fd\u00f0urinn kom til Rehabeams \u00e1 \u00feri\u00f0ja degi, eins og konungur haf\u00f0i sagt, \u00fe\u00e1 er hann m\u00e6lti: Komi\u00f0 til m\u00edn aftur \u00e1 \u00feri\u00f0ja degi.<a name=\"13\"><span class=\"versanumer\">13<\/span><\/a>\u00de\u00e1 veitti konungur \u00feeim h\u00f6r\u00f0 andsv\u00f6r, og Rehabeam konungur f\u00f3r eigi a\u00f0 r\u00e1\u00f0um \u00f6ldunganna,<a name=\"14\"><span class=\"versanumer\">14<\/span><\/a>en tala\u00f0i til \u00feeirra \u00e1 \u00feessa lei\u00f0 a\u00f0 r\u00e1\u00f0i hinna ungu manna: Fa\u00f0ir minn gj\u00f6r\u00f0i ok y\u00f0ar \u00feungt, en \u00e9g mun gj\u00f6ra \u00fea\u00f0 enn \u00feyngra. Fa\u00f0ir minn refsa\u00f0i y\u00f0ur me\u00f0 keyrum, en \u00e9g mun refsa y\u00f0ur me\u00f0 gaddasvipum.<a name=\"15\"><span class=\"versanumer\">15<\/span><\/a>\u00deannig veitti konungur l\u00fd\u00f0num enga \u00e1heyrn, \u00fev\u00ed a\u00f0 svo var til stillt af Gu\u00f0i, til \u00feess a\u00f0 Drottinn g\u00e6ti l\u00e1ti\u00f0 r\u00e6tast or\u00f0 s\u00edn, \u00feau er hann haf\u00f0i tala\u00f0 til Jer\u00f3b\u00f3ams Nebatssonar, fyrir munn Ah\u00eda fr\u00e1 S\u00edl\u00f3.<a name=\"16\"><span class=\"versanumer\">16<\/span><\/a>\u00de\u00e1 er allur \u00cdsrael s\u00e1, a\u00f0 konungur veitti \u00feeim enga \u00e1heyrn, \u00fe\u00e1 veitti l\u00fd\u00f0urinn konungi \u00feessi andsv\u00f6r: Hverja hlutdeild eigum v\u00e9r \u00ed Dav\u00ed\u00f0? Engan erf\u00f0ahlut eigum v\u00e9r \u00ed \u00cdsa\u00edsyni. Far heim til \u00fe\u00edn, hver \u00cdsraelsma\u00f0ur! G\u00e6t \u00fe\u00fa \u00fe\u00edns eigin h\u00fass, Dav\u00ed\u00f0!S\u00ed\u00f0an f\u00f3r allur \u00cdsrael, hver heim til s\u00edn.<a name=\"17\"><span class=\"versanumer\">17<\/span><\/a>En yfir \u00feeim \u00cdsraelsm\u00f6nnum, er bjuggu \u00ed J\u00fadaborgum, var Rehabeam konungur.<a name=\"18\"><span class=\"versanumer\">18<\/span><\/a>Rehabeam konungur sendi Had\u00f3ram, sem var yfir kva\u00f0arm\u00f6nnum, en \u00cdsraelsmenn l\u00f6mdu hann grj\u00f3ti til bana, en Rehabeam konungur hlj\u00f3p \u00ed skyndi \u00e1 vagn sinn og fl\u00fd\u00f0i til Jer\u00fasalem.<a name=\"19\"><span class=\"versanumer\">19<\/span><\/a>\u00deannig gekk \u00cdsrael undan \u00e6tt Dav\u00ed\u00f0s, og stendur svo enn \u00ed dag.<\/p>\n<div class=\"footnote1981\"><b>10.1-15<\/b> sbr 1Kon 12.1-15<br \/>\n<b>10.16-19<\/b> sbr 1Kon 16-19<\/div>\n","protected":false},"excerpt":{"rendered":"<p>1Rehabeam f\u00f3r til S\u00edkem, \u00fev\u00ed a\u00f0 allur \u00cdsrael var kominn \u00feanga\u00f0 til \u00feess a\u00f0 taka hann til konungs.2En er Jer\u00f3b\u00f3am Nebatsson fr\u00e9tti hann var \u00ed Egyptalandi, \u00feanga\u00f0 sem hann haf\u00f0i fl\u00fai\u00f0 undan Sal\u00f3mon konungi a\u00f0 Sal\u00f3mon v\u00e6ri d\u00e1inn, sneri Jer\u00f3b\u00f3am heim fr\u00e1 Egyptalandi.3Og \u00feeir sendu bo\u00f0 og l\u00e9tu kalla hann. \u00de\u00e1 kom Jer\u00f3b\u00f3am og allur \u00cdsrael og m\u00e6ltu til Rehabeams \u00e1 \u00feessa lei\u00f0:4Fa\u00f0ir \u00feinn lag\u00f0i \u00e1 oss hart ok, en gj\u00f6r n\u00fa l\u00e9ttari hina h\u00f6r\u00f0u \u00e1nau\u00f0 f\u00f6\u00f0ur \u00fe\u00edns og hi\u00f0 \u00feunga ok, er hann \u00e1 oss lag\u00f0i, og munum v\u00e9r \u00fej\u00f3na \u00fe\u00e9r.5Hann svara\u00f0i \u00feeim: Fari\u00f0 n\u00fa burt og komi\u00f0 aftur <a href=\"https:\/\/biblian.is\/1981\/sidari-kronikubok-10-kafli\/\"> [&#8230;]<\/a><\/p>\n","protected":false},"author":1,"featured_media":0,"parent":0,"menu_order":0,"comment_status":"open","ping_status":"open","template":"bibliukaflar.php","meta":{"footnotes":""},"class_list":["post-1723","page","type-page","status-publish","hentry"],"_links":{"self":[{"href":"https:\/\/biblian.is\/1981\/wp-json\/wp\/v2\/pages\/1723","targetHints":{"allow":["GET"]}}],"collection":[{"href":"https:\/\/biblian.is\/1981\/wp-json\/wp\/v2\/pages"}],"about":[{"href":"https:\/\/biblian.is\/1981\/wp-json\/wp\/v2\/types\/page"}],"author":[{"embeddable":true,"href":"https:\/\/biblian.is\/1981\/wp-json\/wp\/v2\/users\/1"}],"replies":[{"embeddable":true,"href":"https:\/\/biblian.is\/1981\/wp-json\/wp\/v2\/comments?post=1723"}],"version-history":[{"count":0,"href":"https:\/\/biblian.is\/1981\/wp-json\/wp\/v2\/pages\/1723\/revisions"}],"wp:attachment":[{"href":"https:\/\/biblian.is\/1981\/wp-json\/wp\/v2\/media?parent=1723"}],"curies":[{"name":"wp","href":"https:\/\/api.w.org\/{rel}","templated":true}]}}