{"id":1722,"date":"2017-11-18T20:18:23","date_gmt":"2017-11-18T20:18:23","guid":{"rendered":"http:\/\/biblian.is\/1981\/sidari-kronikubok-9-kafli\/"},"modified":"2021-06-06T11:10:42","modified_gmt":"2021-06-06T11:10:42","slug":"sidari-kronikubok-9-kafli","status":"publish","type":"page","link":"https:\/\/biblian.is\/1981\/sidari-kronikubok-9-kafli\/","title":{"rendered":"S\u00ed\u00f0ari kron\u00edkub\u00f3k 9. kafli"},"content":{"rendered":"<p><a name=\"1\"><span class=\"versanumer\">1<\/span><\/a>\u00de\u00e1 er drottningin \u00ed Saba spur\u00f0i or\u00f0st\u00edr Sal\u00f3mons, kom h\u00fan til Jer\u00fasalem me\u00f0 mj\u00f6g miklu f\u00f6runeyti og me\u00f0 \u00falfalda, klyfja\u00f0a kryddjurtum og afar miklu gulli og gimsteinum, til \u00feess a\u00f0 reyna Sal\u00f3mon me\u00f0 g\u00e1tum. Og er h\u00fan kom til Sal\u00f3mons, bar h\u00fan upp fyrir honum allt, sem henni bj\u00f3 \u00ed brj\u00f3sti.<a name=\"2\"><span class=\"versanumer\">2<\/span><\/a>En Sal\u00f3mon svara\u00f0i \u00f6llum spurningum hennar. Var enginn hlutur hulinn Sal\u00f3mon, er hann g\u00e6ti eigi leyst \u00far fyrir hana.<a name=\"3\"><span class=\"versanumer\">3<\/span><\/a>Og er drottningin fr\u00e1 Saba s\u00e1 speki Sal\u00f3mons og h\u00fasi\u00f0, sem hann haf\u00f0i reisa l\u00e1ti\u00f0,<a name=\"4\"><span class=\"versanumer\">4<\/span><\/a>matinn \u00e1 bor\u00f0i hans, b\u00fasta\u00f0i \u00fej\u00f3na hans og frammist\u00f6\u00f0u skutilsveina hans og kl\u00e6\u00f0i \u00feeirra, byrlara hans og kl\u00e6\u00f0i \u00feeirra og brennif\u00f3rn hans, \u00fe\u00e1 er hann fram bar \u00ed h\u00fasi Drottins, \u00fe\u00e1 var\u00f0 h\u00fan fr\u00e1 s\u00e9r numin<a name=\"5\"><span class=\"versanumer\">5<\/span><\/a>og sag\u00f0i vi\u00f0 konung: Satt var \u00fea\u00f0, er \u00e9g heyr\u00f0i \u00ed landi m\u00ednu um \u00feig og speki \u00fe\u00edna.<a name=\"6\"><span class=\"versanumer\">6<\/span><\/a>En \u00e9g tr\u00fa\u00f0i ekki or\u00f0um \u00feeirra fyrr en \u00e9g kom og s\u00e1 \u00fea\u00f0 me\u00f0 eigin augum. Og \u00fe\u00f3 haf\u00f0i \u00e9g ekki fr\u00e9tt helminginn um gn\u00f3tt speki \u00feinnar. \u00de\u00fa ert meiri or\u00f0r\u00f3m \u00feeim, er \u00e9g hefi heyrt.<a name=\"7\"><span class=\"versanumer\">7<\/span><\/a>S\u00e6lir eru menn \u00fe\u00ednir og s\u00e6lir \u00feessir \u00fej\u00f3nar \u00fe\u00ednir, sem st\u00f6\u00f0ugt standa frammi fyrir \u00fe\u00e9r og heyra speki \u00fe\u00edna.<a name=\"8\"><span class=\"versanumer\">8<\/span><\/a>Lofa\u00f0ur s\u00e9 Drottinn, Gu\u00f0 \u00feinn, sem haf\u00f0i \u00fe\u00f3knun \u00e1 \u00fe\u00e9r, svo a\u00f0 hann setti \u00feig \u00ed h\u00e1s\u00e6ti sitt sem konung Drottins, Gu\u00f0s \u00fe\u00edns. Af \u00fev\u00ed a\u00f0 Gu\u00f0 \u00feinn elskar \u00cdsrael, svo a\u00f0 hann vill l\u00e1ta hann standa a\u00f0 eil\u00edfu, gj\u00f6r\u00f0i hann \u00feig a\u00f0 konungi yfir \u00feeim til \u00feess a\u00f0 i\u00f0ka r\u00e9tt og r\u00e9ttv\u00edsi.<a name=\"9\"><span class=\"versanumer\">9<\/span><\/a>S\u00ed\u00f0an gaf h\u00fan konungi hundra\u00f0 og tuttugu talentur gulls og afar miki\u00f0 af kryddjurtum og gimsteina. Hefir aldrei s\u00ed\u00f0an veri\u00f0 anna\u00f0 eins af kryddjurtum og drottningin fr\u00e1 Saba gaf Sal\u00f3mon konungi.<a name=\"10\"><span class=\"versanumer\">10<\/span><\/a>S\u00f6mulei\u00f0is komu og \u00fej\u00f3nar H\u00farams og \u00fej\u00f3nar Sal\u00f3mons, \u00feeir er gull s\u00f3ttu til \u00d3f\u00edr, me\u00f0 sandelvi\u00f0 og gimsteina.<a name=\"11\"><span class=\"versanumer\">11<\/span><\/a>Og konungur l\u00e9t gj\u00f6ra handri\u00f0 \u00ed h\u00fas Drottins og \u00ed konungsh\u00f6llina af sandelvi\u00f0num, svo og g\u00edgjur og h\u00f6rpur handa s\u00f6ngm\u00f6nnunum. Haf\u00f0i ei \u00e1\u00f0ur sl\u00edkt s\u00e9st \u00ed J\u00fadalandi.<a name=\"12\"><span class=\"versanumer\">12<\/span><\/a>Sal\u00f3mon konungur gaf drottningunni fr\u00e1 Saba allt, er h\u00fan girntist og kaus s\u00e9r, auk \u00feess, er h\u00fan haf\u00f0i f\u00e6rt konungi. H\u00e9lt h\u00fan s\u00ed\u00f0an heimlei\u00f0is og f\u00f3r \u00ed land sitt me\u00f0 f\u00f6runeyti s\u00ednu.<a name=\"13\"><span class=\"versanumer\">13<\/span><\/a>Gulli\u00f0, sem Sal\u00f3mon f\u00e9kk \u00e1 einu \u00e1ri, var sex hundru\u00f0 sext\u00edu og sex talentur gulls a\u00f0 \u00feyngd,<a name=\"14\"><span class=\"versanumer\">14<\/span><\/a>auk \u00feess er kom inn fr\u00e1 varningsm\u00f6nnum og \u00feess er kaupmennirnir komu me\u00f0. Auk \u00feess f\u00e6r\u00f0u allir konungar Arab\u00edu og jarlar landsins Sal\u00f3mon gull og silfur.<a name=\"15\"><span class=\"versanumer\">15<\/span><\/a>Og Sal\u00f3mon konungur l\u00e9t gj\u00f6ra tv\u00f6 hundru\u00f0 skildi af slegnu gulli, f\u00f3ru sex hundru\u00f0 siklar af slegnu gulli \u00ed hvern skj\u00f6ld,<a name=\"16\"><span class=\"versanumer\">16<\/span><\/a>og \u00ferj\u00fa hundru\u00f0 buklara af slegnu gulli, f\u00f3ru \u00ferj\u00fa hundru\u00f0 siklar gulls \u00ed hvern buklara. L\u00e9t konungur leggja \u00fe\u00e1 \u00ed L\u00edbanonssk\u00f3garh\u00fasi\u00f0.<a name=\"17\"><span class=\"versanumer\">17<\/span><\/a>Konungur l\u00e9t og gj\u00f6ra h\u00e1s\u00e6ti miki\u00f0 af f\u00edlabeini og lag\u00f0i \u00fea\u00f0 sk\u00edru gulli.<a name=\"18\"><span class=\"versanumer\">18<\/span><\/a>Gengu sex \u00ferep upp a\u00f0 h\u00e1s\u00e6tinu, og f\u00f3tsk\u00f6r \u00far gulli var fest \u00e1 h\u00e1s\u00e6ti\u00f0. Br\u00edkur voru b\u00e1\u00f0um megin s\u00e6tisins, og st\u00f3\u00f0u tv\u00f6 lj\u00f3n vi\u00f0 br\u00edkurnar.<a name=\"19\"><span class=\"versanumer\">19<\/span><\/a>Og t\u00f3lf lj\u00f3n st\u00f3\u00f0u \u00e1 \u00ferepunum sex, b\u00e1\u00f0um megin. Sl\u00edk sm\u00ed\u00f0 hefir aldrei veri\u00f0 gj\u00f6r\u00f0 \u00ed nokkru konungsr\u00edki.<a name=\"20\"><span class=\"versanumer\">20<\/span><\/a>\u00d6ll voru drykkjarker Sal\u00f3mons konungs af gulli, og \u00f6ll \u00e1h\u00f6ld \u00ed L\u00edbanonssk\u00f3garh\u00fasinu voru af sk\u00edru gulli, ekkert af silfri, \u00fev\u00ed a\u00f0 silfur var einskis meti\u00f0 \u00e1 d\u00f6gum Sal\u00f3mons.<a name=\"21\"><span class=\"versanumer\">21<\/span><\/a>\u00dev\u00ed a\u00f0 konungur haf\u00f0i skip, er f\u00f3ru til Tarsis me\u00f0 m\u00f6nnum H\u00farams. \u00deri\u00f0ja hvert \u00e1r komu Tarsis-skipin heim, hla\u00f0in gulli og silfri, f\u00edlabeini, \u00f6pum og p\u00e1fuglum.<a name=\"22\"><span class=\"versanumer\">22<\/span><\/a>Sal\u00f3mon konungur bar af \u00f6llum konungum jar\u00f0arinnar a\u00f0 au\u00f0leg\u00f0 og visku.<a name=\"23\"><span class=\"versanumer\">23<\/span><\/a>Og alla konunga jar\u00f0arinnar f\u00fdsti a\u00f0 sj\u00e1 Sal\u00f3mon til \u00feess a\u00f0 heyra visku hans, sem Gu\u00f0 haf\u00f0i lagt honum \u00ed brj\u00f3st.<a name=\"24\"><span class=\"versanumer\">24<\/span><\/a>Komu \u00feeir \u00fe\u00e1 hver me\u00f0 s\u00edna gj\u00f6f, silfurgripi og gullgripi, kl\u00e6\u00f0i, vopn og kryddjurtir, hesta og m\u00fala, \u00e1r eftir \u00e1r.<a name=\"25\"><span class=\"versanumer\">25<\/span><\/a>Og Sal\u00f3mon \u00e1tti fj\u00f6gur \u00fe\u00fasund vagneyki og vagna og t\u00f3lf \u00fe\u00fasund riddara. L\u00e9t hann \u00fe\u00e1 vera \u00ed vagnli\u00f0sborgunum og me\u00f0 konungi \u00ed Jer\u00fasalem.<a name=\"26\"><span class=\"versanumer\">26<\/span><\/a>Og hann drottna\u00f0i yfir \u00f6llum konungum fr\u00e1 Efrat allt til Filistalands og til landam\u00e6ra Egyptalands.<a name=\"27\"><span class=\"versanumer\">27<\/span><\/a>Og konungur gj\u00f6r\u00f0i silfur eins algengt \u00ed Jer\u00fasalem og grj\u00f3t, og sedrusvi\u00f0 eins og m\u00f3rberjatr\u00e9n, sem vaxa \u00e1 l\u00e1glendinu.<a name=\"28\"><span class=\"versanumer\">28<\/span><\/a>Og menn fluttu hesta \u00far Egyptalandi og \u00far \u00f6llum l\u00f6ndum handa Sal\u00f3mon.<a name=\"29\"><span class=\"versanumer\">29<\/span><\/a>Anna\u00f0 af s\u00f6gu Sal\u00f3mons er fr\u00e1 upphafi til enda skr\u00e1\u00f0 \u00ed S\u00f6gu Natans sp\u00e1manns og \u00ed Sp\u00e1d\u00f3mi Ah\u00eda fr\u00e1 S\u00edl\u00f3 og \u00ed Vitrun \u00cddd\u00f3s sj\u00e1anda um Jer\u00f3b\u00f3am Nebatsson.<a name=\"30\"><span class=\"versanumer\">30<\/span><\/a>Sal\u00f3mon r\u00edkti \u00ed Jer\u00fasalem yfir \u00f6llum \u00cdsrael \u00ed fj\u00f6rut\u00edu \u00e1r.<a name=\"31\"><span class=\"versanumer\">31<\/span><\/a>Og hann lag\u00f0ist til hv\u00edldar hj\u00e1 fe\u00f0rum s\u00ednum og var jar\u00f0a\u00f0ur \u00ed borg Dav\u00ed\u00f0s f\u00f6\u00f0ur s\u00edns. Og Rehabeam sonur hans t\u00f3k r\u00edki eftir hann.<\/p>\n<div class=\"footnote1981\"><b>9.1-12<\/b> sbr 1Kon 10.1-13<br \/>\n<b>9.13-28<\/b> sbr 1Kon 10.14-29<br \/>\n<b>9.29-31<\/b> sbr 1Kon 11.41-43<\/div>\n","protected":false},"excerpt":{"rendered":"<p>1\u00de\u00e1 er drottningin \u00ed Saba spur\u00f0i or\u00f0st\u00edr Sal\u00f3mons, kom h\u00fan til Jer\u00fasalem me\u00f0 mj\u00f6g miklu f\u00f6runeyti og me\u00f0 \u00falfalda, klyfja\u00f0a kryddjurtum og afar miklu gulli og gimsteinum, til \u00feess a\u00f0 reyna Sal\u00f3mon me\u00f0 g\u00e1tum. Og er h\u00fan kom til Sal\u00f3mons, bar h\u00fan upp fyrir honum allt, sem henni bj\u00f3 \u00ed brj\u00f3sti.2En Sal\u00f3mon svara\u00f0i \u00f6llum spurningum hennar. Var enginn hlutur hulinn Sal\u00f3mon, er hann g\u00e6ti eigi leyst \u00far fyrir hana.3Og er drottningin fr\u00e1 Saba s\u00e1 speki Sal\u00f3mons og h\u00fasi\u00f0, sem hann haf\u00f0i reisa l\u00e1ti\u00f0,4matinn \u00e1 bor\u00f0i hans, b\u00fasta\u00f0i \u00fej\u00f3na hans og frammist\u00f6\u00f0u skutilsveina hans og kl\u00e6\u00f0i \u00feeirra, byrlara hans og kl\u00e6\u00f0i <a href=\"https:\/\/biblian.is\/1981\/sidari-kronikubok-9-kafli\/\"> [&#8230;]<\/a><\/p>\n","protected":false},"author":1,"featured_media":0,"parent":0,"menu_order":0,"comment_status":"open","ping_status":"open","template":"bibliukaflar.php","meta":{"footnotes":""},"class_list":["post-1722","page","type-page","status-publish","hentry"],"_links":{"self":[{"href":"https:\/\/biblian.is\/1981\/wp-json\/wp\/v2\/pages\/1722","targetHints":{"allow":["GET"]}}],"collection":[{"href":"https:\/\/biblian.is\/1981\/wp-json\/wp\/v2\/pages"}],"about":[{"href":"https:\/\/biblian.is\/1981\/wp-json\/wp\/v2\/types\/page"}],"author":[{"embeddable":true,"href":"https:\/\/biblian.is\/1981\/wp-json\/wp\/v2\/users\/1"}],"replies":[{"embeddable":true,"href":"https:\/\/biblian.is\/1981\/wp-json\/wp\/v2\/comments?post=1722"}],"version-history":[{"count":0,"href":"https:\/\/biblian.is\/1981\/wp-json\/wp\/v2\/pages\/1722\/revisions"}],"wp:attachment":[{"href":"https:\/\/biblian.is\/1981\/wp-json\/wp\/v2\/media?parent=1722"}],"curies":[{"name":"wp","href":"https:\/\/api.w.org\/{rel}","templated":true}]}}