{"id":1721,"date":"2017-11-18T20:18:23","date_gmt":"2017-11-18T20:18:23","guid":{"rendered":"http:\/\/biblian.is\/1981\/sidari-kronikubok-8-kafli\/"},"modified":"2021-06-06T11:10:41","modified_gmt":"2021-06-06T11:10:41","slug":"sidari-kronikubok-8-kafli","status":"publish","type":"page","link":"https:\/\/biblian.is\/1981\/sidari-kronikubok-8-kafli\/","title":{"rendered":"S\u00ed\u00f0ari kron\u00edkub\u00f3k 8. kafli"},"content":{"rendered":"<p><a name=\"1\"><span class=\"versanumer\">1<\/span><\/a>A\u00f0 tuttugu \u00e1rum li\u00f0num, \u00fe\u00e1 er Sal\u00f3mon haf\u00f0i byggt musteri Drottins og h\u00f6ll s\u00edna<a name=\"2\"><span class=\"versanumer\">2<\/span><\/a>en borgirnar, er H\u00faram haf\u00f0i l\u00e1ti\u00f0 af hendi vi\u00f0 Sal\u00f3mon, \u00fe\u00e6r v\u00edggirti Sal\u00f3mon og l\u00e9t \u00cdsraelsmenn setjast \u00fear a\u00f0<a name=\"3\"><span class=\"versanumer\">3<\/span><\/a>\u00fe\u00e1 h\u00e9lt Sal\u00f3mon til Hamat hj\u00e1 S\u00f3ba og n\u00e1\u00f0i henni \u00e1 sitt vald.<a name=\"4\"><span class=\"versanumer\">4<\/span><\/a>Og hann v\u00edggirti Tadmor \u00ed ey\u00f0im\u00f6rkinni og allar vistaborgirnar, \u00fe\u00e6r er hann bygg\u00f0i \u00ed Hamat.<a name=\"5\"><span class=\"versanumer\">5<\/span><\/a>\u00de\u00e1 v\u00edggirti hann og Efri Beth\u00f3ron og Ne\u00f0ri Beth\u00f3ron og gj\u00f6r\u00f0i a\u00f0 k\u00f6stulum me\u00f0 m\u00farum, hli\u00f0um og slagbr\u00f6ndum,<a name=\"6\"><span class=\"versanumer\">6<\/span><\/a>enn fremur Baalat og allar vistaborgirnar, er Sal\u00f3mon \u00e1tti, og allar vagnli\u00f0sborgirnar og riddaraborgirnar og allt, sem Sal\u00f3mon f\u00fdsti a\u00f0 byggja \u00ed Jer\u00fasalem, \u00e1 L\u00edbanon og \u00ed \u00f6llu r\u00edki s\u00ednu.<a name=\"7\"><span class=\"versanumer\">7<\/span><\/a>Allt \u00fea\u00f0 f\u00f3lk, sem eftir var af Het\u00edtum, Amor\u00edtum, Peres\u00edtum, Hev\u00edtum og Jeb\u00fas\u00edtum, er eigi heyr\u00f0u til \u00cdsraelsm\u00f6nnum,<a name=\"8\"><span class=\"versanumer\">8<\/span><\/a>ni\u00f0jar \u00feeirra, sem enn voru eftir \u00ed landinu og \u00cdsraelsmenn eigi h\u00f6f\u00f0u \u00fatr\u00fdmt, \u00e1 \u00fe\u00e1 lag\u00f0i Sal\u00f3mon skylduvinnu, og er svo enn \u00ed dag.<a name=\"9\"><span class=\"versanumer\">9<\/span><\/a>En af \u00cdsraelsm\u00f6nnum gj\u00f6r\u00f0i Sal\u00f3mon enga a\u00f0 \u00fer\u00e6lum til \u00feess a\u00f0 vinna a\u00f0 fyrirt\u00e6kjum s\u00ednum, en \u00feeir voru hermenn, foringjar fyrir vagnk\u00f6ppum hans og foringjar fyrir vagnli\u00f0i hans og riddarali\u00f0i.<a name=\"10\"><span class=\"versanumer\">10<\/span><\/a>\u00c6\u00f0stu f\u00f3getar Sal\u00f3mons konungs voru tv\u00f6 hundru\u00f0 og fimmt\u00edu a\u00f0 t\u00f6lu. \u00deeir h\u00f6f\u00f0u eftirlit me\u00f0 m\u00f6nnum.<a name=\"11\"><span class=\"versanumer\">11<\/span><\/a>Og d\u00f3ttur Fara\u00f3s f\u00e6r\u00f0i Sal\u00f3mon fr\u00e1 Dav\u00ed\u00f0sborg \u00ed h\u00fas \u00fea\u00f0, er hann haf\u00f0i byggt handa henni, \u00fev\u00ed a\u00f0 hann sag\u00f0i: Eigi skal \u00e9g l\u00e1ta konu b\u00faa \u00ed h\u00f6ll Dav\u00ed\u00f0s \u00cdsraelskonungs, \u00fev\u00ed a\u00f0 helgir eru \u00feeir sta\u00f0ir, \u00feanga\u00f0 sem \u00f6rk Drottins hefir komi\u00f0.<a name=\"12\"><span class=\"versanumer\">12<\/span><\/a>\u00de\u00e1 f\u00e6r\u00f0i Sal\u00f3mon Drottni brennif\u00f3rnir \u00e1 altari Drottins, \u00fev\u00ed er hann haf\u00f0i reist fyrir framan forsalinn,<a name=\"13\"><span class=\"versanumer\">13<\/span><\/a>svo a\u00f0 hann f\u00e6r\u00f0i f\u00f3rnir eins og vi\u00f0 \u00e1tti \u00e1 degi hverjum samkv\u00e6mt skipunum M\u00f3se, \u00e1 hv\u00edldard\u00f6gunum, tunglkomud\u00f6gunum og l\u00f6gh\u00e1t\u00ed\u00f0unum, \u00ferisvar \u00e1 \u00e1ri \u00e1 h\u00e1t\u00ed\u00f0 hinna \u00f3s\u00fdr\u00f0u brau\u00f0a, \u00e1 viknah\u00e1t\u00ed\u00f0inni og \u00e1 laufsk\u00e1lah\u00e1t\u00ed\u00f0inni.<a name=\"14\"><span class=\"versanumer\">14<\/span><\/a>Og eftir fyrirm\u00e6lum Dav\u00ed\u00f0s f\u00f6\u00f0ur s\u00edns setti hann prestaflokkana til \u00fej\u00f3nustu \u00feeirra og lev\u00edtana til starfs \u00feeirra, a\u00f0 syngja lofs\u00f6ngva og vera prestunum til a\u00f0sto\u00f0ar, svo sem vi\u00f0 \u00e1tti \u00e1 degi hverjum, og hli\u00f0ver\u00f0ina setti hann vi\u00f0 s\u00e9rhvert hli\u00f0, eftir flokkaskipun \u00feeirra, \u00fev\u00ed a\u00f0 svo haf\u00f0i gu\u00f0sma\u00f0urinn Dav\u00ed\u00f0 um bo\u00f0i\u00f0.<a name=\"15\"><span class=\"versanumer\">15<\/span><\/a>Var hvergi brug\u00f0i\u00f0 af skipun konungs um prestana og lev\u00edtana og f\u00e9hirslurnar.<a name=\"16\"><span class=\"versanumer\">16<\/span><\/a>Var \u00feannig loki\u00f0 vi\u00f0 \u00f6ll st\u00f6rf Sal\u00f3mons, fr\u00e1 \u00feeim degi, er grundv\u00f6llurinn var lag\u00f0ur a\u00f0 musteri Drottins, og \u00feanga\u00f0 til Sal\u00f3mon lauk vi\u00f0 musteri Drottins.<a name=\"17\"><span class=\"versanumer\">17<\/span><\/a>\u00de\u00e1 f\u00f3r Sal\u00f3mon til Esj\u00f3n Geber og til El\u00f3t \u00e1 str\u00f6nd hafsins \u00ed Ed\u00f3mlandi.<a name=\"18\"><span class=\"versanumer\">18<\/span><\/a>En H\u00faram sendi honum me\u00f0 m\u00f6nnum s\u00ednum skip og menn, vana sj\u00f3fer\u00f0um. Og \u00feeir komust til \u00d3f\u00edr \u00e1samt m\u00f6nnum Sal\u00f3mons og s\u00f3ttu \u00feanga\u00f0 fj\u00f6gur hundru\u00f0 og fimmt\u00edu talentur gulls og f\u00e6r\u00f0u Sal\u00f3mon konungi.<\/p>\n<div class=\"footnote1981\"><b>8.1-18<\/b> sbr 1Kon 9.10-28<br \/>\n<b>8.4-5<\/b> Tadmor, Beth\u00f3ron 1Kon 9.15-18<br \/>\n<b>8.13<\/b> \u00c1 hv\u00edldard\u00f6gum 4M\u00f3s 28.9-10 \u2013 vi\u00f0 n\u00fdtt tungl 4M\u00f3s 28.11-15 \u2013 \u00ferisvar \u00e1 \u00e1ri 2M\u00f3s 23.17+<br \/>\n<b>8.14<\/b> Flokkaskipun 1Kro 23-26<\/div>\n","protected":false},"excerpt":{"rendered":"<p>1A\u00f0 tuttugu \u00e1rum li\u00f0num, \u00fe\u00e1 er Sal\u00f3mon haf\u00f0i byggt musteri Drottins og h\u00f6ll s\u00edna2en borgirnar, er H\u00faram haf\u00f0i l\u00e1ti\u00f0 af hendi vi\u00f0 Sal\u00f3mon, \u00fe\u00e6r v\u00edggirti Sal\u00f3mon og l\u00e9t \u00cdsraelsmenn setjast \u00fear a\u00f03\u00fe\u00e1 h\u00e9lt Sal\u00f3mon til Hamat hj\u00e1 S\u00f3ba og n\u00e1\u00f0i henni \u00e1 sitt vald.4Og hann v\u00edggirti Tadmor \u00ed ey\u00f0im\u00f6rkinni og allar vistaborgirnar, \u00fe\u00e6r er hann bygg\u00f0i \u00ed Hamat.5\u00de\u00e1 v\u00edggirti hann og Efri Beth\u00f3ron og Ne\u00f0ri Beth\u00f3ron og gj\u00f6r\u00f0i a\u00f0 k\u00f6stulum me\u00f0 m\u00farum, hli\u00f0um og slagbr\u00f6ndum,6enn fremur Baalat og allar vistaborgirnar, er Sal\u00f3mon \u00e1tti, og allar vagnli\u00f0sborgirnar og riddaraborgirnar og allt, sem Sal\u00f3mon f\u00fdsti a\u00f0 byggja \u00ed Jer\u00fasalem, \u00e1 L\u00edbanon og <a href=\"https:\/\/biblian.is\/1981\/sidari-kronikubok-8-kafli\/\"> [&#8230;]<\/a><\/p>\n","protected":false},"author":1,"featured_media":0,"parent":0,"menu_order":0,"comment_status":"open","ping_status":"open","template":"bibliukaflar.php","meta":{"footnotes":""},"class_list":["post-1721","page","type-page","status-publish","hentry"],"_links":{"self":[{"href":"https:\/\/biblian.is\/1981\/wp-json\/wp\/v2\/pages\/1721","targetHints":{"allow":["GET"]}}],"collection":[{"href":"https:\/\/biblian.is\/1981\/wp-json\/wp\/v2\/pages"}],"about":[{"href":"https:\/\/biblian.is\/1981\/wp-json\/wp\/v2\/types\/page"}],"author":[{"embeddable":true,"href":"https:\/\/biblian.is\/1981\/wp-json\/wp\/v2\/users\/1"}],"replies":[{"embeddable":true,"href":"https:\/\/biblian.is\/1981\/wp-json\/wp\/v2\/comments?post=1721"}],"version-history":[{"count":0,"href":"https:\/\/biblian.is\/1981\/wp-json\/wp\/v2\/pages\/1721\/revisions"}],"wp:attachment":[{"href":"https:\/\/biblian.is\/1981\/wp-json\/wp\/v2\/media?parent=1721"}],"curies":[{"name":"wp","href":"https:\/\/api.w.org\/{rel}","templated":true}]}}