{"id":1720,"date":"2017-11-18T20:18:23","date_gmt":"2017-11-18T20:18:23","guid":{"rendered":"http:\/\/biblian.is\/1981\/sidari-kronikubok-7-kafli\/"},"modified":"2021-06-06T11:10:41","modified_gmt":"2021-06-06T11:10:41","slug":"sidari-kronikubok-7-kafli","status":"publish","type":"page","link":"https:\/\/biblian.is\/1981\/sidari-kronikubok-7-kafli\/","title":{"rendered":"S\u00ed\u00f0ari kron\u00edkub\u00f3k 7. kafli"},"content":{"rendered":"<p><a name=\"1\"><span class=\"versanumer\">1<\/span><\/a>\u00deegar Sal\u00f3mon haf\u00f0i loki\u00f0 b\u00e6n sinni, kom eldur af himni og eyddi brennif\u00f3rninni og sl\u00e1turf\u00f3rninni, og d\u00fdr\u00f0 Drottins fyllti h\u00fasi\u00f0.<a name=\"2\"><span class=\"versanumer\">2<\/span><\/a>Og prestarnir m\u00e1ttu eigi inn ganga \u00ed musteri Drottins, \u00fev\u00ed a\u00f0 d\u00fdr\u00f0 Drottins fyllti h\u00fas Drottins.<a name=\"3\"><span class=\"versanumer\">3<\/span><\/a>Og er allir \u00cdsraelsmenn s\u00e1u, a\u00f0 eldinum laust ni\u00f0ur og a\u00f0 d\u00fdr\u00f0 Drottins steig ni\u00f0ur yfir h\u00fasi\u00f0, \u00fe\u00e1 hneig\u00f0u \u00feeir \u00e1sj\u00f3nur s\u00ednar til jar\u00f0ar, ni\u00f0ur \u00e1 steing\u00f3lfi\u00f0, lutu og lofu\u00f0u Drottin: \u00fev\u00ed a\u00f0 hann er g\u00f3\u00f0ur, \u00fev\u00ed a\u00f0 miskunn hans varir a\u00f0 eil\u00edfu.<a name=\"4\"><span class=\"versanumer\">4<\/span><\/a>\u00de\u00e1 f\u00f3rna\u00f0i konungur og allur l\u00fd\u00f0urinn sl\u00e1turf\u00f3rnum frammi fyrir Drottni.<a name=\"5\"><span class=\"versanumer\">5<\/span><\/a>Sal\u00f3mon konungur f\u00f3rna\u00f0i tuttugu og tv\u00f6 \u00fe\u00fasund nautum og hundra\u00f0 og tuttugu \u00fe\u00fasund sau\u00f0um \u00ed heillaf\u00f3rn. \u00deannig v\u00edg\u00f0i konungur og allur l\u00fd\u00f0urinn musteri Gu\u00f0s.<a name=\"6\"><span class=\"versanumer\">6<\/span><\/a>En prestarnir st\u00f3\u00f0u \u00e1 s\u00ednum sta\u00f0, og s\u00f6mulei\u00f0is lev\u00edtarnir me\u00f0 hlj\u00f3\u00f0f\u00e6ri Drottins, \u00feau er Dav\u00ed\u00f0 konungur haf\u00f0i gj\u00f6ra l\u00e1ti\u00f0 til \u00feess a\u00f0 \u00feakka Drottni: \u00dev\u00ed a\u00f0 miskunn hans varir a\u00f0 eil\u00edfu, og \u00feeir l\u00e9ku lofs\u00f6ng Dav\u00ed\u00f0s, en andsp\u00e6nis \u00feeim \u00feeyttu prestarnir l\u00fa\u00f0ra, en allur \u00cdsrael st\u00f3\u00f0.<a name=\"7\"><span class=\"versanumer\">7<\/span><\/a>Og Sal\u00f3mon v\u00edg\u00f0i mi\u00f0hluta forgar\u00f0sins, er liggur frammi fyrir musteri Drottins, \u00fev\u00ed a\u00f0 \u00fear f\u00f3rna\u00f0i hann brennif\u00f3rnum og hinum feitu stykkjum heillaf\u00f3rnanna. \u00dev\u00ed a\u00f0 eiraltari\u00f0, \u00fea\u00f0 er Sal\u00f3mon haf\u00f0i gj\u00f6ra l\u00e1ti\u00f0, gat eigi teki\u00f0 brennif\u00f3rnirnar og matf\u00f3rnirnar og feitu stykkin.<a name=\"8\"><span class=\"versanumer\">8<\/span><\/a>\u00deannig h\u00e9lt Sal\u00f3mon \u00fe\u00e1 h\u00e1t\u00ed\u00f0ina \u00ed sj\u00f6 daga og allur \u00cdsrael me\u00f0 honum afar mikill s\u00f6fnu\u00f0ur, \u00fea\u00f0an fr\u00e1 er lei\u00f0 liggur til Hamat, allt til Egyptalands\u00e1r.<a name=\"9\"><span class=\"versanumer\">9<\/span><\/a>Og \u00e1ttunda daginn h\u00e9ldu \u00feeir h\u00e1t\u00ed\u00f0asamkomu, \u00fev\u00ed a\u00f0 sj\u00f6 daga voru \u00feeir a\u00f0 v\u00edgja altari\u00f0, og h\u00e1t\u00ed\u00f0ina h\u00e9ldu \u00feeir \u00ed sj\u00f6 daga.<a name=\"10\"><span class=\"versanumer\">10<\/span><\/a>En \u00e1 tuttugasta og \u00feri\u00f0ja degi hins sj\u00f6unda m\u00e1na\u00f0ar l\u00e9t hann l\u00fd\u00f0inn fara heim til s\u00edn, gla\u00f0an og \u00ed g\u00f3\u00f0u skapi yfir \u00feeim g\u00e6\u00f0um, sem Drottinn haf\u00f0i veitt Dav\u00ed\u00f0 og Sal\u00f3mon og l\u00fd\u00f0 s\u00ednum \u00cdsrael.<a name=\"11\"><span class=\"versanumer\">11<\/span><\/a>\u00de\u00e1 er Sal\u00f3mon haf\u00f0i loki\u00f0 a\u00f0 byggja musteri Drottins og konungsh\u00f6llina og haf\u00f0i fengi\u00f0 fars\u00e6llega framgengt \u00f6llu \u00fev\u00ed, er honum bj\u00f3 \u00ed huga a\u00f0 gj\u00f6ra \u00ed h\u00fasi Drottins og \u00ed h\u00f6ll sinni,<a name=\"12\"><span class=\"versanumer\">12<\/span><\/a>\u00fe\u00e1 vitra\u00f0ist Drottinn honum \u00e1 n\u00e1ttar\u00feeli og sag\u00f0i vi\u00f0 hann: \u00c9g hefi heyrt b\u00e6n \u00fe\u00edna og \u00fatvali\u00f0 m\u00e9r \u00feennan sta\u00f0 a\u00f0 f\u00f3rnah\u00fasi.<a name=\"13\"><span class=\"versanumer\">13<\/span><\/a>\u00deegar \u00e9g byrgi himininn, svo a\u00f0 eigi n\u00e6r a\u00f0 rigna, og \u00feegar \u00e9g b\u00fd\u00f0 engisprettum a\u00f0 r\u00f3tnaga landi\u00f0, og \u00feegar \u00e9g l\u00e6t dreps\u00f3tt koma me\u00f0al l\u00fd\u00f0s m\u00edns,<a name=\"14\"><span class=\"versanumer\">14<\/span><\/a>og l\u00fd\u00f0ur minn, s\u00e1 er vi\u00f0 mig er kenndur, au\u00f0m\u00fdkir sig, og \u00feeir bi\u00f0ja og leita auglitis m\u00edns og sn\u00faa s\u00e9r fr\u00e1 s\u00ednum vondu vegum, \u00fe\u00e1 vil \u00e9g heyra \u00fe\u00e1 fr\u00e1 himnum, fyrirgefa \u00feeim syndir \u00feeirra og gr\u00e6\u00f0a upp land \u00feeirra.<a name=\"15\"><span class=\"versanumer\">15<\/span><\/a>Skulu augu m\u00edn vera opin og eyru m\u00edn gaumg\u00e6fin gagnvart b\u00e6n \u00feeirri, er fram er borin \u00e1 \u00feessum sta\u00f0.<a name=\"16\"><span class=\"versanumer\">16<\/span><\/a>Og n\u00fa hefi \u00e9g \u00fatvali\u00f0 og helga\u00f0 \u00feetta h\u00fas, til \u00feess a\u00f0 nafn mitt megi b\u00faa \u00fear a\u00f0 eil\u00edfu, og skulu augu m\u00edn og hjarta vera \u00fear alla daga.<a name=\"17\"><span class=\"versanumer\">17<\/span><\/a>Og ef \u00fe\u00fa gengur fyrir augliti m\u00ednu, svo sem gj\u00f6r\u00f0i Dav\u00ed\u00f0 fa\u00f0ir \u00feinn, me\u00f0 \u00fev\u00ed a\u00f0 fara me\u00f0 \u00f6llu svo sem \u00e9g hefi \u00fe\u00e9r um bo\u00f0i\u00f0, og \u00fe\u00fa heldur \u00e1kv\u00e6\u00f0i m\u00edn og l\u00f6g,<a name=\"18\"><span class=\"versanumer\">18<\/span><\/a>\u00fe\u00e1 mun \u00e9g sta\u00f0festa h\u00e1s\u00e6ti konungd\u00f3ms \u00fe\u00edns, eins og \u00e9g h\u00e1t\u00ed\u00f0lega h\u00e9t Dav\u00ed\u00f0 f\u00f6\u00f0ur \u00fe\u00ednum, \u00fe\u00e1 er \u00e9g sag\u00f0i: Eigi skal \u00feig vanta eftirmann til \u00feess a\u00f0 r\u00edkja yfir \u00cdsrael.<a name=\"19\"><span class=\"versanumer\">19<\/span><\/a>En ef \u00fe\u00e9r sn\u00fai\u00f0 baki vi\u00f0 m\u00e9r og fyrirl\u00e1ti\u00f0 \u00e1kv\u00e6\u00f0i m\u00edn og skipanir, er \u00e9g hefi fyrir y\u00f0ur lagt, en fari\u00f0 og \u00fej\u00f3ni\u00f0 \u00f6\u00f0rum gu\u00f0um og falli\u00f0 fram fyrir \u00feeim,<a name=\"20\"><span class=\"versanumer\">20<\/span><\/a>\u00fe\u00e1 mun \u00e9g \u00fatr\u00fdma \u00feeim \u00far landi m\u00ednu, \u00fev\u00ed er \u00e9g gaf \u00feeim, og h\u00fasi \u00feessu, sem \u00e9g hefi helga\u00f0 nafni m\u00ednu, mun \u00e9g burt snara fr\u00e1 augliti m\u00ednu og gj\u00f6ra \u00fea\u00f0 a\u00f0 or\u00f0skvi\u00f0 og spotti me\u00f0al allra \u00fej\u00f3\u00f0a.<a name=\"21\"><span class=\"versanumer\">21<\/span><\/a>Og \u00feetta h\u00fas, svo h\u00e1reist sem \u00fea\u00f0 er hverjum sem gengur fram hj\u00e1 \u00fev\u00ed, mun bl\u00f6skra. Og ef hann \u00fe\u00e1 spyr: Hvers vegna hefir Drottinn leiki\u00f0 svo hart \u00feetta land og \u00feetta h\u00fas?<a name=\"22\"><span class=\"versanumer\">22<\/span><\/a>munu menn svara: Af \u00fev\u00ed a\u00f0 \u00feeir yfirg\u00e1fu Drottin, Gu\u00f0 fe\u00f0ra sinna, er leiddi \u00fe\u00e1 \u00fat af Egyptalandi, og h\u00e9ldu s\u00e9r a\u00f0 \u00f6\u00f0rum gu\u00f0um, f\u00e9llu fram fyrir \u00feeim og \u00fej\u00f3nu\u00f0u \u00feeim. Fyrir \u00fev\u00ed hefir hann leitt yfir \u00fe\u00e1 alla \u00feessa \u00f3g\u00e6fu.<\/p>\n<div class=\"footnote1981\"><b>7.1-10<\/b> sbr 1Kon 8.62-66<br \/>\n<b>7.6<\/b> Hlj\u00f3\u00f0f\u00e6ri Esr 3.10+<br \/>\n<b>7.11-22<\/b> sbr 1Kon 9.1-9<br \/>\n<b>7.13-15<\/b> \u00c9g byrgi himininn 2Kro 6.14-42<\/div>\n","protected":false},"excerpt":{"rendered":"<p>1\u00deegar Sal\u00f3mon haf\u00f0i loki\u00f0 b\u00e6n sinni, kom eldur af himni og eyddi brennif\u00f3rninni og sl\u00e1turf\u00f3rninni, og d\u00fdr\u00f0 Drottins fyllti h\u00fasi\u00f0.2Og prestarnir m\u00e1ttu eigi inn ganga \u00ed musteri Drottins, \u00fev\u00ed a\u00f0 d\u00fdr\u00f0 Drottins fyllti h\u00fas Drottins.3Og er allir \u00cdsraelsmenn s\u00e1u, a\u00f0 eldinum laust ni\u00f0ur og a\u00f0 d\u00fdr\u00f0 Drottins steig ni\u00f0ur yfir h\u00fasi\u00f0, \u00fe\u00e1 hneig\u00f0u \u00feeir \u00e1sj\u00f3nur s\u00ednar til jar\u00f0ar, ni\u00f0ur \u00e1 steing\u00f3lfi\u00f0, lutu og lofu\u00f0u Drottin: \u00fev\u00ed a\u00f0 hann er g\u00f3\u00f0ur, \u00fev\u00ed a\u00f0 miskunn hans varir a\u00f0 eil\u00edfu.4\u00de\u00e1 f\u00f3rna\u00f0i konungur og allur l\u00fd\u00f0urinn sl\u00e1turf\u00f3rnum frammi fyrir Drottni.5Sal\u00f3mon konungur f\u00f3rna\u00f0i tuttugu og tv\u00f6 \u00fe\u00fasund nautum og hundra\u00f0 og tuttugu \u00fe\u00fasund sau\u00f0um \u00ed <a href=\"https:\/\/biblian.is\/1981\/sidari-kronikubok-7-kafli\/\"> [&#8230;]<\/a><\/p>\n","protected":false},"author":1,"featured_media":0,"parent":0,"menu_order":0,"comment_status":"open","ping_status":"open","template":"bibliukaflar.php","meta":{"footnotes":""},"class_list":["post-1720","page","type-page","status-publish","hentry"],"_links":{"self":[{"href":"https:\/\/biblian.is\/1981\/wp-json\/wp\/v2\/pages\/1720","targetHints":{"allow":["GET"]}}],"collection":[{"href":"https:\/\/biblian.is\/1981\/wp-json\/wp\/v2\/pages"}],"about":[{"href":"https:\/\/biblian.is\/1981\/wp-json\/wp\/v2\/types\/page"}],"author":[{"embeddable":true,"href":"https:\/\/biblian.is\/1981\/wp-json\/wp\/v2\/users\/1"}],"replies":[{"embeddable":true,"href":"https:\/\/biblian.is\/1981\/wp-json\/wp\/v2\/comments?post=1720"}],"version-history":[{"count":0,"href":"https:\/\/biblian.is\/1981\/wp-json\/wp\/v2\/pages\/1720\/revisions"}],"wp:attachment":[{"href":"https:\/\/biblian.is\/1981\/wp-json\/wp\/v2\/media?parent=1720"}],"curies":[{"name":"wp","href":"https:\/\/api.w.org\/{rel}","templated":true}]}}