{"id":1719,"date":"2017-11-18T20:18:23","date_gmt":"2017-11-18T20:18:23","guid":{"rendered":"http:\/\/biblian.is\/1981\/sidari-kronikubok-6-kafli\/"},"modified":"2021-06-06T11:10:41","modified_gmt":"2021-06-06T11:10:41","slug":"sidari-kronikubok-6-kafli","status":"publish","type":"page","link":"https:\/\/biblian.is\/1981\/sidari-kronikubok-6-kafli\/","title":{"rendered":"S\u00ed\u00f0ari kron\u00edkub\u00f3k 6. kafli"},"content":{"rendered":"<p><a name=\"1\"><span class=\"versanumer\">1<\/span><\/a>\u00de\u00e1 m\u00e6lti Sal\u00f3mon: Drottinn hefir sagt, a\u00f0 hann vilji b\u00faa \u00ed dimmu.<a name=\"2\"><span class=\"versanumer\">2<\/span><\/a>N\u00fa hefi \u00e9g byggt h\u00fas \u00fe\u00e9r til b\u00fasta\u00f0ar og a\u00f0setursta\u00f0 handa \u00fe\u00e9r um eil\u00edf\u00f0.<a name=\"3\"><span class=\"versanumer\">3<\/span><\/a>\u00de\u00e1 sneri konungur s\u00e9r vi\u00f0 og blessa\u00f0i allan \u00cdsraelss\u00f6fnu\u00f0, en allur \u00cdsraelss\u00f6fnu\u00f0ur st\u00f3\u00f0.<a name=\"4\"><span class=\"versanumer\">4<\/span><\/a>Og hann m\u00e6lti: Lofa\u00f0ur s\u00e9 Drottinn, \u00cdsraels Gu\u00f0, er tala\u00f0i me\u00f0 munni s\u00ednum vi\u00f0 Dav\u00ed\u00f0 f\u00f6\u00f0ur minn og efndi me\u00f0 hendi sinni \u00fea\u00f0, er hann lofa\u00f0i, \u00fe\u00e1 er hann sag\u00f0i:<a name=\"5\"><span class=\"versanumer\">5<\/span><\/a>Fr\u00e1 \u00fev\u00ed er \u00e9g leiddi l\u00fd\u00f0 minn \u00fat af Egyptalandi, hefi \u00e9g ekki \u00fatvali\u00f0 neina borg af \u00f6llum \u00e6ttkv\u00edslum \u00cdsraels til \u00feess a\u00f0 byggja \u00fear h\u00fas, \u00fear sem nafn mitt skyldi b\u00faa, hefi og eigi \u00fatvali\u00f0 neinn mann til \u00feess a\u00f0 vera h\u00f6f\u00f0ingi yfir l\u00fd\u00f0 m\u00ednum \u00cdsrael.<a name=\"6\"><span class=\"versanumer\">6<\/span><\/a>En n\u00fa hefi \u00e9g \u00fatvali\u00f0 Jer\u00fasalem, til \u00feess a\u00f0 nafn mitt b\u00fai \u00fear, og \u00e9g \u00fatvaldi Dav\u00ed\u00f0, til \u00feess a\u00f0 hann skyldi r\u00edkja yfir l\u00fd\u00f0 m\u00ednum \u00cdsrael.<a name=\"7\"><span class=\"versanumer\">7<\/span><\/a>Og Dav\u00ed\u00f0 fa\u00f0ir minn haf\u00f0i \u00ed hyggju a\u00f0 reisa h\u00fas nafni Drottins, \u00cdsraels Gu\u00f0s,<a name=\"8\"><span class=\"versanumer\">8<\/span><\/a>en Drottinn sag\u00f0i vi\u00f0 Dav\u00ed\u00f0 f\u00f6\u00f0ur minn: Vel gj\u00f6r\u00f0ir \u00fe\u00fa, er \u00fe\u00fa \u00e1settir \u00fe\u00e9r a\u00f0 reisa h\u00fas nafni m\u00ednu.<a name=\"9\"><span class=\"versanumer\">9<\/span><\/a>En eigi skalt \u00fe\u00fa reisa h\u00fasi\u00f0, heldur skal sonur \u00feinn, s\u00e1 er \u00fat gengur af lendum \u00fe\u00ednum, reisa h\u00fas nafni m\u00ednu.<a name=\"10\"><span class=\"versanumer\">10<\/span><\/a>Og Drottinn hefir efnt or\u00f0 s\u00edn, \u00feau er hann tala\u00f0i, \u00fev\u00ed a\u00f0 \u00e9g kom \u00ed sta\u00f0 Dav\u00ed\u00f0s f\u00f6\u00f0ur m\u00edns og settist \u00ed h\u00e1s\u00e6ti \u00cdsraels, svo sem Drottinn haf\u00f0i heiti\u00f0, og hefi n\u00fa reist h\u00fas nafni Drottins, \u00cdsraels Gu\u00f0s.<a name=\"11\"><span class=\"versanumer\">11<\/span><\/a>Og \u00fear setti \u00e9g \u00f6rkina, sem \u00ed er s\u00e1ttm\u00e1l Drottins, \u00fea\u00f0 er hann gj\u00f6r\u00f0i vi\u00f0 \u00cdsraelsmenn.<a name=\"12\"><span class=\"versanumer\">12<\/span><\/a>S\u00ed\u00f0an gekk hann fyrir altari Drottins \u00ed vi\u00f0urvist alls \u00cdsraelssafna\u00f0ar og f\u00f3rna\u00f0i h\u00f6ndum<a name=\"13\"><span class=\"versanumer\">13<\/span><\/a>\u00fev\u00ed a\u00f0 Sal\u00f3mon haf\u00f0i gj\u00f6ra l\u00e1ti\u00f0 pall af eiri og sett \u00ed mi\u00f0jan forgar\u00f0inn. Var hann fimm \u00e1lnir \u00e1 lengd, fimm \u00e1lnir \u00e1 breidd og \u00ferj\u00e1r \u00e1lnir \u00e1 h\u00e6\u00f0. St\u00e9 hann upp \u00e1 hann, f\u00e9ll \u00e1 kn\u00e9 \u00ed vi\u00f0urvist alls \u00cdsraelssafna\u00f0ar og f\u00f3rna\u00f0i h\u00f6ndum til himins<a name=\"14\"><span class=\"versanumer\">14<\/span><\/a>og m\u00e6lti: Drottinn, Gu\u00f0 \u00cdsraels, enginn gu\u00f0 er sem \u00fe\u00fa \u00e1 himni e\u00f0a j\u00f6r\u00f0u, \u00fe\u00fa sem heldur s\u00e1ttm\u00e1lann og miskunnsemina vi\u00f0 \u00fej\u00f3na \u00fe\u00edna, \u00fe\u00e1 er ganga fyrir augliti \u00fe\u00ednu af \u00f6llu hjarta s\u00ednu,<a name=\"15\"><span class=\"versanumer\">15<\/span><\/a>\u00fe\u00fa sem hefir haldi\u00f0 \u00fea\u00f0 vi\u00f0 \u00fej\u00f3n \u00feinn, Dav\u00ed\u00f0 f\u00f6\u00f0ur minn, er \u00fe\u00fa h\u00e9st honum. \u00de\u00fa tala\u00f0ir \u00fea\u00f0 me\u00f0 munni \u00fe\u00ednum og efndir \u00fea\u00f0 me\u00f0 hendi \u00feinni, eins og n\u00fa er fram komi\u00f0.<a name=\"16\"><span class=\"versanumer\">16<\/span><\/a>Efn n\u00fa, Drottinn, \u00cdsraels Gu\u00f0, vi\u00f0 \u00fej\u00f3n \u00feinn Dav\u00ed\u00f0, f\u00f6\u00f0ur minn, \u00fea\u00f0 er \u00fe\u00fa h\u00e9st honum, \u00fe\u00e1 er \u00fe\u00fa sag\u00f0ir: Eigi skal \u00feig vanta eftirmann frammi fyrir m\u00e9r, er sitji \u00ed h\u00e1s\u00e6ti \u00cdsraels, ef synir \u00fe\u00ednir a\u00f0eins var\u00f0veita vegu s\u00edna me\u00f0 \u00fev\u00ed a\u00f0 ganga eftir l\u00f6gm\u00e1li m\u00ednu, eins og \u00fe\u00fa hefir gengi\u00f0 fyrir augliti m\u00ednu.<a name=\"17\"><span class=\"versanumer\">17<\/span><\/a>Og l\u00e1t n\u00fa, Drottinn, \u00cdsraels Gu\u00f0, r\u00e6tast or\u00f0 \u00fe\u00edn, \u00feau er \u00fe\u00fa tala\u00f0ir vi\u00f0 Dav\u00ed\u00f0 \u00fej\u00f3n \u00feinn.<a name=\"18\"><span class=\"versanumer\">18<\/span><\/a>En mun Gu\u00f0 \u00ed sannleika b\u00faa me\u00f0 m\u00f6nnum \u00e1 j\u00f6r\u00f0u? Sj\u00e1, himinninn og himnanna himnar taka \u00feig ekki, hve miklu s\u00ed\u00f0ur \u00fe\u00e1 \u00feetta h\u00fas, sem \u00e9g hefi reist.<a name=\"19\"><span class=\"versanumer\">19<\/span><\/a>En sn\u00fa \u00fe\u00e9r, Drottinn, Gu\u00f0 minn, a\u00f0 b\u00e6n \u00fej\u00f3ns \u00fe\u00edns og gr\u00e1tbei\u00f0ni hans, a\u00f0 \u00fe\u00fa heyrir \u00e1kall \u00fea\u00f0 og b\u00e6n, er \u00fej\u00f3nn \u00feinn ber fram fyrir \u00feig:<a name=\"20\"><span class=\"versanumer\">20<\/span><\/a>a\u00f0 augu \u00fe\u00edn s\u00e9u opin fyrir \u00feessu h\u00fasi dag og n\u00f3tt, yfir \u00feeim sta\u00f0, er \u00fe\u00fa hefir um sagt, a\u00f0 \u00fear skulir \u00fe\u00fa l\u00e1ta nafn \u00feitt b\u00faa, a\u00f0 \u00fe\u00fa heyrir b\u00e6n \u00fe\u00e1, er \u00fej\u00f3nn \u00feinn bi\u00f0ur \u00e1 \u00feessum sta\u00f0.<a name=\"21\"><span class=\"versanumer\">21<\/span><\/a>Og heyr \u00fe\u00fa gr\u00e1tbei\u00f0ni \u00fej\u00f3ns \u00fe\u00edns og l\u00fd\u00f0s \u00fe\u00edns \u00cdsraels, er \u00feeir bera fram \u00e1 \u00feessum sta\u00f0, j\u00e1, heyr \u00fe\u00fa hana fr\u00e1 a\u00f0setursta\u00f0 \u00fe\u00ednum, fr\u00e1 himnum, og fyrirgef, er \u00fe\u00fa heyrir.<a name=\"22\"><span class=\"versanumer\">22<\/span><\/a>Ef einhver gj\u00f6rir \u00e1 hluta n\u00e1unga s\u00edns, og hann ver\u00f0ur ei\u00f0s krafinn og l\u00e1tinn sverja, og hann kemur og vinnur ei\u00f0inn fyrir altari \u00fe\u00ednu \u00ed h\u00fasi \u00feessu,<a name=\"23\"><span class=\"versanumer\">23<\/span><\/a>\u00fe\u00e1 heyr \u00fe\u00fa \u00fea\u00f0 fr\u00e1 himnum, l\u00e1t til \u00fe\u00edn taka og d\u00e6m \u00fej\u00f3na \u00fe\u00edna, me\u00f0 \u00fev\u00ed a\u00f0 sakfella hinn seka og l\u00e1ta honum gj\u00f6r\u00f0ir hans \u00ed koll koma, en s\u00fdkna hinn saklausa og umbuna honum eftir r\u00e9ttl\u00e6ti hans.<a name=\"24\"><span class=\"versanumer\">24<\/span><\/a>Ef l\u00fd\u00f0ur \u00feinn \u00cdsrael b\u00ed\u00f0ur \u00f3sigur fyrir \u00f3vinum s\u00ednum, af \u00fev\u00ed a\u00f0 \u00feeir hafa syndga\u00f0 \u00e1 m\u00f3ti \u00fe\u00e9r, og \u00feeir sn\u00faa s\u00e9r og j\u00e1ta \u00feitt nafn og bi\u00f0ja og gr\u00e1tb\u00e6na \u00feig \u00ed \u00feessu h\u00fasi,<a name=\"25\"><span class=\"versanumer\">25<\/span><\/a>\u00fe\u00e1 heyr \u00fe\u00fa \u00fea\u00f0 fr\u00e1 himnum og fyrirgef synd l\u00fd\u00f0s \u00fe\u00edns \u00cdsraels og lei\u00f0 \u00fe\u00e1 aftur heim til \u00feess lands, er \u00fe\u00fa gafst \u00feeim og fe\u00f0rum \u00feeirra.<a name=\"26\"><span class=\"versanumer\">26<\/span><\/a>Ef himinninn er byrg\u00f0ur, svo a\u00f0 eigi n\u00e6r a\u00f0 rigna, af \u00fev\u00ed a\u00f0 \u00feeir hafa syndga\u00f0 \u00ed m\u00f3ti \u00fe\u00e9r, og \u00feeir bi\u00f0ja \u00e1 \u00feessum sta\u00f0 og j\u00e1ta nafn \u00feitt og sn\u00faa s\u00e9r fr\u00e1 syndum s\u00ednum, af \u00fev\u00ed a\u00f0 \u00fe\u00fa au\u00f0m\u00fdkir \u00fe\u00e1,<a name=\"27\"><span class=\"versanumer\">27<\/span><\/a>\u00fe\u00e1 heyr \u00fe\u00fa \u00fea\u00f0 \u00e1 himnum og fyrirgef synd \u00fej\u00f3na \u00feinna og l\u00fd\u00f0s \u00fe\u00edns \u00cdsraels, er \u00fe\u00fa kennir \u00feeim \u00feann g\u00f3\u00f0a veg, sem \u00feeir eiga a\u00f0 ganga, og gef regn yfir land \u00feitt, \u00fea\u00f0 er \u00fe\u00fa hefir gefi\u00f0 \u00fe\u00ednum l\u00fd\u00f0 til eignar.<a name=\"28\"><span class=\"versanumer\">28<\/span><\/a>Ef hall\u00e6ri ver\u00f0ur \u00ed landinu, ef dreps\u00f3tt kemur e\u00f0a korndrep e\u00f0a gulnan, engisprettur e\u00f0a jar\u00f0vargar, ef \u00f3vinir hans \u00ferengja a\u00f0 honum \u00ed einhverri af borgum hans, e\u00f0a einhver pl\u00e1ga e\u00f0a s\u00f3tt<a name=\"29\"><span class=\"versanumer\">29<\/span><\/a>ef \u00fe\u00e1 einhver ma\u00f0ur af \u00f6llum l\u00fd\u00f0 \u00fe\u00ednum \u00cdsrael ber fram einhverja b\u00e6n e\u00f0a gr\u00e1tbei\u00f0ni, af \u00fev\u00ed a\u00f0 hann finnur til angurs og s\u00e1rsauka og f\u00f3rnar h\u00f6ndum til \u00feessa h\u00fass,<a name=\"30\"><span class=\"versanumer\">30<\/span><\/a>\u00fe\u00e1 heyr \u00fe\u00fa \u00fea\u00f0 fr\u00e1 himnum, a\u00f0setursta\u00f0 \u00fe\u00ednum, og fyrirgef og gef s\u00e9rhverjum eins og hann hefir til unni\u00f0 og svo sem \u00fe\u00fa \u00feekkir hjarta hans \u00fev\u00ed a\u00f0 \u00fe\u00fa einn \u00feekkir hj\u00f6rtu manna<a name=\"31\"><span class=\"versanumer\">31<\/span><\/a>til \u00feess a\u00f0 \u00feeir \u00f3ttist \u00feig og gangi \u00e1 vegum \u00fe\u00ednum alla \u00fe\u00e1 stund, er \u00feeir lifa \u00ed landinu, er \u00fe\u00fa gafst fe\u00f0rum vorum.<a name=\"32\"><span class=\"versanumer\">32<\/span><\/a>Ef \u00fatlendingur, sem eigi er af l\u00fd\u00f0 \u00fe\u00ednum \u00cdsrael, en kemur \u00far fjarl\u00e6gu landi sakir \u00fe\u00edns mikla nafns, \u00feinnar sterku handar og \u00fe\u00edns \u00fatr\u00e9tta armleggs ef \u00feeir koma hinga\u00f0 og bi\u00f0ja frammi fyrir \u00feessu h\u00fasi,<a name=\"33\"><span class=\"versanumer\">33<\/span><\/a>\u00fe\u00e1 heyr \u00fe\u00fa \u00fea\u00f0 fr\u00e1 himnum, a\u00f0setursta\u00f0 \u00fe\u00ednum, og gj\u00f6r allt \u00fea\u00f0, sem \u00fatlendingurinn bi\u00f0ur \u00feig um, til \u00feess a\u00f0 \u00f6llum \u00fej\u00f3\u00f0um jar\u00f0arinnar ver\u00f0i kunnugt nafn \u00feitt og \u00fe\u00e6r \u00f3ttist \u00feig eins og l\u00fd\u00f0ur \u00feinn \u00cdsrael, og til \u00feess a\u00f0 \u00fe\u00e6r megi vita, a\u00f0 h\u00fas \u00feetta, sem \u00e9g hefi byggt, er kennt vi\u00f0 \u00feig.<a name=\"34\"><span class=\"versanumer\">34<\/span><\/a>Ef l\u00fd\u00f0ur \u00feinn fer \u00ed \u00f3fri\u00f0 \u00ed m\u00f3ti \u00f3vinum s\u00ednum, \u00feanga\u00f0 sem \u00fe\u00fa sendir \u00fe\u00e1, og \u00feeir bi\u00f0ja til \u00fe\u00edn og sn\u00faa s\u00e9r \u00ed \u00e1ttina til borgar \u00feessarar, sem \u00fe\u00fa hefir \u00fatvali\u00f0, og h\u00fassins, sem \u00e9g hefi reist \u00fe\u00ednu nafni,<a name=\"35\"><span class=\"versanumer\">35<\/span><\/a>\u00fe\u00e1 heyr \u00fe\u00fa fr\u00e1 himnum b\u00e6n \u00feeirra og gr\u00e1tbei\u00f0ni og r\u00e9tt \u00fe\u00fa hlut \u00feeirra.<a name=\"36\"><span class=\"versanumer\">36<\/span><\/a>Ef \u00feeir syndga \u00ed gegn \u00fe\u00e9r \u00fev\u00ed a\u00f0 enginn er s\u00e1 er eigi syndgi og \u00fe\u00fa rei\u00f0ist \u00feeim og gefur \u00fe\u00e1 \u00e1 vald \u00f3vinum \u00feeirra, og sigurvegarar \u00feeirra flytja \u00fe\u00e1 hernumda til lands, langt e\u00f0a skammt \u00ed burtu,<a name=\"37\"><span class=\"versanumer\">37<\/span><\/a>og \u00feeir taka sinnaskipti \u00ed landinu, \u00fear sem \u00feeir eru hernumdir, og \u00feeir sn\u00faa s\u00e9r og gr\u00e1tb\u00e6na \u00feig \u00ed \u00fatleg\u00f0arlandi s\u00ednu og segja: V\u00e9r h\u00f6fum syndga\u00f0, v\u00e9r h\u00f6fum misgj\u00f6rt og v\u00e9r h\u00f6fum breytt \u00f3gu\u00f0lega,<a name=\"38\"><span class=\"versanumer\">38<\/span><\/a>og \u00feeir sn\u00faa s\u00e9r til \u00fe\u00edn af \u00f6llu hjarta s\u00ednu og allri s\u00e1lu sinni \u00ed \u00fatleg\u00f0arlandi s\u00ednu, \u00feanga\u00f0 sem \u00feeir hafa flutt \u00fe\u00e1 hernumda, og \u00feeir bi\u00f0jast fyrir og sn\u00faa s\u00e9r \u00ed \u00e1ttina til lands s\u00edns, \u00feess er \u00fe\u00fa gafst fe\u00f0rum \u00feeirra, til borgarinnar, sem \u00fe\u00fa hefir \u00fatvali\u00f0, og til h\u00fassins, sem \u00e9g hefi reist \u00fe\u00ednu nafni,<a name=\"39\"><span class=\"versanumer\">39<\/span><\/a>\u00fe\u00e1 heyr \u00fe\u00fa fr\u00e1 himnum, a\u00f0setursta\u00f0 \u00fe\u00ednum, b\u00e6n \u00feeirra og gr\u00e1tbei\u00f0ni, r\u00e9tt \u00fe\u00fa hlut \u00feeirra og fyrirgef l\u00fd\u00f0 \u00fe\u00ednum \u00fea\u00f0, sem \u00feeir misgj\u00f6r\u00f0u \u00ed m\u00f3ti \u00fe\u00e9r.<a name=\"40\"><span class=\"versanumer\">40<\/span><\/a>Svo veri \u00fe\u00e1, Gu\u00f0 minn, augu \u00fe\u00edn opin og eyru \u00fe\u00edn gaumg\u00e6fin \u00e1 b\u00e6n \u00fe\u00e1, er fram er borin \u00e1 \u00feessum sta\u00f0.<a name=\"41\"><span class=\"versanumer\">41<\/span><\/a>Tak \u00feig \u00fe\u00e1 upp, Drottinn Gu\u00f0, og far \u00e1 hv\u00edldarsta\u00f0 \u00feinn, \u00fe\u00fa og \u00f6rk m\u00e1ttar \u00fe\u00edns. Prestar \u00fe\u00ednir, Drottinn Gu\u00f0, s\u00e9u kl\u00e6ddir hj\u00e1lpr\u00e6\u00f0i, og \u00fe\u00ednir gu\u00f0hr\u00e6ddu gle\u00f0jist yfir g\u00e6funni.<a name=\"42\"><span class=\"versanumer\">42<\/span><\/a>Drottinn Gu\u00f0, v\u00edsa \u00fe\u00ednum smur\u00f0a eigi fr\u00e1, minnst \u00fe\u00fa n\u00e1\u00f0arveitinganna vi\u00f0 Dav\u00ed\u00f0 \u00fej\u00f3n \u00feinn.<\/p>\n<div class=\"footnote1981\"><b>6.3-11<\/b> sbr 1Kon 8.14-21<br \/>\n<b>6.12-42<\/b> sbr 1Kon 8.22-53<\/div>\n","protected":false},"excerpt":{"rendered":"<p>1\u00de\u00e1 m\u00e6lti Sal\u00f3mon: Drottinn hefir sagt, a\u00f0 hann vilji b\u00faa \u00ed dimmu.2N\u00fa hefi \u00e9g byggt h\u00fas \u00fe\u00e9r til b\u00fasta\u00f0ar og a\u00f0setursta\u00f0 handa \u00fe\u00e9r um eil\u00edf\u00f0.3\u00de\u00e1 sneri konungur s\u00e9r vi\u00f0 og blessa\u00f0i allan \u00cdsraelss\u00f6fnu\u00f0, en allur \u00cdsraelss\u00f6fnu\u00f0ur st\u00f3\u00f0.4Og hann m\u00e6lti: Lofa\u00f0ur s\u00e9 Drottinn, \u00cdsraels Gu\u00f0, er tala\u00f0i me\u00f0 munni s\u00ednum vi\u00f0 Dav\u00ed\u00f0 f\u00f6\u00f0ur minn og efndi me\u00f0 hendi sinni \u00fea\u00f0, er hann lofa\u00f0i, \u00fe\u00e1 er hann sag\u00f0i:5Fr\u00e1 \u00fev\u00ed er \u00e9g leiddi l\u00fd\u00f0 minn \u00fat af Egyptalandi, hefi \u00e9g ekki \u00fatvali\u00f0 neina borg af \u00f6llum \u00e6ttkv\u00edslum \u00cdsraels til \u00feess a\u00f0 byggja \u00fear h\u00fas, \u00fear sem nafn mitt skyldi b\u00faa, hefi og eigi <a href=\"https:\/\/biblian.is\/1981\/sidari-kronikubok-6-kafli\/\"> [&#8230;]<\/a><\/p>\n","protected":false},"author":1,"featured_media":0,"parent":0,"menu_order":0,"comment_status":"open","ping_status":"open","template":"bibliukaflar.php","meta":{"footnotes":""},"class_list":["post-1719","page","type-page","status-publish","hentry"],"_links":{"self":[{"href":"https:\/\/biblian.is\/1981\/wp-json\/wp\/v2\/pages\/1719","targetHints":{"allow":["GET"]}}],"collection":[{"href":"https:\/\/biblian.is\/1981\/wp-json\/wp\/v2\/pages"}],"about":[{"href":"https:\/\/biblian.is\/1981\/wp-json\/wp\/v2\/types\/page"}],"author":[{"embeddable":true,"href":"https:\/\/biblian.is\/1981\/wp-json\/wp\/v2\/users\/1"}],"replies":[{"embeddable":true,"href":"https:\/\/biblian.is\/1981\/wp-json\/wp\/v2\/comments?post=1719"}],"version-history":[{"count":0,"href":"https:\/\/biblian.is\/1981\/wp-json\/wp\/v2\/pages\/1719\/revisions"}],"wp:attachment":[{"href":"https:\/\/biblian.is\/1981\/wp-json\/wp\/v2\/media?parent=1719"}],"curies":[{"name":"wp","href":"https:\/\/api.w.org\/{rel}","templated":true}]}}