{"id":1718,"date":"2017-11-18T20:18:23","date_gmt":"2017-11-18T20:18:23","guid":{"rendered":"http:\/\/biblian.is\/1981\/sidari-kronikubok-5-kafli\/"},"modified":"2021-06-06T11:10:40","modified_gmt":"2021-06-06T11:10:40","slug":"sidari-kronikubok-5-kafli","status":"publish","type":"page","link":"https:\/\/biblian.is\/1981\/sidari-kronikubok-5-kafli\/","title":{"rendered":"S\u00ed\u00f0ari kron\u00edkub\u00f3k 5. kafli"},"content":{"rendered":"<p><a name=\"1\"><span class=\"versanumer\">1<\/span><\/a>Og er \u00f6llu \u00fev\u00ed verki var loki\u00f0, er Sal\u00f3mon l\u00e9t gj\u00f6ra a\u00f0 musteri Drottins, \u00fe\u00e1 flutti hann helgigjafir Dav\u00ed\u00f0s f\u00f6\u00f0ur s\u00edns inn \u00ed \u00fea\u00f0, silfri\u00f0 og gulli\u00f0, en \u00f6ll \u00e1h\u00f6ldin l\u00e9t hann \u00ed f\u00e9hirslur Drottins h\u00fass.<a name=\"2\"><span class=\"versanumer\">2<\/span><\/a>\u00de\u00e1 safna\u00f0i Sal\u00f3mon saman \u00f6ldungum \u00cdsraels og \u00f6llum foringjum kyn\u00fe\u00e1ttanna, \u00e6tth\u00f6f\u00f0ingjum \u00cdsraelsmanna, til Jer\u00fasalem til \u00feess a\u00f0 flytja s\u00e1ttm\u00e1ls\u00f6rk Drottins upp eftir fr\u00e1 Dav\u00ed\u00f0sborg, \u00fea\u00f0 er S\u00edon.<a name=\"3\"><span class=\"versanumer\">3<\/span><\/a>\u00de\u00e1 s\u00f6fnu\u00f0ust allir \u00cdsraelsmenn til konungs \u00ed etan\u00edm-m\u00e1nu\u00f0i \u00e1 h\u00e1t\u00ed\u00f0inni.  Er s\u00e1 m\u00e1nu\u00f0ur hinn sj\u00f6undi .<a name=\"4\"><span class=\"versanumer\">4<\/span><\/a>\u00de\u00e1 komu allir \u00f6ldungar \u00cdsraels, og lev\u00edtarnir t\u00f3ku \u00f6rkina,<a name=\"5\"><span class=\"versanumer\">5<\/span><\/a>og \u00feeir fluttu \u00f6rkina og samfundatjaldi\u00f0 og \u00f6ll hin helgu \u00e1h\u00f6ld, er \u00ed tjaldinu voru. Fluttu lev\u00edtaprestarnir \u00feau upp eftir.<a name=\"6\"><span class=\"versanumer\">6<\/span><\/a>En Sal\u00f3mon konungur og allur \u00cdsraelss\u00f6fnu\u00f0ur, er safnast haf\u00f0i til hans, st\u00f3\u00f0 frammi fyrir \u00f6rkinni. F\u00f3rnu\u00f0u \u00feeir sau\u00f0um og nautum, er eigi var\u00f0 t\u00f6lu n\u00e9 \u00e6tlan \u00e1 komi\u00f0 fyrir fj\u00f6lda sakir.<a name=\"7\"><span class=\"versanumer\">7<\/span><\/a>Og prestarnir fluttu s\u00e1ttm\u00e1ls\u00f6rk Drottins \u00e1 sinn sta\u00f0, \u00ed innh\u00fas musterisins, inn \u00ed Hi\u00f0 allrahelgasta, inn undir v\u00e6ngi ker\u00fabanna.<a name=\"8\"><span class=\"versanumer\">8<\/span><\/a>Og ker\u00fabarnir breiddu \u00fat v\u00e6ngina \u00fear yfir, er \u00f6rkin st\u00f3\u00f0, og \u00feannig huldu ker\u00fabarnir \u00f6rkina og stengur hennar ofan fr\u00e1.<a name=\"9\"><span class=\"versanumer\">9<\/span><\/a>Og stengurnar voru svo langar, a\u00f0 stangarendarnir s\u00e1ust fr\u00e1 helgid\u00f3minum fyrir framan innh\u00fasi\u00f0, en utan a\u00f0 s\u00e1ust \u00feeir ekki. Og \u00fe\u00e6r hafa veri\u00f0 \u00fear fram \u00e1 \u00feennan dag.<a name=\"10\"><span class=\"versanumer\">10<\/span><\/a>\u00cd \u00f6rkinni var ekkert nema t\u00f6flurnar tv\u00e6r, er M\u00f3se l\u00e9t \u00fear vi\u00f0 H\u00f3reb, t\u00f6flur s\u00e1ttm\u00e1lans, er Drottinn gj\u00f6r\u00f0i vi\u00f0 \u00cdsraelsmenn, \u00fe\u00e1 er \u00feeir f\u00f3ru af Egyptalandi.<a name=\"11\"><span class=\"versanumer\">11<\/span><\/a>En er prestarnir gengu \u00fat \u00far helgid\u00f3minum \u00fev\u00ed a\u00f0 allir prestarnir, er vi\u00f0staddir voru, h\u00f6f\u00f0u helga\u00f0 sig, flokkaskiptingar var eigi g\u00e6tt,<a name=\"12\"><span class=\"versanumer\">12<\/span><\/a>og allir lev\u00edtas\u00f6ngmenn, Asaf, Heman og Jed\u00fat\u00fan og synir \u00feeirra og br\u00e6\u00f0ur, st\u00f3\u00f0u \u00fear, kl\u00e6ddir ba\u00f0mullarskikkjum, me\u00f0 sk\u00e1labumbur, h\u00f6rpur og g\u00edgjur, a\u00f0 austanver\u00f0u vi\u00f0 altari\u00f0, og hj\u00e1 \u00feeim hundra\u00f0 og tuttugu prestar, er \u00feeyttu l\u00fa\u00f0ra,<a name=\"13\"><span class=\"versanumer\">13<\/span><\/a>en l\u00fa\u00f0ramenn og s\u00f6ngmenn \u00e1ttu a\u00f0 byrja \u00ed senn og einradda\u00f0 a\u00f0 lofa og vegsama Drottin og er menn l\u00e9tu l\u00fa\u00f0ra og sk\u00e1labumbur kve\u00f0a vi\u00f0 og hin \u00f6nnur hlj\u00f3\u00f0f\u00e6ri og \u00feakkargj\u00f6r\u00f0 til Drottins \u00fev\u00ed a\u00f0 hann er g\u00f3\u00f0ur, \u00fev\u00ed a\u00f0 miskunn hans varir a\u00f0 eil\u00edfu, \u00fe\u00e1 fyllti sk\u00fd musteri\u00f0, musteri Drottins,<a name=\"14\"><span class=\"versanumer\">14<\/span><\/a>og m\u00e1ttu prestarnir eigi inn ganga fyrir sk\u00fdinu til \u00feess a\u00f0 gegna \u00fej\u00f3nustu, \u00fev\u00ed a\u00f0 d\u00fdr\u00f0 Drottins fyllti h\u00fas Gu\u00f0s.<\/p>\n<div class=\"footnote1981\"><b>5.2-6.2<\/b> sbr 1Kon 8.1-13<br \/>\n<b>5.11<\/b> Flokkaskipun 1Kro 24.1-19; L\u00fak 1.8<br \/>\n<b>5.12<\/b> Hlj\u00f3\u00f0f\u00e6ri lev\u00edta Esr 3.10+<\/div>\n","protected":false},"excerpt":{"rendered":"<p>1Og er \u00f6llu \u00fev\u00ed verki var loki\u00f0, er Sal\u00f3mon l\u00e9t gj\u00f6ra a\u00f0 musteri Drottins, \u00fe\u00e1 flutti hann helgigjafir Dav\u00ed\u00f0s f\u00f6\u00f0ur s\u00edns inn \u00ed \u00fea\u00f0, silfri\u00f0 og gulli\u00f0, en \u00f6ll \u00e1h\u00f6ldin l\u00e9t hann \u00ed f\u00e9hirslur Drottins h\u00fass.2\u00de\u00e1 safna\u00f0i Sal\u00f3mon saman \u00f6ldungum \u00cdsraels og \u00f6llum foringjum kyn\u00fe\u00e1ttanna, \u00e6tth\u00f6f\u00f0ingjum \u00cdsraelsmanna, til Jer\u00fasalem til \u00feess a\u00f0 flytja s\u00e1ttm\u00e1ls\u00f6rk Drottins upp eftir fr\u00e1 Dav\u00ed\u00f0sborg, \u00fea\u00f0 er S\u00edon.3\u00de\u00e1 s\u00f6fnu\u00f0ust allir \u00cdsraelsmenn til konungs \u00ed etan\u00edm-m\u00e1nu\u00f0i \u00e1 h\u00e1t\u00ed\u00f0inni. Er s\u00e1 m\u00e1nu\u00f0ur hinn sj\u00f6undi .4\u00de\u00e1 komu allir \u00f6ldungar \u00cdsraels, og lev\u00edtarnir t\u00f3ku \u00f6rkina,5og \u00feeir fluttu \u00f6rkina og samfundatjaldi\u00f0 og \u00f6ll hin helgu \u00e1h\u00f6ld, er \u00ed tjaldinu voru. Fluttu <a href=\"https:\/\/biblian.is\/1981\/sidari-kronikubok-5-kafli\/\"> [&#8230;]<\/a><\/p>\n","protected":false},"author":1,"featured_media":0,"parent":0,"menu_order":0,"comment_status":"open","ping_status":"open","template":"bibliukaflar.php","meta":{"footnotes":""},"class_list":["post-1718","page","type-page","status-publish","hentry"],"_links":{"self":[{"href":"https:\/\/biblian.is\/1981\/wp-json\/wp\/v2\/pages\/1718","targetHints":{"allow":["GET"]}}],"collection":[{"href":"https:\/\/biblian.is\/1981\/wp-json\/wp\/v2\/pages"}],"about":[{"href":"https:\/\/biblian.is\/1981\/wp-json\/wp\/v2\/types\/page"}],"author":[{"embeddable":true,"href":"https:\/\/biblian.is\/1981\/wp-json\/wp\/v2\/users\/1"}],"replies":[{"embeddable":true,"href":"https:\/\/biblian.is\/1981\/wp-json\/wp\/v2\/comments?post=1718"}],"version-history":[{"count":0,"href":"https:\/\/biblian.is\/1981\/wp-json\/wp\/v2\/pages\/1718\/revisions"}],"wp:attachment":[{"href":"https:\/\/biblian.is\/1981\/wp-json\/wp\/v2\/media?parent=1718"}],"curies":[{"name":"wp","href":"https:\/\/api.w.org\/{rel}","templated":true}]}}