{"id":1717,"date":"2017-11-18T20:18:23","date_gmt":"2017-11-18T20:18:23","guid":{"rendered":"http:\/\/biblian.is\/1981\/sidari-kronikubok-4-kafli\/"},"modified":"2021-06-06T11:10:40","modified_gmt":"2021-06-06T11:10:40","slug":"sidari-kronikubok-4-kafli","status":"publish","type":"page","link":"https:\/\/biblian.is\/1981\/sidari-kronikubok-4-kafli\/","title":{"rendered":"S\u00ed\u00f0ari kron\u00edkub\u00f3k 4. kafli"},"content":{"rendered":"<p><a name=\"1\"><span class=\"versanumer\">1<\/span><\/a>Hann gj\u00f6r\u00f0i altari af eiri, tuttugu \u00e1lna langt, tuttugu \u00e1lna breitt og t\u00edu \u00e1lna h\u00e1tt.<a name=\"2\"><span class=\"versanumer\">2<\/span><\/a>Hann gj\u00f6r\u00f0i og hafi\u00f0, og var \u00fea\u00f0 steypt af eiri. \u00dea\u00f0 var t\u00edu \u00e1lnir af barmi og \u00e1, kringl\u00f3tt og fimm \u00e1lnir \u00e1 d\u00fdpt, og \u00ferj\u00e1t\u00edu \u00e1lna sn\u00fara l\u00e1 um \u00fea\u00f0.<a name=\"3\"><span class=\"versanumer\">3<\/span><\/a>En ne\u00f0an vi\u00f0 \u00fea\u00f0 voru nautal\u00edkneski allt \u00ed kring var hvert \u00feeirra t\u00edu \u00e1lnir er myndu\u00f0u hring um hafi\u00f0, tv\u00e6r ra\u00f0ir af nautum, og voru \u00feau samsteypt hafinu.<a name=\"4\"><span class=\"versanumer\">4<\/span><\/a>\u00dea\u00f0 st\u00f3\u00f0 \u00e1 t\u00f3lf nautum, sneru \u00ferj\u00fa \u00ed nor\u00f0ur, \u00ferj\u00fa \u00ed vestur, \u00ferj\u00fa \u00ed su\u00f0ur, \u00ferj\u00fa \u00ed austur. Hv\u00edldi hafi\u00f0 \u00e1 \u00feeim og sneru allir bakhlutir \u00feeirra inn.<a name=\"5\"><span class=\"versanumer\">5<\/span><\/a>\u00dea\u00f0 var \u00feverhandar\u00feykkt og barmur \u00feess \u00ed laginu sem barmur \u00e1 bikar, l\u00edkt og liljubl\u00f3m. \u00dea\u00f0 r\u00fama\u00f0i \u00ferj\u00fa \u00fe\u00fasund bat.<a name=\"6\"><span class=\"versanumer\">6<\/span><\/a>\u00de\u00e1 gj\u00f6r\u00f0i hann t\u00edu ker. Setti hann fimm h\u00e6gra megin og fimm vinstra megin til \u00fevottar. Skyldi skola \u00ed \u00feeim, \u00fea\u00f0 er til brennif\u00f3rnar skyldi hafa, en hafi\u00f0 var til \u00fevottar fyrir prestana.<a name=\"7\"><span class=\"versanumer\">7<\/span><\/a>Hann gj\u00f6r\u00f0i og gulllj\u00f3sastikurnar t\u00edu, eftir \u00e1kv\u00e6\u00f0unum um \u00fe\u00e6r, og setti \u00ed a\u00f0alh\u00fasi\u00f0, fimm h\u00e6gra megin og fimm vinstra megin.<a name=\"8\"><span class=\"versanumer\">8<\/span><\/a>\u00de\u00e1 gj\u00f6r\u00f0i hann t\u00edu bor\u00f0 og setti \u00ed a\u00f0alh\u00fasi\u00f0, fimm h\u00e6gra megin og fimm vinstra megin, svo gj\u00f6r\u00f0i hann og hundra\u00f0 f\u00f3rnarsk\u00e1lar \u00far gulli.<a name=\"9\"><span class=\"versanumer\">9<\/span><\/a>Hann gj\u00f6r\u00f0i og prestaforgar\u00f0inn og forgar\u00f0inn mikla og dyr \u00e1 forgar\u00f0inn, og v\u00e6ngjahur\u00f0irnar \u00ed \u00feeim lag\u00f0i hann eiri,<a name=\"10\"><span class=\"versanumer\">10<\/span><\/a>en hafi\u00f0 setti hann h\u00e6gra megin, \u00ed austur, gegnt su\u00f0ri.<a name=\"11\"><span class=\"versanumer\">11<\/span><\/a>Og H\u00faram gj\u00f6r\u00f0i katlana, eldspa\u00f0ana og f\u00f3rnarsk\u00e1larnar, og lauk svo H\u00faram vi\u00f0 a\u00f0 vinna a\u00f0 starfi \u00fev\u00ed, er hann leysti af hendi fyrir Sal\u00f3mon konung \u00ed musteri Gu\u00f0s:<a name=\"12\"><span class=\"versanumer\">12<\/span><\/a>tv\u00e6r s\u00falur og tv\u00e6r k\u00falur \u00e1 s\u00falnah\u00f6f\u00f0unum og b\u00e6\u00f0i ri\u00f0nu netin, er hylja \u00e1ttu b\u00e1\u00f0ar k\u00falurnar \u00e1 s\u00falnah\u00f6f\u00f0unum,<a name=\"13\"><span class=\"versanumer\">13<\/span><\/a>og fj\u00f6gur hundru\u00f0 granateplin \u00e1 b\u00e6\u00f0i netin, tv\u00e6r ra\u00f0ir af granateplum \u00e1 hvort net, er hylja \u00e1ttu b\u00e1\u00f0ar k\u00falurnar \u00e1 s\u00falnah\u00f6f\u00f0unum,<a name=\"14\"><span class=\"versanumer\">14<\/span><\/a>enn fremur vagnana t\u00edu og kerin t\u00edu \u00e1 \u00feeim,<a name=\"15\"><span class=\"versanumer\">15<\/span><\/a>og hafi\u00f0 og t\u00f3lf nautin undir hafinu,<a name=\"16\"><span class=\"versanumer\">16<\/span><\/a>og katlana, eldspa\u00f0ana, so\u00f0kr\u00f3kana og \u00f6ll tilheyrandi \u00e1h\u00f6ld gj\u00f6r\u00f0i H\u00faram Ab\u00ed fyrir Sal\u00f3mon konung til musteris Drottins, \u00far skygg\u00f0um eiri.<a name=\"17\"><span class=\"versanumer\">17<\/span><\/a>L\u00e9t konungur steypa \u00feau \u00e1 J\u00f3rdansl\u00e9ttlendinu \u00ed leirm\u00f3tum, milli S\u00fakk\u00f3t og Sereda.<a name=\"18\"><span class=\"versanumer\">18<\/span><\/a>Og Sal\u00f3mon l\u00e9t gj\u00f6ra afar miki\u00f0 af \u00f6llum \u00feessum \u00e1h\u00f6ldum, \u00feyngd eirsins var eigi ranns\u00f6ku\u00f0.<a name=\"19\"><span class=\"versanumer\">19<\/span><\/a>Og Sal\u00f3mon l\u00e9t gj\u00f6ra \u00f6ll \u00feau \u00e1h\u00f6ld, sem voru \u00ed h\u00fasi Drottins: gullaltari\u00f0, bor\u00f0in undir sko\u00f0unarbrau\u00f0in,<a name=\"20\"><span class=\"versanumer\">20<\/span><\/a>lj\u00f3sastikurnar og lampa \u00feeirra, a\u00f0 \u00e1 \u00feeim skyldi kveikt ver\u00f0a fyrir framan innh\u00fasi\u00f0, eins og l\u00f6g st\u00f3\u00f0u til af sk\u00edru gulli,<a name=\"21\"><span class=\"versanumer\">21<\/span><\/a>og bl\u00f3min, lampana og lj\u00f3sas\u00f6xin af gulli og \u00fea\u00f0 af besta gulli<a name=\"22\"><span class=\"versanumer\">22<\/span><\/a>og skarb\u00edtana, f\u00f3rnarsk\u00e1larnar, bollana, eldp\u00f6nnurnar af sk\u00edru gulli. Og a\u00f0 \u00fev\u00ed er snertir dyr musterisins, \u00fe\u00e1 voru innri v\u00e6ngjahur\u00f0ir \u00feeirra, \u00fe\u00e6r er l\u00e1gu inn \u00ed Hi\u00f0 allrahelgasta, og v\u00e6ngjahur\u00f0ir musterisins, \u00fe\u00e6r er l\u00e1gu inn \u00ed a\u00f0alh\u00fasi\u00f0, af gulli.<\/p>\n<div class=\"footnote1981\"><b>4.7<\/b> Lj\u00f3sastikur 2M\u00f3s 25.31-40<br \/>\n<b>4.8<\/b> Bor\u00f0 2M\u00f3s 25.23-30<\/div>\n","protected":false},"excerpt":{"rendered":"<p>1Hann gj\u00f6r\u00f0i altari af eiri, tuttugu \u00e1lna langt, tuttugu \u00e1lna breitt og t\u00edu \u00e1lna h\u00e1tt.2Hann gj\u00f6r\u00f0i og hafi\u00f0, og var \u00fea\u00f0 steypt af eiri. \u00dea\u00f0 var t\u00edu \u00e1lnir af barmi og \u00e1, kringl\u00f3tt og fimm \u00e1lnir \u00e1 d\u00fdpt, og \u00ferj\u00e1t\u00edu \u00e1lna sn\u00fara l\u00e1 um \u00fea\u00f0.3En ne\u00f0an vi\u00f0 \u00fea\u00f0 voru nautal\u00edkneski allt \u00ed kring var hvert \u00feeirra t\u00edu \u00e1lnir er myndu\u00f0u hring um hafi\u00f0, tv\u00e6r ra\u00f0ir af nautum, og voru \u00feau samsteypt hafinu.4\u00dea\u00f0 st\u00f3\u00f0 \u00e1 t\u00f3lf nautum, sneru \u00ferj\u00fa \u00ed nor\u00f0ur, \u00ferj\u00fa \u00ed vestur, \u00ferj\u00fa \u00ed su\u00f0ur, \u00ferj\u00fa \u00ed austur. Hv\u00edldi hafi\u00f0 \u00e1 \u00feeim og sneru allir bakhlutir \u00feeirra inn.5\u00dea\u00f0 var <a href=\"https:\/\/biblian.is\/1981\/sidari-kronikubok-4-kafli\/\"> [&#8230;]<\/a><\/p>\n","protected":false},"author":1,"featured_media":0,"parent":0,"menu_order":0,"comment_status":"open","ping_status":"open","template":"bibliukaflar.php","meta":{"footnotes":""},"class_list":["post-1717","page","type-page","status-publish","hentry"],"_links":{"self":[{"href":"https:\/\/biblian.is\/1981\/wp-json\/wp\/v2\/pages\/1717","targetHints":{"allow":["GET"]}}],"collection":[{"href":"https:\/\/biblian.is\/1981\/wp-json\/wp\/v2\/pages"}],"about":[{"href":"https:\/\/biblian.is\/1981\/wp-json\/wp\/v2\/types\/page"}],"author":[{"embeddable":true,"href":"https:\/\/biblian.is\/1981\/wp-json\/wp\/v2\/users\/1"}],"replies":[{"embeddable":true,"href":"https:\/\/biblian.is\/1981\/wp-json\/wp\/v2\/comments?post=1717"}],"version-history":[{"count":0,"href":"https:\/\/biblian.is\/1981\/wp-json\/wp\/v2\/pages\/1717\/revisions"}],"wp:attachment":[{"href":"https:\/\/biblian.is\/1981\/wp-json\/wp\/v2\/media?parent=1717"}],"curies":[{"name":"wp","href":"https:\/\/api.w.org\/{rel}","templated":true}]}}