{"id":1716,"date":"2017-11-18T20:18:23","date_gmt":"2017-11-18T20:18:23","guid":{"rendered":"http:\/\/biblian.is\/1981\/sidari-kronikubok-3-kafli\/"},"modified":"2021-06-06T11:10:36","modified_gmt":"2021-06-06T11:10:36","slug":"sidari-kronikubok-3-kafli","status":"publish","type":"page","link":"https:\/\/biblian.is\/1981\/sidari-kronikubok-3-kafli\/","title":{"rendered":"S\u00ed\u00f0ari kron\u00edkub\u00f3k 3. kafli"},"content":{"rendered":"<p><a name=\"1\"><span class=\"versanumer\">1<\/span><\/a>Sal\u00f3mon byrja\u00f0i \u00e1 a\u00f0 byggja musteri Drottins \u00ed Jer\u00fasalem \u00e1 M\u00f3r\u00edafjalli, \u00fear sem Drottinn haf\u00f0i birst Dav\u00ed\u00f0 f\u00f6\u00f0ur hans, \u00e1 sta\u00f0 \u00feeim, er Dav\u00ed\u00f0 haf\u00f0i b\u00fai\u00f0 \u00e1 \u00fereskivelli Ornans Jeb\u00fas\u00edta.<a name=\"2\"><span class=\"versanumer\">2<\/span><\/a>Og hann byrja\u00f0i a\u00f0 byggja \u00e1 \u00f6\u00f0rum degi \u00ed \u00f6\u00f0rum m\u00e1nu\u00f0i \u00e1 fj\u00f3r\u00f0a r\u00edkis\u00e1ri s\u00ednu.<a name=\"3\"><span class=\"versanumer\">3<\/span><\/a>Og \u00feessi var grundv\u00f6llurinn, er Sal\u00f3mon lag\u00f0i a\u00f0 musterisbyggingu Gu\u00f0s: Lengdin var sext\u00edu \u00e1lnir a\u00f0 fornu m\u00e1li, og breiddin tuttugu \u00e1lnir.<a name=\"4\"><span class=\"versanumer\">4<\/span><\/a>Og forsalurinn fyrir framan musterish\u00fasi\u00f0 var t\u00edu \u00e1lnir \u00e1 breidd, en tuttugu \u00e1lnir \u00e1 lengd fram me\u00f0 musterisendanum, og hundra\u00f0 og tuttugu \u00e1lnir \u00e1 h\u00e6\u00f0, og hann lag\u00f0i hann innan sk\u00edru gulli.<a name=\"5\"><span class=\"versanumer\">5<\/span><\/a>En st\u00e6rra h\u00fasi\u00f0 \u00feilja\u00f0i hann me\u00f0 k\u00fdpresbor\u00f0um og lag\u00f0i \u00fea\u00f0 f\u00ednu gulli og setti \u00fear \u00e1 p\u00e1lma og festar.<a name=\"6\"><span class=\"versanumer\">6<\/span><\/a>Enn fremur bj\u00f3 hann h\u00fasi\u00f0 d\u00fdrindis steinum til pr\u00fd\u00f0i, en gulli\u00f0 var Parva\u00edmgull.<a name=\"7\"><span class=\"versanumer\">7<\/span><\/a>Og hann lag\u00f0i h\u00fasi\u00f0, bj\u00e1lkana, \u00fer\u00f6skuldana, svo og veggi \u00feess og hur\u00f0ir gulli, og l\u00e9t skera ker\u00faba \u00fat \u00e1 veggjunum.<a name=\"8\"><span class=\"versanumer\">8<\/span><\/a>Hann gj\u00f6r\u00f0i og Hi\u00f0 allrahelgasta. Var \u00fea\u00f0 tuttugu \u00e1lnir \u00e1 lengd, eins og musteri\u00f0 var \u00e1 breiddina, og tuttugu \u00e1lnir \u00e1 breidd, og bj\u00f3 \u00fea\u00f0 f\u00ednu gulli, sex hundru\u00f0 talentum.<a name=\"9\"><span class=\"versanumer\">9<\/span><\/a>Og naglarnir v\u00f3gu fimmt\u00edu sikla gulls, og loftherbergin lag\u00f0i hann og gulli.<a name=\"10\"><span class=\"versanumer\">10<\/span><\/a>En \u00ed Hinu allrahelgasta gj\u00f6r\u00f0i hann tvo ker\u00faba, haglega skorna og lag\u00f0i \u00fe\u00e1 gulli.<a name=\"11\"><span class=\"versanumer\">11<\/span><\/a>V\u00e6ngir ker\u00fabanna voru b\u00e1\u00f0ir saman t\u00edu \u00e1lna langir. Annar v\u00e6ngur annars ker\u00fabsins, fimm \u00e1lna langur, nam h\u00fasvegginn, en hinn v\u00e6ngurinn, er og var fimm \u00e1lnir \u00e1 lengd, nam vi\u00f0 v\u00e6ng hins ker\u00fabsins.<a name=\"12\"><span class=\"versanumer\">12<\/span><\/a>Annar fimm \u00e1lna langur v\u00e6ngur hins ker\u00fabsins nam og h\u00fasvegginn, en hinn v\u00e6ngurinn, er og var fimm \u00e1lnir \u00e1 lengd, snart v\u00e6ng hins ker\u00fabsins.<a name=\"13\"><span class=\"versanumer\">13<\/span><\/a>Voru v\u00e6ngir ker\u00faba \u00feessara tuttugu \u00e1lnir, \u00fatbreiddir. St\u00f3\u00f0u \u00feeir \u00e1 f\u00f3tum s\u00e9r, og sneru andlit \u00feeirra a\u00f0 h\u00fasinu.<a name=\"14\"><span class=\"versanumer\">14<\/span><\/a>Og hann gj\u00f6r\u00f0i fortjaldi\u00f0 af bl\u00e1um og rau\u00f0um purpura, skarlati og ba\u00f0mull og gj\u00f6r\u00f0i ker\u00faba \u00e1 \u00fev\u00ed.<a name=\"15\"><span class=\"versanumer\">15<\/span><\/a>Hann gj\u00f6r\u00f0i og tv\u00e6r s\u00falur, \u00ferj\u00e1t\u00edu og fimm \u00e1lna h\u00e1ar, fyrir framan h\u00fasi\u00f0, en hn\u00fa\u00f0urinn, er efst var \u00e1 hvorri, var fimm \u00e1lnir.<a name=\"16\"><span class=\"versanumer\">16<\/span><\/a>Hann gj\u00f6r\u00f0i og festar og l\u00e9t \u00fe\u00e6r \u00e1 s\u00falnah\u00f6fu\u00f0in, \u00fe\u00e1 gj\u00f6r\u00f0i hann hundra\u00f0 granatepli og setti \u00e1 festarnar.<a name=\"17\"><span class=\"versanumer\">17<\/span><\/a>Og hann reisti s\u00falurnar fyrir framan a\u00f0alh\u00fasi\u00f0, a\u00f0ra til h\u00e6gri og hina til vinstri. Nefndi hann h\u00e6gri s\u00faluna Jak\u00edn, en hina vinstri B\u00f3as.<\/p>\n<div class=\"footnote1981\"><b>3.1-14<\/b> sbr 1Kon 6.1-38<br \/>\n<b>3.15-5.1<\/b> sbr 1Kon 7.13-51<\/div>\n","protected":false},"excerpt":{"rendered":"<p>1Sal\u00f3mon byrja\u00f0i \u00e1 a\u00f0 byggja musteri Drottins \u00ed Jer\u00fasalem \u00e1 M\u00f3r\u00edafjalli, \u00fear sem Drottinn haf\u00f0i birst Dav\u00ed\u00f0 f\u00f6\u00f0ur hans, \u00e1 sta\u00f0 \u00feeim, er Dav\u00ed\u00f0 haf\u00f0i b\u00fai\u00f0 \u00e1 \u00fereskivelli Ornans Jeb\u00fas\u00edta.2Og hann byrja\u00f0i a\u00f0 byggja \u00e1 \u00f6\u00f0rum degi \u00ed \u00f6\u00f0rum m\u00e1nu\u00f0i \u00e1 fj\u00f3r\u00f0a r\u00edkis\u00e1ri s\u00ednu.3Og \u00feessi var grundv\u00f6llurinn, er Sal\u00f3mon lag\u00f0i a\u00f0 musterisbyggingu Gu\u00f0s: Lengdin var sext\u00edu \u00e1lnir a\u00f0 fornu m\u00e1li, og breiddin tuttugu \u00e1lnir.4Og forsalurinn fyrir framan musterish\u00fasi\u00f0 var t\u00edu \u00e1lnir \u00e1 breidd, en tuttugu \u00e1lnir \u00e1 lengd fram me\u00f0 musterisendanum, og hundra\u00f0 og tuttugu \u00e1lnir \u00e1 h\u00e6\u00f0, og hann lag\u00f0i hann innan sk\u00edru gulli.5En st\u00e6rra h\u00fasi\u00f0 \u00feilja\u00f0i hann me\u00f0 <a href=\"https:\/\/biblian.is\/1981\/sidari-kronikubok-3-kafli\/\"> [&#8230;]<\/a><\/p>\n","protected":false},"author":1,"featured_media":0,"parent":0,"menu_order":0,"comment_status":"open","ping_status":"open","template":"bibliukaflar.php","meta":{"footnotes":""},"class_list":["post-1716","page","type-page","status-publish","hentry"],"_links":{"self":[{"href":"https:\/\/biblian.is\/1981\/wp-json\/wp\/v2\/pages\/1716","targetHints":{"allow":["GET"]}}],"collection":[{"href":"https:\/\/biblian.is\/1981\/wp-json\/wp\/v2\/pages"}],"about":[{"href":"https:\/\/biblian.is\/1981\/wp-json\/wp\/v2\/types\/page"}],"author":[{"embeddable":true,"href":"https:\/\/biblian.is\/1981\/wp-json\/wp\/v2\/users\/1"}],"replies":[{"embeddable":true,"href":"https:\/\/biblian.is\/1981\/wp-json\/wp\/v2\/comments?post=1716"}],"version-history":[{"count":0,"href":"https:\/\/biblian.is\/1981\/wp-json\/wp\/v2\/pages\/1716\/revisions"}],"wp:attachment":[{"href":"https:\/\/biblian.is\/1981\/wp-json\/wp\/v2\/media?parent=1716"}],"curies":[{"name":"wp","href":"https:\/\/api.w.org\/{rel}","templated":true}]}}