{"id":1715,"date":"2017-11-18T20:18:23","date_gmt":"2017-11-18T20:18:23","guid":{"rendered":"http:\/\/biblian.is\/1981\/sidari-kronikubok-2-kafli\/"},"modified":"2021-06-06T11:10:32","modified_gmt":"2021-06-06T11:10:32","slug":"sidari-kronikubok-2-kafli","status":"publish","type":"page","link":"https:\/\/biblian.is\/1981\/sidari-kronikubok-2-kafli\/","title":{"rendered":"S\u00ed\u00f0ari kron\u00edkub\u00f3k 2. kafli"},"content":{"rendered":"<p><a name=\"1\"><span class=\"versanumer\">1<\/span><\/a>Sal\u00f3mon bau\u00f0 a\u00f0 reisa skyldi musteri nafni Drottins og konungsh\u00f6ll handa sj\u00e1lfum s\u00e9r.<a name=\"2\"><span class=\"versanumer\">2<\/span><\/a>Og Sal\u00f3mon taldi fr\u00e1 sj\u00f6t\u00edu \u00fe\u00fasund bur\u00f0armenn og \u00e1ttat\u00edu \u00fe\u00fasund steinh\u00f6ggvara \u00e1 fj\u00f6llunum, og setti \u00ferj\u00fa \u00fe\u00fasund og sex hundru\u00f0 umsj\u00f3narmenn yfir \u00fe\u00e1.<a name=\"3\"><span class=\"versanumer\">3<\/span><\/a>Og Sal\u00f3mon gj\u00f6r\u00f0i H\u00faram, konungi \u00ed T\u00fdrus, svol\u00e1tandi or\u00f0sending: Eins og \u00fe\u00fa breyttir vi\u00f0 Dav\u00ed\u00f0 f\u00f6\u00f0ur minn, er \u00fe\u00fa sendir honum sedrustr\u00e9, svo a\u00f0 hann g\u00e6ti byggt s\u00e9r h\u00f6ll til b\u00fasta\u00f0ar,<a name=\"4\"><span class=\"versanumer\">4<\/span><\/a>svo \u00e6tla \u00e9g n\u00fa a\u00f0 reisa musteri nafni Drottins, Gu\u00f0s m\u00edns, er \u00e9g \u00e6tla a\u00f0 helga honum, til \u00feess a\u00f0 f\u00e6ra ilmreykelsisf\u00f3rnir frammi fyrir honum, til \u00feess st\u00f6\u00f0ugt a\u00f0 annast um ra\u00f0settu brau\u00f0in, til \u00feess a\u00f0 f\u00e6ra brennif\u00f3rn kvelds og morgna, \u00e1 hv\u00edldard\u00f6gum, tunglkomud\u00f6gum og l\u00f6gh\u00e1t\u00ed\u00f0um Drottins, Gu\u00f0s vors. Skal svo vera um aldur og \u00e6vi \u00ed \u00cdsrael.<a name=\"5\"><span class=\"versanumer\">5<\/span><\/a>Og musteri\u00f0, er \u00e9g \u00e6tla a\u00f0 reisa, \u00e1 a\u00f0 ver\u00f0a miki\u00f0, \u00fev\u00ed a\u00f0 vor Gu\u00f0 er meiri en allir gu\u00f0ir.<a name=\"6\"><span class=\"versanumer\">6<\/span><\/a>En hver myndi vera f\u00e6r um a\u00f0 reisa honum h\u00fas? \u00dev\u00ed a\u00f0 himinninn og himnanna himnar taka hann ekki, og hver er \u00e9g, a\u00f0 \u00e9g reisi honum h\u00fas, nema ef vera skyldi til \u00feess a\u00f0 brenna reykelsi frammi fyrir honum.<a name=\"7\"><span class=\"versanumer\">7<\/span><\/a>Send \u00fe\u00fa m\u00e9r n\u00fa mann, sem er hagur \u00e1 gull, silfur, eir og j\u00e1rn, kann a\u00f0 vinna \u00far rau\u00f0um purpura, skarlati og bl\u00e1um purpura, og kann a\u00f0 \u00fatskur\u00f0i, \u00e1samt \u00feeim hagleiksm\u00f6nnum, er me\u00f0 m\u00e9r eru \u00ed J\u00fada og Jer\u00fasalem og Dav\u00ed\u00f0 fa\u00f0ir minn hefir til fengi\u00f0.<a name=\"8\"><span class=\"versanumer\">8<\/span><\/a>Send \u00fe\u00fa m\u00e9r og sedrusvi\u00f0, k\u00fdpresvi\u00f0 og sandelvi\u00f0 fr\u00e1 L\u00edbanon, \u00fev\u00ed a\u00f0 \u00e9g veit, a\u00f0 menn \u00fe\u00ednir kunna a\u00f0 \u00fev\u00ed a\u00f0 h\u00f6ggva tr\u00e9 \u00e1 L\u00edbanon, og skulu m\u00ednir menn vera me\u00f0 \u00fe\u00ednum m\u00f6nnum.<a name=\"9\"><span class=\"versanumer\">9<\/span><\/a>Og \u00e9g \u00fearf \u00e1 afar miklum vi\u00f0i a\u00f0 halda, \u00fev\u00ed a\u00f0 musteri\u00f0, er \u00e9g \u00e6tla a\u00f0 reisa, \u00e1 a\u00f0 ver\u00f0a miki\u00f0 og undursamlegt.<a name=\"10\"><span class=\"versanumer\">10<\/span><\/a>En vi\u00f0arh\u00f6ggsm\u00f6nnunum fr\u00e1 \u00fe\u00e9r, \u00feeim er tr\u00e9n h\u00f6ggva, gef \u00e9g til matar tuttugu \u00fe\u00fasund k\u00f3r af hveiti og tuttugu \u00fe\u00fasund k\u00f3r af byggi, tuttugu \u00fe\u00fasund bat af v\u00edni og tuttugu \u00fe\u00fasund bat af ol\u00edu.<a name=\"11\"><span class=\"versanumer\">11<\/span><\/a>H\u00faram, konungur \u00ed T\u00fdrus, svara\u00f0i br\u00e9flega og sendi til Sal\u00f3mons: Af \u00fev\u00ed a\u00f0 Drottinn elskar l\u00fd\u00f0 sinn, hefir hann gj\u00f6rt \u00feig a\u00f0 konungi yfir \u00feeim.<a name=\"12\"><span class=\"versanumer\">12<\/span><\/a>Og H\u00faram m\u00e6lti: Lofa\u00f0ur s\u00e9 Drottinn, Gu\u00f0 \u00cdsraels, er gj\u00f6rt hefir himin og j\u00f6r\u00f0, a\u00f0 hann hefir gefi\u00f0 Dav\u00ed\u00f0 konungi vitran son, sem hefir til a\u00f0 bera skyn og hyggindi til \u00feess a\u00f0 reisa Drottni musteri og sj\u00e1lfum s\u00e9r konungsh\u00f6ll.<a name=\"13\"><span class=\"versanumer\">13<\/span><\/a>Og n\u00fa sendi \u00e9g mann, vitran og velkunnandi, H\u00faram Ab\u00ed,<a name=\"14\"><span class=\"versanumer\">14<\/span><\/a>son konu af Dans \u00e6tt, en fa\u00f0ir hans er t\u00fdrverskur ma\u00f0ur. Hann kann a\u00f0 sm\u00ed\u00f0a \u00far gulli, silfri, eiri og j\u00e1rni, steini og tr\u00e9 og a\u00f0 vinna \u00far rau\u00f0um og bl\u00e1um purpura, ba\u00f0mull og skarlati, kann a\u00f0 hvers konar \u00fatskur\u00f0i, og getur gj\u00f6rt hverja \u00fe\u00e1 sm\u00ed\u00f0, er honum ver\u00f0ur falin, \u00e1samt hagleiksm\u00f6nnum \u00fe\u00ednum og hagleiksm\u00f6nnum Dav\u00ed\u00f0s f\u00f6\u00f0ur \u00fe\u00edns, herra m\u00edns.<a name=\"15\"><span class=\"versanumer\">15<\/span><\/a>Sendi \u00fe\u00e1 herra minn \u00fej\u00f3num s\u00ednum hveiti\u00f0, byggi\u00f0, ol\u00eduna og v\u00edni\u00f0, sem hann hefir um m\u00e6lt.<a name=\"16\"><span class=\"versanumer\">16<\/span><\/a>En v\u00e9r skulum h\u00f6ggva tr\u00e9 \u00e1 L\u00edbanon, eins miki\u00f0 og \u00fe\u00fa \u00fearft, og f\u00e6ra \u00fe\u00e9r \u00feau \u00ed flotum sj\u00f3veg til Jaf\u00f3, og m\u00e1tt \u00fe\u00fa \u00fe\u00e1 flytja \u00feau upp til Jer\u00fasalem.<a name=\"17\"><span class=\"versanumer\">17<\/span><\/a>Og Sal\u00f3mon taldi \u00fatlenda menn, er voru \u00ed \u00cdsraelslandi, eftir tali \u00fev\u00ed \u00e1 \u00feeim, er Dav\u00ed\u00f0 fa\u00f0ir hans haf\u00f0i gj\u00f6ra l\u00e1ti\u00f0, og reyndust \u00feeir a\u00f0 vera hundra\u00f0 fimmt\u00edu og \u00ferj\u00fa \u00fe\u00fasund og sex hundru\u00f0.<a name=\"18\"><span class=\"versanumer\">18<\/span><\/a>Af \u00feeim gj\u00f6r\u00f0i hann sj\u00f6t\u00edu \u00fe\u00fasund a\u00f0 bur\u00f0arm\u00f6nnum, \u00e1ttat\u00edu \u00fe\u00fasund a\u00f0 steinh\u00f6ggvurum \u00ed fj\u00f6llunum og \u00ferj\u00fa \u00fe\u00fasund og sex hundru\u00f0 a\u00f0 umsj\u00f3narm\u00f6nnum til \u00feess a\u00f0 halda f\u00f3lkinu til vinnu.<\/p>\n<div class=\"footnote1981\"><\/div>\n","protected":false},"excerpt":{"rendered":"<p>1Sal\u00f3mon bau\u00f0 a\u00f0 reisa skyldi musteri nafni Drottins og konungsh\u00f6ll handa sj\u00e1lfum s\u00e9r.2Og Sal\u00f3mon taldi fr\u00e1 sj\u00f6t\u00edu \u00fe\u00fasund bur\u00f0armenn og \u00e1ttat\u00edu \u00fe\u00fasund steinh\u00f6ggvara \u00e1 fj\u00f6llunum, og setti \u00ferj\u00fa \u00fe\u00fasund og sex hundru\u00f0 umsj\u00f3narmenn yfir \u00fe\u00e1.3Og Sal\u00f3mon gj\u00f6r\u00f0i H\u00faram, konungi \u00ed T\u00fdrus, svol\u00e1tandi or\u00f0sending: Eins og \u00fe\u00fa breyttir vi\u00f0 Dav\u00ed\u00f0 f\u00f6\u00f0ur minn, er \u00fe\u00fa sendir honum sedrustr\u00e9, svo a\u00f0 hann g\u00e6ti byggt s\u00e9r h\u00f6ll til b\u00fasta\u00f0ar,4svo \u00e6tla \u00e9g n\u00fa a\u00f0 reisa musteri nafni Drottins, Gu\u00f0s m\u00edns, er \u00e9g \u00e6tla a\u00f0 helga honum, til \u00feess a\u00f0 f\u00e6ra ilmreykelsisf\u00f3rnir frammi fyrir honum, til \u00feess st\u00f6\u00f0ugt a\u00f0 annast um ra\u00f0settu brau\u00f0in, til \u00feess a\u00f0 <a href=\"https:\/\/biblian.is\/1981\/sidari-kronikubok-2-kafli\/\"> [&#8230;]<\/a><\/p>\n","protected":false},"author":1,"featured_media":0,"parent":0,"menu_order":0,"comment_status":"open","ping_status":"open","template":"bibliukaflar.php","meta":{"footnotes":""},"class_list":["post-1715","page","type-page","status-publish","hentry"],"_links":{"self":[{"href":"https:\/\/biblian.is\/1981\/wp-json\/wp\/v2\/pages\/1715","targetHints":{"allow":["GET"]}}],"collection":[{"href":"https:\/\/biblian.is\/1981\/wp-json\/wp\/v2\/pages"}],"about":[{"href":"https:\/\/biblian.is\/1981\/wp-json\/wp\/v2\/types\/page"}],"author":[{"embeddable":true,"href":"https:\/\/biblian.is\/1981\/wp-json\/wp\/v2\/users\/1"}],"replies":[{"embeddable":true,"href":"https:\/\/biblian.is\/1981\/wp-json\/wp\/v2\/comments?post=1715"}],"version-history":[{"count":0,"href":"https:\/\/biblian.is\/1981\/wp-json\/wp\/v2\/pages\/1715\/revisions"}],"wp:attachment":[{"href":"https:\/\/biblian.is\/1981\/wp-json\/wp\/v2\/media?parent=1715"}],"curies":[{"name":"wp","href":"https:\/\/api.w.org\/{rel}","templated":true}]}}