{"id":1714,"date":"2017-11-18T20:18:23","date_gmt":"2017-11-18T20:18:23","guid":{"rendered":"http:\/\/biblian.is\/1981\/sidari-kronikubok-1-kafli\/"},"modified":"2021-06-06T11:10:28","modified_gmt":"2021-06-06T11:10:28","slug":"sidari-kronikubok-1-kafli","status":"publish","type":"page","link":"https:\/\/biblian.is\/1981\/sidari-kronikubok-1-kafli\/","title":{"rendered":"S\u00ed\u00f0ari kron\u00edkub\u00f3k 1. kafli"},"content":{"rendered":"<p><a name=\"1\"><span class=\"versanumer\">1<\/span><\/a>Sal\u00f3mon sonur Dav\u00ed\u00f0s festist \u00ed konungd\u00f3mi, og Drottinn, Gu\u00f0 hans, var me\u00f0 honum og gj\u00f6r\u00f0i hann mj\u00f6g vegsamlegan.<a name=\"2\"><span class=\"versanumer\">2<\/span><\/a>Og Sal\u00f3mon l\u00e9t bo\u00f0 fara um allan \u00cdsrael, til \u00fe\u00fasundh\u00f6f\u00f0ingjanna og hundra\u00f0sh\u00f6f\u00f0ingjanna, d\u00f3maranna og allra h\u00f6f\u00f0ingjanna \u00ed \u00f6llum \u00cdsrael, \u00e6tth\u00f6f\u00f0ingjanna,<a name=\"3\"><span class=\"versanumer\">3<\/span><\/a>og f\u00f3r Sal\u00f3mon s\u00ed\u00f0an og allur s\u00f6fnu\u00f0urinn me\u00f0 honum til f\u00f3rnarh\u00e6\u00f0arinnar \u00ed G\u00edbeon, \u00fev\u00ed a\u00f0 \u00fear var samfundatjald Gu\u00f0s, \u00fea\u00f0 er M\u00f3se, \u00fej\u00f3nn Drottins, haf\u00f0i gj\u00f6ra l\u00e1ti\u00f0 \u00e1 ey\u00f0im\u00f6rkinni.<a name=\"4\"><span class=\"versanumer\">4<\/span><\/a>\u00d6rk Gu\u00f0s haf\u00f0i Dav\u00ed\u00f0 \u00fear \u00e1 m\u00f3ti flutt fr\u00e1 Kirjat Jear\u00edm, \u00feanga\u00f0 er Dav\u00ed\u00f0 haf\u00f0i b\u00fai\u00f0 henni sta\u00f0, \u00fev\u00ed a\u00f0 hann haf\u00f0i reist tjald fyrir hana \u00ed Jer\u00fasalem.<a name=\"5\"><span class=\"versanumer\">5<\/span><\/a>Eiraltari\u00f0, er Besaleel \u00dar\u00edson, H\u00farssonar, haf\u00f0i gj\u00f6rt, var og \u00fear, frammi fyrir b\u00fasta\u00f0 Drottins, og Sal\u00f3mon og s\u00f6fnu\u00f0urinn leitu\u00f0u hans \u00fear.<a name=\"6\"><span class=\"versanumer\">6<\/span><\/a>Og Sal\u00f3mon f\u00e6r\u00f0i Drottni f\u00f3rnir \u00fear \u00e1 eiraltarinu, er heyr\u00f0i til samfundatjaldinu, og f\u00e6r\u00f0i hann honum \u00fear \u00fe\u00fasund brennif\u00f3rnir.<a name=\"7\"><span class=\"versanumer\">7<\/span><\/a>\u00de\u00e1 n\u00f3tt vitra\u00f0ist Gu\u00f0 Sal\u00f3mon og sag\u00f0i vi\u00f0 hann: Bi\u00f0 \u00fe\u00fa \u00feess, er \u00fe\u00fa vilt a\u00f0 \u00e9g veiti \u00fe\u00e9r.<a name=\"8\"><span class=\"versanumer\">8<\/span><\/a>Og Sal\u00f3mon svara\u00f0i Gu\u00f0i: \u00de\u00fa au\u00f0s\u00fdndir Dav\u00ed\u00f0 f\u00f6\u00f0ur m\u00ednum mikla miskunn, og \u00fe\u00fa hefir gj\u00f6rt mig a\u00f0 konungi eftir hann.<a name=\"9\"><span class=\"versanumer\">9<\/span><\/a>L\u00e1t \u00fe\u00e1, Drottinn Gu\u00f0, fyrirheit \u00feitt til Dav\u00ed\u00f0s f\u00f6\u00f0ur m\u00edns standa st\u00f6\u00f0ugt. \u00dev\u00ed a\u00f0 \u00fe\u00fa hefir gj\u00f6rt mig a\u00f0 konungi yfir l\u00fd\u00f0, sem er margur eins og duft jar\u00f0ar.<a name=\"10\"><span class=\"versanumer\">10<\/span><\/a>Gef m\u00e9r \u00fe\u00e1 visku og \u00feekkingu, a\u00f0 \u00e9g megi ganga \u00fat og inn frammi fyrir l\u00fd\u00f0 \u00feessum. \u00dev\u00ed a\u00f0 hver getur annars stj\u00f3rna\u00f0 \u00feessum fj\u00f6lmenna l\u00fd\u00f0 \u00fe\u00ednum?<a name=\"11\"><span class=\"versanumer\">11<\/span><\/a>\u00de\u00e1 m\u00e6lti Gu\u00f0 vi\u00f0 Sal\u00f3mon: Sakir \u00feess, a\u00f0 \u00feetta bj\u00f3 \u00fe\u00e9r \u00ed hjarta, og \u00fe\u00fa ba\u00f0st eigi um au\u00f0leg\u00f0, f\u00e9 og s\u00e6md, e\u00f0a um l\u00edf \u00feeirra, er hata \u00feig, og ba\u00f0st eigi heldur um langl\u00edfi, heldur ba\u00f0st \u00fe\u00e9r visku og \u00feekkingar, a\u00f0 \u00fe\u00fa g\u00e6tir stj\u00f3rna\u00f0 l\u00fd\u00f0 m\u00ednum, er \u00e9g hefi gj\u00f6rt \u00feig a\u00f0 konungi yfir,<a name=\"12\"><span class=\"versanumer\">12<\/span><\/a>\u00fe\u00e1 er viska og \u00feekking veitt \u00fe\u00e9r, og au\u00f0leg\u00f0, f\u00e9 og s\u00e6md vil \u00e9g veita \u00fe\u00e9r, meiri en haft hefir nokkur konungur \u00e1 undan \u00fe\u00e9r og meiri en nokkur mun hafa eftir \u00feig.<a name=\"13\"><span class=\"versanumer\">13<\/span><\/a>S\u00ed\u00f0an h\u00e9lt Sal\u00f3mon burt fr\u00e1 f\u00f3rnarh\u00e6\u00f0inni \u00ed G\u00edbeon, fr\u00e1 sta\u00f0num fyrir framan samfundatjaldi\u00f0, til Jer\u00fasalem, og r\u00edkti yfir \u00cdsrael.<a name=\"14\"><span class=\"versanumer\">14<\/span><\/a>Sal\u00f3mon safna\u00f0i v\u00f6gnum og riddurum, og haf\u00f0i hann fj\u00f3rt\u00e1n hundru\u00f0 vagna og t\u00f3lf \u00fe\u00fasund riddara. L\u00e9t hann \u00fe\u00e1 vera \u00ed vagnli\u00f0sborgunum og me\u00f0 konungi \u00ed Jer\u00fasalem.<a name=\"15\"><span class=\"versanumer\">15<\/span><\/a>Og konungur gj\u00f6r\u00f0i silfur og gull eins algengt \u00ed Jer\u00fasalem og grj\u00f3t, og sedrusvi\u00f0 eins og m\u00f3rberjatr\u00e9n, sem vaxa \u00e1 l\u00e1glendinu.<a name=\"16\"><span class=\"versanumer\">16<\/span><\/a>Hesta s\u00edna f\u00e9kk Sal\u00f3mon fr\u00e1 Egyptalandi, og s\u00f3ttu kaupmenn konungs \u00fe\u00e1 \u00ed h\u00f3pum og guldu f\u00e9 fyrir,<a name=\"17\"><span class=\"versanumer\">17<\/span><\/a>svo a\u00f0 hver vagn, er \u00feeir fengu og komu me\u00f0 fr\u00e1 Egyptalandi, kosta\u00f0i sex hundru\u00f0 sikla silfurs, en hver hestur hundra\u00f0 og fimmt\u00edu. Og \u00e1 \u00feennan h\u00e1tt voru og hestar fluttir \u00fat fyrir millig\u00f6ngu \u00feeirra til allra konunga Het\u00edta og konunga S\u00fdrlendinga.<\/p>\n<div class=\"footnote1981\"><b>1.1<\/b> M\u00e1ttugur \u00ed konungd\u00f3mi 1Kon 2.12,46<br \/>\n<b>1.2-13<\/b> sbr 1Kon 3.5-15<br \/>\n<b>1.14-17<\/b> sbr 1Kon 10.26-29; 2Kro 9.25-28<br \/>\n<b>1.18-2.17<\/b> sbr 1Kon 5.15-26<\/div>\n","protected":false},"excerpt":{"rendered":"<p>1Sal\u00f3mon sonur Dav\u00ed\u00f0s festist \u00ed konungd\u00f3mi, og Drottinn, Gu\u00f0 hans, var me\u00f0 honum og gj\u00f6r\u00f0i hann mj\u00f6g vegsamlegan.2Og Sal\u00f3mon l\u00e9t bo\u00f0 fara um allan \u00cdsrael, til \u00fe\u00fasundh\u00f6f\u00f0ingjanna og hundra\u00f0sh\u00f6f\u00f0ingjanna, d\u00f3maranna og allra h\u00f6f\u00f0ingjanna \u00ed \u00f6llum \u00cdsrael, \u00e6tth\u00f6f\u00f0ingjanna,3og f\u00f3r Sal\u00f3mon s\u00ed\u00f0an og allur s\u00f6fnu\u00f0urinn me\u00f0 honum til f\u00f3rnarh\u00e6\u00f0arinnar \u00ed G\u00edbeon, \u00fev\u00ed a\u00f0 \u00fear var samfundatjald Gu\u00f0s, \u00fea\u00f0 er M\u00f3se, \u00fej\u00f3nn Drottins, haf\u00f0i gj\u00f6ra l\u00e1ti\u00f0 \u00e1 ey\u00f0im\u00f6rkinni.4\u00d6rk Gu\u00f0s haf\u00f0i Dav\u00ed\u00f0 \u00fear \u00e1 m\u00f3ti flutt fr\u00e1 Kirjat Jear\u00edm, \u00feanga\u00f0 er Dav\u00ed\u00f0 haf\u00f0i b\u00fai\u00f0 henni sta\u00f0, \u00fev\u00ed a\u00f0 hann haf\u00f0i reist tjald fyrir hana \u00ed Jer\u00fasalem.5Eiraltari\u00f0, er Besaleel \u00dar\u00edson, H\u00farssonar, haf\u00f0i gj\u00f6rt, var og <a href=\"https:\/\/biblian.is\/1981\/sidari-kronikubok-1-kafli\/\"> [&#8230;]<\/a><\/p>\n","protected":false},"author":1,"featured_media":0,"parent":0,"menu_order":0,"comment_status":"open","ping_status":"open","template":"bibliukaflar.php","meta":{"footnotes":""},"class_list":["post-1714","page","type-page","status-publish","hentry"],"_links":{"self":[{"href":"https:\/\/biblian.is\/1981\/wp-json\/wp\/v2\/pages\/1714","targetHints":{"allow":["GET"]}}],"collection":[{"href":"https:\/\/biblian.is\/1981\/wp-json\/wp\/v2\/pages"}],"about":[{"href":"https:\/\/biblian.is\/1981\/wp-json\/wp\/v2\/types\/page"}],"author":[{"embeddable":true,"href":"https:\/\/biblian.is\/1981\/wp-json\/wp\/v2\/users\/1"}],"replies":[{"embeddable":true,"href":"https:\/\/biblian.is\/1981\/wp-json\/wp\/v2\/comments?post=1714"}],"version-history":[{"count":0,"href":"https:\/\/biblian.is\/1981\/wp-json\/wp\/v2\/pages\/1714\/revisions"}],"wp:attachment":[{"href":"https:\/\/biblian.is\/1981\/wp-json\/wp\/v2\/media?parent=1714"}],"curies":[{"name":"wp","href":"https:\/\/api.w.org\/{rel}","templated":true}]}}