{"id":1713,"date":"2017-11-18T20:18:23","date_gmt":"2017-11-18T20:18:23","guid":{"rendered":"http:\/\/biblian.is\/1981\/fyrri-kronikubok-29-kafli\/"},"modified":"2021-06-06T10:57:10","modified_gmt":"2021-06-06T10:57:10","slug":"fyrri-kronikubok-29-kafli","status":"publish","type":"page","link":"https:\/\/biblian.is\/1981\/fyrri-kronikubok-29-kafli\/","title":{"rendered":"Fyrri kron\u00edkub\u00f3k 29. kafli"},"content":{"rendered":"<p><a name=\"1\"><span class=\"versanumer\">1<\/span><\/a>Dav\u00ed\u00f0 konungur m\u00e6lti til alls safna\u00f0arins: Sal\u00f3mon sonur minn, hinn eini, er Gu\u00f0 hefir kj\u00f6ri\u00f0, er ungur og \u00f3reyndur, en starfi\u00f0 er miki\u00f0, \u00fev\u00ed a\u00f0 eigi er musteri \u00feetta manni \u00e6tla\u00f0, heldur Drottni Gu\u00f0i.<a name=\"2\"><span class=\"versanumer\">2<\/span><\/a>\u00c9g hefi af \u00f6llum m\u00e6tti dregi\u00f0 a\u00f0 fyrir musteri Gu\u00f0s m\u00edns, gull \u00ed gull\u00e1h\u00f6ldin, silfur \u00ed silfur\u00e1h\u00f6ldin, eir \u00ed eir\u00e1h\u00f6ldin, j\u00e1rn \u00ed j\u00e1rn\u00e1h\u00f6ldin og tr\u00e9 \u00ed tr\u00e9\u00e1h\u00f6ldin, sj\u00f3amsteina og steina til a\u00f0 greypa inn, glj\u00e1steina og mislita steina, alls konar d\u00fdra steina og afar miki\u00f0 af alabastursteinum.<a name=\"3\"><span class=\"versanumer\">3<\/span><\/a>Enn fremur vil \u00e9g, sakir \u00feess a\u00f0 \u00e9g hefi m\u00e6tur \u00e1 musteri Gu\u00f0s m\u00edns, gefa \u00fea\u00f0, er \u00e9g \u00e1 af gulli og silfri, til musteris Gu\u00f0s m\u00edns, auk alls \u00feess, er \u00e9g hefi dregi\u00f0 a\u00f0 fyrir helgid\u00f3minn:<a name=\"4\"><span class=\"versanumer\">4<\/span><\/a>\u00derj\u00fa \u00fe\u00fasund talentur af gulli og \u00fea\u00f0 af \u00d3f\u00edrgulli, sj\u00f6 \u00fe\u00fasund talentur af sk\u00edru silfri til \u00feess a\u00f0 kl\u00e6\u00f0a me\u00f0 veggina \u00ed herbergjunum<a name=\"5\"><span class=\"versanumer\">5<\/span><\/a>og til \u00feess a\u00f0 \u00fatvega gull \u00ed gull\u00e1h\u00f6ldin og silfur \u00ed silfur\u00e1h\u00f6ldin, og til alls konar listasm\u00ed\u00f0a. Hver er n\u00fa f\u00fas til \u00feess a\u00f0 f\u00e6ra Drottni r\u00edflega f\u00f3rnargj\u00f6f \u00ed dag?<a name=\"6\"><span class=\"versanumer\">6<\/span><\/a>\u00de\u00e1 kv\u00e1\u00f0ust \u00e6tth\u00f6f\u00f0ingjarnir, h\u00f6f\u00f0ingjar kynkv\u00edsla \u00cdsraels, \u00fe\u00fasundh\u00f6f\u00f0ingjarnir og hundra\u00f0sh\u00f6f\u00f0ingjarnir og r\u00e1\u00f0smennirnir yfir st\u00f6rfum \u00ed konungs\u00fej\u00f3nustu vera f\u00fasir til \u00feess,<a name=\"7\"><span class=\"versanumer\">7<\/span><\/a>og \u00feeir g\u00e1fu til Gu\u00f0s h\u00fass fimm \u00fe\u00fasund talentur gulls, t\u00edu \u00fe\u00fasund Dar\u00edus-dali, t\u00edu \u00fe\u00fasund talentur silfurs, \u00e1tj\u00e1n \u00fe\u00fasund talentur eirs og hundra\u00f0 \u00fe\u00fasund talentur j\u00e1rns.<a name=\"8\"><span class=\"versanumer\">8<\/span><\/a>Og hver s\u00e1, er \u00e1tti gimsteina, gaf \u00fe\u00e1 \u00ed f\u00e9hirslu h\u00fass Drottins, er Jeh\u00edel Gerson\u00edti haf\u00f0i umsj\u00f3n yfir.<a name=\"9\"><span class=\"versanumer\">9<\/span><\/a>\u00de\u00e1 gladdist l\u00fd\u00f0urinn yfir \u00f6rl\u00e6ti \u00feeirra, \u00fev\u00ed a\u00f0 \u00feeir h\u00f6f\u00f0u af heilum hug f\u00e6rt Drottni sj\u00e1lfviljagjafir, og Dav\u00ed\u00f0 konungur gladdist einnig st\u00f3rum.<a name=\"10\"><span class=\"versanumer\">10<\/span><\/a>\u00de\u00e1 lofa\u00f0i Dav\u00ed\u00f0 Drottin, a\u00f0 \u00f6llum s\u00f6fnu\u00f0inum \u00e1sj\u00e1anda, og Dav\u00ed\u00f0 m\u00e6lti: Lofa\u00f0ur s\u00e9rt \u00fe\u00fa, Drottinn, Gu\u00f0 \u00cdsraels, forf\u00f6\u00f0ur vors, fr\u00e1 eil\u00edf\u00f0 til eil\u00edf\u00f0ar.<a name=\"11\"><span class=\"versanumer\">11<\/span><\/a>\u00de\u00edn, Drottinn, er tignin, m\u00e1tturinn og d\u00fdr\u00f0in, vegsemdin og h\u00e1tignin, \u00fev\u00ed a\u00f0 allt er \u00feitt, \u00e1 himni og j\u00f6r\u00f0u. \u00deinn er konungd\u00f3murinn, Drottinn, og s\u00e1, er gn\u00e6fir yfir alla sem h\u00f6f\u00f0ingi.<a name=\"12\"><span class=\"versanumer\">12<\/span><\/a>&#8222;Au\u00f0leg\u00f0in og hei\u00f0urinn koma fr\u00e1 \u00fe\u00e9r; \u00fe\u00fa drottnar yfir \u00f6llu, m\u00e1ttur og megin er \u00ed hendi \u00feinni, og \u00e1 \u00fe\u00ednu valdi er \u00fea\u00f0, a\u00f0 gj\u00f6ra hvern sem vera skal mikinn og m\u00e1ttkan.&#8220;<a name=\"13\"><span class=\"versanumer\">13<\/span><\/a>Og n\u00fa, Gu\u00f0 vor, v\u00e9r lofum \u00feig og tignum \u00feitt d\u00fdrlega nafn.<a name=\"14\"><span class=\"versanumer\">14<\/span><\/a>\u00dev\u00ed a\u00f0 hva\u00f0 er \u00e9g, og hva\u00f0 er l\u00fd\u00f0ur minn, a\u00f0 v\u00e9r skulum vera f\u00e6rir um a\u00f0 gefa svo miki\u00f0 sj\u00e1lfviljuglega? Nei, fr\u00e1 \u00fe\u00e9r er allt, og af \u00fe\u00ednu h\u00f6fum v\u00e9r f\u00e6rt \u00fe\u00e9r gj\u00f6f.<a name=\"15\"><span class=\"versanumer\">15<\/span><\/a>\u00dev\u00ed a\u00f0 v\u00e9r erum a\u00f0komandi og \u00fatlendingar fyrir \u00fe\u00e9r, eins og allir fe\u00f0ur vorir. Sem skuggi eru dagar vorir \u00e1 j\u00f6r\u00f0unni, og engin er vonin.<a name=\"16\"><span class=\"versanumer\">16<\/span><\/a>Drottinn, Gu\u00f0 vor, \u00f6ll \u00feessi au\u00f0\u00e6fi, er v\u00e9r h\u00f6fum dregi\u00f0 a\u00f0 til \u00feess a\u00f0 reisa \u00fe\u00e9r \u00fe\u00ednu heilaga nafni h\u00fas, fr\u00e1 \u00fe\u00e9r eru \u00feau og allt er \u00fea\u00f0 \u00feitt.<a name=\"17\"><span class=\"versanumer\">17<\/span><\/a>Og \u00e9g veit, Gu\u00f0 minn, a\u00f0 \u00fe\u00fa rannsakar hjarta\u00f0 og hefir \u00fe\u00f3knun \u00e1 hreinskilni. \u00c9g hefi me\u00f0 hreinum hug og sj\u00e1lfviljuglega gefi\u00f0 allt \u00feetta, og \u00e9g hefi me\u00f0 gle\u00f0i horft \u00e1, hversu l\u00fd\u00f0ur \u00feinn, sem h\u00e9r er, f\u00e6rir \u00fe\u00e9r sj\u00e1lfviljagjafir.<a name=\"18\"><span class=\"versanumer\">18<\/span><\/a>Drottinn, Gu\u00f0 fe\u00f0ra vorra, Abrahams, \u00cdsaks og Jakobs, var\u00f0veit \u00fe\u00fa sl\u00edkar hugrenningar \u00ed hjarta l\u00fd\u00f0s \u00fe\u00edns a\u00f0 eil\u00edfu, og bein hj\u00f6rtum \u00feeirra til \u00fe\u00edn.<a name=\"19\"><span class=\"versanumer\">19<\/span><\/a>En gef \u00fe\u00fa Sal\u00f3mon syni m\u00ednum einl\u00e6gt hjarta, a\u00f0 hann megi var\u00f0veita bo\u00f0or\u00f0 \u00fe\u00edn, vitnisbur\u00f0i og fyrirskipanir, og a\u00f0 hann megi gj\u00f6ra allt \u00feetta og reisa musteri\u00f0, er \u00e9g hefi dregi\u00f0 a\u00f0 f\u00f6ng til.<a name=\"20\"><span class=\"versanumer\">20<\/span><\/a>S\u00ed\u00f0an m\u00e6lti Dav\u00ed\u00f0 til alls safna\u00f0arins: Lofi\u00f0 Drottin, Gu\u00f0 y\u00f0ar! Lofa\u00f0i \u00fe\u00e1 allur s\u00f6fnu\u00f0urinn Drottin, Gu\u00f0 fe\u00f0ra sinna, hneig\u00f0u sig og lutu Drottni og konungi.<a name=\"21\"><span class=\"versanumer\">21<\/span><\/a>N\u00e6sta morgun f\u00e6r\u00f0u \u00feeir Drottni sl\u00e1turf\u00f3rn og f\u00e6r\u00f0u honum \u00ed brennif\u00f3rn: \u00fe\u00fasund naut, \u00fe\u00fasund hr\u00fata og \u00fe\u00fasund l\u00f6mb, og drykkjarf\u00f3rnir, er vi\u00f0 \u00e1ttu, svo og sl\u00e1turf\u00f3rnir \u00ed r\u00edkum m\u00e6li fyrir allan \u00cdsrael.<a name=\"22\"><span class=\"versanumer\">22<\/span><\/a>\u00c1tu \u00feeir svo og drukku frammi fyrir Drottni \u00feann dag \u00ed miklum fagna\u00f0i og t\u00f3ku Sal\u00f3mon, son Dav\u00ed\u00f0s, \u00f6\u00f0ru sinni til konungs og smur\u00f0u hann \u00fej\u00f3\u00f0h\u00f6f\u00f0ingja Drottni til handa, en Sad\u00f3k til prests.<a name=\"23\"><span class=\"versanumer\">23<\/span><\/a>Sat Sal\u00f3mon \u00feannig sem konungur Drottins \u00ed h\u00e1s\u00e6ti \u00ed sta\u00f0 Dav\u00ed\u00f0s f\u00f6\u00f0ur s\u00edns og var au\u00f0numa\u00f0ur, og allir \u00cdsraelsmenn hl\u00fdddu honum.<a name=\"24\"><span class=\"versanumer\">24<\/span><\/a>Og allir h\u00f6f\u00f0ingjarnir og kapparnir, svo og allir synir Dav\u00ed\u00f0s konungs, hylltu Sal\u00f3mon konung.<a name=\"25\"><span class=\"versanumer\">25<\/span><\/a>Og Drottinn gj\u00f6r\u00f0i Sal\u00f3mon mj\u00f6g vegsamlegan \u00ed augum allra \u00cdsraelsmanna og veitti honum tignarmikinn konungd\u00f3m, svo a\u00f0 enginn konungur \u00ed \u00cdsrael haf\u00f0i sl\u00edkan haft \u00e1 undan honum.<a name=\"26\"><span class=\"versanumer\">26<\/span><\/a>Dav\u00ed\u00f0 \u00cdsa\u00edson r\u00edkti yfir \u00f6llum \u00cdsrael.<a name=\"27\"><span class=\"versanumer\">27<\/span><\/a>En s\u00e1 t\u00edmi, er hann r\u00edkti yfir \u00cdsrael, var fj\u00f6rut\u00edu \u00e1r. \u00cd Hebron r\u00edkti hann sj\u00f6 \u00e1r, en \u00ed Jer\u00fasalem r\u00edkti hann \u00ferj\u00e1t\u00edu og \u00ferj\u00fa.<a name=\"28\"><span class=\"versanumer\">28<\/span><\/a>D\u00f3 hann \u00ed g\u00f3\u00f0ri elli, saddur l\u00edfdaga, au\u00f0\u00e6fa og s\u00e6mdar, og t\u00f3k Sal\u00f3mon sonur hans r\u00edki eftir hann.<a name=\"29\"><span class=\"versanumer\">29<\/span><\/a>En saga Dav\u00ed\u00f0s konungs fr\u00e1 upphafi til enda er skr\u00e1\u00f0 \u00ed S\u00f6gu Sam\u00faels sj\u00e1anda, svo og \u00ed S\u00f6gu Natans sp\u00e1manns og \u00ed S\u00f6gu Ga\u00f0s sj\u00e1anda.<a name=\"30\"><span class=\"versanumer\">30<\/span><\/a>\u00dear er og sagt fr\u00e1 \u00f6llum konungd\u00f3mi hans og hreystiverkum svo og atbur\u00f0um \u00feeim, er fyrir hann komu og fyrir \u00cdsrael og \u00f6ll r\u00edki landanna.<\/p>\n<div class=\"footnote1981\"><b>29.5<\/b> F\u00f3rnargj\u00f6f 2M\u00f3s 25.2+<br \/>\n<b>29.22<\/b> Mj\u00f6g gla\u00f0ir 1Kon 1.40 \u2013 Sal\u00f3mon smur\u00f0ur 1Kon 1.39<br \/>\n<b>29.25<\/b> Enginn hans l\u00edki 1Kon 3.12-14<br \/>\n<b>29.27<\/b> sbr 1Kon 2.11<br \/>\n<b>29.28<\/b> Var\u00f0 konungur eftir hann 1Kon 2.12<\/div>\n","protected":false},"excerpt":{"rendered":"<p>1Dav\u00ed\u00f0 konungur m\u00e6lti til alls safna\u00f0arins: Sal\u00f3mon sonur minn, hinn eini, er Gu\u00f0 hefir kj\u00f6ri\u00f0, er ungur og \u00f3reyndur, en starfi\u00f0 er miki\u00f0, \u00fev\u00ed a\u00f0 eigi er musteri \u00feetta manni \u00e6tla\u00f0, heldur Drottni Gu\u00f0i.2\u00c9g hefi af \u00f6llum m\u00e6tti dregi\u00f0 a\u00f0 fyrir musteri Gu\u00f0s m\u00edns, gull \u00ed gull\u00e1h\u00f6ldin, silfur \u00ed silfur\u00e1h\u00f6ldin, eir \u00ed eir\u00e1h\u00f6ldin, j\u00e1rn \u00ed j\u00e1rn\u00e1h\u00f6ldin og tr\u00e9 \u00ed tr\u00e9\u00e1h\u00f6ldin, sj\u00f3amsteina og steina til a\u00f0 greypa inn, glj\u00e1steina og mislita steina, alls konar d\u00fdra steina og afar miki\u00f0 af alabastursteinum.3Enn fremur vil \u00e9g, sakir \u00feess a\u00f0 \u00e9g hefi m\u00e6tur \u00e1 musteri Gu\u00f0s m\u00edns, gefa \u00fea\u00f0, er \u00e9g \u00e1 af gulli <a href=\"https:\/\/biblian.is\/1981\/fyrri-kronikubok-29-kafli\/\"> [&#8230;]<\/a><\/p>\n","protected":false},"author":1,"featured_media":0,"parent":0,"menu_order":0,"comment_status":"open","ping_status":"open","template":"bibliukaflar.php","meta":{"footnotes":""},"class_list":["post-1713","page","type-page","status-publish","hentry"],"_links":{"self":[{"href":"https:\/\/biblian.is\/1981\/wp-json\/wp\/v2\/pages\/1713","targetHints":{"allow":["GET"]}}],"collection":[{"href":"https:\/\/biblian.is\/1981\/wp-json\/wp\/v2\/pages"}],"about":[{"href":"https:\/\/biblian.is\/1981\/wp-json\/wp\/v2\/types\/page"}],"author":[{"embeddable":true,"href":"https:\/\/biblian.is\/1981\/wp-json\/wp\/v2\/users\/1"}],"replies":[{"embeddable":true,"href":"https:\/\/biblian.is\/1981\/wp-json\/wp\/v2\/comments?post=1713"}],"version-history":[{"count":0,"href":"https:\/\/biblian.is\/1981\/wp-json\/wp\/v2\/pages\/1713\/revisions"}],"wp:attachment":[{"href":"https:\/\/biblian.is\/1981\/wp-json\/wp\/v2\/media?parent=1713"}],"curies":[{"name":"wp","href":"https:\/\/api.w.org\/{rel}","templated":true}]}}