{"id":1712,"date":"2017-11-18T20:18:23","date_gmt":"2017-11-18T20:18:23","guid":{"rendered":"http:\/\/biblian.is\/1981\/fyrri-kronikubok-28-kafli\/"},"modified":"2021-06-06T10:57:10","modified_gmt":"2021-06-06T10:57:10","slug":"fyrri-kronikubok-28-kafli","status":"publish","type":"page","link":"https:\/\/biblian.is\/1981\/fyrri-kronikubok-28-kafli\/","title":{"rendered":"Fyrri kron\u00edkub\u00f3k 28. kafli"},"content":{"rendered":"<p><a name=\"1\"><span class=\"versanumer\">1<\/span><\/a>Dav\u00ed\u00f0 stefndi til Jer\u00fasalem \u00f6llum h\u00f6f\u00f0ingjum \u00cdsraels, h\u00f6f\u00f0ingjum fyrir kynkv\u00edslunum og flokksh\u00f6f\u00f0ingjunum, \u00feeim er konungi \u00fej\u00f3nu\u00f0u, \u00fe\u00fasundh\u00f6f\u00f0ingjunum og hundra\u00f0sh\u00f6f\u00f0ingjunum og r\u00e1\u00f0sm\u00f6nnum yfir \u00f6llum eignum og f\u00e9na\u00f0i konungs og sona hans, og auk \u00feess hir\u00f0m\u00f6nnunum og k\u00f6ppunum og \u00f6llum r\u00f6skum m\u00f6nnum.<a name=\"2\"><span class=\"versanumer\">2<\/span><\/a>\u00de\u00e1 st\u00f3\u00f0 Dav\u00ed\u00f0 konungur upp og m\u00e6lti: Hlusti\u00f0 \u00e1 mig, \u00fe\u00e9r br\u00e6\u00f0ur m\u00ednir og l\u00fd\u00f0ur minn! \u00c9g haf\u00f0i \u00ed hyggju a\u00f0 reisa hv\u00edldarsta\u00f0 fyrir s\u00e1ttm\u00e1ls\u00f6rk Drottins og fyrir f\u00f3tsk\u00f6r Gu\u00f0s vors, og dr\u00f3 a\u00f0 f\u00f6ng til byggingarinnar.<a name=\"3\"><span class=\"versanumer\">3<\/span><\/a>En Gu\u00f0 sag\u00f0i vi\u00f0 mig: \u00de\u00fa skalt eigi reisa h\u00fas nafni m\u00ednu, \u00fev\u00ed a\u00f0 \u00fe\u00fa ert bardagama\u00f0ur og hefir \u00fathellt bl\u00f3\u00f0i.<a name=\"4\"><span class=\"versanumer\">4<\/span><\/a>Drottinn Gu\u00f0 \u00cdsraels kaus mig af allri \u00e6tt minni, a\u00f0 \u00e9g skyldi \u00e6vinlega vera konungur yfir \u00cdsrael. \u00dev\u00ed a\u00f0 J\u00fada hefir hann kj\u00f6ri\u00f0 til \u00fej\u00f3\u00f0h\u00f6f\u00f0ingja, og \u00ed \u00e6ttkv\u00edsl J\u00fada \u00e6tt m\u00edna, og me\u00f0al sona f\u00f6\u00f0ur m\u00edns \u00fe\u00f3kna\u00f0ist honum a\u00f0 gj\u00f6ra mig a\u00f0 konungi yfir \u00f6llum \u00cdsrael.<a name=\"5\"><span class=\"versanumer\">5<\/span><\/a>Og af \u00f6llum sonum m\u00ednum \u00fev\u00ed a\u00f0 Drottinn hefir gefi\u00f0 m\u00e9r marga sonu kaus hann Sal\u00f3mon son minn, a\u00f0 hann skyldi sitja \u00e1 konungsst\u00f3li Drottins yfir \u00cdsrael.<a name=\"6\"><span class=\"versanumer\">6<\/span><\/a>Hann sag\u00f0i vi\u00f0 mig: Sal\u00f3mon sonur \u00feinn, hann skal reisa musteri mitt og forgar\u00f0a m\u00edna, \u00fev\u00ed a\u00f0 hann hefi \u00e9g kj\u00f6ri\u00f0 m\u00e9r fyrir son, og \u00e9g vil vera honum fa\u00f0ir.<a name=\"7\"><span class=\"versanumer\">7<\/span><\/a>Og \u00e9g mun sta\u00f0festa konungd\u00f3m hans a\u00f0 eil\u00edfu, ef hann st\u00f6\u00f0ugt heldur bo\u00f0 m\u00edn og fyrirskipanir, eins og n\u00fa.<a name=\"8\"><span class=\"versanumer\">8<\/span><\/a>Og n\u00fa, a\u00f0 \u00f6llum \u00cdsrael \u00e1sj\u00e1anda, frammi fyrir s\u00f6fnu\u00f0i Drottins og \u00ed \u00e1heyrn Gu\u00f0s vors: Var\u00f0veiti\u00f0 kostg\u00e6filega \u00f6ll bo\u00f0or\u00f0 Drottins, Gu\u00f0s y\u00f0ar, a\u00f0 \u00fe\u00e9r megi\u00f0 eiga \u00feetta g\u00f3\u00f0a land og l\u00e1ta \u00fea\u00f0 ganga a\u00f0 erf\u00f0um til ni\u00f0ja y\u00f0ar um aldur og \u00e6vi.<a name=\"9\"><span class=\"versanumer\">9<\/span><\/a>&#8222;Og \u00fe\u00fa, Sal\u00f3mon, sonur minn, l\u00e6r a\u00f0 \u00feekkja Gu\u00f0 f\u00f6\u00f0ur \u00fe\u00edns og \u00fej\u00f3na honum af \u00f6llu hjarta og me\u00f0 f\u00fasu ge\u00f0i, \u00fev\u00ed a\u00f0 Drottinn rannsakar \u00f6ll hj\u00f6rtu og \u00feekkir allar hugrenningar. Ef \u00fe\u00fa leitar hans, mun hann gefa \u00fe\u00e9r kost \u00e1 a\u00f0 finna sig; ef \u00fe\u00fa yfirgefur hann, mun hann \u00fatsk\u00fafa \u00fe\u00e9r um aldur.&#8220;<a name=\"10\"><span class=\"versanumer\">10<\/span><\/a>G\u00e6t n\u00fa a\u00f0, \u00fev\u00ed a\u00f0 Drottinn hefir kj\u00f6ri\u00f0 \u00feig til \u00feess a\u00f0 reisa helgid\u00f3msh\u00fas. Gakk \u00f6ruggur a\u00f0 verki.<a name=\"11\"><span class=\"versanumer\">11<\/span><\/a>S\u00ed\u00f0an f\u00e9kk Dav\u00ed\u00f0 Sal\u00f3mon syni s\u00ednum fyrirmynd a\u00f0 forsalnum og herbergjum hans, fj\u00e1rhirslum, loftherbergjum, innherbergjum og arkarherberginu,<a name=\"12\"><span class=\"versanumer\">12<\/span><\/a>svo og fyrirmynd a\u00f0 \u00f6llu \u00fev\u00ed, er hann haf\u00f0i \u00ed huga: a\u00f0 forg\u00f6r\u00f0um musteris Drottins og herbergjunum allt \u00ed kring, f\u00e9hirslum Gu\u00f0s h\u00fass og fj\u00e1rhirslunum fyrir helgigjafirnar,<a name=\"13\"><span class=\"versanumer\">13<\/span><\/a>\u00e1\u00e6tlun um flokka prestanna og lev\u00edtanna og \u00f6ll emb\u00e6ttisst\u00f6rf \u00ed musteri Drottins, og um \u00f6ll \u00fej\u00f3nustu\u00e1h\u00f6ld \u00ed musteri Drottins,<a name=\"14\"><span class=\"versanumer\">14<\/span><\/a>&#8222;og \u00e1\u00e6tlun um \u00feyngd gullsins, sem \u00e1 \u00feurfti a\u00f0 halda \u00ed \u00f6ll \u00e1h\u00f6ld vi\u00f0 hvers konar emb\u00e6ttisst\u00f6rf; og um \u00feyngd silfur\u00e1haldanna, sem \u00e1 \u00feurfti a\u00f0 halda vi\u00f0 hvers konar emb\u00e6ttisst\u00f6rf;&#8220;<a name=\"15\"><span class=\"versanumer\">15<\/span><\/a>&#8222;og um efni\u00f0 \u00ed gullstjakana og gulllampana, er \u00e1 \u00feeim voru, eftir \u00feyngd hvers stjaka og lampa hans; og um efni\u00f0 \u00ed silfurstjakana eftir \u00feyngd hvers stjaka og lampa hans, eftir \u00fev\u00ed sem hver stjaki var \u00e6tla\u00f0ur til;&#8220;<a name=\"16\"><span class=\"versanumer\">16<\/span><\/a>&#8222;og um \u00feyngd gullsins \u00ed hvert af bor\u00f0unum fyrir ra\u00f0settu brau\u00f0in; og um silfri\u00f0 \u00ed silfurbor\u00f0in;&#8220;<a name=\"17\"><span class=\"versanumer\">17<\/span><\/a>&#8222;og um \u00feyngd so\u00f0kr\u00f3kanna og f\u00f3rnarsk\u00e1lanna og bollanna \u00far sk\u00edru gulli og \u00feyngd gullbikaranna og silfurbikaranna, hvers fyrir sig;&#8220;<a name=\"18\"><span class=\"versanumer\">18<\/span><\/a>og um \u00feyngd reykelsisaltarisins \u00far hreinsu\u00f0u gulli. Og hann f\u00e9kk honum fyrirmynd a\u00f0 vagninum, gullker\u00fabunum, er breiddu \u00fat v\u00e6ngina og huldu s\u00e1ttm\u00e1ls\u00f6rk Drottins.<a name=\"19\"><span class=\"versanumer\">19<\/span><\/a>Allt \u00feetta, kva\u00f0 Dav\u00ed\u00f0, er skr\u00e1\u00f0 \u00ed riti fr\u00e1 hendi Drottins. Hann hefir fr\u00e6tt mig um \u00f6ll st\u00f6rf, er vinna \u00e1 eftir fyrirmyndinni.<a name=\"20\"><span class=\"versanumer\">20<\/span><\/a>S\u00ed\u00f0an m\u00e6lti Dav\u00ed\u00f0 vi\u00f0 Sal\u00f3mon son sinn: Ver hughraustur og \u00f6ruggur og kom \u00feessu til framkv\u00e6mdar. \u00d3ttast ekki og l\u00e1t eigi hugfallast, \u00fev\u00ed a\u00f0 Drottinn Gu\u00f0, Gu\u00f0 minn, mun vera me\u00f0 \u00fe\u00e9r. Hann mun eigi sleppa af \u00fe\u00e9r hendinni og eigi yfirgefa \u00feig, uns loki\u00f0 er \u00f6llum st\u00f6rfum til \u00fej\u00f3nustugj\u00f6r\u00f0ar \u00ed musteri Drottins.<a name=\"21\"><span class=\"versanumer\">21<\/span><\/a>H\u00e9r eru og prestaflokkar og lev\u00edta til alls konar \u00fej\u00f3nustu vi\u00f0 musteri Gu\u00f0s, og hj\u00e1 \u00fe\u00e9r eru menn til alls konar starfa, verkhyggnir menn, f\u00fasir til allra starfa, og enn fremur hl\u00fd\u00f0a h\u00f6f\u00f0ingjarnir og allur l\u00fd\u00f0urinn \u00f6llum skipunum \u00fe\u00ednum.<\/p>\n<div class=\"footnote1981\"><b>28.2<\/b> Hef haft \u00ed hyggju 2Sam 7.1-17+<br \/>\n<b>28.6<\/b> Sem sonur 2Sam 7.14+<br \/>\n<b>28.11-12<\/b> H\u00fasaskipan 1Kon 6<br \/>\n<b>28.13<\/b> Presta og lev\u00edta 1Kro 23-26<br \/>\n<b>23.14-17<\/b> \u00c1h\u00f6ld til gu\u00f0s\u00fej\u00f3nustu 1Kon 7.40-50<br \/>\n<b>28.18<\/b> Ker\u00fabar 1Kon 6.23-28<\/div>\n","protected":false},"excerpt":{"rendered":"<p>1Dav\u00ed\u00f0 stefndi til Jer\u00fasalem \u00f6llum h\u00f6f\u00f0ingjum \u00cdsraels, h\u00f6f\u00f0ingjum fyrir kynkv\u00edslunum og flokksh\u00f6f\u00f0ingjunum, \u00feeim er konungi \u00fej\u00f3nu\u00f0u, \u00fe\u00fasundh\u00f6f\u00f0ingjunum og hundra\u00f0sh\u00f6f\u00f0ingjunum og r\u00e1\u00f0sm\u00f6nnum yfir \u00f6llum eignum og f\u00e9na\u00f0i konungs og sona hans, og auk \u00feess hir\u00f0m\u00f6nnunum og k\u00f6ppunum og \u00f6llum r\u00f6skum m\u00f6nnum.2\u00de\u00e1 st\u00f3\u00f0 Dav\u00ed\u00f0 konungur upp og m\u00e6lti: Hlusti\u00f0 \u00e1 mig, \u00fe\u00e9r br\u00e6\u00f0ur m\u00ednir og l\u00fd\u00f0ur minn! \u00c9g haf\u00f0i \u00ed hyggju a\u00f0 reisa hv\u00edldarsta\u00f0 fyrir s\u00e1ttm\u00e1ls\u00f6rk Drottins og fyrir f\u00f3tsk\u00f6r Gu\u00f0s vors, og dr\u00f3 a\u00f0 f\u00f6ng til byggingarinnar.3En Gu\u00f0 sag\u00f0i vi\u00f0 mig: \u00de\u00fa skalt eigi reisa h\u00fas nafni m\u00ednu, \u00fev\u00ed a\u00f0 \u00fe\u00fa ert bardagama\u00f0ur og hefir \u00fathellt bl\u00f3\u00f0i.4Drottinn Gu\u00f0 \u00cdsraels kaus mig <a href=\"https:\/\/biblian.is\/1981\/fyrri-kronikubok-28-kafli\/\"> [&#8230;]<\/a><\/p>\n","protected":false},"author":1,"featured_media":0,"parent":0,"menu_order":0,"comment_status":"open","ping_status":"open","template":"bibliukaflar.php","meta":{"footnotes":""},"class_list":["post-1712","page","type-page","status-publish","hentry"],"_links":{"self":[{"href":"https:\/\/biblian.is\/1981\/wp-json\/wp\/v2\/pages\/1712","targetHints":{"allow":["GET"]}}],"collection":[{"href":"https:\/\/biblian.is\/1981\/wp-json\/wp\/v2\/pages"}],"about":[{"href":"https:\/\/biblian.is\/1981\/wp-json\/wp\/v2\/types\/page"}],"author":[{"embeddable":true,"href":"https:\/\/biblian.is\/1981\/wp-json\/wp\/v2\/users\/1"}],"replies":[{"embeddable":true,"href":"https:\/\/biblian.is\/1981\/wp-json\/wp\/v2\/comments?post=1712"}],"version-history":[{"count":0,"href":"https:\/\/biblian.is\/1981\/wp-json\/wp\/v2\/pages\/1712\/revisions"}],"wp:attachment":[{"href":"https:\/\/biblian.is\/1981\/wp-json\/wp\/v2\/media?parent=1712"}],"curies":[{"name":"wp","href":"https:\/\/api.w.org\/{rel}","templated":true}]}}