{"id":1711,"date":"2017-11-18T20:18:23","date_gmt":"2017-11-18T20:18:23","guid":{"rendered":"http:\/\/biblian.is\/1981\/fyrri-kronikubok-27-kafli\/"},"modified":"2021-06-06T10:57:10","modified_gmt":"2021-06-06T10:57:10","slug":"fyrri-kronikubok-27-kafli","status":"publish","type":"page","link":"https:\/\/biblian.is\/1981\/fyrri-kronikubok-27-kafli\/","title":{"rendered":"Fyrri kron\u00edkub\u00f3k 27. kafli"},"content":{"rendered":"<p><a name=\"1\"><span class=\"versanumer\">1<\/span><\/a>\u00deessir eru \u00cdsraelsmenn eftir t\u00f6lu \u00feeirra, \u00e6tth\u00f6f\u00f0ingjar, \u00fe\u00fasundh\u00f6f\u00f0ingjar, hundra\u00f0sh\u00f6f\u00f0ingjar og starfsmenn \u00feeirra, er \u00fej\u00f3nu\u00f0u konungi \u00ed \u00f6llum flokkast\u00f6rfum, er komu og f\u00f3ru m\u00e1nu\u00f0 eftir m\u00e1nu\u00f0, alla m\u00e1nu\u00f0i \u00e1rsins. Voru \u00ed flokki hverjum tuttugu og fj\u00f6gur \u00fe\u00fasund manns.<a name=\"2\"><span class=\"versanumer\">2<\/span><\/a>Yfir fyrsta flokki, \u00ed fyrsta m\u00e1nu\u00f0i, var Jas\u00f3beam Sabd\u00edelsson, og voru tuttugu og fj\u00f6gur \u00fe\u00fasund manns \u00ed flokki hans.<a name=\"3\"><span class=\"versanumer\">3<\/span><\/a>Var hann af Peresni\u00f0jum og fyrir \u00f6llum herforingjum \u00ed fyrsta m\u00e1nu\u00f0i.<a name=\"4\"><span class=\"versanumer\">4<\/span><\/a>Yfir flokki annars m\u00e1na\u00f0arins var Eleasar D\u00f3da\u00edson, Ah\u00f3h\u00edti. Fyrir flokki hans var h\u00f6f\u00f0inginn Mikl\u00f3t, og voru tuttugu og fj\u00f6gur \u00fe\u00fasund manns \u00ed flokki hans.<a name=\"5\"><span class=\"versanumer\">5<\/span><\/a>\u00deri\u00f0ji hersh\u00f6f\u00f0inginn, \u00ed \u00feri\u00f0ja m\u00e1nu\u00f0inum, var Benaja, sonur J\u00f3jada prests, h\u00f6f\u00f0ingi, og voru tuttugu og fj\u00f6gur \u00fe\u00fasund manns \u00ed flokki hans.<a name=\"6\"><span class=\"versanumer\">6<\/span><\/a>Var Benaja \u00feessi kappi me\u00f0al \u00feeirra \u00ferj\u00e1t\u00edu og fyrir \u00feeim \u00ferj\u00e1t\u00edu. Var Amm\u00edsabad sonur hans fyrir flokki hans.<a name=\"7\"><span class=\"versanumer\">7<\/span><\/a>Fj\u00f3r\u00f0i var Asahel, br\u00f3\u00f0ir J\u00f3abs, fj\u00f3r\u00f0a m\u00e1nu\u00f0inn, og eftir hann Sebadja sonur hans. Voru tuttugu og fj\u00f6gur \u00fe\u00fasund manns \u00ed flokki hans.<a name=\"8\"><span class=\"versanumer\">8<\/span><\/a>Fimmti hersh\u00f6f\u00f0inginn var Samh\u00fat J\u00edsra\u00edti, fimmta m\u00e1nu\u00f0inn. Voru tuttugu og fj\u00f6gur \u00fe\u00fasund manns \u00ed flokki hans.<a name=\"9\"><span class=\"versanumer\">9<\/span><\/a>Sj\u00f6tti var \u00cdra \u00cdkkesson fr\u00e1 Tek\u00f3a, sj\u00f6tta m\u00e1nu\u00f0inn. Voru tuttugu og fj\u00f6gur \u00fe\u00fasund manns \u00ed flokki hans.<a name=\"10\"><span class=\"versanumer\">10<\/span><\/a>Sj\u00f6undi var Heles Pel\u00f3n\u00edti af Efra\u00edmsni\u00f0jum, sj\u00f6unda m\u00e1nu\u00f0inn. Voru tuttugu og fj\u00f6gur \u00fe\u00fasund manns \u00ed flokki hans.<a name=\"11\"><span class=\"versanumer\">11<\/span><\/a>\u00c1ttundi var Sibbeka\u00ed H\u00fasat\u00edti af Sera\u00edtum, \u00e1ttunda m\u00e1nu\u00f0inn. Voru tuttugu og fj\u00f6gur \u00fe\u00fasund manns \u00ed flokki hans.<a name=\"12\"><span class=\"versanumer\">12<\/span><\/a>N\u00edundi var Ab\u00edeser fr\u00e1 Anat\u00f3t af Benjam\u00ednsni\u00f0jum, n\u00edunda m\u00e1nu\u00f0inn. Voru tuttugu og fj\u00f6gur \u00fe\u00fasund manns \u00ed flokki hans.<a name=\"13\"><span class=\"versanumer\">13<\/span><\/a>T\u00edundi var Mahara\u00ed fr\u00e1 Net\u00f3fa af Sera\u00edtum, t\u00edunda m\u00e1nu\u00f0inn. Voru tuttugu og fj\u00f6gur \u00fe\u00fasund manns \u00ed flokki hans.<a name=\"14\"><span class=\"versanumer\">14<\/span><\/a>Ellefti var Benaja fr\u00e1 P\u00edraton af Efra\u00edmsni\u00f0jum, ellefta m\u00e1nu\u00f0inn. Voru tuttugu og fj\u00f6gur \u00fe\u00fasund manns \u00ed flokki hans.<a name=\"15\"><span class=\"versanumer\">15<\/span><\/a>T\u00f3lfti var Helda\u00ed fr\u00e1 Net\u00f3fa af \u00e6tt Otn\u00edels, t\u00f3lfta m\u00e1nu\u00f0inn, og voru tuttugu og fj\u00f6gur \u00fe\u00fasund manns \u00ed flokki hans.<a name=\"16\"><span class=\"versanumer\">16<\/span><\/a>\u00deessir voru yfir kynkv\u00edslum \u00cdsraels: Af R\u00fabensni\u00f0jum var h\u00f6f\u00f0ingi El\u00edeser S\u00edkr\u00edson. Af S\u00edmeonsni\u00f0jum Sefatja Maakason.<a name=\"17\"><span class=\"versanumer\">17<\/span><\/a>Af Lev\u00ed Hasabja Kem\u00faelsson. Af Aron Sad\u00f3k.<a name=\"18\"><span class=\"versanumer\">18<\/span><\/a>Af J\u00fada El\u00edh\u00fa, einn af br\u00e6\u00f0rum Dav\u00ed\u00f0s. Af \u00cdssakar Omr\u00ed M\u00edkaelsson.<a name=\"19\"><span class=\"versanumer\">19<\/span><\/a>Af Seb\u00falon Jismaja \u00d3bad\u00edason. Af Naftal\u00ed Jer\u00edm\u00f3t Asr\u00edelsson.<a name=\"20\"><span class=\"versanumer\">20<\/span><\/a>Af Efra\u00edmsni\u00f0jum H\u00f3sea Asasjason. Af h\u00e1lfri Manassekynkv\u00edsl J\u00f3el Pedajason.<a name=\"21\"><span class=\"versanumer\">21<\/span><\/a>Af h\u00e1lfri Manassekynkv\u00edsl \u00ed G\u00edlea\u00f0 \u00cddd\u00f3 Sakar\u00edason. Af Benjam\u00edn Jaas\u00edel Abnersson.<a name=\"22\"><span class=\"versanumer\">22<\/span><\/a>Af Dan Asareel Jer\u00f3hamsson. \u00deessir voru h\u00f6f\u00f0ingjar \u00cdsraelskynkv\u00edsla.<a name=\"23\"><span class=\"versanumer\">23<\/span><\/a>En Dav\u00ed\u00f0 l\u00e9t ekki telja \u00fe\u00e1, er yngri voru en tv\u00edtugir, \u00fev\u00ed a\u00f0 Drottinn haf\u00f0i heiti\u00f0 \u00fev\u00ed a\u00f0 gj\u00f6ra \u00cdsraelsmenn marga sem stj\u00f6rnur himins.<a name=\"24\"><span class=\"versanumer\">24<\/span><\/a>Haf\u00f0i J\u00f3ab Ser\u00fajuson byrja\u00f0 \u00e1 a\u00f0 telja, en eigi loki\u00f0 vi\u00f0, \u00fev\u00ed a\u00f0 sakir \u00feessa kom rei\u00f0i yfir \u00cdsrael, og talan var eigi skr\u00e1\u00f0 me\u00f0 t\u00f6lunum \u00ed \u00e1rb\u00f3kum Dav\u00ed\u00f0s konungs.<a name=\"25\"><span class=\"versanumer\">25<\/span><\/a>Asmavet Ad\u00edelsson haf\u00f0i umsj\u00f3n me\u00f0 fj\u00e1rsj\u00f3\u00f0um konungs og J\u00f3natan \u00dass\u00edasson me\u00f0 eignunum \u00e1 m\u00f6rkinni, \u00ed borgunum, \u00feorpunum og k\u00f6stulunum.<a name=\"26\"><span class=\"versanumer\">26<\/span><\/a>Esr\u00ed Kel\u00fabsson haf\u00f0i umsj\u00f3n me\u00f0 jar\u00f0yrkjum\u00f6nnum, er st\u00f6rfu\u00f0u a\u00f0 akuryrkju,<a name=\"27\"><span class=\"versanumer\">27<\/span><\/a>S\u00edme\u00ed fr\u00e1 Rama yfir v\u00edng\u00f6r\u00f0unum, og Sabd\u00ed Sifm\u00edti yfir v\u00ednfor\u00f0anum \u00ed v\u00edng\u00f6r\u00f0unum,<a name=\"28\"><span class=\"versanumer\">28<\/span><\/a>Baal Hanan fr\u00e1 Geder yfir ol\u00edutrj\u00e1num og m\u00f3rberjatrj\u00e1num \u00e1 l\u00e1glendinu og J\u00f3as yfir ol\u00edufor\u00f0anum.<a name=\"29\"><span class=\"versanumer\">29<\/span><\/a>Yfir nautunum, er gengu \u00e1 Saron, haf\u00f0i S\u00edtra\u00ed fr\u00e1 Saron umsj\u00f3n, yfir nautunum, er gengu \u00ed d\u00f6lunum, Safat Adla\u00edson,<a name=\"30\"><span class=\"versanumer\">30<\/span><\/a>yfir \u00falf\u00f6ldunum \u00d3b\u00edl \u00cdsmael\u00edti, yfir \u00f6snunum Jehdeja fr\u00e1 Mer\u00f3n\u00f3t,<a name=\"31\"><span class=\"versanumer\">31<\/span><\/a>yfir sau\u00f0f\u00e9na\u00f0inum Jasis Hagr\u00edti. Allir \u00feessir voru umr\u00e1\u00f0amenn yfir eignum Dav\u00ed\u00f0s konungs.<a name=\"32\"><span class=\"versanumer\">32<\/span><\/a>J\u00f3natan, f\u00f6\u00f0urbr\u00f3\u00f0ir Dav\u00ed\u00f0s, var r\u00e1\u00f0gjafi. Var hann vitur ma\u00f0ur og fr\u00f3\u00f0ur. Jeh\u00edel Hakm\u00f3n\u00edson var me\u00f0 sonum konungs,<a name=\"33\"><span class=\"versanumer\">33<\/span><\/a>Ak\u00edt\u00f3fel var r\u00e1\u00f0gjafi konungs og H\u00fasa\u00ed Ark\u00edti var stallari konungs.<a name=\"34\"><span class=\"versanumer\">34<\/span><\/a>N\u00e6stur Ak\u00edt\u00f3fel gekk J\u00f3jada Benajason og Abjatar. J\u00f3ab var hersh\u00f6f\u00f0ingi konungs.<\/p>\n<div class=\"footnote1981\"><b>27.5-6<\/b> Benaja 1Kro 11.22-25<br \/>\n<b>27.7<\/b> Asael 1Kro 11.26; 2Sam 2.18-23<br \/>\n<b>27.23<\/b> Sem stj\u00f6rnur himins 1M\u00f3s 15.5<br \/>\n<b>27.24<\/b> Manntali\u00f0 1Kro 21<br \/>\n<b>27.33<\/b> Ak\u00edt\u00f3fel 2Sam 15.12+<\/div>\n","protected":false},"excerpt":{"rendered":"<p>1\u00deessir eru \u00cdsraelsmenn eftir t\u00f6lu \u00feeirra, \u00e6tth\u00f6f\u00f0ingjar, \u00fe\u00fasundh\u00f6f\u00f0ingjar, hundra\u00f0sh\u00f6f\u00f0ingjar og starfsmenn \u00feeirra, er \u00fej\u00f3nu\u00f0u konungi \u00ed \u00f6llum flokkast\u00f6rfum, er komu og f\u00f3ru m\u00e1nu\u00f0 eftir m\u00e1nu\u00f0, alla m\u00e1nu\u00f0i \u00e1rsins. Voru \u00ed flokki hverjum tuttugu og fj\u00f6gur \u00fe\u00fasund manns.2Yfir fyrsta flokki, \u00ed fyrsta m\u00e1nu\u00f0i, var Jas\u00f3beam Sabd\u00edelsson, og voru tuttugu og fj\u00f6gur \u00fe\u00fasund manns \u00ed flokki hans.3Var hann af Peresni\u00f0jum og fyrir \u00f6llum herforingjum \u00ed fyrsta m\u00e1nu\u00f0i.4Yfir flokki annars m\u00e1na\u00f0arins var Eleasar D\u00f3da\u00edson, Ah\u00f3h\u00edti. Fyrir flokki hans var h\u00f6f\u00f0inginn Mikl\u00f3t, og voru tuttugu og fj\u00f6gur \u00fe\u00fasund manns \u00ed flokki hans.5\u00deri\u00f0ji hersh\u00f6f\u00f0inginn, \u00ed \u00feri\u00f0ja m\u00e1nu\u00f0inum, var Benaja, sonur J\u00f3jada prests, h\u00f6f\u00f0ingi, og voru <a href=\"https:\/\/biblian.is\/1981\/fyrri-kronikubok-27-kafli\/\"> [&#8230;]<\/a><\/p>\n","protected":false},"author":1,"featured_media":0,"parent":0,"menu_order":0,"comment_status":"open","ping_status":"open","template":"bibliukaflar.php","meta":{"footnotes":""},"class_list":["post-1711","page","type-page","status-publish","hentry"],"_links":{"self":[{"href":"https:\/\/biblian.is\/1981\/wp-json\/wp\/v2\/pages\/1711","targetHints":{"allow":["GET"]}}],"collection":[{"href":"https:\/\/biblian.is\/1981\/wp-json\/wp\/v2\/pages"}],"about":[{"href":"https:\/\/biblian.is\/1981\/wp-json\/wp\/v2\/types\/page"}],"author":[{"embeddable":true,"href":"https:\/\/biblian.is\/1981\/wp-json\/wp\/v2\/users\/1"}],"replies":[{"embeddable":true,"href":"https:\/\/biblian.is\/1981\/wp-json\/wp\/v2\/comments?post=1711"}],"version-history":[{"count":0,"href":"https:\/\/biblian.is\/1981\/wp-json\/wp\/v2\/pages\/1711\/revisions"}],"wp:attachment":[{"href":"https:\/\/biblian.is\/1981\/wp-json\/wp\/v2\/media?parent=1711"}],"curies":[{"name":"wp","href":"https:\/\/api.w.org\/{rel}","templated":true}]}}