{"id":1710,"date":"2017-11-18T20:18:23","date_gmt":"2017-11-18T20:18:23","guid":{"rendered":"http:\/\/biblian.is\/1981\/fyrri-kronikubok-26-kafli\/"},"modified":"2021-06-06T10:57:09","modified_gmt":"2021-06-06T10:57:09","slug":"fyrri-kronikubok-26-kafli","status":"publish","type":"page","link":"https:\/\/biblian.is\/1981\/fyrri-kronikubok-26-kafli\/","title":{"rendered":"Fyrri kron\u00edkub\u00f3k 26. kafli"},"content":{"rendered":"<p><a name=\"1\"><span class=\"versanumer\">1<\/span><\/a>A\u00f0 \u00fev\u00ed er snertir hli\u00f0var\u00f0aflokkana, \u00fe\u00e1 voru \u00fear af K\u00f3ra\u00edtum: Meselemja K\u00f3reson af Asafsni\u00f0jum.<a name=\"2\"><span class=\"versanumer\">2<\/span><\/a>En synir Meselemja voru: Sakar\u00eda, frumgetningurinn, annar Jed\u00edael, \u00feri\u00f0ji Sebadja, fj\u00f3r\u00f0i Jatn\u00edel,<a name=\"3\"><span class=\"versanumer\">3<\/span><\/a>fimmti Elam, sj\u00f6tti J\u00f3hanan, sj\u00f6undi El\u00ed\u00f3ena\u00ed.<a name=\"4\"><span class=\"versanumer\">4<\/span><\/a>Synir \u00d3be\u00f0 Ed\u00f3ms voru: Semaja, frumgetningurinn, annar J\u00f3sabad, \u00feri\u00f0ji J\u00f3a, fj\u00f3r\u00f0i Sakar, fimmti Netaneel,<a name=\"5\"><span class=\"versanumer\">5<\/span><\/a>sj\u00f6tti Amm\u00edel, sj\u00f6undi \u00cdssakar, \u00e1ttundi Peg\u00falleta\u00ed, \u00fev\u00ed a\u00f0 Gu\u00f0 haf\u00f0i blessa\u00f0 hann.<a name=\"6\"><span class=\"versanumer\">6<\/span><\/a>En Semaja, syni hans, f\u00e6ddust og synir, er r\u00e9\u00f0u \u00ed \u00e6ttum s\u00ednum, \u00fev\u00ed a\u00f0 \u00feeir voru hinir r\u00f6skustu menn.<a name=\"7\"><span class=\"versanumer\">7<\/span><\/a>Synir Semaja voru: Otn\u00ed, Refael, \u00d3be\u00f0 og Elsabat. Br\u00e6\u00f0ur \u00feeirra voru El\u00edh\u00fa og Semakja, dugandi menn.<a name=\"8\"><span class=\"versanumer\">8<\/span><\/a>Allir \u00feessir voru af ni\u00f0jum \u00d3be\u00f0 Ed\u00f3ms, \u00feeir og synir \u00feeirra og br\u00e6\u00f0ur, dugandi menn, vel h\u00e6fir til \u00fej\u00f3nustunnar, sext\u00edu og tveir alls fr\u00e1 \u00d3be\u00f0 Ed\u00f3m.<a name=\"9\"><span class=\"versanumer\">9<\/span><\/a>Meselemja \u00e1tti og sonu og br\u00e6\u00f0ur, dugandi menn, \u00e1tj\u00e1n alls.<a name=\"10\"><span class=\"versanumer\">10<\/span><\/a>&#8222;Synir H\u00f3sa, er var af Merar\u00edni\u00f0jum, voru: Simr\u00ed h\u00f6f\u00f0ingi; \u00fe\u00f3tt eigi v\u00e6ri hann frumgetningurinn, \u00fe\u00e1 gj\u00f6r\u00f0i fa\u00f0ir hans hann a\u00f0 h\u00f6f\u00f0ingja;&#8220;<a name=\"11\"><span class=\"versanumer\">11<\/span><\/a>annar Hilk\u00eda, \u00feri\u00f0ji Tebalja, fj\u00f3r\u00f0i Sakar\u00eda. Synir og br\u00e6\u00f0ur H\u00f3sa voru \u00ferett\u00e1n alls.<a name=\"12\"><span class=\"versanumer\">12<\/span><\/a>\u00deessum hli\u00f0var\u00f0aflokkum eftir \u00e6tth\u00f6f\u00f0ingjum hlotna\u00f0ist starf vi\u00f0 \u00fej\u00f3nustuna \u00ed h\u00fasi Drottins, \u00feeim sem fr\u00e6ndum \u00feeirra.<a name=\"13\"><span class=\"versanumer\">13<\/span><\/a>Og menn v\u00f6rpu\u00f0u hlutkesti um hvert hli\u00f0 fyrir sig, eftir \u00e6ttum, yngri sem eldri.<a name=\"14\"><span class=\"versanumer\">14<\/span><\/a>Fyrir hli\u00f0i\u00f0 gegnt austri f\u00e9ll hluturinn \u00e1 Selemja. Menn v\u00f6rpu\u00f0u og hlutkesti fyrir Sakar\u00eda son hans, hygginn r\u00e1\u00f0gjafa, og f\u00e9ll hans hlutur \u00e1 hli\u00f0i\u00f0 gegnt nor\u00f0ri,<a name=\"15\"><span class=\"versanumer\">15<\/span><\/a>fyrir \u00d3be\u00f0 Ed\u00f3m gegnt su\u00f0ri, og fyrir son hans \u00e1 geymsluh\u00fasi\u00f0,<a name=\"16\"><span class=\"versanumer\">16<\/span><\/a>fyrir S\u00fapp\u00edm og H\u00f3sa gegnt vestri vi\u00f0 Sallekethli\u00f0i\u00f0, vi\u00f0 g\u00f6tuna, sem liggur upp eftir, hver var\u00f0st\u00f6\u00f0in vi\u00f0 a\u00f0ra.<a name=\"17\"><span class=\"versanumer\">17<\/span><\/a>Vi\u00f0 hli\u00f0i\u00f0 gegnt austri voru sex lev\u00edtar, gegnt nor\u00f0ri fj\u00f3rir dag hvern, gegnt su\u00f0ri fj\u00f3rir dag hvern, og vi\u00f0 geymsluh\u00fasi\u00f0 tveir og tveir.<a name=\"18\"><span class=\"versanumer\">18<\/span><\/a>Vi\u00f0 Parbar gegnt vestri: fj\u00f3rir fyrir g\u00f6tuna, tveir fyrir Parbar.<a name=\"19\"><span class=\"versanumer\">19<\/span><\/a>\u00deessir eru hli\u00f0var\u00f0aflokkarnir af K\u00f3ra\u00edtani\u00f0jum og af Merar\u00edni\u00f0jum.<a name=\"20\"><span class=\"versanumer\">20<\/span><\/a>Lev\u00edtar fr\u00e6ndur \u00feeirra h\u00f6f\u00f0u umsj\u00f3n me\u00f0 fj\u00e1rsj\u00f3\u00f0um Gu\u00f0s h\u00fass og me\u00f0 helgigjafafj\u00e1rsj\u00f3\u00f0unum.<a name=\"21\"><span class=\"versanumer\">21<\/span><\/a>Ni\u00f0jar Laedans, ni\u00f0jar Gerson\u00edta, Laedans, \u00e6tth\u00f6f\u00f0ingjar Laedans\u00e6ttar Gerson\u00edta, Jeh\u00edel\u00edtar,<a name=\"22\"><span class=\"versanumer\">22<\/span><\/a>ni\u00f0jar Jeh\u00edel\u00edta, Setam og J\u00f3el br\u00f3\u00f0ir hans h\u00f6f\u00f0u umsj\u00f3n me\u00f0 fj\u00e1rsj\u00f3\u00f0um \u00ed h\u00fasi Drottins.<a name=\"23\"><span class=\"versanumer\">23<\/span><\/a>A\u00f0 \u00fev\u00ed er snertir Amram\u00edta, J\u00edsehar\u00edta, Hebron\u00edta og \u00dass\u00edel\u00edta,<a name=\"24\"><span class=\"versanumer\">24<\/span><\/a>\u00fe\u00e1 var Seb\u00fael Gers\u00f3msson, M\u00f3sesonar, yfirumsj\u00f3narma\u00f0ur yfir fj\u00e1rsj\u00f3\u00f0unum.<a name=\"25\"><span class=\"versanumer\">25<\/span><\/a>Og a\u00f0 \u00fev\u00ed er snertir fr\u00e6ndur \u00feeirra fr\u00e1 El\u00edeser, \u00fe\u00e1 var Rehabja sonur hans, hans son Jesaja, hans son J\u00f3ram, hans son Sikr\u00ed, hans son Sel\u00f3m\u00edt.<a name=\"26\"><span class=\"versanumer\">26<\/span><\/a>H\u00f6f\u00f0u \u00feeir Sel\u00f3m\u00edt \u00feessi og br\u00e6\u00f0ur hans umsj\u00f3n me\u00f0 \u00f6llum helgigjafafj\u00e1rsj\u00f3\u00f0unum, \u00feeim er Dav\u00ed\u00f0 konungur og \u00e6tth\u00f6f\u00f0ingjarnir, \u00fe\u00fasundh\u00f6f\u00f0ingjarnir og hundra\u00f0sh\u00f6f\u00f0ingjarnir og herforingjarnir h\u00f6f\u00f0u helga\u00f0<a name=\"27\"><span class=\"versanumer\">27<\/span><\/a>\u00far \u00f3fri\u00f0i og af herfangi h\u00f6f\u00f0u \u00feeir helga\u00f0 \u00fea\u00f0 til \u00feess a\u00f0 endurb\u00e6ta me\u00f0 musteri Drottins,<a name=\"28\"><span class=\"versanumer\">28<\/span><\/a>og allt, er Sam\u00fael sj\u00e1andi, S\u00e1l K\u00edsson, Abner Nersson og J\u00f3ab Ser\u00fajuson h\u00f6f\u00f0u helga\u00f0, allt hi\u00f0 helga\u00f0a, var undir umsj\u00f3n Sel\u00f3m\u00edts og br\u00e6\u00f0ra hans.<a name=\"29\"><span class=\"versanumer\">29<\/span><\/a>Af J\u00edsehar\u00edtum h\u00f6f\u00f0u \u00feeir Kenanja og synir hans \u00e1 hendi hin veraldlegu st\u00f6rf \u00ed \u00cdsrael, sem emb\u00e6ttismenn og d\u00f3marar.<a name=\"30\"><span class=\"versanumer\">30<\/span><\/a>Af Hebron\u00edtum h\u00f6f\u00f0u \u00feeir Hasabja og fr\u00e6ndur hans, dugandi menn, seytj\u00e1n hundru\u00f0 alls, \u00e1 hendi stj\u00f3rnarst\u00f6rf \u00cdsraels h\u00e9rna megin J\u00f3rdanar, a\u00f0 vestanver\u00f0u. St\u00f3\u00f0u \u00feeir fyrir \u00f6llum st\u00f6rfum Drottins og \u00fej\u00f3nustu konungs.<a name=\"31\"><span class=\"versanumer\">31<\/span><\/a>Til Hebron\u00edta taldist Jer\u00eda, h\u00f6f\u00f0ingi Hebron\u00edta eftir kyni \u00feeirra og \u00e6ttum voru \u00feeir kanna\u00f0ir \u00e1 fertugasta r\u00edkis\u00e1ri Dav\u00ed\u00f0s, og fundust me\u00f0al \u00feeirra hinir r\u00f6skustu menn \u00ed Jaser \u00ed G\u00edlea\u00f0<a name=\"32\"><span class=\"versanumer\">32<\/span><\/a>og fr\u00e6ndur hans, r\u00f6skir menn, tv\u00f6 \u00fe\u00fasund og sj\u00f6 hundru\u00f0 \u00e6tth\u00f6f\u00f0ingjar alls. Setti Dav\u00ed\u00f0 konungur \u00fe\u00e1 yfir R\u00fabensni\u00f0ja, Ga\u00f0sni\u00f0ja og h\u00e1lfa kynkv\u00edsl Manasseni\u00f0ja, a\u00f0 \u00fev\u00ed er snertir \u00f6ll erindi Gu\u00f0s og erindi konungsins.<\/p>\n<div class=\"footnote1981\"><b>26.4-5<\/b> Gu\u00f0 blessa\u00f0i hann 1Kro 13.14; 2Sam 6.11<\/div>\n","protected":false},"excerpt":{"rendered":"<p>1A\u00f0 \u00fev\u00ed er snertir hli\u00f0var\u00f0aflokkana, \u00fe\u00e1 voru \u00fear af K\u00f3ra\u00edtum: Meselemja K\u00f3reson af Asafsni\u00f0jum.2En synir Meselemja voru: Sakar\u00eda, frumgetningurinn, annar Jed\u00edael, \u00feri\u00f0ji Sebadja, fj\u00f3r\u00f0i Jatn\u00edel,3fimmti Elam, sj\u00f6tti J\u00f3hanan, sj\u00f6undi El\u00ed\u00f3ena\u00ed.4Synir \u00d3be\u00f0 Ed\u00f3ms voru: Semaja, frumgetningurinn, annar J\u00f3sabad, \u00feri\u00f0ji J\u00f3a, fj\u00f3r\u00f0i Sakar, fimmti Netaneel,5sj\u00f6tti Amm\u00edel, sj\u00f6undi \u00cdssakar, \u00e1ttundi Peg\u00falleta\u00ed, \u00fev\u00ed a\u00f0 Gu\u00f0 haf\u00f0i blessa\u00f0 hann.6En Semaja, syni hans, f\u00e6ddust og synir, er r\u00e9\u00f0u \u00ed \u00e6ttum s\u00ednum, \u00fev\u00ed a\u00f0 \u00feeir voru hinir r\u00f6skustu menn.7Synir Semaja voru: Otn\u00ed, Refael, \u00d3be\u00f0 og Elsabat. Br\u00e6\u00f0ur \u00feeirra voru El\u00edh\u00fa og Semakja, dugandi menn.8Allir \u00feessir voru af ni\u00f0jum \u00d3be\u00f0 Ed\u00f3ms, \u00feeir og synir \u00feeirra og br\u00e6\u00f0ur, dugandi <a href=\"https:\/\/biblian.is\/1981\/fyrri-kronikubok-26-kafli\/\"> [&#8230;]<\/a><\/p>\n","protected":false},"author":1,"featured_media":0,"parent":0,"menu_order":0,"comment_status":"open","ping_status":"open","template":"bibliukaflar.php","meta":{"footnotes":""},"class_list":["post-1710","page","type-page","status-publish","hentry"],"_links":{"self":[{"href":"https:\/\/biblian.is\/1981\/wp-json\/wp\/v2\/pages\/1710","targetHints":{"allow":["GET"]}}],"collection":[{"href":"https:\/\/biblian.is\/1981\/wp-json\/wp\/v2\/pages"}],"about":[{"href":"https:\/\/biblian.is\/1981\/wp-json\/wp\/v2\/types\/page"}],"author":[{"embeddable":true,"href":"https:\/\/biblian.is\/1981\/wp-json\/wp\/v2\/users\/1"}],"replies":[{"embeddable":true,"href":"https:\/\/biblian.is\/1981\/wp-json\/wp\/v2\/comments?post=1710"}],"version-history":[{"count":0,"href":"https:\/\/biblian.is\/1981\/wp-json\/wp\/v2\/pages\/1710\/revisions"}],"wp:attachment":[{"href":"https:\/\/biblian.is\/1981\/wp-json\/wp\/v2\/media?parent=1710"}],"curies":[{"name":"wp","href":"https:\/\/api.w.org\/{rel}","templated":true}]}}