{"id":1709,"date":"2017-11-18T20:18:23","date_gmt":"2017-11-18T20:18:23","guid":{"rendered":"http:\/\/biblian.is\/1981\/fyrri-kronikubok-25-kafli\/"},"modified":"2021-06-06T10:57:09","modified_gmt":"2021-06-06T10:57:09","slug":"fyrri-kronikubok-25-kafli","status":"publish","type":"page","link":"https:\/\/biblian.is\/1981\/fyrri-kronikubok-25-kafli\/","title":{"rendered":"Fyrri kron\u00edkub\u00f3k 25. kafli"},"content":{"rendered":"<p><a name=\"1\"><span class=\"versanumer\">1<\/span><\/a>\u00deeir Dav\u00ed\u00f0 og hersh\u00f6f\u00f0ingjarnir t\u00f3ku og fr\u00e1 til \u00fej\u00f3nustu ni\u00f0ja Asafs, Hemans og Jed\u00fat\u00fans, er a\u00f0 sp\u00e1mannah\u00e6tti lofu\u00f0u Gu\u00f0 me\u00f0 g\u00edgjum, h\u00f6rpum og sk\u00e1labumbum. Og tala \u00feeirra, er starf h\u00f6f\u00f0u vi\u00f0 \u00feessa \u00fej\u00f3nustu, var:<a name=\"2\"><span class=\"versanumer\">2<\/span><\/a>Af Asafsni\u00f0jum: Sakk\u00far, J\u00f3sef, Netanja og Asarela, synir Asafs, undir stj\u00f3rn Asafs, er l\u00e9k eins og sp\u00e1ma\u00f0ur eftir fyrirs\u00f6gn konungs.<a name=\"3\"><span class=\"versanumer\">3<\/span><\/a>Af Jed\u00fat\u00fan: Synir Jed\u00fat\u00fans: Gedalja, Ser\u00ed, Jesaja, Hasabja, Mattitja, S\u00edme\u00ed, sex alls, undir stj\u00f3rn Jed\u00fat\u00fans f\u00f6\u00f0ur s\u00edns, er l\u00e9k \u00e1 g\u00edgju eins og sp\u00e1ma\u00f0ur, \u00fe\u00e1 er lofa skyldi Drottin og vegsama hann.<a name=\"4\"><span class=\"versanumer\">4<\/span><\/a>Af Heman: Synir Hemans: B\u00fakk\u00eda, Mattanja, \u00dass\u00edel, Seb\u00fael, Jer\u00edm\u00f3t, Hananja, Hanan\u00ed, El\u00edata, Giddalt\u00ed, R\u00f3mamt\u00ed Eser, Josbekasa, Mall\u00f3t\u00ed, H\u00f3t\u00edr, Mahas\u00ed\u00f3t.<a name=\"5\"><span class=\"versanumer\">5<\/span><\/a>Allir \u00feessir voru synir Hemans, sj\u00e1anda konungs, er horn skyldu hefja a\u00f0 bo\u00f0i Gu\u00f0s. Og Gu\u00f0 gaf Heman fj\u00f3rt\u00e1n sonu og \u00ferj\u00e1r d\u00e6tur.<a name=\"6\"><span class=\"versanumer\">6<\/span><\/a>Allir \u00feessir voru vi\u00f0 s\u00f6nginn \u00ed musteri Drottins undir stj\u00f3rn f\u00f6\u00f0ur \u00feeirra me\u00f0 sk\u00e1labumbur, h\u00f6rpur og g\u00edgjur til \u00feess a\u00f0 gegna \u00fej\u00f3nustu \u00ed musteri Gu\u00f0s undir forustu konungs, Asafs, Jed\u00fat\u00fans og Hemans.<a name=\"7\"><span class=\"versanumer\">7<\/span><\/a>Og talan \u00e1 \u00feeim og fr\u00e6ndum \u00feeirra, er l\u00e6r\u00f0ir voru \u00ed lj\u00f3\u00f0um Drottins, og allir voru vel a\u00f0 s\u00e9r, var tv\u00f6 hundru\u00f0 \u00e1ttat\u00edu og \u00e1tta.<a name=\"8\"><span class=\"versanumer\">8<\/span><\/a>Og \u00feeir v\u00f6rpu\u00f0u hlutkesti um starfi\u00f0, yngri sem eldri, kennarar sem l\u00e6risveinar.<a name=\"9\"><span class=\"versanumer\">9<\/span><\/a>Fyrsti hlutur fyrir Asaf f\u00e9ll \u00e1 J\u00f3sef, sonu hans og br\u00e6\u00f0ur, t\u00f3lf alls, annar \u00e1 Gedalja, sonu hans og br\u00e6\u00f0ur, t\u00f3lf alls,<a name=\"10\"><span class=\"versanumer\">10<\/span><\/a>\u00feri\u00f0ji \u00e1 Sakk\u00far, sonu hans og br\u00e6\u00f0ur, t\u00f3lf alls,<a name=\"11\"><span class=\"versanumer\">11<\/span><\/a>fj\u00f3r\u00f0i \u00e1 J\u00edsr\u00ed, sonu hans og br\u00e6\u00f0ur, t\u00f3lf alls,<a name=\"12\"><span class=\"versanumer\">12<\/span><\/a>fimmti \u00e1 Netanja, sonu hans og br\u00e6\u00f0ur, t\u00f3lf alls,<a name=\"13\"><span class=\"versanumer\">13<\/span><\/a>sj\u00f6tti \u00e1 B\u00fakk\u00eda, sonu hans og br\u00e6\u00f0ur, t\u00f3lf alls,<a name=\"14\"><span class=\"versanumer\">14<\/span><\/a>sj\u00f6undi \u00e1 Jesarela, sonu hans og br\u00e6\u00f0ur, t\u00f3lf alls,<a name=\"15\"><span class=\"versanumer\">15<\/span><\/a>\u00e1ttundi \u00e1 Jesaja, sonu hans og br\u00e6\u00f0ur, t\u00f3lf alls,<a name=\"16\"><span class=\"versanumer\">16<\/span><\/a>n\u00edundi \u00e1 Mattanja, sonu hans og br\u00e6\u00f0ur, t\u00f3lf alls,<a name=\"17\"><span class=\"versanumer\">17<\/span><\/a>t\u00edundi \u00e1 S\u00edme\u00ed, sonu hans og br\u00e6\u00f0ur, t\u00f3lf alls,<a name=\"18\"><span class=\"versanumer\">18<\/span><\/a>ellefti \u00e1 Asareel, sonu hans og br\u00e6\u00f0ur, t\u00f3lf alls,<a name=\"19\"><span class=\"versanumer\">19<\/span><\/a>t\u00f3lfti \u00e1 Hasabja, sonu hans og br\u00e6\u00f0ur, t\u00f3lf alls,<a name=\"20\"><span class=\"versanumer\">20<\/span><\/a>\u00ferett\u00e1ndi \u00e1 S\u00fabael, sonu hans og br\u00e6\u00f0ur, t\u00f3lf alls,<a name=\"21\"><span class=\"versanumer\">21<\/span><\/a>fj\u00f3rt\u00e1ndi \u00e1 Mattitja, sonu hans og br\u00e6\u00f0ur, t\u00f3lf alls,<a name=\"22\"><span class=\"versanumer\">22<\/span><\/a>fimmt\u00e1ndi \u00e1 Jerem\u00f3t, sonu hans og br\u00e6\u00f0ur, t\u00f3lf alls,<a name=\"23\"><span class=\"versanumer\">23<\/span><\/a>sext\u00e1ndi \u00e1 Hananja, sonu hans og br\u00e6\u00f0ur, t\u00f3lf alls,<a name=\"24\"><span class=\"versanumer\">24<\/span><\/a>seytj\u00e1ndi \u00e1 Josbekasa, sonu hans og br\u00e6\u00f0ur, t\u00f3lf alls,<a name=\"25\"><span class=\"versanumer\">25<\/span><\/a>\u00e1tj\u00e1ndi \u00e1 Hanan\u00ed, sonu hans og br\u00e6\u00f0ur, t\u00f3lf alls,<a name=\"26\"><span class=\"versanumer\">26<\/span><\/a>n\u00edtj\u00e1ndi \u00e1 Mall\u00f3t\u00ed, sonu hans og br\u00e6\u00f0ur, t\u00f3lf alls,<a name=\"27\"><span class=\"versanumer\">27<\/span><\/a>tuttugasti \u00e1 El\u00edjata, sonu hans og br\u00e6\u00f0ur, t\u00f3lf alls,<a name=\"28\"><span class=\"versanumer\">28<\/span><\/a>tuttugasti og fyrsti \u00e1 H\u00f3t\u00edr, sonu hans og br\u00e6\u00f0ur, t\u00f3lf alls,<a name=\"29\"><span class=\"versanumer\">29<\/span><\/a>tuttugasti og annar \u00e1 Giddalt\u00ed, sonu hans og br\u00e6\u00f0ur, t\u00f3lf alls,<a name=\"30\"><span class=\"versanumer\">30<\/span><\/a>tuttugasti og \u00feri\u00f0ji \u00e1 Mahas\u00ed\u00f3t, sonu hans og br\u00e6\u00f0ur, t\u00f3lf alls,<a name=\"31\"><span class=\"versanumer\">31<\/span><\/a>tuttugasti og fj\u00f3r\u00f0i \u00e1 R\u00f3mamt\u00ed Eser, sonu hans og br\u00e6\u00f0ur, t\u00f3lf alls.<\/p>\n<div class=\"footnote1981\"><b>25.1<\/b> Asaf Slm 50.1+ &#8211; Heman Slm 88.1 \u2013 Jed\u00fat\u00fan Slm 39.1+<\/div>\n","protected":false},"excerpt":{"rendered":"<p>1\u00deeir Dav\u00ed\u00f0 og hersh\u00f6f\u00f0ingjarnir t\u00f3ku og fr\u00e1 til \u00fej\u00f3nustu ni\u00f0ja Asafs, Hemans og Jed\u00fat\u00fans, er a\u00f0 sp\u00e1mannah\u00e6tti lofu\u00f0u Gu\u00f0 me\u00f0 g\u00edgjum, h\u00f6rpum og sk\u00e1labumbum. Og tala \u00feeirra, er starf h\u00f6f\u00f0u vi\u00f0 \u00feessa \u00fej\u00f3nustu, var:2Af Asafsni\u00f0jum: Sakk\u00far, J\u00f3sef, Netanja og Asarela, synir Asafs, undir stj\u00f3rn Asafs, er l\u00e9k eins og sp\u00e1ma\u00f0ur eftir fyrirs\u00f6gn konungs.3Af Jed\u00fat\u00fan: Synir Jed\u00fat\u00fans: Gedalja, Ser\u00ed, Jesaja, Hasabja, Mattitja, S\u00edme\u00ed, sex alls, undir stj\u00f3rn Jed\u00fat\u00fans f\u00f6\u00f0ur s\u00edns, er l\u00e9k \u00e1 g\u00edgju eins og sp\u00e1ma\u00f0ur, \u00fe\u00e1 er lofa skyldi Drottin og vegsama hann.4Af Heman: Synir Hemans: B\u00fakk\u00eda, Mattanja, \u00dass\u00edel, Seb\u00fael, Jer\u00edm\u00f3t, Hananja, Hanan\u00ed, El\u00edata, Giddalt\u00ed, R\u00f3mamt\u00ed Eser, Josbekasa, Mall\u00f3t\u00ed, <a href=\"https:\/\/biblian.is\/1981\/fyrri-kronikubok-25-kafli\/\"> [&#8230;]<\/a><\/p>\n","protected":false},"author":1,"featured_media":0,"parent":0,"menu_order":0,"comment_status":"open","ping_status":"open","template":"bibliukaflar.php","meta":{"footnotes":""},"class_list":["post-1709","page","type-page","status-publish","hentry"],"_links":{"self":[{"href":"https:\/\/biblian.is\/1981\/wp-json\/wp\/v2\/pages\/1709","targetHints":{"allow":["GET"]}}],"collection":[{"href":"https:\/\/biblian.is\/1981\/wp-json\/wp\/v2\/pages"}],"about":[{"href":"https:\/\/biblian.is\/1981\/wp-json\/wp\/v2\/types\/page"}],"author":[{"embeddable":true,"href":"https:\/\/biblian.is\/1981\/wp-json\/wp\/v2\/users\/1"}],"replies":[{"embeddable":true,"href":"https:\/\/biblian.is\/1981\/wp-json\/wp\/v2\/comments?post=1709"}],"version-history":[{"count":0,"href":"https:\/\/biblian.is\/1981\/wp-json\/wp\/v2\/pages\/1709\/revisions"}],"wp:attachment":[{"href":"https:\/\/biblian.is\/1981\/wp-json\/wp\/v2\/media?parent=1709"}],"curies":[{"name":"wp","href":"https:\/\/api.w.org\/{rel}","templated":true}]}}