{"id":1708,"date":"2017-11-18T20:18:23","date_gmt":"2017-11-18T20:18:23","guid":{"rendered":"http:\/\/biblian.is\/1981\/fyrri-kronikubok-24-kafli\/"},"modified":"2021-06-06T10:57:09","modified_gmt":"2021-06-06T10:57:09","slug":"fyrri-kronikubok-24-kafli","status":"publish","type":"page","link":"https:\/\/biblian.is\/1981\/fyrri-kronikubok-24-kafli\/","title":{"rendered":"Fyrri kron\u00edkub\u00f3k 24. kafli"},"content":{"rendered":"<p><a name=\"1\"><span class=\"versanumer\">1<\/span><\/a>Aronsni\u00f0jar h\u00f6f\u00f0u og flokkaskipun fyrir sig. Synir Arons voru: Nadab, Ab\u00edh\u00fa, Eleasar og \u00cdtamar.<a name=\"2\"><span class=\"versanumer\">2<\/span><\/a>En Nadab og Ab\u00edh\u00fa d\u00f3u \u00e1 undan f\u00f6\u00f0ur s\u00ednum og \u00e1ttu eigi sonu, og ur\u00f0u svo \u00feeir Eleasar og \u00cdtamar prestar.<a name=\"3\"><span class=\"versanumer\">3<\/span><\/a>Og \u00feeir Dav\u00ed\u00f0 og Sad\u00f3k af Eleasarsni\u00f0jum og Ah\u00edmelek af \u00cdtamarsni\u00f0jum skiptu \u00feeim ni\u00f0ur \u00ed starfsflokka eftir emb\u00e6ttum \u00feeirra.<a name=\"4\"><span class=\"versanumer\">4<\/span><\/a>En \u00fea\u00f0 kom \u00ed lj\u00f3s, a\u00f0 af Eleasarsni\u00f0jum voru fleiri h\u00f6f\u00f0ingjar en af \u00cdtamarsni\u00f0jum. Fyrir \u00fev\u00ed skiptu menn \u00feeim svo, a\u00f0 af Eleasarsni\u00f0jum ur\u00f0u sext\u00e1n \u00e6tth\u00f6f\u00f0ingjar, en \u00e1tta af \u00cdtamarsni\u00f0jum.<a name=\"5\"><span class=\"versanumer\">5<\/span><\/a>Og hvorum tveggja skiptu menn eftir hlutkesti, \u00fev\u00ed a\u00f0 helgid\u00f3msh\u00f6f\u00f0ingjar og Gu\u00f0s h\u00f6f\u00f0ingjar voru af ni\u00f0jum Eleasars og af ni\u00f0jum \u00cdtamars.<a name=\"6\"><span class=\"versanumer\">6<\/span><\/a>Og Semaja Netaneelsson ritari, einn af lev\u00edtum, skr\u00e1\u00f0i \u00fe\u00e1 \u00ed vi\u00f0urvist konungs og h\u00f6f\u00f0ingjanna og Sad\u00f3ks prests og Ah\u00edmeleks Abjatarssonar og \u00e6tth\u00f6f\u00f0ingja prestanna og lev\u00edtanna. Var ein \u00e6tt tekin fr\u00e1 af Eleasar og ein af \u00cdtamar.<a name=\"7\"><span class=\"versanumer\">7<\/span><\/a>Fyrsti hluturinn f\u00e9ll \u00e1 J\u00f3jar\u00edb, annar \u00e1 Jedaja,<a name=\"8\"><span class=\"versanumer\">8<\/span><\/a>\u00feri\u00f0ji \u00e1 Har\u00edm, fj\u00f3r\u00f0i \u00e1 Se\u00f3r\u00edm,<a name=\"9\"><span class=\"versanumer\">9<\/span><\/a>fimmti \u00e1 Malk\u00eda, sj\u00f6tti \u00e1 Mijam\u00edn,<a name=\"10\"><span class=\"versanumer\">10<\/span><\/a>sj\u00f6undi \u00e1 Hakkos, \u00e1ttundi \u00e1 Ab\u00eda,<a name=\"11\"><span class=\"versanumer\">11<\/span><\/a>n\u00edundi \u00e1 Jes\u00faa, t\u00edundi \u00e1 Sekanja,<a name=\"12\"><span class=\"versanumer\">12<\/span><\/a>ellefti \u00e1 Eljas\u00edb, t\u00f3lfti \u00e1 Jak\u00edm,<a name=\"13\"><span class=\"versanumer\">13<\/span><\/a>\u00ferett\u00e1ndi \u00e1 H\u00fappa, fj\u00f3rt\u00e1ndi \u00e1 Jesebeab,<a name=\"14\"><span class=\"versanumer\">14<\/span><\/a>fimmt\u00e1ndi \u00e1 Bilga, sext\u00e1ndi \u00e1 Immer,<a name=\"15\"><span class=\"versanumer\">15<\/span><\/a>seytj\u00e1ndi \u00e1 Hes\u00edr, \u00e1tj\u00e1ndi \u00e1 Happ\u00edsses,<a name=\"16\"><span class=\"versanumer\">16<\/span><\/a>n\u00edtj\u00e1ndi \u00e1 Pelashja, tuttugasti \u00e1 Jeheskel,<a name=\"17\"><span class=\"versanumer\">17<\/span><\/a>tuttugasti og fyrsti \u00e1 Jak\u00edn, tuttugasti og annar \u00e1 Gam\u00fal,<a name=\"18\"><span class=\"versanumer\">18<\/span><\/a>tuttugasti og \u00feri\u00f0ji \u00e1 Delaja, tuttugasti og fj\u00f3r\u00f0i \u00e1 Maasja.<a name=\"19\"><span class=\"versanumer\">19<\/span><\/a>Er \u00fea\u00f0 starfskv\u00f6\u00f0 \u00feeirra a\u00f0 fara inn \u00ed musteri Drottins, eftir \u00feeim reglum, er Aron forfa\u00f0ir \u00feeirra haf\u00f0i sett, samkv\u00e6mt \u00fev\u00ed, er Drottinn, Gu\u00f0 \u00cdsraels, haf\u00f0i bo\u00f0i\u00f0 honum.<a name=\"20\"><span class=\"versanumer\">20<\/span><\/a>En a\u00f0 \u00fev\u00ed er snertir a\u00f0ra ni\u00f0ja Lev\u00ed, \u00fe\u00e1 voru af Amramsni\u00f0jum S\u00fabael, af S\u00fabaelsni\u00f0jum Jehdeja,<a name=\"21\"><span class=\"versanumer\">21<\/span><\/a>af Rehabja, af Rehabjani\u00f0jum Jiss\u00eda h\u00f6f\u00f0ingi,<a name=\"22\"><span class=\"versanumer\">22<\/span><\/a>af J\u00edsehar\u00edtum Sel\u00f3m\u00f3t, af Sel\u00f3m\u00f3tsni\u00f0jum Jahat,<a name=\"23\"><span class=\"versanumer\">23<\/span><\/a>en af ni\u00f0jum Hebrons: Jer\u00eda h\u00f6f\u00f0ingi, annar Amarja, \u00feri\u00f0ji Jehas\u00edel, fj\u00f3r\u00f0i Jekameam.<a name=\"24\"><span class=\"versanumer\">24<\/span><\/a>Ni\u00f0jar \u00dass\u00edels voru: M\u00edka, af ni\u00f0jum M\u00edka var Sam\u00edr.<a name=\"25\"><span class=\"versanumer\">25<\/span><\/a>Br\u00f3\u00f0ir M\u00edka var Jiss\u00eda, af ni\u00f0jum Jiss\u00eda var Sakar\u00eda.<a name=\"26\"><span class=\"versanumer\">26<\/span><\/a>Ni\u00f0jar Merar\u00ed voru Mahl\u00ed og M\u00fas\u00ed og ni\u00f0jar Jaas\u00eda, sonar hans.<a name=\"27\"><span class=\"versanumer\">27<\/span><\/a>Ni\u00f0jar Merar\u00ed fr\u00e1 Jaas\u00eda syni hans voru: S\u00f3ham, Sakk\u00far og \u00cdbr\u00ed.<a name=\"28\"><span class=\"versanumer\">28<\/span><\/a>Fr\u00e1 Mahl\u00ed var Eleasar kominn. Hann \u00e1tti eigi sonu.<a name=\"29\"><span class=\"versanumer\">29<\/span><\/a>Fr\u00e1 K\u00eds: Synir K\u00eds: Jerahmeel.<a name=\"30\"><span class=\"versanumer\">30<\/span><\/a>Ni\u00f0jar M\u00fas\u00ed voru: Mahl\u00ed, Eder og Jer\u00edm\u00f3t. \u00deessir voru ni\u00f0jar lev\u00edta eftir \u00e6ttum \u00feeirra.<a name=\"31\"><span class=\"versanumer\">31<\/span><\/a>\u00deeir v\u00f6rpu\u00f0u og hlutkesti, eins og fr\u00e6ndur \u00feeirra, Aronsni\u00f0jar, \u00ed vi\u00f0urvist Dav\u00ed\u00f0s konungs og Sad\u00f3ks og Ah\u00edmeleks og \u00e6tth\u00f6f\u00f0ingja prestanna og lev\u00edtanna, \u00e6tth\u00f6f\u00f0ingjarnir eins og yngri fr\u00e6ndur \u00feeirra.<\/p>\n<div class=\"footnote1981\"><b>24.2<\/b> Nadab og Ab\u00edh\u00fa 3M\u00f3s 10.1-2<br \/>\n<b>24.19<\/b> Koma til h\u00fass Drottins L\u00fak 1.8-9<\/div>\n","protected":false},"excerpt":{"rendered":"<p>1Aronsni\u00f0jar h\u00f6f\u00f0u og flokkaskipun fyrir sig. Synir Arons voru: Nadab, Ab\u00edh\u00fa, Eleasar og \u00cdtamar.2En Nadab og Ab\u00edh\u00fa d\u00f3u \u00e1 undan f\u00f6\u00f0ur s\u00ednum og \u00e1ttu eigi sonu, og ur\u00f0u svo \u00feeir Eleasar og \u00cdtamar prestar.3Og \u00feeir Dav\u00ed\u00f0 og Sad\u00f3k af Eleasarsni\u00f0jum og Ah\u00edmelek af \u00cdtamarsni\u00f0jum skiptu \u00feeim ni\u00f0ur \u00ed starfsflokka eftir emb\u00e6ttum \u00feeirra.4En \u00fea\u00f0 kom \u00ed lj\u00f3s, a\u00f0 af Eleasarsni\u00f0jum voru fleiri h\u00f6f\u00f0ingjar en af \u00cdtamarsni\u00f0jum. Fyrir \u00fev\u00ed skiptu menn \u00feeim svo, a\u00f0 af Eleasarsni\u00f0jum ur\u00f0u sext\u00e1n \u00e6tth\u00f6f\u00f0ingjar, en \u00e1tta af \u00cdtamarsni\u00f0jum.5Og hvorum tveggja skiptu menn eftir hlutkesti, \u00fev\u00ed a\u00f0 helgid\u00f3msh\u00f6f\u00f0ingjar og Gu\u00f0s h\u00f6f\u00f0ingjar voru af ni\u00f0jum Eleasars og af ni\u00f0jum <a href=\"https:\/\/biblian.is\/1981\/fyrri-kronikubok-24-kafli\/\"> [&#8230;]<\/a><\/p>\n","protected":false},"author":1,"featured_media":0,"parent":0,"menu_order":0,"comment_status":"open","ping_status":"open","template":"bibliukaflar.php","meta":{"footnotes":""},"class_list":["post-1708","page","type-page","status-publish","hentry"],"_links":{"self":[{"href":"https:\/\/biblian.is\/1981\/wp-json\/wp\/v2\/pages\/1708","targetHints":{"allow":["GET"]}}],"collection":[{"href":"https:\/\/biblian.is\/1981\/wp-json\/wp\/v2\/pages"}],"about":[{"href":"https:\/\/biblian.is\/1981\/wp-json\/wp\/v2\/types\/page"}],"author":[{"embeddable":true,"href":"https:\/\/biblian.is\/1981\/wp-json\/wp\/v2\/users\/1"}],"replies":[{"embeddable":true,"href":"https:\/\/biblian.is\/1981\/wp-json\/wp\/v2\/comments?post=1708"}],"version-history":[{"count":0,"href":"https:\/\/biblian.is\/1981\/wp-json\/wp\/v2\/pages\/1708\/revisions"}],"wp:attachment":[{"href":"https:\/\/biblian.is\/1981\/wp-json\/wp\/v2\/media?parent=1708"}],"curies":[{"name":"wp","href":"https:\/\/api.w.org\/{rel}","templated":true}]}}