{"id":1707,"date":"2017-11-18T20:18:23","date_gmt":"2017-11-18T20:18:23","guid":{"rendered":"http:\/\/biblian.is\/1981\/fyrri-kronikubok-23-kafli\/"},"modified":"2021-06-06T10:57:09","modified_gmt":"2021-06-06T10:57:09","slug":"fyrri-kronikubok-23-kafli","status":"publish","type":"page","link":"https:\/\/biblian.is\/1981\/fyrri-kronikubok-23-kafli\/","title":{"rendered":"Fyrri kron\u00edkub\u00f3k 23. kafli"},"content":{"rendered":"<p><a name=\"1\"><span class=\"versanumer\">1<\/span><\/a>\u00de\u00e1 er Dav\u00ed\u00f0 var gamall or\u00f0inn og saddur l\u00edfdaga, gj\u00f6r\u00f0i hann Sal\u00f3mon son sinn a\u00f0 konungi yfir \u00cdsrael.<a name=\"2\"><span class=\"versanumer\">2<\/span><\/a>Og hann stefndi saman \u00f6llum h\u00f6f\u00f0ingjum \u00cdsraels, prestunum og lev\u00edtunum.<a name=\"3\"><span class=\"versanumer\">3<\/span><\/a>Lev\u00edtarnir voru taldir, \u00fer\u00edtugir og \u00fea\u00f0an af eldri, og h\u00f6f\u00f0atala \u00feeirra var \u00ferj\u00e1t\u00edu og \u00e1tta \u00fe\u00fasund karlmenn.<a name=\"4\"><span class=\"versanumer\">4<\/span><\/a>Af \u00feeim skulu tuttugu og fj\u00f6gur \u00fe\u00fasund vera fyrir verkum vi\u00f0 h\u00fas Drottins, sex \u00fe\u00fasund skulu vera emb\u00e6ttismenn og d\u00f3marar,<a name=\"5\"><span class=\"versanumer\">5<\/span><\/a>fj\u00f6gur \u00fe\u00fasund hli\u00f0ver\u00f0ir, og fj\u00f6gur \u00fe\u00fasund skulu lofa Drottin me\u00f0 \u00e1h\u00f6ldum \u00feeim, er \u00e9g hefi l\u00e1ti\u00f0 gj\u00f6ra til \u00feess a\u00f0 vegsama me\u00f0, sag\u00f0i Dav\u00ed\u00f0.<a name=\"6\"><span class=\"versanumer\">6<\/span><\/a>Dav\u00ed\u00f0 skipti \u00feeim \u00ed flokka eftir \u00feeim Gerson, Kahat og Merar\u00ed, Lev\u00edsonum.<a name=\"7\"><span class=\"versanumer\">7<\/span><\/a>Til Gersonsni\u00f0ja t\u00f6ldust Laedan og S\u00edme\u00ed.<a name=\"8\"><span class=\"versanumer\">8<\/span><\/a>Synir Laedans voru: Jeh\u00edel, er var fyrir \u00feeim, Setam og J\u00f3el, \u00fer\u00edr alls.<a name=\"9\"><span class=\"versanumer\">9<\/span><\/a>Synir S\u00edme\u00ed voru: Sel\u00f3m\u00edt, Has\u00edel og Haran, \u00fer\u00edr alls. Voru \u00feeir \u00e6tth\u00f6f\u00f0ingjar Laedans\u00e6ttar.<a name=\"10\"><span class=\"versanumer\">10<\/span><\/a>Og synir S\u00edme\u00ed: Jahat, S\u00edna, Je\u00fas og Ber\u00eda. \u00deessir voru synir S\u00edme\u00ed, fj\u00f3rir alls.<a name=\"11\"><span class=\"versanumer\">11<\/span><\/a>Var Jahat fyrir \u00feeim, \u00fe\u00e1 S\u00edna, en Je\u00fas og Ber\u00eda \u00e1ttu eigi margt barna, svo a\u00f0 \u00feeir t\u00f6ldust ein \u00e6tt, einn flokkur.<a name=\"12\"><span class=\"versanumer\">12<\/span><\/a>Synir Kahats: Amram, J\u00edsehar, Hebron og \u00dass\u00edel, fj\u00f3rir alls.<a name=\"13\"><span class=\"versanumer\">13<\/span><\/a>Synir Amrams: Aron og M\u00f3se. En Aron var greindur fr\u00e1 hinum, til \u00feess a\u00f0 hann skyldi ver\u00f0a v\u00edg\u00f0ur sem h\u00e1heilagur \u00e1samt sonum s\u00ednum, um aldur og \u00e6vi, til \u00feess a\u00f0 \u00feeir skyldu brenna reykelsi frammi fyrir Drottni, \u00fej\u00f3na honum og lofa nafn hans um aldur og \u00e6vi.<a name=\"14\"><span class=\"versanumer\">14<\/span><\/a>Og a\u00f0 \u00fev\u00ed er snertir gu\u00f0smanninn M\u00f3se, \u00fe\u00e1 voru synir hans taldir til Lev\u00edkynkv\u00edslar.<a name=\"15\"><span class=\"versanumer\">15<\/span><\/a>Synir M\u00f3se voru Gers\u00f3m og El\u00edeser.<a name=\"16\"><span class=\"versanumer\">16<\/span><\/a>Sonur Gers\u00f3ms: Seb\u00fael h\u00f6f\u00f0ingi.<a name=\"17\"><span class=\"versanumer\">17<\/span><\/a>En sonur El\u00edesers var Rehabja h\u00f6f\u00f0ingi. A\u00f0ra sonu \u00e1tti El\u00edeser eigi, en synir Rehabja voru afar margir.<a name=\"18\"><span class=\"versanumer\">18<\/span><\/a>Sonur J\u00edsehars: Sel\u00f3m\u00edt h\u00f6f\u00f0ingi.<a name=\"19\"><span class=\"versanumer\">19<\/span><\/a>Synir Hebrons: Jer\u00eda h\u00f6f\u00f0ingi, annar Amarja, \u00feri\u00f0ji Jehas\u00edel, fj\u00f3r\u00f0i Jekameam.<a name=\"20\"><span class=\"versanumer\">20<\/span><\/a>Synir \u00dass\u00edels: M\u00edka h\u00f6f\u00f0ingi, annar Jiss\u00eda.<a name=\"21\"><span class=\"versanumer\">21<\/span><\/a>Synir Merar\u00ed: Mahl\u00ed og M\u00fas\u00ed. Synir Mahl\u00ed: Eleasar og K\u00eds.<a name=\"22\"><span class=\"versanumer\">22<\/span><\/a>En Eleasar d\u00f3 svo, a\u00f0 hann \u00e1tti enga sonu, heldur d\u00e6tur einar, og t\u00f3ku \u00feeir K\u00edssynir, fr\u00e6ndur \u00feeirra, \u00fe\u00e6r s\u00e9r a\u00f0 konum.<a name=\"23\"><span class=\"versanumer\">23<\/span><\/a>Synir M\u00fas\u00ed voru: Mahl\u00ed, Eder og Jerem\u00f3t, \u00fer\u00edr alls.<a name=\"24\"><span class=\"versanumer\">24<\/span><\/a>\u00deessir eru \u00feeir Lev\u00edni\u00f0jar eftir \u00e6ttum \u00feeirra, \u00e6tth\u00f6f\u00f0ingjar \u00feeir, er taldir voru af \u00feeim, eftir nafnat\u00f6lu og h\u00f6f\u00f0a, er h\u00f6f\u00f0u \u00fea\u00f0 starf \u00e1 hendi a\u00f0 \u00fej\u00f3na \u00ed musteri Drottins, tv\u00edtugir og \u00fea\u00f0an af eldri.<a name=\"25\"><span class=\"versanumer\">25<\/span><\/a>Dav\u00ed\u00f0 m\u00e6lti: Drottinn, Gu\u00f0 \u00cdsraels, hefir veitt l\u00fd\u00f0 s\u00ednum hv\u00edld, og b\u00fdr n\u00fa a\u00f0 eil\u00edfu \u00ed Jer\u00fasalem.<a name=\"26\"><span class=\"versanumer\">26<\/span><\/a>Lev\u00edtarnir \u00feurfa \u00fev\u00ed ekki lengur a\u00f0 bera b\u00fa\u00f0ina og \u00f6ll \u00feau \u00e1h\u00f6ld, er a\u00f0 starfi hennar l\u00fata.<a name=\"27\"><span class=\"versanumer\">27<\/span><\/a>\u00dev\u00ed a\u00f0 eftir s\u00ed\u00f0ustu fyrirm\u00e6lum Dav\u00ed\u00f0s voru lev\u00edtar taldir, tv\u00edtugir og \u00fea\u00f0an af eldri .<a name=\"28\"><span class=\"versanumer\">28<\/span><\/a>Emb\u00e6tti \u00feeirra er a\u00f0 a\u00f0sto\u00f0a Aronsni\u00f0ja, gegna \u00fej\u00f3nustu vi\u00f0 musteri Drottins, hafa umsj\u00f3n me\u00f0 forg\u00f6r\u00f0unum og klefunum og r\u00e6stingu \u00e1 \u00f6llum hinum helgu munum, og gegna st\u00f6rfunum vi\u00f0 h\u00fas Gu\u00f0s,<a name=\"29\"><span class=\"versanumer\">29<\/span><\/a>annast um ra\u00f0settu brau\u00f0in, hveitimj\u00f6li\u00f0 \u00ed matf\u00f3rnirnar, hin \u00f3s\u00fdr\u00f0u flatbrau\u00f0, p\u00f6nnuna og hi\u00f0 samanhr\u00e6r\u00f0a, og hvers konar m\u00e6li og stiku,<a name=\"30\"><span class=\"versanumer\">30<\/span><\/a>og a\u00f0 koma fram \u00e1 hverjum morgni til \u00feess a\u00f0 lofa og vegsama Drottin, og eins \u00e1 kveldin,<a name=\"31\"><span class=\"versanumer\">31<\/span><\/a>og a\u00f0 f\u00e6ra Drottni hverja brennif\u00f3rn \u00e1 hv\u00edldard\u00f6gum, tunglkomud\u00f6gum og l\u00f6gh\u00e1t\u00ed\u00f0um, allar \u00fe\u00e6r, sem \u00e1kve\u00f0i\u00f0 er a\u00f0 st\u00f6\u00f0ugt skuli f\u00e6ra Drottni.<a name=\"32\"><span class=\"versanumer\">32<\/span><\/a>Hafa \u00feeir st\u00f6rf \u00e1 hendi vi\u00f0 samfundatjaldi\u00f0 og st\u00f6rf vi\u00f0 helgid\u00f3minn og st\u00f6rf hj\u00e1 Aronsni\u00f0jum, fr\u00e6ndum s\u00ednum, vi\u00f0 \u00fej\u00f3nustuna \u00ed musteri Drottins.<\/p>\n<div class=\"footnote1981\"><b>23.1<\/b> Dav\u00ed\u00f0 gamall or\u00f0inn 1Kon 1.1 \u2013 Sal\u00f3mon konungur 1Kon 1.30<br \/>\n<b>23.3<\/b> \u00derj\u00e1t\u00edu \u00e1ra 4M\u00f3s 4.3+<br \/>\n<b>23.24<\/b> Tuttugu \u00e1ra 1Kro 23.3; 4M\u00f3s 4.3+<br \/>\n<b>23.28-32<\/b> Emb\u00e6tti lev\u00edta 4M\u00f3s 1.50-53; 3.6-9; 4<\/div>\n","protected":false},"excerpt":{"rendered":"<p>1\u00de\u00e1 er Dav\u00ed\u00f0 var gamall or\u00f0inn og saddur l\u00edfdaga, gj\u00f6r\u00f0i hann Sal\u00f3mon son sinn a\u00f0 konungi yfir \u00cdsrael.2Og hann stefndi saman \u00f6llum h\u00f6f\u00f0ingjum \u00cdsraels, prestunum og lev\u00edtunum.3Lev\u00edtarnir voru taldir, \u00fer\u00edtugir og \u00fea\u00f0an af eldri, og h\u00f6f\u00f0atala \u00feeirra var \u00ferj\u00e1t\u00edu og \u00e1tta \u00fe\u00fasund karlmenn.4Af \u00feeim skulu tuttugu og fj\u00f6gur \u00fe\u00fasund vera fyrir verkum vi\u00f0 h\u00fas Drottins, sex \u00fe\u00fasund skulu vera emb\u00e6ttismenn og d\u00f3marar,5fj\u00f6gur \u00fe\u00fasund hli\u00f0ver\u00f0ir, og fj\u00f6gur \u00fe\u00fasund skulu lofa Drottin me\u00f0 \u00e1h\u00f6ldum \u00feeim, er \u00e9g hefi l\u00e1ti\u00f0 gj\u00f6ra til \u00feess a\u00f0 vegsama me\u00f0, sag\u00f0i Dav\u00ed\u00f0.6Dav\u00ed\u00f0 skipti \u00feeim \u00ed flokka eftir \u00feeim Gerson, Kahat og Merar\u00ed, Lev\u00edsonum.7Til Gersonsni\u00f0ja t\u00f6ldust Laedan og <a href=\"https:\/\/biblian.is\/1981\/fyrri-kronikubok-23-kafli\/\"> [&#8230;]<\/a><\/p>\n","protected":false},"author":1,"featured_media":0,"parent":0,"menu_order":0,"comment_status":"open","ping_status":"open","template":"bibliukaflar.php","meta":{"footnotes":""},"class_list":["post-1707","page","type-page","status-publish","hentry"],"_links":{"self":[{"href":"https:\/\/biblian.is\/1981\/wp-json\/wp\/v2\/pages\/1707","targetHints":{"allow":["GET"]}}],"collection":[{"href":"https:\/\/biblian.is\/1981\/wp-json\/wp\/v2\/pages"}],"about":[{"href":"https:\/\/biblian.is\/1981\/wp-json\/wp\/v2\/types\/page"}],"author":[{"embeddable":true,"href":"https:\/\/biblian.is\/1981\/wp-json\/wp\/v2\/users\/1"}],"replies":[{"embeddable":true,"href":"https:\/\/biblian.is\/1981\/wp-json\/wp\/v2\/comments?post=1707"}],"version-history":[{"count":0,"href":"https:\/\/biblian.is\/1981\/wp-json\/wp\/v2\/pages\/1707\/revisions"}],"wp:attachment":[{"href":"https:\/\/biblian.is\/1981\/wp-json\/wp\/v2\/media?parent=1707"}],"curies":[{"name":"wp","href":"https:\/\/api.w.org\/{rel}","templated":true}]}}