{"id":1706,"date":"2017-11-18T20:18:18","date_gmt":"2017-11-18T20:18:18","guid":{"rendered":"http:\/\/biblian.is\/1981\/fyrri-kronikubok-22-kafli\/"},"modified":"2021-06-06T10:57:08","modified_gmt":"2021-06-06T10:57:08","slug":"fyrri-kronikubok-22-kafli","status":"publish","type":"page","link":"https:\/\/biblian.is\/1981\/fyrri-kronikubok-22-kafli\/","title":{"rendered":"Fyrri kron\u00edkub\u00f3k 22. kafli"},"content":{"rendered":"<p><a name=\"1\"><span class=\"versanumer\">1<\/span><\/a>Og Dav\u00ed\u00f0 m\u00e6lti: \u00deetta s\u00e9 h\u00fas Drottins Gu\u00f0s, og \u00feetta s\u00e9 altari fyrir brennif\u00f3rnir \u00cdsraels.<a name=\"2\"><span class=\"versanumer\">2<\/span><\/a>Og Dav\u00ed\u00f0 bau\u00f0 a\u00f0 stefna saman \u00fatlendingum \u00feeim, er voru \u00ed \u00cdsraelslandi, og hann setti steinh\u00f6ggvara til \u00feess a\u00f0 h\u00f6ggva til steina, til \u00feess a\u00f0 reisa af musteri Gu\u00f0s.<a name=\"3\"><span class=\"versanumer\">3<\/span><\/a>Dav\u00ed\u00f0 dr\u00f3 og a\u00f0 afar miki\u00f0 af j\u00e1rni \u00ed nagla \u00e1 hli\u00f0hur\u00f0irnar og \u00ed spengurnar, og svo miki\u00f0 af eiri, a\u00f0 eigi var\u00f0 vegi\u00f0,<a name=\"4\"><span class=\"versanumer\">4<\/span><\/a>og sedrustr\u00e9, svo a\u00f0 eigi var\u00f0 t\u00f6lu \u00e1 komi\u00f0, \u00fev\u00ed a\u00f0 S\u00eddoningar og T\u00fdrverjar f\u00e6r\u00f0u Dav\u00ed\u00f0 afar miki\u00f0 af sedrustrj\u00e1m.<a name=\"5\"><span class=\"versanumer\">5<\/span><\/a>Dav\u00ed\u00f0 hugsa\u00f0i me\u00f0 s\u00e9r: Sal\u00f3mon sonur minn er ungur og \u00f3\u00feroska\u00f0ur, en musteri\u00f0, er Drottni \u00e1 a\u00f0 reisa, \u00e1 a\u00f0 vera afar st\u00f3rt, til fr\u00e6g\u00f0ar og pr\u00fd\u00f0i um \u00f6ll l\u00f6nd. \u00c9g \u00e6tla \u00fev\u00ed a\u00f0 vi\u00f0a a\u00f0 til \u00feess. Og Dav\u00ed\u00f0 vi\u00f0a\u00f0i afar miklu a\u00f0 fyrir andl\u00e1t sitt.<a name=\"6\"><span class=\"versanumer\">6<\/span><\/a>S\u00ed\u00f0an kalla\u00f0i hann Sal\u00f3mon son sinn, og f\u00f3l honum a\u00f0 reisa musteri Drottni, Gu\u00f0i \u00cdsraels.<a name=\"7\"><span class=\"versanumer\">7<\/span><\/a>Og Dav\u00ed\u00f0 m\u00e6lti vi\u00f0 Sal\u00f3mon: Sonur minn! \u00c9g haf\u00f0i \u00ed hyggju a\u00f0 reisa musteri nafni Drottins, Gu\u00f0s m\u00edns.<a name=\"8\"><span class=\"versanumer\">8<\/span><\/a>En or\u00f0 Drottins kom til m\u00edn, svol\u00e1tandi: \u00de\u00fa hefir \u00fathellt miklu bl\u00f3\u00f0i og h\u00e1\u00f0 miklar orustur. \u00de\u00fa skalt eigi reisa musteri nafni m\u00ednu, \u00fev\u00ed a\u00f0 miklu bl\u00f3\u00f0i hefir \u00fe\u00fa hellt til jar\u00f0ar fyrir augliti m\u00ednu.<a name=\"9\"><span class=\"versanumer\">9<\/span><\/a>En \u00fe\u00e9r mun sonur f\u00e6\u00f0ast. Hann mun ver\u00f0a kyrrl\u00e1tur ma\u00f0ur, og \u00e9g mun veita honum r\u00f3 fyrir \u00f6llum fjandm\u00f6nnum hans allt um kring, \u00fev\u00ed a\u00f0 Sal\u00f3mon skal hann heita, og \u00e9g mun veita fri\u00f0 og kyrr\u00f0 \u00ed \u00cdsrael um hans daga.<a name=\"10\"><span class=\"versanumer\">10<\/span><\/a>Hann skal reisa musteri nafni m\u00ednu, hann skal vera m\u00e9r sonur og \u00e9g honum fa\u00f0ir, og \u00e9g mun sta\u00f0festa konungsst\u00f3l hans yfir \u00cdsrael a\u00f0 eil\u00edfu.<a name=\"11\"><span class=\"versanumer\">11<\/span><\/a>Drottinn s\u00e9 n\u00fa me\u00f0 \u00fe\u00e9r, sonur minn, svo a\u00f0 \u00fe\u00fa ver\u00f0ir au\u00f0numa\u00f0ur og reisir musteri Drottins, Gu\u00f0s \u00fe\u00edns, eins og hann hefir um \u00feig heiti\u00f0.<a name=\"12\"><span class=\"versanumer\">12<\/span><\/a>Veiti Drottinn \u00fe\u00e9r a\u00f0eins hyggindi og skilning og skipi \u00feig yfir \u00cdsrael, og a\u00f0 \u00fe\u00fa megir var\u00f0veita l\u00f6gm\u00e1l Drottins, Gu\u00f0s \u00fe\u00edns.<a name=\"13\"><span class=\"versanumer\">13<\/span><\/a>\u00de\u00e1 munt \u00fe\u00fa au\u00f0numa\u00f0ur ver\u00f0a, ef \u00fe\u00fa var\u00f0veitir setninga \u00fe\u00e1 og bo\u00f0or\u00f0 og breytir eftir \u00feeim, er Drottinn lag\u00f0i fyrir M\u00f3se um \u00cdsrael. Ver \u00fe\u00fa hughraustur og \u00f6ruggur! \u00d3ttast ekki og ver hvergi hr\u00e6ddur.<a name=\"14\"><span class=\"versanumer\">14<\/span><\/a>Sj\u00e1, \u00fer\u00e1tt fyrir \u00ferautir m\u00ednar hefi \u00e9g dregi\u00f0 a\u00f0 til musteris Drottins hundra\u00f0 \u00fe\u00fasund talentur gulls, millj\u00f3n talentur silfurs, og svo miki\u00f0 af eiri og j\u00e1rni, a\u00f0 eigi ver\u00f0ur vegi\u00f0, \u00fev\u00ed a\u00f0 afar miki\u00f0 er af \u00fev\u00ed. Vi\u00f0a og steina hefi \u00e9g einnig afla\u00f0, og m\u00e1tt \u00fe\u00fa \u00fear enn vi\u00f0 auka.<a name=\"15\"><span class=\"versanumer\">15<\/span><\/a>Me\u00f0 \u00fe\u00e9r er og margt starfsmanna, steinh\u00f6ggvarar, steinsmi\u00f0ir og tr\u00e9smi\u00f0ir og alls konar hagleiksmenn til alls konar sm\u00ed\u00f0a<a name=\"16\"><span class=\"versanumer\">16<\/span><\/a>af gulli, silfri, eiri og j\u00e1rni, er eigi ver\u00f0ur t\u00f6lu \u00e1 komi\u00f0. Upp n\u00fa, og tak til starfa og Drottinn s\u00e9 me\u00f0 \u00fe\u00e9r.<a name=\"17\"><span class=\"versanumer\">17<\/span><\/a>Og Dav\u00ed\u00f0 bau\u00f0 \u00f6llum h\u00f6f\u00f0ingjum \u00cdsraels a\u00f0 li\u00f0sinna Sal\u00f3mon syni s\u00ednum og m\u00e6lti:<a name=\"18\"><span class=\"versanumer\">18<\/span><\/a>Drottinn Gu\u00f0 y\u00f0ar er me\u00f0 y\u00f0ur og hefir veitt y\u00f0ur fri\u00f0 allt um kring, \u00fev\u00ed a\u00f0 hann hefir selt frumbyggja landsins m\u00e9r \u00e1 vald, og landi\u00f0 er undiroka\u00f0 fyrir augliti Drottins og fyrir augliti l\u00fd\u00f0s hans.<a name=\"19\"><span class=\"versanumer\">19<\/span><\/a>Beini\u00f0 \u00fe\u00e1 hj\u00f6rtum y\u00f0ar og hug y\u00f0ar a\u00f0 \u00fev\u00ed a\u00f0 leita Drottins, Gu\u00f0s y\u00f0ar. Taki\u00f0 y\u00f0ur til og reisi\u00f0 helgid\u00f3m Drottins Gu\u00f0s, svo a\u00f0 \u00fe\u00e9r geti\u00f0 flutt s\u00e1ttm\u00e1ls\u00f6rk Drottins og hin helgu \u00e1h\u00f6ld Gu\u00f0s \u00ed musteri\u00f0, er reisa \u00e1 nafni Drottins.<\/p>\n<div class=\"footnote1981\"><b>22.2-5<\/b> Bygging musteris undirb\u00fain 1Kon 5.15-32<br \/>\n<b>22.7-10<\/b> Haft \u00ed huga 2Sam 7.1-17+<br \/>\n<b>22.10<\/b> Sonur 2Sam 7.14+ &#8211; sty\u00f0ja hans konunglega h\u00e1s\u00e6ti 2Sam 7.12+<br \/>\n<b>22.12<\/b> Skynsemi og skilning 1Kon 3<br \/>\n<b>22.13<\/b> Vertu huga\u00f0ur 5M\u00f3s 31.23; J\u00f3s 1.6-9<br \/>\n<b>22.15<\/b> Margt starfsmanna 1Kon 5.27-29<\/div>\n","protected":false},"excerpt":{"rendered":"<p>1Og Dav\u00ed\u00f0 m\u00e6lti: \u00deetta s\u00e9 h\u00fas Drottins Gu\u00f0s, og \u00feetta s\u00e9 altari fyrir brennif\u00f3rnir \u00cdsraels.2Og Dav\u00ed\u00f0 bau\u00f0 a\u00f0 stefna saman \u00fatlendingum \u00feeim, er voru \u00ed \u00cdsraelslandi, og hann setti steinh\u00f6ggvara til \u00feess a\u00f0 h\u00f6ggva til steina, til \u00feess a\u00f0 reisa af musteri Gu\u00f0s.3Dav\u00ed\u00f0 dr\u00f3 og a\u00f0 afar miki\u00f0 af j\u00e1rni \u00ed nagla \u00e1 hli\u00f0hur\u00f0irnar og \u00ed spengurnar, og svo miki\u00f0 af eiri, a\u00f0 eigi var\u00f0 vegi\u00f0,4og sedrustr\u00e9, svo a\u00f0 eigi var\u00f0 t\u00f6lu \u00e1 komi\u00f0, \u00fev\u00ed a\u00f0 S\u00eddoningar og T\u00fdrverjar f\u00e6r\u00f0u Dav\u00ed\u00f0 afar miki\u00f0 af sedrustrj\u00e1m.5Dav\u00ed\u00f0 hugsa\u00f0i me\u00f0 s\u00e9r: Sal\u00f3mon sonur minn er ungur og \u00f3\u00feroska\u00f0ur, en musteri\u00f0, er Drottni \u00e1 <a href=\"https:\/\/biblian.is\/1981\/fyrri-kronikubok-22-kafli\/\"> [&#8230;]<\/a><\/p>\n","protected":false},"author":1,"featured_media":0,"parent":0,"menu_order":0,"comment_status":"open","ping_status":"open","template":"bibliukaflar.php","meta":{"footnotes":""},"class_list":["post-1706","page","type-page","status-publish","hentry"],"_links":{"self":[{"href":"https:\/\/biblian.is\/1981\/wp-json\/wp\/v2\/pages\/1706","targetHints":{"allow":["GET"]}}],"collection":[{"href":"https:\/\/biblian.is\/1981\/wp-json\/wp\/v2\/pages"}],"about":[{"href":"https:\/\/biblian.is\/1981\/wp-json\/wp\/v2\/types\/page"}],"author":[{"embeddable":true,"href":"https:\/\/biblian.is\/1981\/wp-json\/wp\/v2\/users\/1"}],"replies":[{"embeddable":true,"href":"https:\/\/biblian.is\/1981\/wp-json\/wp\/v2\/comments?post=1706"}],"version-history":[{"count":0,"href":"https:\/\/biblian.is\/1981\/wp-json\/wp\/v2\/pages\/1706\/revisions"}],"wp:attachment":[{"href":"https:\/\/biblian.is\/1981\/wp-json\/wp\/v2\/media?parent=1706"}],"curies":[{"name":"wp","href":"https:\/\/api.w.org\/{rel}","templated":true}]}}