{"id":1705,"date":"2017-11-18T20:18:18","date_gmt":"2017-11-18T20:18:18","guid":{"rendered":"http:\/\/biblian.is\/1981\/fyrri-kronikubok-21-kafli\/"},"modified":"2021-06-06T10:57:08","modified_gmt":"2021-06-06T10:57:08","slug":"fyrri-kronikubok-21-kafli","status":"publish","type":"page","link":"https:\/\/biblian.is\/1981\/fyrri-kronikubok-21-kafli\/","title":{"rendered":"Fyrri kron\u00edkub\u00f3k 21. kafli"},"content":{"rendered":"<p><a name=\"1\"><span class=\"versanumer\">1<\/span><\/a>Satan h\u00f3fst \u00ed gegn \u00cdsrael og egndi Dav\u00ed\u00f0 til \u00feess a\u00f0 telja \u00cdsrael.<a name=\"2\"><span class=\"versanumer\">2<\/span><\/a>\u00de\u00e1 m\u00e6lti Dav\u00ed\u00f0 vi\u00f0 J\u00f3ab og h\u00f6f\u00f0ingja l\u00fd\u00f0sins: Fari\u00f0 og telji\u00f0 \u00cdsrael fr\u00e1 Beerseba til Dan og l\u00e1ti\u00f0 mig vita \u00fea\u00f0, svo a\u00f0 \u00e9g f\u00e1i a\u00f0 vita t\u00f6lu \u00e1 \u00feeim.<a name=\"3\"><span class=\"versanumer\">3<\/span><\/a>J\u00f3ab svara\u00f0i: Drottinn margfaldi l\u00fd\u00f0inn hversu margir sem \u00feeir n\u00fa kunna a\u00f0 vera hundra\u00f0 sinnum. \u00deeir eru \u00fe\u00f3, minn herra konungur, allir \u00fej\u00f3nar herra m\u00edns. Hv\u00ed \u00e6skir herra minn \u00feessa? Hvers vegna \u00e1 \u00fea\u00f0 a\u00f0 ver\u00f0a \u00cdsrael til \u00e1fellis?<a name=\"4\"><span class=\"versanumer\">4<\/span><\/a>En J\u00f3ab m\u00e1tti eigi gj\u00f6ra anna\u00f0 en \u00fea\u00f0, sem konungur bau\u00f0. Lag\u00f0i J\u00f3ab \u00fe\u00e1 af sta\u00f0 og f\u00f3r um allan \u00cdsrael og kom s\u00ed\u00f0an aftur til Jer\u00fasalem.<a name=\"5\"><span class=\"versanumer\">5<\/span><\/a>Og J\u00f3ab sag\u00f0i Dav\u00ed\u00f0 t\u00f6luna, er komi\u00f0 haf\u00f0i \u00fat vi\u00f0 manntali\u00f0: \u00cd \u00f6llum \u00cdsrael voru ein millj\u00f3n og hundra\u00f0 \u00fe\u00fasundir vopna\u00f0ra manna, og \u00ed J\u00fada fj\u00f6gur hundru\u00f0 og sj\u00f6t\u00edu \u00fe\u00fasundir vopna\u00f0ra manna.<a name=\"6\"><span class=\"versanumer\">6<\/span><\/a>En Lev\u00ed og Benjam\u00edn taldi hann eigi, \u00fev\u00ed a\u00f0 J\u00f3ab hraus hugur vi\u00f0 skipun konungs.<a name=\"7\"><span class=\"versanumer\">7<\/span><\/a>En \u00feetta verk var illt \u00ed augum Gu\u00f0s, og laust hann \u00cdsrael.<a name=\"8\"><span class=\"versanumer\">8<\/span><\/a>\u00de\u00e1 sag\u00f0i Dav\u00ed\u00f0 vi\u00f0 Gu\u00f0: Mj\u00f6g hefi \u00e9g syndga\u00f0, er \u00e9g framdi \u00feetta verk, en n\u00fa, tak \u00fe\u00fa burt misgj\u00f6r\u00f0 \u00fej\u00f3ns \u00fe\u00edns, \u00fev\u00ed a\u00f0 mj\u00f6g \u00f3viturlega hefir m\u00e9r til tekist.<a name=\"9\"><span class=\"versanumer\">9<\/span><\/a>En Drottinn tala\u00f0i til Ga\u00f0s, sj\u00e1anda Dav\u00ed\u00f0s, \u00e1 \u00feessa lei\u00f0:<a name=\"10\"><span class=\"versanumer\">10<\/span><\/a>Far \u00fe\u00fa og m\u00e6l svo vi\u00f0 Dav\u00ed\u00f0: Svo segir Drottinn: \u00derj\u00e1 kosti set \u00e9g \u00fe\u00e9r, kj\u00f3s einn af \u00feeim, og mun \u00e9g svo vi\u00f0 \u00feig gj\u00f6ra.<a name=\"11\"><span class=\"versanumer\">11<\/span><\/a>\u00de\u00e1 gekk Ga\u00f0 til Dav\u00ed\u00f0s og sag\u00f0i vi\u00f0 hann: Svo segir Drottinn: Kj\u00f3s \u00fe\u00e9r,<a name=\"12\"><span class=\"versanumer\">12<\/span><\/a>anna\u00f0hvort a\u00f0 hungur ver\u00f0i \u00ed \u00ferj\u00fa \u00e1r, e\u00f0a a\u00f0 \u00fe\u00fa ver\u00f0ir a\u00f0 fl\u00fdja \u00ed \u00ferj\u00e1 m\u00e1nu\u00f0i fyrir \u00f3vinum \u00fe\u00ednum og sver\u00f0 fjandmanna \u00feinna n\u00e1i \u00fe\u00e9r, e\u00f0a a\u00f0 sver\u00f0 Drottins og dreps\u00f3tt geisi \u00ed landinu \u00ed \u00ferj\u00e1 daga og engill Drottins valdi ey\u00f0ingu \u00ed \u00f6llu \u00cdsraelslandi. Hygg n\u00fa a\u00f0, hverju \u00e9g eigi a\u00f0 svara \u00feeim, er sendi mig.<a name=\"13\"><span class=\"versanumer\">13<\/span><\/a>Dav\u00ed\u00f0 svara\u00f0i Ga\u00f0: \u00c9g er \u00ed miklum nau\u00f0um staddur. Falli \u00e9g \u00fe\u00e1 \u00ed hendur Drottins, \u00fev\u00ed a\u00f0 mikil er miskunn hans, en \u00ed manna hendur vil \u00e9g ekki falla.<a name=\"14\"><span class=\"versanumer\">14<\/span><\/a>Drottinn l\u00e9t \u00fe\u00e1 dreps\u00f3tt koma \u00ed \u00cdsrael, og f\u00e9llu sj\u00f6t\u00edu \u00fe\u00fasundir manns af \u00cdsrael.<a name=\"15\"><span class=\"versanumer\">15<\/span><\/a>Og Gu\u00f0 sendi engil til Jer\u00fasalem til \u00feess a\u00f0 ey\u00f0a hana, og er hann var a\u00f0 ey\u00f0a hana, leit Drottinn til og hann i\u00f0ra\u00f0i hins illa, og sag\u00f0i vi\u00f0 engilinn, er eyddi f\u00f3lkinu: N\u00f3g er a\u00f0 gj\u00f6rt! Drag n\u00fa a\u00f0 \u00fe\u00e9r h\u00f6ndina! En engill Drottins var \u00fe\u00e1 hj\u00e1 \u00fereskivelli Ornans Jeb\u00fas\u00edta.<a name=\"16\"><span class=\"versanumer\">16<\/span><\/a>Og Dav\u00ed\u00f0 h\u00f3f upp augu s\u00edn og s\u00e1 engil Drottins standa milli himins og jar\u00f0ar me\u00f0 brug\u00f0i\u00f0 sver\u00f0 \u00ed hendi, er hann beindi gegn Jer\u00fasalem. \u00de\u00e1 f\u00e9ll Dav\u00ed\u00f0 og \u00f6ldungarnir fram \u00e1 andlit s\u00e9r, kl\u00e6ddir h\u00e6rusekkjum.<a name=\"17\"><span class=\"versanumer\">17<\/span><\/a>Og Dav\u00ed\u00f0 sag\u00f0i vi\u00f0 Gu\u00f0: Var \u00fea\u00f0 eigi \u00e9g, er bau\u00f0 a\u00f0 telja f\u00f3lki\u00f0? \u00dea\u00f0 er \u00e9g, sem hefi syndga\u00f0 og breytt mj\u00f6g illa, en \u00feetta er hj\u00f6r\u00f0 m\u00edn, hva\u00f0 hefir h\u00fan gj\u00f6rt? Drottinn, Gu\u00f0 minn, l\u00e1t h\u00f6nd \u00fe\u00edna leggjast \u00e1 mig og \u00e6ttmenn m\u00edna, en eigi \u00e1 l\u00fd\u00f0 \u00feinn til \u00feess a\u00f0 valda mannhruni.<a name=\"18\"><span class=\"versanumer\">18<\/span><\/a>En engill Drottins bau\u00f0 Ga\u00f0 a\u00f0 segja Dav\u00ed\u00f0, a\u00f0 Dav\u00ed\u00f0 skyldi fara upp eftir til \u00feess a\u00f0 reisa Drottni altari \u00e1 \u00fereskivelli Ornans Jeb\u00fas\u00edta.<a name=\"19\"><span class=\"versanumer\">19<\/span><\/a>Og Dav\u00ed\u00f0 f\u00f3r upp eftir a\u00f0 bo\u00f0i Ga\u00f0s, \u00fev\u00ed er hann haf\u00f0i tala\u00f0 \u00ed nafni Drottins.<a name=\"20\"><span class=\"versanumer\">20<\/span><\/a>Og er Ornan sneri s\u00e9r vi\u00f0, s\u00e1 hann konung koma og fj\u00f3ra sonu hans me\u00f0 honum, en Ornan var a\u00f0 \u00fereskja hveiti.<a name=\"21\"><span class=\"versanumer\">21<\/span><\/a>Og er Dav\u00ed\u00f0 kom til Ornans, leit Ornan upp og s\u00e1 Dav\u00ed\u00f0. Gekk hann \u00fe\u00e1 \u00fat af \u00fereskivellinum og laut \u00e1 \u00e1sj\u00f3nu s\u00edna til jar\u00f0ar fyrir Dav\u00ed\u00f0.<a name=\"22\"><span class=\"versanumer\">22<\/span><\/a>\u00de\u00e1 m\u00e6lti Dav\u00ed\u00f0 vi\u00f0 Ornan: L\u00e1t \u00fe\u00fa \u00fereskiv\u00f6llinn af hendi vi\u00f0 mig, svo a\u00f0 \u00e9g geti reist Drottni \u00fear altari skalt \u00fe\u00fa selja m\u00e9r \u00fea\u00f0 fullu ver\u00f0i og pl\u00e1gunni megi l\u00e9tta af l\u00fd\u00f0num.<a name=\"23\"><span class=\"versanumer\">23<\/span><\/a>Ornan svara\u00f0i Dav\u00ed\u00f0: Tak \u00fe\u00fa \u00fea\u00f0. Minn herra konungurinn gj\u00f6ri sem honum \u00fe\u00f3knast. Sj\u00e1, \u00e9g gef nautin til brennif\u00f3rnar og \u00fereskisle\u00f0ana til eldivi\u00f0ar og hveiti\u00f0 til matf\u00f3rnar, allt gef \u00e9g \u00fea\u00f0.<a name=\"24\"><span class=\"versanumer\">24<\/span><\/a>En Dav\u00ed\u00f0 konungur sag\u00f0i vi\u00f0 Ornan: Eigi svo, en kaupa vil \u00e9g \u00fea\u00f0 fullu ver\u00f0i, \u00fev\u00ed a\u00f0 eigi vil \u00e9g taka \u00fea\u00f0 sem \u00feitt er Drottni til handa og f\u00e6ra brennif\u00f3rn, er \u00e9g hefi kauplaust \u00feegi\u00f0.<a name=\"25\"><span class=\"versanumer\">25<\/span><\/a>S\u00ed\u00f0an greiddi Dav\u00ed\u00f0 Ornan sex hundru\u00f0 sikla gulls fyrir v\u00f6llinn.<a name=\"26\"><span class=\"versanumer\">26<\/span><\/a>Og Dav\u00ed\u00f0 reisti Drottni \u00fear altari og f\u00f3rna\u00f0i brennif\u00f3rnum og heillaf\u00f3rnum, og er hann \u00e1kalla\u00f0i Drottin, svara\u00f0i hann honum me\u00f0 \u00fev\u00ed a\u00f0 senda eld af himnum \u00e1 brennif\u00f3rnaraltari\u00f0.<a name=\"27\"><span class=\"versanumer\">27<\/span><\/a>Og Drottinn bau\u00f0 englinum a\u00f0 sl\u00ed\u00f0ra sver\u00f0 sitt.<a name=\"28\"><span class=\"versanumer\">28<\/span><\/a>\u00de\u00e1 er Dav\u00ed\u00f0 s\u00e1, a\u00f0 Drottinn svara\u00f0i honum \u00e1 \u00fereskivelli Ornans Jeb\u00fas\u00edta, \u00fe\u00e1 f\u00e6r\u00f0i hann \u00fear f\u00f3rnir.<a name=\"29\"><span class=\"versanumer\">29<\/span><\/a>En b\u00fasta\u00f0ur Drottins, er M\u00f3se haf\u00f0i gj\u00f6rt \u00ed ey\u00f0im\u00f6rkinni, og brennif\u00f3rnaraltari\u00f0 voru um \u00fea\u00f0 leyti \u00e1 h\u00e6\u00f0inni \u00ed G\u00edbeon.<a name=\"30\"><span class=\"versanumer\">30<\/span><\/a>En Dav\u00ed\u00f0 gat eigi gengi\u00f0 fram fyrir \u00fea\u00f0 til \u00feess a\u00f0 leita Gu\u00f0s, \u00fev\u00ed a\u00f0 hann var hr\u00e6ddur vi\u00f0 sver\u00f0 engils Drottins.<\/p>\n<div class=\"footnote1981\"><b>21.1-6<\/b> sbr 2Sam 24.1-9<br \/>\n<b>21.7-17<\/b> sbr 2Sam 24.10-17<br \/>\n<b>21.18-30<\/b> sbr 2Sam 24.18-25<br \/>\n<b>21.26<\/b> Eldur af himnum 3M\u00f3s 9.24+<\/div>\n","protected":false},"excerpt":{"rendered":"<p>1Satan h\u00f3fst \u00ed gegn \u00cdsrael og egndi Dav\u00ed\u00f0 til \u00feess a\u00f0 telja \u00cdsrael.2\u00de\u00e1 m\u00e6lti Dav\u00ed\u00f0 vi\u00f0 J\u00f3ab og h\u00f6f\u00f0ingja l\u00fd\u00f0sins: Fari\u00f0 og telji\u00f0 \u00cdsrael fr\u00e1 Beerseba til Dan og l\u00e1ti\u00f0 mig vita \u00fea\u00f0, svo a\u00f0 \u00e9g f\u00e1i a\u00f0 vita t\u00f6lu \u00e1 \u00feeim.3J\u00f3ab svara\u00f0i: Drottinn margfaldi l\u00fd\u00f0inn hversu margir sem \u00feeir n\u00fa kunna a\u00f0 vera hundra\u00f0 sinnum. \u00deeir eru \u00fe\u00f3, minn herra konungur, allir \u00fej\u00f3nar herra m\u00edns. Hv\u00ed \u00e6skir herra minn \u00feessa? Hvers vegna \u00e1 \u00fea\u00f0 a\u00f0 ver\u00f0a \u00cdsrael til \u00e1fellis?4En J\u00f3ab m\u00e1tti eigi gj\u00f6ra anna\u00f0 en \u00fea\u00f0, sem konungur bau\u00f0. Lag\u00f0i J\u00f3ab \u00fe\u00e1 af sta\u00f0 og f\u00f3r um allan \u00cdsrael <a href=\"https:\/\/biblian.is\/1981\/fyrri-kronikubok-21-kafli\/\"> [&#8230;]<\/a><\/p>\n","protected":false},"author":1,"featured_media":0,"parent":0,"menu_order":0,"comment_status":"open","ping_status":"open","template":"bibliukaflar.php","meta":{"footnotes":""},"class_list":["post-1705","page","type-page","status-publish","hentry"],"_links":{"self":[{"href":"https:\/\/biblian.is\/1981\/wp-json\/wp\/v2\/pages\/1705","targetHints":{"allow":["GET"]}}],"collection":[{"href":"https:\/\/biblian.is\/1981\/wp-json\/wp\/v2\/pages"}],"about":[{"href":"https:\/\/biblian.is\/1981\/wp-json\/wp\/v2\/types\/page"}],"author":[{"embeddable":true,"href":"https:\/\/biblian.is\/1981\/wp-json\/wp\/v2\/users\/1"}],"replies":[{"embeddable":true,"href":"https:\/\/biblian.is\/1981\/wp-json\/wp\/v2\/comments?post=1705"}],"version-history":[{"count":0,"href":"https:\/\/biblian.is\/1981\/wp-json\/wp\/v2\/pages\/1705\/revisions"}],"wp:attachment":[{"href":"https:\/\/biblian.is\/1981\/wp-json\/wp\/v2\/media?parent=1705"}],"curies":[{"name":"wp","href":"https:\/\/api.w.org\/{rel}","templated":true}]}}