{"id":1704,"date":"2017-11-18T20:18:18","date_gmt":"2017-11-18T20:18:18","guid":{"rendered":"http:\/\/biblian.is\/1981\/fyrri-kronikubok-20-kafli\/"},"modified":"2021-06-06T10:57:08","modified_gmt":"2021-06-06T10:57:08","slug":"fyrri-kronikubok-20-kafli","status":"publish","type":"page","link":"https:\/\/biblian.is\/1981\/fyrri-kronikubok-20-kafli\/","title":{"rendered":"Fyrri kron\u00edkub\u00f3k 20. kafli"},"content":{"rendered":"<p><a name=\"1\"><span class=\"versanumer\">1<\/span><\/a>\u00c1 n\u00e6sta \u00e1ri, um \u00fea\u00f0 leyti er konungar fara \u00ed herna\u00f0, h\u00e9lt J\u00f3ab \u00fat me\u00f0 li\u00f0inu og herja\u00f0i land Amm\u00f3n\u00edta. Og hann kom og settist um Rabba, en Dav\u00ed\u00f0 dvaldist \u00ed Jer\u00fasalem. Og J\u00f3ab vann Rabba og braut hana.<a name=\"2\"><span class=\"versanumer\">2<\/span><\/a>Og Dav\u00ed\u00f0 t\u00f3k k\u00f3r\u00f3nu Milk\u00f3ms af h\u00f6f\u00f0i honum og komst a\u00f0 raun um, a\u00f0 h\u00fan v\u00f3 talentu gulls, og \u00ed henni var d\u00fdrindis steinn. Dav\u00ed\u00f0 setti hana \u00e1 h\u00f6fu\u00f0 s\u00e9r og flutti mj\u00f6g miki\u00f0 herfang burt \u00far borginni.<a name=\"3\"><span class=\"versanumer\">3<\/span><\/a>Hann flutti og burt f\u00f3lki\u00f0, sem \u00fear var, og setti \u00fea\u00f0 vi\u00f0 sagirnar, j\u00e1rnfleygana og axirnar, og svo f\u00f3r Dav\u00ed\u00f0 me\u00f0 allar borgir Amm\u00f3n\u00edta. S\u00ed\u00f0an f\u00f3r Dav\u00ed\u00f0 \u00e1samt \u00f6llu li\u00f0inu aftur heim til Jer\u00fasalem.<a name=\"4\"><span class=\"versanumer\">4<\/span><\/a>Seinna t\u00f3kst enn orusta hj\u00e1 Geser vi\u00f0 Filista. \u00de\u00e1 drap Sibbeka\u00ed H\u00fasat\u00edti Sippa\u00ed, einn af ni\u00f0jum Refa\u00edta, og ur\u00f0u \u00feeir a\u00f0 l\u00fata \u00ed l\u00e6gra haldi.<a name=\"5\"><span class=\"versanumer\">5<\/span><\/a>Og enn t\u00f3kst orusta vi\u00f0 Filista. \u00de\u00e1 drap Elkanan Ja\u00edrsson Lahm\u00ed, br\u00f3\u00f0ur Gol\u00edats fr\u00e1 Gat. Spj\u00f3tskaft hans var sem vefjarrifur.<a name=\"6\"><span class=\"versanumer\">6<\/span><\/a>Og er enn t\u00f3kst orusta hj\u00e1 Gat, var \u00fear tr\u00f6llaukinn ma\u00f0ur, er haf\u00f0i sex fingur \u00e1 hvorri hendi og sex t\u00e6r \u00e1 hvorum f\u00e6ti, tuttugu og fj\u00f6gur a\u00f0 t\u00f6lu. Var hann og kominn af Refa\u00edtum.<a name=\"7\"><span class=\"versanumer\">7<\/span><\/a>Hann sm\u00e1na\u00f0i \u00cdsrael, en J\u00f3natan, sonur S\u00edmea, br\u00f3\u00f0ur Dav\u00ed\u00f0s, drap hann.<a name=\"8\"><span class=\"versanumer\">8<\/span><\/a>\u00deessir voru komnir af Refa\u00edtum \u00ed Gat, og f\u00e9llu \u00feeir fyrir Dav\u00ed\u00f0 og m\u00f6nnum hans.<\/p>\n<div class=\"footnote1981\"><b>20.1-3<\/b> sbr 2Sam 11.1; 12.26-31<br \/>\n<b>20.4-8<\/b> sbr 2Sam 21.18-22<\/div>\n","protected":false},"excerpt":{"rendered":"<p>1\u00c1 n\u00e6sta \u00e1ri, um \u00fea\u00f0 leyti er konungar fara \u00ed herna\u00f0, h\u00e9lt J\u00f3ab \u00fat me\u00f0 li\u00f0inu og herja\u00f0i land Amm\u00f3n\u00edta. Og hann kom og settist um Rabba, en Dav\u00ed\u00f0 dvaldist \u00ed Jer\u00fasalem. Og J\u00f3ab vann Rabba og braut hana.2Og Dav\u00ed\u00f0 t\u00f3k k\u00f3r\u00f3nu Milk\u00f3ms af h\u00f6f\u00f0i honum og komst a\u00f0 raun um, a\u00f0 h\u00fan v\u00f3 talentu gulls, og \u00ed henni var d\u00fdrindis steinn. Dav\u00ed\u00f0 setti hana \u00e1 h\u00f6fu\u00f0 s\u00e9r og flutti mj\u00f6g miki\u00f0 herfang burt \u00far borginni.3Hann flutti og burt f\u00f3lki\u00f0, sem \u00fear var, og setti \u00fea\u00f0 vi\u00f0 sagirnar, j\u00e1rnfleygana og axirnar, og svo f\u00f3r Dav\u00ed\u00f0 me\u00f0 allar borgir Amm\u00f3n\u00edta. S\u00ed\u00f0an <a href=\"https:\/\/biblian.is\/1981\/fyrri-kronikubok-20-kafli\/\"> [&#8230;]<\/a><\/p>\n","protected":false},"author":1,"featured_media":0,"parent":0,"menu_order":0,"comment_status":"open","ping_status":"open","template":"bibliukaflar.php","meta":{"footnotes":""},"class_list":["post-1704","page","type-page","status-publish","hentry"],"_links":{"self":[{"href":"https:\/\/biblian.is\/1981\/wp-json\/wp\/v2\/pages\/1704","targetHints":{"allow":["GET"]}}],"collection":[{"href":"https:\/\/biblian.is\/1981\/wp-json\/wp\/v2\/pages"}],"about":[{"href":"https:\/\/biblian.is\/1981\/wp-json\/wp\/v2\/types\/page"}],"author":[{"embeddable":true,"href":"https:\/\/biblian.is\/1981\/wp-json\/wp\/v2\/users\/1"}],"replies":[{"embeddable":true,"href":"https:\/\/biblian.is\/1981\/wp-json\/wp\/v2\/comments?post=1704"}],"version-history":[{"count":0,"href":"https:\/\/biblian.is\/1981\/wp-json\/wp\/v2\/pages\/1704\/revisions"}],"wp:attachment":[{"href":"https:\/\/biblian.is\/1981\/wp-json\/wp\/v2\/media?parent=1704"}],"curies":[{"name":"wp","href":"https:\/\/api.w.org\/{rel}","templated":true}]}}