{"id":1703,"date":"2017-11-18T20:18:18","date_gmt":"2017-11-18T20:18:18","guid":{"rendered":"http:\/\/biblian.is\/1981\/fyrri-kronikubok-19-kafli\/"},"modified":"2021-06-06T10:57:07","modified_gmt":"2021-06-06T10:57:07","slug":"fyrri-kronikubok-19-kafli","status":"publish","type":"page","link":"https:\/\/biblian.is\/1981\/fyrri-kronikubok-19-kafli\/","title":{"rendered":"Fyrri kron\u00edkub\u00f3k 19. kafli"},"content":{"rendered":"<p><a name=\"1\"><span class=\"versanumer\">1<\/span><\/a>Eftir \u00feetta bar svo til, a\u00f0 Nahas Amm\u00f3n\u00edtakonungur anda\u00f0ist, og t\u00f3k Han\u00fan sonur hans r\u00edki eftir hann.<a name=\"2\"><span class=\"versanumer\">2<\/span><\/a>\u00de\u00e1 sag\u00f0i Dav\u00ed\u00f0: \u00c9g vil s\u00fdna Han\u00fan Nahassyni vin\u00e1ttu, \u00fev\u00ed a\u00f0 fa\u00f0ir hans s\u00fdndi m\u00e9r vin\u00e1ttu. S\u00ed\u00f0an sendi Dav\u00ed\u00f0 sendimenn til \u00feess a\u00f0 hugga hann eftir f\u00f6\u00f0urmissinn. En er \u00fej\u00f3nar Dav\u00ed\u00f0s komu \u00ed land Amm\u00f3n\u00edta til Han\u00fans til \u00feess a\u00f0 hugga hann,<a name=\"3\"><span class=\"versanumer\">3<\/span><\/a>\u00fe\u00e1 s\u00f6g\u00f0u h\u00f6f\u00f0ingjar Amm\u00f3n\u00edta vi\u00f0 Han\u00fan: Hyggur \u00fe\u00fa a\u00f0 Dav\u00ed\u00f0 vilji hei\u00f0ra f\u00f6\u00f0ur \u00feinn, er hann gj\u00f6rir menn \u00e1 \u00feinn fund til a\u00f0 hugga \u00feig? Munu ekki \u00fej\u00f3nar hans vera komnir \u00e1 \u00feinn fund til \u00feess a\u00f0 nj\u00f3sna \u00ed borginni og til \u00feess a\u00f0 ey\u00f0ileggja og kanna landi\u00f0?<a name=\"4\"><span class=\"versanumer\">4<\/span><\/a>\u00de\u00e1 l\u00e9t Han\u00fan taka \u00fej\u00f3na Dav\u00ed\u00f0s og nau\u00f0raka \u00fe\u00e1 og skera af \u00feeim kl\u00e6\u00f0in til h\u00e1lfs, upp \u00e1 \u00fej\u00f3hnappa, og l\u00e9t \u00fe\u00e1 s\u00ed\u00f0an fara.<a name=\"5\"><span class=\"versanumer\">5<\/span><\/a>F\u00f3ru menn \u00fe\u00e1 og s\u00f6g\u00f0u Dav\u00ed\u00f0 af m\u00f6nnunum, og sendi hann \u00fe\u00e1 \u00e1 m\u00f3ti \u00feeim \u00fev\u00ed a\u00f0 mennirnir voru mj\u00f6g sv\u00edvirtir og konungur l\u00e9t segja \u00feeim: Veri\u00f0 \u00ed Jer\u00edk\u00f3 uns skegg y\u00f0ar er vaxi\u00f0, og komi\u00f0 s\u00ed\u00f0an heim aftur.<a name=\"6\"><span class=\"versanumer\">6<\/span><\/a>En er Amm\u00f3n\u00edtar s\u00e1u, a\u00f0 \u00feeir h\u00f6f\u00f0u gj\u00f6rt sig illa \u00feokka\u00f0a hj\u00e1 Dav\u00ed\u00f0, \u00fe\u00e1 sendu \u00feeir Han\u00fan og Amm\u00f3n\u00edtar \u00fe\u00fasund talentur silfurs til \u00feess a\u00f0 leigja s\u00e9r vagna og riddara hj\u00e1 S\u00fdrlendingum \u00ed Mes\u00f3p\u00f3tam\u00edu og hj\u00e1 S\u00fdrlendingum \u00ed Maaka og S\u00f3ba.<a name=\"7\"><span class=\"versanumer\">7<\/span><\/a>Leig\u00f0u \u00feeir s\u00e9r s\u00ed\u00f0an \u00ferj\u00e1t\u00edu og tv\u00f6 \u00fe\u00fasund vagna og konunginn \u00ed Maaka og li\u00f0 hans, komu \u00feeir og settu herb\u00fa\u00f0ir fyrir framan Medeba. Og Amm\u00f3n\u00edtar s\u00f6fnu\u00f0ust saman \u00far borgum s\u00ednum og komu til bardagans.<a name=\"8\"><span class=\"versanumer\">8<\/span><\/a>En er Dav\u00ed\u00f0 fr\u00e9tti \u00fea\u00f0, sendi hann J\u00f3ab af sta\u00f0 me\u00f0 allan kappaherinn.<a name=\"9\"><span class=\"versanumer\">9<\/span><\/a>Amm\u00f3n\u00edtar f\u00f3ru og \u00fat og fylktu li\u00f0i s\u00ednu vi\u00f0 borgarhli\u00f0i\u00f0, en konungarnir, er komnir voru, st\u00f3\u00f0u \u00fati \u00e1 v\u00ed\u00f0avangi einir s\u00e9r.<a name=\"10\"><span class=\"versanumer\">10<\/span><\/a>\u00deegar J\u00f3ab s\u00e1, a\u00f0 honum var b\u00fainn bardagi, b\u00e6\u00f0i a\u00f0 baki og a\u00f0 framan, valdi hann \u00far \u00f6llu einvalali\u00f0i \u00cdsraels og fylkti \u00fev\u00ed \u00e1 m\u00f3ti S\u00fdrlendingum.<a name=\"11\"><span class=\"versanumer\">11<\/span><\/a>Hitt li\u00f0i\u00f0 f\u00e9kk hann Ab\u00edsa\u00ed br\u00f3\u00f0ur s\u00ednum, og fylktu \u00feeir \u00fev\u00ed \u00e1 m\u00f3ti Amm\u00f3n\u00edtum.<a name=\"12\"><span class=\"versanumer\">12<\/span><\/a>Og J\u00f3ab m\u00e6lti: Ef S\u00fdrlendingar bera mig ofurli\u00f0i, \u00fe\u00e1 ver\u00f0ur \u00fe\u00fa a\u00f0 hj\u00e1lpa m\u00e9r, en ef Amm\u00f3n\u00edtar bera \u00feig ofurli\u00f0i, mun \u00e9g hj\u00e1lpa \u00fe\u00e9r.<a name=\"13\"><span class=\"versanumer\">13<\/span><\/a>Vertu hughraustur og s\u00fdnum n\u00fa af oss karlmennsku fyrir \u00fej\u00f3\u00f0 vora og borgir Gu\u00f0s vors, en Drottinn gj\u00f6ri \u00fea\u00f0 sem honum \u00fe\u00f3knast.<a name=\"14\"><span class=\"versanumer\">14<\/span><\/a>S\u00ed\u00f0an lag\u00f0i J\u00f3ab og li\u00f0i\u00f0, sem me\u00f0 honum var, til orustu vi\u00f0 S\u00fdrlendinga, og \u00feeir fl\u00fd\u00f0u fyrir honum.<a name=\"15\"><span class=\"versanumer\">15<\/span><\/a>En er Amm\u00f3n\u00edtar s\u00e1u, a\u00f0 S\u00fdrlendingar fl\u00fd\u00f0u fyrir J\u00f3ab, l\u00f6g\u00f0u \u00feeir og \u00e1 fl\u00f3tta fyrir Ab\u00edsa\u00ed br\u00f3\u00f0ur hans og leitu\u00f0u inn \u00ed borgina. En J\u00f3ab f\u00f3r til Jer\u00fasalem.<a name=\"16\"><span class=\"versanumer\">16<\/span><\/a>\u00deegar S\u00fdrlendingar s\u00e1u, a\u00f0 \u00feeir h\u00f6f\u00f0u be\u00f0i\u00f0 \u00f3sigur fyrir \u00cdsrael, \u00fe\u00e1 sendu \u00feeir menn og bu\u00f0u \u00fat S\u00fdrlendingum, sem voru hinumegin vi\u00f0 Efrat, og S\u00f3fak, hersh\u00f6f\u00f0ingi Hadaresers, var fyrir \u00feeim.<a name=\"17\"><span class=\"versanumer\">17<\/span><\/a>Og er Dav\u00ed\u00f0 var sagt fr\u00e1 \u00fev\u00ed, \u00fe\u00e1 safna\u00f0i hann saman \u00f6llum \u00cdsrael, f\u00f3r yfir J\u00f3rdan og kom til Helam, og fylkti \u00ed m\u00f3ti \u00feeim. S\u00fdrlendingar fylktu li\u00f0i s\u00ednu \u00ed m\u00f3ti Dav\u00ed\u00f0 og b\u00f6r\u00f0ust vi\u00f0 hann.<a name=\"18\"><span class=\"versanumer\">18<\/span><\/a>En S\u00fdrlendingar fl\u00fd\u00f0u fyrir \u00cdsrael, og Dav\u00ed\u00f0 felldi sj\u00f6 \u00fe\u00fasund vagnkappa og fj\u00f6rut\u00edu \u00fe\u00fasund manns af f\u00f3tg\u00f6nguli\u00f0i, og S\u00f3fak hersh\u00f6f\u00f0ingja drap hann.<a name=\"19\"><span class=\"versanumer\">19<\/span><\/a>En er \u00fej\u00f3nar Hadaresers s\u00e1u, a\u00f0 \u00feeir h\u00f6f\u00f0u be\u00f0i\u00f0 \u00f3sigur fyrir \u00cdsrael, s\u00f6mdu \u00feeir fri\u00f0 vi\u00f0 Dav\u00ed\u00f0 og gj\u00f6r\u00f0ust l\u00fd\u00f0skyldir honum. Upp fr\u00e1 \u00fev\u00ed vildu S\u00fdrlendingar eigi veita Amm\u00f3n\u00edtum li\u00f0.<\/p>\n<div class=\"footnote1981\"><b>19.1-5<\/b> sbr 2Sam 10.1-5<br \/>\n<b>19.6-19<\/b> sbr 2Sam 10.6-19<\/div>\n","protected":false},"excerpt":{"rendered":"<p>1Eftir \u00feetta bar svo til, a\u00f0 Nahas Amm\u00f3n\u00edtakonungur anda\u00f0ist, og t\u00f3k Han\u00fan sonur hans r\u00edki eftir hann.2\u00de\u00e1 sag\u00f0i Dav\u00ed\u00f0: \u00c9g vil s\u00fdna Han\u00fan Nahassyni vin\u00e1ttu, \u00fev\u00ed a\u00f0 fa\u00f0ir hans s\u00fdndi m\u00e9r vin\u00e1ttu. S\u00ed\u00f0an sendi Dav\u00ed\u00f0 sendimenn til \u00feess a\u00f0 hugga hann eftir f\u00f6\u00f0urmissinn. En er \u00fej\u00f3nar Dav\u00ed\u00f0s komu \u00ed land Amm\u00f3n\u00edta til Han\u00fans til \u00feess a\u00f0 hugga hann,3\u00fe\u00e1 s\u00f6g\u00f0u h\u00f6f\u00f0ingjar Amm\u00f3n\u00edta vi\u00f0 Han\u00fan: Hyggur \u00fe\u00fa a\u00f0 Dav\u00ed\u00f0 vilji hei\u00f0ra f\u00f6\u00f0ur \u00feinn, er hann gj\u00f6rir menn \u00e1 \u00feinn fund til a\u00f0 hugga \u00feig? Munu ekki \u00fej\u00f3nar hans vera komnir \u00e1 \u00feinn fund til \u00feess a\u00f0 nj\u00f3sna \u00ed borginni og til \u00feess <a href=\"https:\/\/biblian.is\/1981\/fyrri-kronikubok-19-kafli\/\"> [&#8230;]<\/a><\/p>\n","protected":false},"author":1,"featured_media":0,"parent":0,"menu_order":0,"comment_status":"open","ping_status":"open","template":"bibliukaflar.php","meta":{"footnotes":""},"class_list":["post-1703","page","type-page","status-publish","hentry"],"_links":{"self":[{"href":"https:\/\/biblian.is\/1981\/wp-json\/wp\/v2\/pages\/1703","targetHints":{"allow":["GET"]}}],"collection":[{"href":"https:\/\/biblian.is\/1981\/wp-json\/wp\/v2\/pages"}],"about":[{"href":"https:\/\/biblian.is\/1981\/wp-json\/wp\/v2\/types\/page"}],"author":[{"embeddable":true,"href":"https:\/\/biblian.is\/1981\/wp-json\/wp\/v2\/users\/1"}],"replies":[{"embeddable":true,"href":"https:\/\/biblian.is\/1981\/wp-json\/wp\/v2\/comments?post=1703"}],"version-history":[{"count":0,"href":"https:\/\/biblian.is\/1981\/wp-json\/wp\/v2\/pages\/1703\/revisions"}],"wp:attachment":[{"href":"https:\/\/biblian.is\/1981\/wp-json\/wp\/v2\/media?parent=1703"}],"curies":[{"name":"wp","href":"https:\/\/api.w.org\/{rel}","templated":true}]}}