{"id":1701,"date":"2017-11-18T20:18:18","date_gmt":"2017-11-18T20:18:18","guid":{"rendered":"http:\/\/biblian.is\/1981\/fyrri-kronikubok-17-kafli\/"},"modified":"2021-06-06T10:57:06","modified_gmt":"2021-06-06T10:57:06","slug":"fyrri-kronikubok-17-kafli","status":"publish","type":"page","link":"https:\/\/biblian.is\/1981\/fyrri-kronikubok-17-kafli\/","title":{"rendered":"Fyrri kron\u00edkub\u00f3k 17. kafli"},"content":{"rendered":"<p><a name=\"1\"><span class=\"versanumer\">1<\/span><\/a>Svo bar til, \u00fe\u00e1 er Dav\u00ed\u00f0 sat \u00ed h\u00f6ll sinni, a\u00f0 Dav\u00ed\u00f0 sag\u00f0i vi\u00f0 Natan sp\u00e1mann: Sj\u00e1, \u00e9g b\u00fd \u00ed h\u00f6ll af sedrusvi\u00f0i, en s\u00e1ttm\u00e1ls\u00f6rk Drottins undir tjaldd\u00fakum.<a name=\"2\"><span class=\"versanumer\">2<\/span><\/a>Natan svara\u00f0i Dav\u00ed\u00f0: Gj\u00f6r \u00fe\u00fa allt, sem \u00fe\u00e9r er \u00ed hug, \u00fev\u00ed a\u00f0 Gu\u00f0 er me\u00f0 \u00fe\u00e9r.<a name=\"3\"><span class=\"versanumer\">3<\/span><\/a>En hina s\u00f6mu n\u00f3tt kom or\u00f0 Gu\u00f0s til Natans:<a name=\"4\"><span class=\"versanumer\">4<\/span><\/a>Far \u00fe\u00fa og seg Dav\u00ed\u00f0 \u00fej\u00f3ni m\u00ednum: Svo segir Drottinn: Eigi skalt \u00fe\u00fa reisa m\u00e9r h\u00fas til a\u00f0 b\u00faa \u00ed.<a name=\"5\"><span class=\"versanumer\">5<\/span><\/a>\u00c9g hefi ekki b\u00fai\u00f0 \u00ed h\u00fasi s\u00ed\u00f0an er \u00e9g leiddi \u00cdsraelsmenn \u00fat, allt fram \u00e1 \u00feennan dag, heldur fer\u00f0a\u00f0ist \u00e9g \u00ed tjaldi og b\u00fa\u00f0.<a name=\"6\"><span class=\"versanumer\">6<\/span><\/a>Alla \u00fe\u00e1 stund, er \u00e9g hefi um fari\u00f0 me\u00f0al allra \u00cdsraelsmanna, hefi \u00e9g \u00fe\u00e1 sagt nokkurt or\u00f0 \u00ed \u00fe\u00e1 \u00e1tt vi\u00f0 nokkurn af d\u00f3murum \u00cdsraels, \u00fe\u00e1 er \u00e9g setti til a\u00f0 vera hir\u00f0a l\u00fd\u00f0s m\u00edns: Hv\u00ed reisi\u00f0 \u00fe\u00e9r m\u00e9r ekki h\u00fas af sedrusvi\u00f0i?<a name=\"7\"><span class=\"versanumer\">7<\/span><\/a>Og n\u00fa skalt \u00fe\u00fa svo segja \u00fej\u00f3ni m\u00ednum Dav\u00ed\u00f0: Svo segir Drottinn allsherjar: \u00c9g t\u00f3k \u00feig \u00far haglendinu fr\u00e1 hjar\u00f0mennskunni og setti \u00feig h\u00f6f\u00f0ingja yfir l\u00fd\u00f0 minn \u00cdsrael.<a name=\"8\"><span class=\"versanumer\">8<\/span><\/a>\u00c9g hefi veri\u00f0 me\u00f0 \u00fe\u00e9r \u00ed \u00f6llu, sem \u00fe\u00fa hefir teki\u00f0 \u00fe\u00e9r fyrir hendur, og uppr\u00e6tt alla \u00f3vini \u00fe\u00edna fyrir \u00fe\u00e9r. \u00c9g mun gj\u00f6ra nafn \u00feitt sem nafn hinna mestu manna, sem \u00e1 j\u00f6r\u00f0inni eru,<a name=\"9\"><span class=\"versanumer\">9<\/span><\/a>og f\u00e1 l\u00fd\u00f0 m\u00ednum \u00cdsrael sta\u00f0 og gr\u00f3\u00f0ursetja hann \u00fear, svo a\u00f0 hann geti b\u00fai\u00f0 \u00e1 s\u00ednum sta\u00f0 og geti veri\u00f0 \u00f6ruggur framvegis. N\u00ed\u00f0ingar skulu eigi ey\u00f0a honum framar eins og \u00e1\u00f0ur,<a name=\"10\"><span class=\"versanumer\">10<\/span><\/a>fr\u00e1 \u00fev\u00ed er \u00e9g setti d\u00f3mara yfir l\u00fd\u00f0 minn \u00cdsrael, og \u00e9g mun l\u00e6gja alla fjandmenn \u00fe\u00edna. Og \u00e9g bo\u00f0a \u00fe\u00e9r, a\u00f0 Drottinn mun reisa \u00fe\u00e9r h\u00fas.<a name=\"11\"><span class=\"versanumer\">11<\/span><\/a>\u00deegar \u00e6vi \u00fe\u00edn er \u00f6ll og \u00fe\u00fa gengur til fe\u00f0ra \u00feinna, mun \u00e9g hefja afspring \u00feinn eftir \u00feig, einn af sonum \u00fe\u00ednum, og sta\u00f0festa konungd\u00f3m hans.<a name=\"12\"><span class=\"versanumer\">12<\/span><\/a>Hann skal reisa m\u00e9r h\u00fas og \u00e9g mun sta\u00f0festa h\u00e1s\u00e6ti hans a\u00f0 eil\u00edfu.<a name=\"13\"><span class=\"versanumer\">13<\/span><\/a>\u00c9g vil vera honum fa\u00f0ir og hann skal vera m\u00e9r sonur, og miskunn m\u00edna mun \u00e9g ekki fr\u00e1 honum taka, eins og \u00e9g t\u00f3k hana fr\u00e1 fyrirrennara \u00fe\u00ednum,<a name=\"14\"><span class=\"versanumer\">14<\/span><\/a>heldur mun \u00e9g setja hann yfir h\u00fas mitt og r\u00edki a\u00f0 eil\u00edfu, og h\u00e1s\u00e6ti hans skal vera \u00f3bifanlegt um aldur.<a name=\"15\"><span class=\"versanumer\">15<\/span><\/a>Natan flutti Dav\u00ed\u00f0 \u00f6ll \u00feessi or\u00f0 og sag\u00f0i honum s\u00fdn \u00feessa alla.<a name=\"16\"><span class=\"versanumer\">16<\/span><\/a>\u00de\u00e1 gekk Dav\u00ed\u00f0 konungur inn og settist ni\u00f0ur frammi fyrir Drottni og m\u00e6lti: Hver er \u00e9g, Drottinn Gu\u00f0, og hva\u00f0 er h\u00fas mitt, a\u00f0 \u00fe\u00fa skulir hafa leitt mig til \u00feessa?<a name=\"17\"><span class=\"versanumer\">17<\/span><\/a>Og \u00fea\u00f0 n\u00e6g\u00f0i \u00fe\u00e9r ekki, Gu\u00f0, heldur hefir \u00fe\u00fa fyrirheit gefi\u00f0 um h\u00fas \u00fej\u00f3ns \u00fe\u00edns langt fram \u00ed aldir, og \u00fea\u00f0 meira a\u00f0 segja \u00e1 mannlegan h\u00e1tt, Drottinn Gu\u00f0.<a name=\"18\"><span class=\"versanumer\">18<\/span><\/a>En hva\u00f0 m\u00e1 Dav\u00ed\u00f0 enn vi\u00f0 \u00feig m\u00e6la? \u00de\u00fa \u00feekkir sj\u00e1lfur \u00fej\u00f3n \u00feinn.<a name=\"19\"><span class=\"versanumer\">19<\/span><\/a>Drottinn, sakir \u00fej\u00f3ns \u00fe\u00edns og a\u00f0 \u00fe\u00ednum vilja hefir \u00fe\u00fa gj\u00f6rt \u00feetta, a\u00f0 bo\u00f0a \u00fej\u00f3ni \u00fe\u00ednum alla \u00feessa miklu hluti.<a name=\"20\"><span class=\"versanumer\">20<\/span><\/a>Drottinn, enginn er sem \u00fe\u00fa, og enginn er Gu\u00f0 nema \u00fe\u00fa, samkv\u00e6mt \u00f6llu \u00fev\u00ed, er v\u00e9r h\u00f6fum heyrt me\u00f0 eyrum vorum.<a name=\"21\"><span class=\"versanumer\">21<\/span><\/a>Og hva\u00f0a \u00fej\u00f3\u00f0 \u00f6nnur \u00e1 j\u00f6r\u00f0inni jafnast vi\u00f0 \u00fej\u00f3\u00f0 \u00fe\u00edna \u00cdsrael, a\u00f0 Gu\u00f0 hafi fari\u00f0 og keypt s\u00e9r hana a\u00f0 eignarl\u00fd\u00f0, afla\u00f0 s\u00e9r fr\u00e6g\u00f0ar og gj\u00f6rt fyrir hana mikla hluti og hr\u00e6\u00f0ilega: st\u00f6kkt burt undan l\u00fd\u00f0 s\u00ednum annarri \u00fej\u00f3\u00f0 og gu\u00f0i hennar?<a name=\"22\"><span class=\"versanumer\">22<\/span><\/a>\u00de\u00fa hefir gj\u00f6rt l\u00fd\u00f0 \u00feinn \u00cdsrael a\u00f0 \u00fe\u00ednum l\u00fd\u00f0 um aldur og \u00e6vi, og \u00fe\u00fa, Drottinn, gj\u00f6r\u00f0ist Gu\u00f0 \u00feeirra.<a name=\"23\"><span class=\"versanumer\">23<\/span><\/a>Og l\u00e1t n\u00fa, Drottinn, fyrirheit \u00fea\u00f0, er \u00fe\u00fa hefir gefi\u00f0 um \u00fej\u00f3n \u00feinn og um h\u00fas hans, standa st\u00f6\u00f0ugt um aldur og \u00e6vi, og gj\u00f6r \u00fe\u00fa svo sem \u00fe\u00fa hefir heiti\u00f0.<a name=\"24\"><span class=\"versanumer\">24<\/span><\/a>\u00de\u00e1 mun nafn \u00feitt reynast traust og ver\u00f0a miki\u00f0 a\u00f0 eil\u00edfu og hlj\u00f3\u00f0a svo: Drottinn allsherjar, Gu\u00f0 \u00cdsraels, \u00cdsraels Gu\u00f0 og h\u00fas \u00fej\u00f3ns \u00fe\u00edns Dav\u00ed\u00f0s mun st\u00f6\u00f0ugt standa fyrir \u00fe\u00e9r.<a name=\"25\"><span class=\"versanumer\">25<\/span><\/a>\u00dev\u00ed a\u00f0 \u00fe\u00fa, Gu\u00f0 minn, hefir birt \u00fej\u00f3ni \u00fe\u00ednum, a\u00f0 \u00fe\u00fa munir reisa honum h\u00fas. Fyrir \u00fev\u00ed haf\u00f0i \u00fej\u00f3nn \u00feinn dj\u00f6rfung til a\u00f0 bera \u00feessa b\u00e6n fram fyrir \u00feig.<a name=\"26\"><span class=\"versanumer\">26<\/span><\/a>Og n\u00fa, Drottinn, \u00fe\u00fa ert Gu\u00f0, og \u00fe\u00fa hefir gefi\u00f0 \u00fej\u00f3ni \u00fe\u00ednum \u00feetta d\u00fdrlega fyrirheit,<a name=\"27\"><span class=\"versanumer\">27<\/span><\/a>virst \u00fe\u00fa n\u00fa a\u00f0 blessa h\u00fas \u00fej\u00f3ns \u00fe\u00edns, svo a\u00f0 \u00fea\u00f0 s\u00e9 til a\u00f0 eil\u00edfu fyrir \u00fe\u00ednu augliti. \u00dev\u00ed a\u00f0 \u00fea\u00f0, sem \u00fe\u00fa, Drottinn, blessar, er blessa\u00f0 a\u00f0 eil\u00edfu.<\/p>\n<div class=\"footnote1981\"><b>17.1-15<\/b> sbr 2Sam 7.1-17<br \/>\n<b>17.16-27<\/b> sbr 2Sam 7.18-29<\/div>\n","protected":false},"excerpt":{"rendered":"<p>1Svo bar til, \u00fe\u00e1 er Dav\u00ed\u00f0 sat \u00ed h\u00f6ll sinni, a\u00f0 Dav\u00ed\u00f0 sag\u00f0i vi\u00f0 Natan sp\u00e1mann: Sj\u00e1, \u00e9g b\u00fd \u00ed h\u00f6ll af sedrusvi\u00f0i, en s\u00e1ttm\u00e1ls\u00f6rk Drottins undir tjaldd\u00fakum.2Natan svara\u00f0i Dav\u00ed\u00f0: Gj\u00f6r \u00fe\u00fa allt, sem \u00fe\u00e9r er \u00ed hug, \u00fev\u00ed a\u00f0 Gu\u00f0 er me\u00f0 \u00fe\u00e9r.3En hina s\u00f6mu n\u00f3tt kom or\u00f0 Gu\u00f0s til Natans:4Far \u00fe\u00fa og seg Dav\u00ed\u00f0 \u00fej\u00f3ni m\u00ednum: Svo segir Drottinn: Eigi skalt \u00fe\u00fa reisa m\u00e9r h\u00fas til a\u00f0 b\u00faa \u00ed.5\u00c9g hefi ekki b\u00fai\u00f0 \u00ed h\u00fasi s\u00ed\u00f0an er \u00e9g leiddi \u00cdsraelsmenn \u00fat, allt fram \u00e1 \u00feennan dag, heldur fer\u00f0a\u00f0ist \u00e9g \u00ed tjaldi og b\u00fa\u00f0.6Alla \u00fe\u00e1 stund, er \u00e9g hefi um <a href=\"https:\/\/biblian.is\/1981\/fyrri-kronikubok-17-kafli\/\"> [&#8230;]<\/a><\/p>\n","protected":false},"author":1,"featured_media":0,"parent":0,"menu_order":0,"comment_status":"open","ping_status":"open","template":"bibliukaflar.php","meta":{"footnotes":""},"class_list":["post-1701","page","type-page","status-publish","hentry"],"_links":{"self":[{"href":"https:\/\/biblian.is\/1981\/wp-json\/wp\/v2\/pages\/1701","targetHints":{"allow":["GET"]}}],"collection":[{"href":"https:\/\/biblian.is\/1981\/wp-json\/wp\/v2\/pages"}],"about":[{"href":"https:\/\/biblian.is\/1981\/wp-json\/wp\/v2\/types\/page"}],"author":[{"embeddable":true,"href":"https:\/\/biblian.is\/1981\/wp-json\/wp\/v2\/users\/1"}],"replies":[{"embeddable":true,"href":"https:\/\/biblian.is\/1981\/wp-json\/wp\/v2\/comments?post=1701"}],"version-history":[{"count":0,"href":"https:\/\/biblian.is\/1981\/wp-json\/wp\/v2\/pages\/1701\/revisions"}],"wp:attachment":[{"href":"https:\/\/biblian.is\/1981\/wp-json\/wp\/v2\/media?parent=1701"}],"curies":[{"name":"wp","href":"https:\/\/api.w.org\/{rel}","templated":true}]}}