{"id":1700,"date":"2017-11-18T20:18:18","date_gmt":"2017-11-18T20:18:18","guid":{"rendered":"http:\/\/biblian.is\/1981\/fyrri-kronikubok-16-kafli\/"},"modified":"2021-06-06T10:57:06","modified_gmt":"2021-06-06T10:57:06","slug":"fyrri-kronikubok-16-kafli","status":"publish","type":"page","link":"https:\/\/biblian.is\/1981\/fyrri-kronikubok-16-kafli\/","title":{"rendered":"Fyrri kron\u00edkub\u00f3k 16. kafli"},"content":{"rendered":"<p><a name=\"1\"><span class=\"versanumer\">1<\/span><\/a>Og \u00feeir fluttu \u00f6rk Gu\u00f0s inn og settu hana \u00ed tjaldi\u00f0, sem Dav\u00ed\u00f0 haf\u00f0i reisa l\u00e1ti\u00f0 yfir hana, og \u00feeir f\u00e6r\u00f0u brennif\u00f3rnir og heillaf\u00f3rnir.<a name=\"2\"><span class=\"versanumer\">2<\/span><\/a>Og er Dav\u00ed\u00f0 haf\u00f0i f\u00e6rt brennif\u00f3rnina og heillaf\u00f3rnirnar, blessa\u00f0i hann l\u00fd\u00f0inn \u00ed nafni Drottins<a name=\"3\"><span class=\"versanumer\">3<\/span><\/a>og \u00fathluta\u00f0i \u00f6llum \u00cdsraelsm\u00f6nnum, k\u00f6rlum sem konum, sinn brau\u00f0hleifinn hverjum, kj\u00f6tstykki og r\u00fas\u00ednuk\u00f6ku.<a name=\"4\"><span class=\"versanumer\">4<\/span><\/a>Dav\u00ed\u00f0 setti menn af lev\u00edtum til \u00feess a\u00f0 gegna \u00fej\u00f3nustu frammi fyrir \u00f6rk Drottins og til \u00feess a\u00f0 tigna, lofa og vegsama Drottin, Gu\u00f0 \u00cdsraels.<a name=\"5\"><span class=\"versanumer\">5<\/span><\/a>Var Asaf helstur \u00feeirra og honum n\u00e6stur gekk Sakar\u00eda, \u00fe\u00e1 Je\u00edel, Sem\u00edram\u00f3t, Jeh\u00edel, Mattitja, El\u00edab, Benaja, \u00d3be\u00f0 Ed\u00f3m og Je\u00edel me\u00f0 hlj\u00f3\u00f0f\u00e6rum, h\u00f6rpum og g\u00edgjum, en Asaf l\u00e9t sk\u00e1labumburnar kve\u00f0a vi\u00f0,<a name=\"6\"><span class=\"versanumer\">6<\/span><\/a>og Benaja og Jehas\u00edel prestar \u00feeyttu st\u00f6\u00f0ugt l\u00fa\u00f0rana frammi fyrir s\u00e1ttm\u00e1ls\u00f6rk Gu\u00f0s.<a name=\"7\"><span class=\"versanumer\">7<\/span><\/a>\u00c1 \u00feeim degi f\u00f3l Dav\u00ed\u00f0 \u00ed fyrsta sinni Asaf og fr\u00e6ndum hans a\u00f0 syngja Lofi\u00f0 Drottin.<a name=\"8\"><span class=\"versanumer\">8<\/span><\/a>Lofi\u00f0 Drottin, \u00e1kalli\u00f0 nafn hans, gj\u00f6ri\u00f0 m\u00e1ttarverk hans kunn me\u00f0al \u00fej\u00f3\u00f0anna!<a name=\"9\"><span class=\"versanumer\">9<\/span><\/a>Syngi\u00f0 fyrir honum, leiki\u00f0 fyrir honum, tali\u00f0 um \u00f6ll hans d\u00e1semdarverk.<a name=\"10\"><span class=\"versanumer\">10<\/span><\/a>Hr\u00f3si\u00f0 y\u00f0ur af hans helga nafni, hjarta \u00feeirra, er leita Drottins, gle\u00f0jist.<a name=\"11\"><span class=\"versanumer\">11<\/span><\/a>Leiti\u00f0 Drottins og m\u00e1ttar hans, stundi\u00f0 s\u00edfellt eftir augliti hans.<a name=\"12\"><span class=\"versanumer\">12<\/span><\/a>Minnist d\u00e1semdarverka hans, \u00feeirra er hann gj\u00f6r\u00f0i, t\u00e1kna hans og refsid\u00f3ma munns hans,<a name=\"13\"><span class=\"versanumer\">13<\/span><\/a>\u00fe\u00e9r ni\u00f0jar \u00cdsraels, \u00fej\u00f3nar hans, \u00fe\u00e9r synir Jakobs, hans \u00fatv\u00f6ldu.<a name=\"14\"><span class=\"versanumer\">14<\/span><\/a>Hann er Drottinn, Gu\u00f0 vor, um v\u00ed\u00f0a ver\u00f6ld ganga d\u00f3mar hans.<a name=\"15\"><span class=\"versanumer\">15<\/span><\/a>Hann minnist a\u00f0 eil\u00edfu s\u00e1ttm\u00e1la s\u00edns, or\u00f0s \u00feess, er hann hefir gefi\u00f0 \u00fe\u00fasundum kynsl\u00f3\u00f0a,<a name=\"16\"><span class=\"versanumer\">16<\/span><\/a>s\u00e1ttm\u00e1lans, er hann gj\u00f6r\u00f0i vi\u00f0 Abraham, og ei\u00f0s s\u00edns vi\u00f0 \u00cdsak,<a name=\"17\"><span class=\"versanumer\">17<\/span><\/a>\u00feess er hann setti sem l\u00f6g fyrir Jakob, eil\u00edfan s\u00e1ttm\u00e1la fyrir \u00cdsrael,<a name=\"18\"><span class=\"versanumer\">18<\/span><\/a>\u00fe\u00e1 er hann m\u00e6lti: \u00de\u00e9r mun \u00e9g gefa Kanaanland sem erf\u00f0ahlut \u00feinn.<a name=\"19\"><span class=\"versanumer\">19<\/span><\/a>\u00deegar \u00feeir voru f\u00e1mennur h\u00f3pur, \u00f6rf\u00e1ir, og bjuggu \u00fear sem \u00fatlendingar,<a name=\"20\"><span class=\"versanumer\">20<\/span><\/a>og f\u00f3ru fr\u00e1 einni \u00fej\u00f3\u00f0 til annarrar, og fr\u00e1 einu konungsr\u00edki til annars l\u00fd\u00f0s,<a name=\"21\"><span class=\"versanumer\">21<\/span><\/a>lei\u00f0 hann engum a\u00f0 k\u00faga \u00fe\u00e1 og hegndi konungum \u00feeirra vegna.<a name=\"22\"><span class=\"versanumer\">22<\/span><\/a>nerti\u00f0 eigi vi\u00f0 m\u00ednum smur\u00f0u, og gj\u00f6ri\u00f0 eigi sp\u00e1m\u00f6nnum m\u00ednum mein.<a name=\"23\"><span class=\"versanumer\">23<\/span><\/a>Syngi\u00f0 Drottni, \u00f6ll l\u00f6nd, kunngj\u00f6ri\u00f0 hj\u00e1lpr\u00e1\u00f0 hans dag eftir dag.<a name=\"24\"><span class=\"versanumer\">24<\/span><\/a>Segi\u00f0 fr\u00e1 d\u00fdr\u00f0 hans me\u00f0al hei\u00f0ingjanna, fr\u00e1 d\u00e1semdarverkum hans me\u00f0al allra \u00fej\u00f3\u00f0a.<a name=\"25\"><span class=\"versanumer\">25<\/span><\/a>\u00dev\u00ed a\u00f0 mikill er Drottinn og mj\u00f6g vegsamlegur, og \u00f3ttalegur er hann \u00f6llum gu\u00f0um framar.<a name=\"26\"><span class=\"versanumer\">26<\/span><\/a>\u00dev\u00ed a\u00f0 allir gu\u00f0ir \u00fej\u00f3\u00f0anna eru falsgu\u00f0ir, en Drottinn hefir gj\u00f6rt himininn.<a name=\"27\"><span class=\"versanumer\">27<\/span><\/a>Hei\u00f0ur og vegsemd eru fyrir augliti hans, m\u00e1ttur og f\u00f6gnu\u00f0ur \u00ed b\u00fasta\u00f0 hans.<a name=\"28\"><span class=\"versanumer\">28<\/span><\/a>Tj\u00e1i\u00f0 Drottni, \u00fe\u00e9r \u00fej\u00f3\u00f0akynkv\u00edslir, tj\u00e1i\u00f0 Drottni vegsemd og vald.<a name=\"29\"><span class=\"versanumer\">29<\/span><\/a>Tj\u00e1i\u00f0 Drottni d\u00fdr\u00f0 \u00fe\u00e1, er nafni hans h\u00e6fir, f\u00e6ri\u00f0 gjafir og komi\u00f0 fram fyrir hann. Falli\u00f0 fram fyrir Drottni \u00ed helgum skr\u00fa\u00f0a,<a name=\"30\"><span class=\"versanumer\">30<\/span><\/a>titri\u00f0 fyrir honum, \u00f6ll l\u00f6nd. Hann hefir fest j\u00f6r\u00f0ina, svo a\u00f0 h\u00fan bifast ekki.<a name=\"31\"><span class=\"versanumer\">31<\/span><\/a>Himinninn gle\u00f0jist og j\u00f6r\u00f0in fagni, menn segi me\u00f0al hei\u00f0ingjanna: Drottinn hefir teki\u00f0 konungd\u00f3m!<a name=\"32\"><span class=\"versanumer\">32<\/span><\/a>Hafi\u00f0 drynji og allt, sem \u00ed \u00fev\u00ed er, foldin fagni og allt, sem \u00e1 henni er.<a name=\"33\"><span class=\"versanumer\">33<\/span><\/a>\u00d6ll tr\u00e9 sk\u00f3garins kve\u00f0i fagna\u00f0ar\u00f3pi fyrir Drottni, \u00fev\u00ed a\u00f0 hann kemur til \u00feess a\u00f0 d\u00e6ma j\u00f6r\u00f0ina.<a name=\"34\"><span class=\"versanumer\">34<\/span><\/a>\u00deakki\u00f0 Drottni, \u00fev\u00ed a\u00f0 hann er g\u00f3\u00f0ur, \u00fev\u00ed a\u00f0 miskunn hans varir a\u00f0 eil\u00edfu!<a name=\"35\"><span class=\"versanumer\">35<\/span><\/a>og segi\u00f0: Hj\u00e1lpa \u00fe\u00fa oss, Gu\u00f0 hj\u00e1lpr\u00e6\u00f0is vors. Safna \u00fe\u00fa oss saman og frelsa \u00fe\u00fa oss fr\u00e1 hei\u00f0ingjunum, a\u00f0 v\u00e9r megum lofa \u00feitt heilaga nafn, v\u00ed\u00f0fr\u00e6gja lofst\u00edr \u00feinn.<a name=\"36\"><span class=\"versanumer\">36<\/span><\/a>Lofa\u00f0ur s\u00e9 Drottinn, \u00cdsraels Gu\u00f0 fr\u00e1 eil\u00edf\u00f0 til eil\u00edf\u00f0ar.Og allur l\u00fd\u00f0ur sag\u00f0i: Amen! og Lof s\u00e9 Drottni!<a name=\"37\"><span class=\"versanumer\">37<\/span><\/a>Og Dav\u00ed\u00f0 l\u00e9t \u00fe\u00e1 Asaf og fr\u00e6ndur hans ver\u00f0a \u00fear eftir frammi fyrir s\u00e1ttm\u00e1ls\u00f6rk Drottins til \u00feess a\u00f0 hafa st\u00f6\u00f0ugt \u00fej\u00f3nustu \u00e1 hendi frammi fyrir \u00f6rkinni, eftir \u00fev\u00ed sem \u00e1 \u00feurfti a\u00f0 halda dag hvern.<a name=\"38\"><span class=\"versanumer\">38<\/span><\/a>En \u00d3be\u00f0 Ed\u00f3m og fr\u00e6ndur \u00feeirra, sext\u00edu og \u00e1tta, \u00d3be\u00f0 Ed\u00f3m Jed\u00edt\u00fansson og H\u00f3sa, skipa\u00f0i hann hli\u00f0ver\u00f0i.<a name=\"39\"><span class=\"versanumer\">39<\/span><\/a>Sad\u00f3k prest og fr\u00e6ndur hans, prestana, setti hann frammi fyrir b\u00fasta\u00f0 Drottins \u00e1 h\u00e6\u00f0inni, sem er \u00ed G\u00edbeon,<a name=\"40\"><span class=\"versanumer\">40<\/span><\/a>til \u00feess st\u00f6\u00f0ugt a\u00f0 f\u00e6ra Drottni brennif\u00f3rnir \u00e1 brennif\u00f3rnaraltarinu, kvelds og morgna, og a\u00f0 fara me\u00f0 \u00f6llu svo, sem skrifa\u00f0 er \u00ed l\u00f6gm\u00e1li Drottins, \u00fev\u00ed er hann lag\u00f0i fyrir \u00cdsrael.<a name=\"41\"><span class=\"versanumer\">41<\/span><\/a>Og me\u00f0 \u00feeim voru \u00feeir Heman, Jed\u00fat\u00fan og a\u00f0rir \u00feeir er kj\u00f6rnir voru, \u00feeir er me\u00f0 nafni voru til \u00feess kvaddir a\u00f0 lofa Drottin, \u00fev\u00ed a\u00f0 miskunn hans varir a\u00f0 eil\u00edfu.<a name=\"42\"><span class=\"versanumer\">42<\/span><\/a>Og me\u00f0 \u00feeim voru \u00feeir Heman og Jed\u00fat\u00fan me\u00f0 l\u00fa\u00f0ra og sk\u00e1labumbur handa s\u00f6ngm\u00f6nnunum og hlj\u00f3\u00f0f\u00e6ri fyrir s\u00f6ng gu\u00f0s\u00fej\u00f3nustunnar. En \u00feeir Jed\u00fat\u00fanssynir voru hli\u00f0ver\u00f0ir.<a name=\"43\"><span class=\"versanumer\">43<\/span><\/a>S\u00ed\u00f0an f\u00f3r allur l\u00fd\u00f0urinn burt, hver heim til s\u00edn, en Dav\u00ed\u00f0 hvarf aftur til \u00feess a\u00f0 heilsa f\u00f3lki s\u00ednu.<\/p>\n<div class=\"footnote1981\"><b>16.4-38<\/b> sbr Slm 105.1-15; 106.1,47-48<br \/>\n<b>16.5<\/b> Asaf Slm 50.1+ &#8211; hlj\u00f3\u00f0f\u00e6ri lev\u00edta Esr 3.10+<br \/>\n<b>16.6<\/b> \u00deeyta l\u00fa\u00f0ra Esr 3.10+<br \/>\n<b>16.8-22<\/b> Slm 105.1-15<br \/>\n<b>16.23-33<\/b> Slm 96<br \/>\n<b>16.34<\/b> Slm 106.1<br \/>\n<b>16.35-36<\/b> Slm 106.47-48<br \/>\n<b>16.41<\/b> Heman 1Kro 15.17+ &#8211; Jed\u00fat\u00fan Slm 39.1+<br \/>\n<b>16.43<\/b> 2Sam 6.19-20<\/div>\n","protected":false},"excerpt":{"rendered":"<p>1Og \u00feeir fluttu \u00f6rk Gu\u00f0s inn og settu hana \u00ed tjaldi\u00f0, sem Dav\u00ed\u00f0 haf\u00f0i reisa l\u00e1ti\u00f0 yfir hana, og \u00feeir f\u00e6r\u00f0u brennif\u00f3rnir og heillaf\u00f3rnir.2Og er Dav\u00ed\u00f0 haf\u00f0i f\u00e6rt brennif\u00f3rnina og heillaf\u00f3rnirnar, blessa\u00f0i hann l\u00fd\u00f0inn \u00ed nafni Drottins3og \u00fathluta\u00f0i \u00f6llum \u00cdsraelsm\u00f6nnum, k\u00f6rlum sem konum, sinn brau\u00f0hleifinn hverjum, kj\u00f6tstykki og r\u00fas\u00ednuk\u00f6ku.4Dav\u00ed\u00f0 setti menn af lev\u00edtum til \u00feess a\u00f0 gegna \u00fej\u00f3nustu frammi fyrir \u00f6rk Drottins og til \u00feess a\u00f0 tigna, lofa og vegsama Drottin, Gu\u00f0 \u00cdsraels.5Var Asaf helstur \u00feeirra og honum n\u00e6stur gekk Sakar\u00eda, \u00fe\u00e1 Je\u00edel, Sem\u00edram\u00f3t, Jeh\u00edel, Mattitja, El\u00edab, Benaja, \u00d3be\u00f0 Ed\u00f3m og Je\u00edel me\u00f0 hlj\u00f3\u00f0f\u00e6rum, h\u00f6rpum og g\u00edgjum, en Asaf l\u00e9t <a href=\"https:\/\/biblian.is\/1981\/fyrri-kronikubok-16-kafli\/\"> [&#8230;]<\/a><\/p>\n","protected":false},"author":1,"featured_media":0,"parent":0,"menu_order":0,"comment_status":"open","ping_status":"open","template":"bibliukaflar.php","meta":{"footnotes":""},"class_list":["post-1700","page","type-page","status-publish","hentry"],"_links":{"self":[{"href":"https:\/\/biblian.is\/1981\/wp-json\/wp\/v2\/pages\/1700","targetHints":{"allow":["GET"]}}],"collection":[{"href":"https:\/\/biblian.is\/1981\/wp-json\/wp\/v2\/pages"}],"about":[{"href":"https:\/\/biblian.is\/1981\/wp-json\/wp\/v2\/types\/page"}],"author":[{"embeddable":true,"href":"https:\/\/biblian.is\/1981\/wp-json\/wp\/v2\/users\/1"}],"replies":[{"embeddable":true,"href":"https:\/\/biblian.is\/1981\/wp-json\/wp\/v2\/comments?post=1700"}],"version-history":[{"count":0,"href":"https:\/\/biblian.is\/1981\/wp-json\/wp\/v2\/pages\/1700\/revisions"}],"wp:attachment":[{"href":"https:\/\/biblian.is\/1981\/wp-json\/wp\/v2\/media?parent=1700"}],"curies":[{"name":"wp","href":"https:\/\/api.w.org\/{rel}","templated":true}]}}