{"id":1699,"date":"2017-11-18T20:18:18","date_gmt":"2017-11-18T20:18:18","guid":{"rendered":"http:\/\/biblian.is\/1981\/fyrri-kronikubok-15-kafli\/"},"modified":"2021-06-06T10:57:05","modified_gmt":"2021-06-06T10:57:05","slug":"fyrri-kronikubok-15-kafli","status":"publish","type":"page","link":"https:\/\/biblian.is\/1981\/fyrri-kronikubok-15-kafli\/","title":{"rendered":"Fyrri kron\u00edkub\u00f3k 15. kafli"},"content":{"rendered":"<p><a name=\"1\"><span class=\"versanumer\">1<\/span><\/a>Dav\u00ed\u00f0 bygg\u00f0i h\u00fas handa s\u00e9r \u00ed Dav\u00ed\u00f0sborg, og hann bj\u00f3 sta\u00f0 handa \u00f6rk Gu\u00f0s og reisti tjald fyrir hana.<a name=\"2\"><span class=\"versanumer\">2<\/span><\/a>\u00de\u00e1 sag\u00f0i Dav\u00ed\u00f0: Enginn m\u00e1 bera \u00f6rk Gu\u00f0s nema lev\u00edtarnir, \u00fev\u00ed a\u00f0 \u00fe\u00e1 hefir Drottinn vali\u00f0 til \u00feess a\u00f0 bera \u00f6rk Gu\u00f0s og til \u00feess a\u00f0 \u00fej\u00f3na s\u00e9r a\u00f0 eil\u00edfu.<a name=\"3\"><span class=\"versanumer\">3<\/span><\/a>S\u00ed\u00f0an stefndi Dav\u00ed\u00f0 \u00f6llum \u00cdsrael saman til Jer\u00fasalem til \u00feess a\u00f0 flytja \u00f6rk Drottins \u00e1 sinn sta\u00f0, \u00feann er hann haf\u00f0i b\u00fai\u00f0 handa henni.<a name=\"4\"><span class=\"versanumer\">4<\/span><\/a>Og Dav\u00ed\u00f0 stefndi saman ni\u00f0jum Arons og lev\u00edtunum:<a name=\"5\"><span class=\"versanumer\">5<\/span><\/a>Af Kahatsni\u00f0jum: \u00dar\u00edel, er var \u00feeirra helstur, og fr\u00e6ndum hans, hundra\u00f0 og tuttugu alls.<a name=\"6\"><span class=\"versanumer\">6<\/span><\/a>Af Merar\u00edni\u00f0jum: Asaja, er var \u00feeirra helstur, og fr\u00e6ndum hans, tv\u00f6 hundru\u00f0 og tuttugu alls.<a name=\"7\"><span class=\"versanumer\">7<\/span><\/a>Af Gers\u00f3msni\u00f0jum: J\u00f3el, er var \u00feeirra helstur, og fr\u00e6ndum hans, hundra\u00f0 og \u00ferj\u00e1t\u00edu alls.<a name=\"8\"><span class=\"versanumer\">8<\/span><\/a>Af El\u00edsafansni\u00f0jum: Semaja, er var \u00feeirra helstur, og fr\u00e6ndum hans, tv\u00f6 hundru\u00f0 alls.<a name=\"9\"><span class=\"versanumer\">9<\/span><\/a>Af Hebronsni\u00f0jum: El\u00edel, er var \u00feeirra helstur, og fr\u00e6ndum hans, \u00e1ttat\u00edu alls.<a name=\"10\"><span class=\"versanumer\">10<\/span><\/a>Af \u00dass\u00edelsni\u00f0jum: Amm\u00ednadab, er var \u00feeirra helstur, og fr\u00e6ndum hans, hundra\u00f0 og t\u00f3lf alls.<a name=\"11\"><span class=\"versanumer\">11<\/span><\/a>S\u00ed\u00f0an kalla\u00f0i Dav\u00ed\u00f0 \u00e1 Sad\u00f3k og Abjatar presta og \u00dar\u00edel, Asaja, J\u00f3el, Semaja, El\u00edel og Amm\u00ednadab lev\u00edta,<a name=\"12\"><span class=\"versanumer\">12<\/span><\/a>og m\u00e6lti vi\u00f0 \u00fe\u00e1: \u00de\u00e9r eru\u00f0 \u00e6tth\u00f6f\u00f0ingjar lev\u00edta. Helgi\u00f0 y\u00f0ur og fr\u00e6ndur y\u00f0ar og flytji\u00f0 \u00f6rk Drottins, \u00cdsraels Gu\u00f0s, \u00e1 \u00feann sta\u00f0, er \u00e9g hefi b\u00fai\u00f0 handa henni.<a name=\"13\"><span class=\"versanumer\">13<\/span><\/a>Af \u00fev\u00ed a\u00f0 \u00fe\u00e9r voru\u00f0 eigi vi\u00f0 hi\u00f0 fyrra skipti, hefir Drottinn Gu\u00f0 vor losti\u00f0 oss, af \u00fev\u00ed a\u00f0 v\u00e9r leitu\u00f0um hans eigi svo sem vera bar.<a name=\"14\"><span class=\"versanumer\">14<\/span><\/a>\u00de\u00e1 helgu\u00f0u prestarnir og lev\u00edtarnir sig til \u00feess a\u00f0 flytja \u00f6rk Drottins, \u00cdsraels Gu\u00f0s, upp eftir.<a name=\"15\"><span class=\"versanumer\">15<\/span><\/a>S\u00ed\u00f0an b\u00e1ru ni\u00f0jar lev\u00edta \u00f6rk Gu\u00f0s, eins og M\u00f3se haf\u00f0i fyrirskipa\u00f0 eftir bo\u00f0i Drottins, \u00e1 st\u00f6ngum \u00e1 her\u00f0um s\u00e9r.<a name=\"16\"><span class=\"versanumer\">16<\/span><\/a>\u00dev\u00ed n\u00e6st bau\u00f0 Dav\u00ed\u00f0 h\u00f6f\u00f0ingjum lev\u00edta a\u00f0 setja fr\u00e6ndur \u00feeirra, s\u00f6ngmennina, me\u00f0 hlj\u00f3\u00f0f\u00e6rum \u00feeirra, h\u00f6rpum, g\u00edgjum og sk\u00e1labumbum, til \u00feess a\u00f0 \u00feeir skyldu l\u00e1ta fagna\u00f0arglaum kve\u00f0a vi\u00f0.<a name=\"17\"><span class=\"versanumer\">17<\/span><\/a>Settu lev\u00edtar til \u00feess Heman J\u00f3elsson, og af fr\u00e6ndum hans Asaf Berek\u00edason, og af Merar\u00edni\u00f0jum, fr\u00e6ndum s\u00ednum, Etan K\u00fasajason,<a name=\"18\"><span class=\"versanumer\">18<\/span><\/a>og me\u00f0 \u00feeim fr\u00e6ndur \u00feeirra af \u00f6\u00f0rum flokki: Sakar\u00eda Jaas\u00edelsson, Sem\u00edram\u00f3t, Jeh\u00edel, \u00dann\u00ed, El\u00edat, Benaja, Maaseja, Mattitja, El\u00edfeleh\u00fa, Mikneja, \u00d3be\u00f0 Ed\u00f3m og Je\u00edel hli\u00f0ver\u00f0i.<a name=\"19\"><span class=\"versanumer\">19<\/span><\/a>Auk \u00feess s\u00f6ngvarana Heman, Asaf og Etan me\u00f0 sk\u00e1labumbum \u00far eiri, til \u00feess a\u00f0 syngja h\u00e1tt,<a name=\"20\"><span class=\"versanumer\">20<\/span><\/a>og Sakar\u00eda, As\u00edel, Sem\u00edram\u00f3t, Jeh\u00edel, \u00dann\u00ed, El\u00edat, Maaseja og Benaja me\u00f0 h\u00f6rpur, til \u00feess a\u00f0 syngja h\u00e1u raddirnar,<a name=\"21\"><span class=\"versanumer\">21<\/span><\/a>og Mattitja, El\u00edfeleh\u00fa, Mikneja, \u00d3be\u00f0 Ed\u00f3m, Je\u00edel og Asaja me\u00f0 g\u00edgjur, til \u00feess a\u00f0 syngja l\u00e6gri raddirnar.<a name=\"22\"><span class=\"versanumer\">22<\/span><\/a>Kenanja, er var helstur lev\u00edtanna vi\u00f0 arkarbur\u00f0inn, s\u00e1 um arkarbur\u00f0inn, \u00fev\u00ed a\u00f0 hann bar skyn \u00e1 \u00fea\u00f0.<a name=\"23\"><span class=\"versanumer\">23<\/span><\/a>Berek\u00eda og Elkana voru hli\u00f0ver\u00f0ir arkarinnar.<a name=\"24\"><span class=\"versanumer\">24<\/span><\/a>Sebanja, J\u00f3safat, Netaneel, Amasa\u00ed, Sakar\u00eda, Benaja og El\u00edeser prestar \u00feeyttu l\u00fa\u00f0ra frammi fyrir \u00f6rk Gu\u00f0s, og \u00d3be\u00f0 Ed\u00f3m og Jeh\u00eda voru hli\u00f0ver\u00f0ir arkarinnar.<a name=\"25\"><span class=\"versanumer\">25<\/span><\/a>Dav\u00ed\u00f0 og \u00f6ldungar \u00cdsraels og \u00fe\u00fasundh\u00f6f\u00f0ingjarnir f\u00f3ru til \u00feess a\u00f0 flytja s\u00e1ttm\u00e1ls\u00f6rk Drottins me\u00f0 f\u00f6gnu\u00f0i \u00far h\u00fasi \u00d3be\u00f0 Ed\u00f3ms.<a name=\"26\"><span class=\"versanumer\">26<\/span><\/a>Og er Gu\u00f0 hj\u00e1lpa\u00f0i lev\u00edtunum, er b\u00e1ru s\u00e1ttm\u00e1ls\u00f6rk Drottins, f\u00f3rnu\u00f0u \u00feeir sj\u00f6 nautum og sj\u00f6 hr\u00fatum.<a name=\"27\"><span class=\"versanumer\">27<\/span><\/a>Og Dav\u00ed\u00f0 var kl\u00e6ddur ba\u00f0mullarkyrtli, svo og allir lev\u00edtarnir, er \u00f6rkina b\u00e1ru, og s\u00f6ngmennirnir og Kenanja, bur\u00f0arstj\u00f3ri, \u00e6\u00f0stur s\u00f6ngmannanna, en Dav\u00ed\u00f0 bar l\u00ednh\u00f6kul.<a name=\"28\"><span class=\"versanumer\">28<\/span><\/a>Og allur \u00cdsrael flutti s\u00e1ttm\u00e1ls\u00f6rk Drottins upp eftir me\u00f0 fagna\u00f0ar\u00f3pi og l\u00fa\u00f0urhlj\u00f3mi, me\u00f0 l\u00fa\u00f0rum og sk\u00e1labumbum, og l\u00e9tu hlj\u00f3ma h\u00f6rpur og g\u00edgjur.<a name=\"29\"><span class=\"versanumer\">29<\/span><\/a>En er s\u00e1ttm\u00e1ls\u00f6rk Drottins kom \u00ed Dav\u00ed\u00f0sborg, leit M\u00edkal, d\u00f3ttir S\u00e1ls, \u00fat um gluggann. Og er h\u00fan s\u00e1 Dav\u00ed\u00f0 konung vera a\u00f0 hoppa og dansa, fyrirleit h\u00fan hann \u00ed hjarta s\u00ednu.<\/p>\n<div class=\"footnote1981\"><b>15.2<\/b> Enginn nema lev\u00edtar 4M\u00f3s 1.50; 5M\u00f3s 10.8; 31.25<br \/>\n<b>15.15<\/b> \u00c1 axlir s\u00e9r 4M\u00f3s 7.9<br \/>\n<b>15.16<\/b> Bj\u00f6llur Esr 3.10+<br \/>\n<b>15.17<\/b> Heman Slm 88.1 \u2013 Asaf Slm 50.1+ &#8211; Etan 1Kon 5.11; Slm 89.1<br \/>\n<b>15.24<\/b> Bl\u00e9su l\u00fa\u00f0ra Esr 3.10+<br \/>\n<b>15.25-16.3<\/b> sbr 2Sam 6.12-19<\/div>\n","protected":false},"excerpt":{"rendered":"<p>1Dav\u00ed\u00f0 bygg\u00f0i h\u00fas handa s\u00e9r \u00ed Dav\u00ed\u00f0sborg, og hann bj\u00f3 sta\u00f0 handa \u00f6rk Gu\u00f0s og reisti tjald fyrir hana.2\u00de\u00e1 sag\u00f0i Dav\u00ed\u00f0: Enginn m\u00e1 bera \u00f6rk Gu\u00f0s nema lev\u00edtarnir, \u00fev\u00ed a\u00f0 \u00fe\u00e1 hefir Drottinn vali\u00f0 til \u00feess a\u00f0 bera \u00f6rk Gu\u00f0s og til \u00feess a\u00f0 \u00fej\u00f3na s\u00e9r a\u00f0 eil\u00edfu.3S\u00ed\u00f0an stefndi Dav\u00ed\u00f0 \u00f6llum \u00cdsrael saman til Jer\u00fasalem til \u00feess a\u00f0 flytja \u00f6rk Drottins \u00e1 sinn sta\u00f0, \u00feann er hann haf\u00f0i b\u00fai\u00f0 handa henni.4Og Dav\u00ed\u00f0 stefndi saman ni\u00f0jum Arons og lev\u00edtunum:5Af Kahatsni\u00f0jum: \u00dar\u00edel, er var \u00feeirra helstur, og fr\u00e6ndum hans, hundra\u00f0 og tuttugu alls.6Af Merar\u00edni\u00f0jum: Asaja, er var \u00feeirra helstur, og fr\u00e6ndum hans, <a href=\"https:\/\/biblian.is\/1981\/fyrri-kronikubok-15-kafli\/\"> [&#8230;]<\/a><\/p>\n","protected":false},"author":1,"featured_media":0,"parent":0,"menu_order":0,"comment_status":"open","ping_status":"open","template":"bibliukaflar.php","meta":{"footnotes":""},"class_list":["post-1699","page","type-page","status-publish","hentry"],"_links":{"self":[{"href":"https:\/\/biblian.is\/1981\/wp-json\/wp\/v2\/pages\/1699","targetHints":{"allow":["GET"]}}],"collection":[{"href":"https:\/\/biblian.is\/1981\/wp-json\/wp\/v2\/pages"}],"about":[{"href":"https:\/\/biblian.is\/1981\/wp-json\/wp\/v2\/types\/page"}],"author":[{"embeddable":true,"href":"https:\/\/biblian.is\/1981\/wp-json\/wp\/v2\/users\/1"}],"replies":[{"embeddable":true,"href":"https:\/\/biblian.is\/1981\/wp-json\/wp\/v2\/comments?post=1699"}],"version-history":[{"count":0,"href":"https:\/\/biblian.is\/1981\/wp-json\/wp\/v2\/pages\/1699\/revisions"}],"wp:attachment":[{"href":"https:\/\/biblian.is\/1981\/wp-json\/wp\/v2\/media?parent=1699"}],"curies":[{"name":"wp","href":"https:\/\/api.w.org\/{rel}","templated":true}]}}