{"id":1697,"date":"2017-11-18T20:18:18","date_gmt":"2017-11-18T20:18:18","guid":{"rendered":"http:\/\/biblian.is\/1981\/fyrri-kronikubok-13-kafli\/"},"modified":"2021-06-06T10:57:05","modified_gmt":"2021-06-06T10:57:05","slug":"fyrri-kronikubok-13-kafli","status":"publish","type":"page","link":"https:\/\/biblian.is\/1981\/fyrri-kronikubok-13-kafli\/","title":{"rendered":"Fyrri kron\u00edkub\u00f3k 13. kafli"},"content":{"rendered":"<p><a name=\"1\"><span class=\"versanumer\">1<\/span><\/a>Dav\u00ed\u00f0 r\u00e1\u00f0ga\u00f0ist um vi\u00f0 \u00fe\u00fasundh\u00f6f\u00f0ingjana og vi\u00f0 hundra\u00f0sh\u00f6f\u00f0ingjana, vi\u00f0 alla h\u00f6f\u00f0ingjana.<a name=\"2\"><span class=\"versanumer\">2<\/span><\/a>Og Dav\u00ed\u00f0 m\u00e6lti vi\u00f0 \u00cdsraelss\u00f6fnu\u00f0: Ef y\u00f0ur l\u00edkar svo, og vir\u00f0ist \u00fea\u00f0 vera komi\u00f0 fr\u00e1 Drottni, Gu\u00f0i vorum, \u00fe\u00e1 skulum v\u00e9r senda til fr\u00e6nda vorra, sem eftir eru or\u00f0nir \u00ed \u00f6llum h\u00e9ru\u00f0um \u00cdsraels, svo og til prestanna og lev\u00edtanna \u00ed borgunum me\u00f0 beitil\u00f6ndunum, er a\u00f0 \u00feeim liggja, og skulu \u00feeir safnast til vor.<a name=\"3\"><span class=\"versanumer\">3<\/span><\/a>Skulum v\u00e9r s\u00e6kja \u00f6rk Gu\u00f0s vors, \u00fev\u00ed a\u00f0 \u00e1 d\u00f6gum S\u00e1ls h\u00f6fum v\u00e9r ekki spurt um hana.<a name=\"4\"><span class=\"versanumer\">4<\/span><\/a>Svara\u00f0i \u00fe\u00e1 allur s\u00f6fnu\u00f0ur, a\u00f0 svo skyldi gj\u00f6ra, \u00fev\u00ed a\u00f0 \u00f6llum l\u00fd\u00f0num leist \u00feetta r\u00e9tt vera.<a name=\"5\"><span class=\"versanumer\">5<\/span><\/a>Kalla\u00f0i \u00fe\u00e1 Dav\u00ed\u00f0 saman allan \u00cdsrael, fr\u00e1 S\u00edh\u00f3r \u00ed Egyptalandi, allt \u00fear til, er lei\u00f0 liggur til Hamat, til \u00feess a\u00f0 flytja \u00f6rk Gu\u00f0s fr\u00e1 Kirjat Jear\u00edm.<a name=\"6\"><span class=\"versanumer\">6<\/span><\/a>Og Dav\u00ed\u00f0 og allur \u00cdsrael f\u00f3r til Baala, til Kirjat Jear\u00edm, sem er \u00ed J\u00fada, til \u00feess a\u00f0 flytja \u00fea\u00f0an \u00f6rk Gu\u00f0s, sem kennd er vi\u00f0 nafn Drottins, hans, sem situr uppi yfir ker\u00fabunum.<a name=\"7\"><span class=\"versanumer\">7<\/span><\/a>Og \u00feeir \u00f3ku \u00f6rk Drottins \u00e1 n\u00fdjum vagni \u00far h\u00fasi Ab\u00ednadabs, og st\u00fdr\u00f0u \u00feeir \u00dassa og Ahj\u00f3 vagninum.<a name=\"8\"><span class=\"versanumer\">8<\/span><\/a>Og Dav\u00ed\u00f0 og allur \u00cdsrael dansa\u00f0i fyrir Gu\u00f0i af \u00f6llum m\u00e6tti, me\u00f0 s\u00f6ng, g\u00edgjum, h\u00f6rpum, bumbum, sk\u00e1labumbum og l\u00fa\u00f0rum.<a name=\"9\"><span class=\"versanumer\">9<\/span><\/a>En er komi\u00f0 var a\u00f0 \u00fereskivelli K\u00eddons, r\u00e9tti \u00dassa \u00fat h\u00f6ndina til \u00feess a\u00f0 gr\u00edpa \u00ed \u00f6rkina, \u00fev\u00ed a\u00f0 slaka\u00f0 haf\u00f0i veri\u00f0 \u00e1 taumhaldinu vi\u00f0 akneytin.<a name=\"10\"><span class=\"versanumer\">10<\/span><\/a>\u00de\u00e1 upptendra\u00f0ist rei\u00f0i Drottins gegn \u00dassa, og hann laust hann \u00fear, af \u00fev\u00ed a\u00f0 hann haf\u00f0i gripi\u00f0 hendi sinni \u00ed \u00f6rkina, og d\u00f3 hann \u00fear fyrir augliti Gu\u00f0s.<a name=\"11\"><span class=\"versanumer\">11<\/span><\/a>En Dav\u00ed\u00f0 f\u00e9ll \u00fea\u00f0 \u00feungt, a\u00f0 Drottinn haf\u00f0i losti\u00f0 \u00dassa svo hart, og hefir \u00feessi sta\u00f0ur veri\u00f0 nefndur Peres \u00dassa allt fram \u00e1 \u00feennan dag.<a name=\"12\"><span class=\"versanumer\">12<\/span><\/a>Dav\u00ed\u00f0 var\u00f0 hr\u00e6ddur vi\u00f0 Gu\u00f0 \u00e1 \u00feeim degi og sag\u00f0i: Hvernig m\u00e1 \u00e9g \u00fe\u00e1 flytja \u00f6rk Gu\u00f0s til m\u00edn?<a name=\"13\"><span class=\"versanumer\">13<\/span><\/a>Og Dav\u00ed\u00f0 flutti ekki \u00f6rkina til s\u00edn \u00ed Dav\u00ed\u00f0sborg, heldur sneri hann me\u00f0 hana til h\u00fass \u00d3be\u00f0 Ed\u00f3ms \u00ed Gat.<a name=\"14\"><span class=\"versanumer\">14<\/span><\/a>Og \u00f6rk Gu\u00f0s var \u00ferj\u00e1 m\u00e1nu\u00f0i \u00ed h\u00fasi \u00d3be\u00f0 Ed\u00f3ms, \u00ed h\u00fasi hans, og Drottinn blessa\u00f0i h\u00fas \u00d3be\u00f0 Ed\u00f3ms og allt \u00fea\u00f0, er hans var.<\/p>\n<div class=\"footnote1981\"><b>13.1-14<\/b> sbr 2Sam 6.1-11<\/div>\n","protected":false},"excerpt":{"rendered":"<p>1Dav\u00ed\u00f0 r\u00e1\u00f0ga\u00f0ist um vi\u00f0 \u00fe\u00fasundh\u00f6f\u00f0ingjana og vi\u00f0 hundra\u00f0sh\u00f6f\u00f0ingjana, vi\u00f0 alla h\u00f6f\u00f0ingjana.2Og Dav\u00ed\u00f0 m\u00e6lti vi\u00f0 \u00cdsraelss\u00f6fnu\u00f0: Ef y\u00f0ur l\u00edkar svo, og vir\u00f0ist \u00fea\u00f0 vera komi\u00f0 fr\u00e1 Drottni, Gu\u00f0i vorum, \u00fe\u00e1 skulum v\u00e9r senda til fr\u00e6nda vorra, sem eftir eru or\u00f0nir \u00ed \u00f6llum h\u00e9ru\u00f0um \u00cdsraels, svo og til prestanna og lev\u00edtanna \u00ed borgunum me\u00f0 beitil\u00f6ndunum, er a\u00f0 \u00feeim liggja, og skulu \u00feeir safnast til vor.3Skulum v\u00e9r s\u00e6kja \u00f6rk Gu\u00f0s vors, \u00fev\u00ed a\u00f0 \u00e1 d\u00f6gum S\u00e1ls h\u00f6fum v\u00e9r ekki spurt um hana.4Svara\u00f0i \u00fe\u00e1 allur s\u00f6fnu\u00f0ur, a\u00f0 svo skyldi gj\u00f6ra, \u00fev\u00ed a\u00f0 \u00f6llum l\u00fd\u00f0num leist \u00feetta r\u00e9tt vera.5Kalla\u00f0i \u00fe\u00e1 Dav\u00ed\u00f0 saman allan \u00cdsrael, fr\u00e1 <a href=\"https:\/\/biblian.is\/1981\/fyrri-kronikubok-13-kafli\/\"> [&#8230;]<\/a><\/p>\n","protected":false},"author":1,"featured_media":0,"parent":0,"menu_order":0,"comment_status":"open","ping_status":"open","template":"bibliukaflar.php","meta":{"footnotes":""},"class_list":["post-1697","page","type-page","status-publish","hentry"],"_links":{"self":[{"href":"https:\/\/biblian.is\/1981\/wp-json\/wp\/v2\/pages\/1697","targetHints":{"allow":["GET"]}}],"collection":[{"href":"https:\/\/biblian.is\/1981\/wp-json\/wp\/v2\/pages"}],"about":[{"href":"https:\/\/biblian.is\/1981\/wp-json\/wp\/v2\/types\/page"}],"author":[{"embeddable":true,"href":"https:\/\/biblian.is\/1981\/wp-json\/wp\/v2\/users\/1"}],"replies":[{"embeddable":true,"href":"https:\/\/biblian.is\/1981\/wp-json\/wp\/v2\/comments?post=1697"}],"version-history":[{"count":0,"href":"https:\/\/biblian.is\/1981\/wp-json\/wp\/v2\/pages\/1697\/revisions"}],"wp:attachment":[{"href":"https:\/\/biblian.is\/1981\/wp-json\/wp\/v2\/media?parent=1697"}],"curies":[{"name":"wp","href":"https:\/\/api.w.org\/{rel}","templated":true}]}}