{"id":1696,"date":"2017-11-18T20:18:18","date_gmt":"2017-11-18T20:18:18","guid":{"rendered":"http:\/\/biblian.is\/1981\/fyrri-kronikubok-12-kafli\/"},"modified":"2021-06-06T10:57:04","modified_gmt":"2021-06-06T10:57:04","slug":"fyrri-kronikubok-12-kafli","status":"publish","type":"page","link":"https:\/\/biblian.is\/1981\/fyrri-kronikubok-12-kafli\/","title":{"rendered":"Fyrri kron\u00edkub\u00f3k 12. kafli"},"content":{"rendered":"<p><a name=\"1\"><span class=\"versanumer\">1<\/span><\/a>\u00deessir eru \u00feeir, er komu til Dav\u00ed\u00f0s \u00ed Siklag, er hann var landfl\u00f3tta fyrir S\u00e1l K\u00edssyni. Voru og \u00feeir me\u00f0al kappanna, er veittu honum v\u00edgsgengi.<a name=\"2\"><span class=\"versanumer\">2<\/span><\/a>H\u00f6f\u00f0u \u00feeir boga a\u00f0 vopni og voru leiknir a\u00f0 sl\u00f6ngva steinum me\u00f0 h\u00e6gri og vinstri hendi og a\u00f0 skj\u00f3ta \u00f6rvum af boga: Af fr\u00e6ndum S\u00e1ls, af Benjam\u00edn\u00edtum:<a name=\"3\"><span class=\"versanumer\">3<\/span><\/a>Ah\u00edeser h\u00f6fu\u00f0sma\u00f0ur og J\u00f3as, Hassemaasynir fr\u00e1 G\u00edbeu, Jes\u00edel og Pelet Asmavetssynir, Beraka og Jeh\u00fa fr\u00e1 Anat\u00f3t,<a name=\"4\"><span class=\"versanumer\">4<\/span><\/a>Jismaja fr\u00e1 G\u00edbeon, kappi me\u00f0al \u00feeirra \u00ferj\u00e1t\u00edu og foringi \u00feeirra \u00ferj\u00e1t\u00edu, Jerem\u00eda, Jehas\u00edel, J\u00f3hanan og J\u00f3sabad fr\u00e1 Gedera,<a name=\"5\"><span class=\"versanumer\">5<\/span><\/a>El\u00fasa\u00ed, Jer\u00edm\u00f3t, Bealja, Semarja og Sefatja fr\u00e1 Har\u00edf,<a name=\"6\"><span class=\"versanumer\">6<\/span><\/a>Elkana, Jiss\u00eda, Asareel, J\u00f3eser og Jas\u00f3beam K\u00f3ra\u00edtar,<a name=\"7\"><span class=\"versanumer\">7<\/span><\/a>J\u00f3ela og Sebadja Jer\u00f3hamssynir fr\u00e1 Ged\u00f3r.<a name=\"8\"><span class=\"versanumer\">8<\/span><\/a>Af Ga\u00f0\u00edtum gengu kappar miklir, hermenn, b\u00fanir til bardaga, er skj\u00f6ld b\u00e1ru og spj\u00f3t, \u00ed li\u00f0 me\u00f0 Dav\u00ed\u00f0 \u00ed fjallv\u00edginu \u00ed ey\u00f0im\u00f6rkinni. Voru \u00feeir \u00e1s\u00fdndum sem lj\u00f3n og fr\u00e1ir sem sk\u00f3gargeitur \u00e1 fj\u00f6llum.<a name=\"9\"><span class=\"versanumer\">9<\/span><\/a>Var Eser h\u00f6f\u00f0ingi \u00feeirra, annar var \u00d3bad\u00eda, \u00feri\u00f0ji El\u00edab,<a name=\"10\"><span class=\"versanumer\">10<\/span><\/a>fj\u00f3r\u00f0i Mismanna, fimmti Jerem\u00eda,<a name=\"11\"><span class=\"versanumer\">11<\/span><\/a>sj\u00f6tti Atta\u00ed, sj\u00f6undi El\u00edel,<a name=\"12\"><span class=\"versanumer\">12<\/span><\/a>\u00e1ttundi J\u00f3hanan, n\u00edundi Elsabad,<a name=\"13\"><span class=\"versanumer\">13<\/span><\/a>t\u00edundi Jerem\u00eda, ellefti Makbanna\u00ed.<a name=\"14\"><span class=\"versanumer\">14<\/span><\/a>\u00deessir voru af ni\u00f0jum Ga\u00f0s, og voru \u00feeir hersh\u00f6f\u00f0ingjar. Var hinn minnsti \u00feeirra einn saman hundra\u00f0 manna maki, en hinn mesti \u00fe\u00fasund.<a name=\"15\"><span class=\"versanumer\">15<\/span><\/a>\u00deessir voru \u00feeir, er f\u00f3ru yfir J\u00f3rdan \u00ed fyrsta m\u00e1nu\u00f0inum, er h\u00fan fl\u00f3\u00f0i yfir alla bakka, og st\u00f6kktu burt \u00f6llum dalbyggjum til austurs og vesturs.<a name=\"16\"><span class=\"versanumer\">16<\/span><\/a>En nokkrir af Benjam\u00edns- og J\u00fadani\u00f0jum komu til Dav\u00ed\u00f0s \u00ed fjallv\u00edgi\u00f0.<a name=\"17\"><span class=\"versanumer\">17<\/span><\/a>Gekk Dav\u00ed\u00f0 \u00fe\u00e1 \u00fat til \u00feeirra, t\u00f3k til m\u00e1ls og sag\u00f0i vi\u00f0 \u00fe\u00e1: Ef \u00fe\u00e9r komi\u00f0 til m\u00edn me\u00f0 fri\u00f0i til \u00feess a\u00f0 veita m\u00e9r li\u00f0, \u00fe\u00e1 vil \u00e9g f\u00faslega gj\u00f6ra bandalag vi\u00f0 y\u00f0ur, en ef \u00fe\u00e9r komi\u00f0 til a\u00f0 sv\u00edkja mig \u00ed hendur \u00f3vinum m\u00ednum, \u00fe\u00f3tt \u00e9g hafi ekkert illt a\u00f0hafst, \u00fe\u00e1 sj\u00e1i Gu\u00f0 fe\u00f0ra vorra \u00fea\u00f0 og hegni.<a name=\"18\"><span class=\"versanumer\">18<\/span><\/a>\u00de\u00e1 kom andi yfir Amasa\u00ed, h\u00f6f\u00f0ingja fyrir hinum \u00ferj\u00e1t\u00edu, og m\u00e6lti hann: \u00de\u00ednir erum v\u00e9r, Dav\u00ed\u00f0, og me\u00f0 \u00fe\u00e9r, \u00fe\u00fa \u00cdsa\u00edsonur. Heill, heill s\u00e9 \u00fe\u00e9r, og heill li\u00f0sm\u00f6nnum \u00fe\u00ednum, \u00fev\u00ed a\u00f0 Gu\u00f0 \u00feinn hj\u00e1lpar \u00fe\u00e9r. T\u00f3k \u00fe\u00e1 Dav\u00ed\u00f0 vi\u00f0 \u00feeim og gj\u00f6r\u00f0i \u00fe\u00e1 a\u00f0 foringjum fyrir sveit sinni.<a name=\"19\"><span class=\"versanumer\">19<\/span><\/a>Af Manasse gengu \u00ed li\u00f0 me\u00f0 Dav\u00ed\u00f0, \u00fe\u00e1 er hann f\u00f3r me\u00f0 Filistum til bardaga vi\u00f0 S\u00e1l \u00fe\u00f3 li\u00f0sinntu \u00feeir \u00feeim ekki, \u00fev\u00ed a\u00f0 h\u00f6f\u00f0ingjar Filista r\u00e9\u00f0u r\u00e1\u00f0um s\u00ednum, sendu hann burt og s\u00f6g\u00f0u: Hann kynni a\u00f0 ganga \u00ed li\u00f0 me\u00f0 S\u00e1l, herra s\u00ednum, og g\u00e6ti \u00fea\u00f0 or\u00f0i\u00f0 vor bani<a name=\"20\"><span class=\"versanumer\">20<\/span><\/a>\u00feegar hann kom til Siklag, \u00fe\u00e1 gengu \u00ed li\u00f0 me\u00f0 honum af Manasse: Adna, J\u00f3sabad, Jed\u00edael, M\u00edkael, J\u00f3sabad, El\u00edh\u00fa og Silleta\u00ed, \u00fe\u00fasundh\u00f6f\u00f0ingjar Manasse.<a name=\"21\"><span class=\"versanumer\">21<\/span><\/a>Veittu \u00feessir Dav\u00ed\u00f0 li\u00f0 gegn r\u00e6ningjaflokkum, \u00fev\u00ed a\u00f0 allir voru \u00feeir kappar miklir, og ur\u00f0u \u00feeir foringjar \u00ed hernum.<a name=\"22\"><span class=\"versanumer\">22<\/span><\/a>\u00dev\u00ed a\u00f0 dag fr\u00e1 degi komu menn til li\u00f0s vi\u00f0 Dav\u00ed\u00f0, uns herinn var mikill or\u00f0inn sem gu\u00f0sher.<a name=\"23\"><span class=\"versanumer\">23<\/span><\/a>\u00deetta er manntal \u00e1 h\u00f6f\u00f0ingjum \u00feeirra hertygja\u00f0ra manna, er komu til Dav\u00ed\u00f0s \u00ed Hebron til \u00feess a\u00f0 f\u00e1 honum \u00ed hendur konungd\u00f3m S\u00e1ls eftir bo\u00f0i Drottins:<a name=\"24\"><span class=\"versanumer\">24<\/span><\/a>J\u00fadamenn, er skj\u00f6ld b\u00e1ru og spj\u00f3t, voru 6.800 herb\u00fainna manna.<a name=\"25\"><span class=\"versanumer\">25<\/span><\/a>Af S\u00edmeonsni\u00f0jum 7.100 hraustir hermenn.<a name=\"26\"><span class=\"versanumer\">26<\/span><\/a>Af Lev\u00edni\u00f0jum: 4.600<a name=\"27\"><span class=\"versanumer\">27<\/span><\/a>og auk \u00feess J\u00f3jada, h\u00f6f\u00f0ingi Arons\u00e6ttar, og 3.700 manns me\u00f0 honum.<a name=\"28\"><span class=\"versanumer\">28<\/span><\/a>Og Sad\u00f3k, ungur ma\u00f0ur, hinn mesti kappi. Voru 22 herforingjar \u00ed \u00e6tt hans.<a name=\"29\"><span class=\"versanumer\">29<\/span><\/a>Af Benjam\u00ednsni\u00f0jum, fr\u00e6ndum S\u00e1ls, voru 3.000, en allt til \u00feessa h\u00e9ldu flestir \u00feeirra tr\u00fana\u00f0 vi\u00f0 \u00e6tt S\u00e1ls.<a name=\"30\"><span class=\"versanumer\">30<\/span><\/a>Af Efra\u00edmsni\u00f0jum 20.800 nafnkunnra manna \u00ed \u00e6ttum s\u00ednum.<a name=\"31\"><span class=\"versanumer\">31<\/span><\/a>Af h\u00e1lfri Manassekynkv\u00edsl 18.000 manna, er nafngreindir voru til \u00feess a\u00f0 fara og taka Dav\u00ed\u00f0 til konungs.<a name=\"32\"><span class=\"versanumer\">32<\/span><\/a>Af \u00cdssakarsni\u00f0jum, er b\u00e1ru skyn \u00e1 t\u00ed\u00f0ir og t\u00edma, svo a\u00f0 \u00feeir vissu, hva\u00f0 \u00cdsrael skyldi hafast a\u00f0, 200 h\u00f6f\u00f0ingjar, og lutu allir fr\u00e6ndur \u00feeirra bo\u00f0i \u00feeirra.<a name=\"33\"><span class=\"versanumer\">33<\/span><\/a>Af Seb\u00falon gengu \u00ed herinn 50.000 v\u00edgra manna, er h\u00f6f\u00f0u alls konar hervopn, allir me\u00f0 einum huga til \u00feess a\u00f0 hj\u00e1lpa.<a name=\"34\"><span class=\"versanumer\">34<\/span><\/a>Af Naftal\u00ed f\u00f3ru \u00fe\u00fasund h\u00f6f\u00f0ingjar og me\u00f0 \u00feeim 37.000 manna, er skj\u00f6ld b\u00e1ru og spj\u00f3t.<a name=\"35\"><span class=\"versanumer\">35<\/span><\/a>Af Dansni\u00f0jum 28.600 manna, er b\u00fanir voru til bardaga.<a name=\"36\"><span class=\"versanumer\">36<\/span><\/a>Af Asser gengu \u00ed herinn 40.000 v\u00edgra manna.<a name=\"37\"><span class=\"versanumer\">37<\/span><\/a>Af \u00feeim hinumegin J\u00f3rdanar, af R\u00fabensni\u00f0jum, Ga\u00f0sni\u00f0jum og h\u00e1lfri \u00e6ttkv\u00edsl Manasse: 120.000 manna, me\u00f0 alls konar vopn til herna\u00f0ar.<a name=\"38\"><span class=\"versanumer\">38<\/span><\/a>Allir \u00feessir hermenn, er skipa\u00f0ir voru \u00ed fylkingu, komu samhuga til Hebron til \u00feess a\u00f0 taka Dav\u00ed\u00f0 til konungs yfir allan \u00cdsrael. Voru og allir a\u00f0rir \u00cdsraelsmenn samhuga \u00ed \u00fev\u00ed a\u00f0 taka Dav\u00ed\u00f0 til konungs.<a name=\"39\"><span class=\"versanumer\">39<\/span><\/a>Og \u00feeir dv\u00f6ldust \u00fear \u00ferj\u00e1 daga hj\u00e1 Dav\u00ed\u00f0 og neyttu matar og drykkjar, \u00fev\u00ed a\u00f0 fr\u00e6ndur \u00feeirra h\u00f6f\u00f0u b\u00fai\u00f0 \u00feeim beina.<a name=\"40\"><span class=\"versanumer\">40<\/span><\/a>Auk \u00feess f\u00e6r\u00f0u \u00feeir, er bjuggu \u00ed n\u00e1grenni vi\u00f0 \u00fe\u00e1, allt a\u00f0 \u00cdssakar, Seb\u00falon og Naftal\u00ed, vistir \u00e1 \u00f6snum, \u00falf\u00f6ldum, m\u00falum og nautum, mj\u00f6lmat, f\u00edkjuk\u00f6kur, r\u00fas\u00ednuk\u00f6kur, v\u00edn, ol\u00edu og naut og sau\u00f0i \u00ed r\u00edkum m\u00e6li, \u00fev\u00ed a\u00f0 gle\u00f0i var \u00ed \u00cdsrael.<\/p>\n<div class=\"footnote1981\"><\/div>\n","protected":false},"excerpt":{"rendered":"<p>1\u00deessir eru \u00feeir, er komu til Dav\u00ed\u00f0s \u00ed Siklag, er hann var landfl\u00f3tta fyrir S\u00e1l K\u00edssyni. Voru og \u00feeir me\u00f0al kappanna, er veittu honum v\u00edgsgengi.2H\u00f6f\u00f0u \u00feeir boga a\u00f0 vopni og voru leiknir a\u00f0 sl\u00f6ngva steinum me\u00f0 h\u00e6gri og vinstri hendi og a\u00f0 skj\u00f3ta \u00f6rvum af boga: Af fr\u00e6ndum S\u00e1ls, af Benjam\u00edn\u00edtum:3Ah\u00edeser h\u00f6fu\u00f0sma\u00f0ur og J\u00f3as, Hassemaasynir fr\u00e1 G\u00edbeu, Jes\u00edel og Pelet Asmavetssynir, Beraka og Jeh\u00fa fr\u00e1 Anat\u00f3t,4Jismaja fr\u00e1 G\u00edbeon, kappi me\u00f0al \u00feeirra \u00ferj\u00e1t\u00edu og foringi \u00feeirra \u00ferj\u00e1t\u00edu, Jerem\u00eda, Jehas\u00edel, J\u00f3hanan og J\u00f3sabad fr\u00e1 Gedera,5El\u00fasa\u00ed, Jer\u00edm\u00f3t, Bealja, Semarja og Sefatja fr\u00e1 Har\u00edf,6Elkana, Jiss\u00eda, Asareel, J\u00f3eser og Jas\u00f3beam K\u00f3ra\u00edtar,7J\u00f3ela og Sebadja Jer\u00f3hamssynir fr\u00e1 <a href=\"https:\/\/biblian.is\/1981\/fyrri-kronikubok-12-kafli\/\"> [&#8230;]<\/a><\/p>\n","protected":false},"author":1,"featured_media":0,"parent":0,"menu_order":0,"comment_status":"open","ping_status":"open","template":"bibliukaflar.php","meta":{"footnotes":""},"class_list":["post-1696","page","type-page","status-publish","hentry"],"_links":{"self":[{"href":"https:\/\/biblian.is\/1981\/wp-json\/wp\/v2\/pages\/1696","targetHints":{"allow":["GET"]}}],"collection":[{"href":"https:\/\/biblian.is\/1981\/wp-json\/wp\/v2\/pages"}],"about":[{"href":"https:\/\/biblian.is\/1981\/wp-json\/wp\/v2\/types\/page"}],"author":[{"embeddable":true,"href":"https:\/\/biblian.is\/1981\/wp-json\/wp\/v2\/users\/1"}],"replies":[{"embeddable":true,"href":"https:\/\/biblian.is\/1981\/wp-json\/wp\/v2\/comments?post=1696"}],"version-history":[{"count":0,"href":"https:\/\/biblian.is\/1981\/wp-json\/wp\/v2\/pages\/1696\/revisions"}],"wp:attachment":[{"href":"https:\/\/biblian.is\/1981\/wp-json\/wp\/v2\/media?parent=1696"}],"curies":[{"name":"wp","href":"https:\/\/api.w.org\/{rel}","templated":true}]}}